{"id":9023,"date":"2024-03-28T12:03:03","date_gmt":"2024-03-28T11:03:03","guid":{"rendered":"https:\/\/www.kreainvent.com\/?post_type=product&#038;p=9023"},"modified":"2026-02-12T17:25:30","modified_gmt":"2026-02-12T16:25:30","slug":"colonnina-universale-in-acciaio-inox-per-stazione-di-ricarica-per-veicoli-elettrici-con-base","status":"publish","type":"product","link":"https:\/\/www.kreainvent.com\/it\/izdelek\/colonnina-universale-in-acciaio-inox-per-stazione-di-ricarica-per-veicoli-elettrici-con-base\/","title":{"rendered":"Colonnina universale in acciaio inox per stazione di ricarica per veicoli elettrici con base"},"content":{"rendered":"<p><strong>Supporto universale: <\/strong>Adatto al montaggio della maggior parte delle stazioni di ricarica per veicoli elettrici. Dimensioni massime della stazione di ricarica: 40 x 32 cm. L\u2019installazione della stazione di ricarica sulla colonnina avviene con la stessa modalit\u00e0 prevista per il montaggio a parete.<\/p>\n<p><strong>Lunga durata: <\/strong>La colonnina \u00e8 realizzata in acciaio inox di alta qualit\u00e0 con finitura spazzolata fine, che garantisce resistenza e durata eccezionali. Rimane in condizioni ottimali in qualsiasi condizione atmosferica.<\/p>\n<p><strong>Produzione propria: <\/strong>Produzione interna in Slovenia, garanzia di qualit\u00e0 e affidabilit\u00e0 elevate. Assicuriamo supporto e disponibilit\u00e0 di ricambi per un utilizzo sicuro e duraturo delle nostre colonnine.<\/p>\n<p><strong>Installazione semplice: <\/strong>L\u2019accesso alle viti \u00e8 pratico e ben visibile, per garantire un montaggio rapido e sicuro della stazione di ricarica. Dimensioni massime della stazione di ricarica: 40 x 32 cm.<\/p>\n<p><strong>Base a pavimento inclusa: <\/strong>Base di fissaggio inclusa per l\u2019ancoraggio della colonnina nel cemento.<\/p>\n<p><strong>Stabilit\u00e0 e sicurezza: <\/strong>La base di fissaggio a pavimento \u00e8 realizzata in acciaio inox ed \u00e8 un elemento essenziale per garantire il fissaggio completo della colonnina per stazione di ricarica. Progettata per assicurare massima stabilit\u00e0 e sicurezza. La base deve essere annegata nel cemento.<\/p>\n<p><strong>Montaggio rapido: <\/strong>Grazie alla perfetta compatibilit\u00e0 della flangia con la colonnina, l\u2019installazione avviene in modo semplice e veloce. La colonnina sar\u00e0 saldamente e stabilmente fissata al suolo, aumentando la sicurezza della stazione di ricarica. Il cavo di alimentazione elettrica viene fatto passare attraverso il centro della base fino alla colonnina.<\/p>\n","protected":false},"excerpt":{"rendered":"<h4><strong>Colonnina in acciaio inox con tettoia protettiva e supporto per cavo di ricarica<\/strong><\/h4>\n<p>Base a pavimento inclusa per il fissaggio della colonnina nel cemento.<\/p>\n<p>Adatta al montaggio della maggior parte delle stazioni di ricarica per veicoli elettrici.<br \/>\nDimensioni massime della stazione di ricarica: 40 x 32 cm.<\/p>\n<p>L\u2019installazione della stazione di ricarica sulla colonnina avviene con la stessa modalit\u00e0 prevista per il montaggio a parete.<\/p>\n","protected":false},"featured_media":7858,"comment_status":"open","ping_status":"closed","template":"","meta":{"_acf_changed":false,"iawp_total_views":8},"product_brand":[],"product_cat":[275],"product_tag":[],"class_list":{"0":"post-9023","1":"product","2":"type-product","3":"status-publish","4":"has-post-thumbnail","6":"product_cat-supporti-per-stazioni-di-ricarica-da-esterno","7":"pa_znamka-kreainvent","9":"first","10":"instock","11":"taxable","12":"shipping-taxable","13":"purchasable","14":"product-type-simple"},"acf":[],"yoast_head":"<!-- This site is optimized with the Yoast SEO plugin v26.9 - https:\/\/yoast.com\/product\/yoast-seo-wordpress\/ -->\n<title>Colonnina universale in acciaio inox per stazione di ricarica per veicoli elettrici con base - KREAINVENT - accessori per la ricarica EV e supporti wallbox<\/title>\n<meta name=\"robots\" content=\"index, follow, max-snippet:-1, max-image-preview:large, max-video-preview:-1\" \/>\n<link rel=\"canonical\" href=\"https:\/\/www.kreainvent.com\/it\/izdelek\/colonnina-universale-in-acciaio-inox-per-stazione-di-ricarica-per-veicoli-elettrici-con-base\/\" \/>\n<meta property=\"og:locale\" content=\"it_IT\" \/>\n<meta property=\"og:type\" content=\"article\" \/>\n<meta property=\"og:title\" content=\"Colonnina universale in acciaio inox per stazione di ricarica per veicoli elettrici con base - KREAINVENT - accessori per la ricarica EV e supporti wallbox\" \/>\n<meta property=\"og:description\" content=\"Colonnina in acciaio inox con tettoia protettiva e supporto per cavo di ricarica Base a pavimento inclusa per il fissaggio della colonnina nel cemento.  Adatta al montaggio della maggior parte delle stazioni di ricarica per veicoli elettrici. Dimensioni massime della stazione di ricarica: 40 x 32 cm.  L\u2019installazione della stazione di ricarica sulla colonnina avviene con la stessa modalit\u00e0 prevista per il montaggio a parete.\" \/>\n<meta property=\"og:url\" content=\"https:\/\/www.kreainvent.com\/it\/izdelek\/colonnina-universale-in-acciaio-inox-per-stazione-di-ricarica-per-veicoli-elettrici-con-base\/\" \/>\n<meta property=\"og:site_name\" content=\"KREAINVENT - accessori per la ricarica EV e supporti wallbox\" \/>\n<meta property=\"article:modified_time\" content=\"2026-02-12T16:25:30+00:00\" \/>\n<meta property=\"og:image\" content=\"https:\/\/www.kreainvent.com\/wp-content\/uploads\/2024\/03\/inox-streha-drzalozakabel-podstavek-01.jpg\" \/>\n\t<meta property=\"og:image:width\" content=\"799\" \/>\n\t<meta property=\"og:image:height\" content=\"1200\" \/>\n\t<meta property=\"og:image:type\" content=\"image\/jpeg\" \/>\n<meta name=\"twitter:card\" content=\"summary_large_image\" \/>\n<meta name=\"twitter:label1\" content=\"Tempo di lettura stimato\" \/>\n\t<meta name=\"twitter:data1\" content=\"2 minuti\" \/>\n<script type=\"application\/ld+json\" class=\"yoast-schema-graph\">{\"@context\":\"https:\/\/schema.org\",\"@graph\":[{\"@type\":\"WebPage\",\"@id\":\"https:\/\/www.kreainvent.com\/it\/izdelek\/colonnina-universale-in-acciaio-inox-per-stazione-di-ricarica-per-veicoli-elettrici-con-base\/\",\"url\":\"https:\/\/www.kreainvent.com\/it\/izdelek\/colonnina-universale-in-acciaio-inox-per-stazione-di-ricarica-per-veicoli-elettrici-con-base\/\",\"name\":\"Colonnina universale in acciaio inox per stazione di ricarica per veicoli elettrici con base - KREAINVENT - accessori per la ricarica EV e supporti wallbox\",\"isPartOf\":{\"@id\":\"https:\/\/www.kreainvent.com\/it\/#website\"},\"primaryImageOfPage\":{\"@id\":\"https:\/\/www.kreainvent.com\/it\/izdelek\/colonnina-universale-in-acciaio-inox-per-stazione-di-ricarica-per-veicoli-elettrici-con-base\/#primaryimage\"},\"image\":{\"@id\":\"https:\/\/www.kreainvent.com\/it\/izdelek\/colonnina-universale-in-acciaio-inox-per-stazione-di-ricarica-per-veicoli-elettrici-con-base\/#primaryimage\"},\"thumbnailUrl\":\"https:\/\/www.kreainvent.com\/wp-content\/uploads\/2024\/03\/inox-streha-drzalozakabel-podstavek-01.jpg\",\"datePublished\":\"2024-03-28T11:03:03+00:00\",\"dateModified\":\"2026-02-12T16:25:30+00:00\",\"breadcrumb\":{\"@id\":\"https:\/\/www.kreainvent.com\/it\/izdelek\/colonnina-universale-in-acciaio-inox-per-stazione-di-ricarica-per-veicoli-elettrici-con-base\/#breadcrumb\"},\"inLanguage\":\"it-IT\",\"potentialAction\":[{\"@type\":\"ReadAction\",\"target\":[\"https:\/\/www.kreainvent.com\/it\/izdelek\/colonnina-universale-in-acciaio-inox-per-stazione-di-ricarica-per-veicoli-elettrici-con-base\/\"]}]},{\"@type\":\"ImageObject\",\"inLanguage\":\"it-IT\",\"@id\":\"https:\/\/www.kreainvent.com\/it\/izdelek\/colonnina-universale-in-acciaio-inox-per-stazione-di-ricarica-per-veicoli-elettrici-con-base\/#primaryimage\",\"url\":\"https:\/\/www.kreainvent.com\/wp-content\/uploads\/2024\/03\/inox-streha-drzalozakabel-podstavek-01.jpg\",\"contentUrl\":\"https:\/\/www.kreainvent.com\/wp-content\/uploads\/2024\/03\/inox-streha-drzalozakabel-podstavek-01.jpg\",\"width\":799,\"height\":1200},{\"@type\":\"BreadcrumbList\",\"@id\":\"https:\/\/www.kreainvent.com\/it\/izdelek\/colonnina-universale-in-acciaio-inox-per-stazione-di-ricarica-per-veicoli-elettrici-con-base\/#breadcrumb\",\"itemListElement\":[{\"@type\":\"ListItem\",\"position\":1,\"name\":\"Home\",\"item\":\"https:\/\/www.kreainvent.com\/it\/\"},{\"@type\":\"ListItem\",\"position\":2,\"name\":\"Negozio online\",\"item\":\"https:\/\/www.kreainvent.com\/it\/negozio-online\/\"},{\"@type\":\"ListItem\",\"position\":3,\"name\":\"Colonnina universale in acciaio inox per stazione di ricarica per veicoli elettrici con base\"}]},{\"@type\":\"WebSite\",\"@id\":\"https:\/\/www.kreainvent.com\/it\/#website\",\"url\":\"https:\/\/www.kreainvent.com\/it\/\",\"name\":\"KREAINVENT - accessori per la ricarica EV e supporti wallbox\",\"description\":\"Pomagamo vam do urejenega in organiziranega polnilnega mesta\",\"publisher\":{\"@id\":\"https:\/\/www.kreainvent.com\/it\/#organization\"},\"potentialAction\":[{\"@type\":\"SearchAction\",\"target\":{\"@type\":\"EntryPoint\",\"urlTemplate\":\"https:\/\/www.kreainvent.com\/it\/?s={search_term_string}\"},\"query-input\":{\"@type\":\"PropertyValueSpecification\",\"valueRequired\":true,\"valueName\":\"search_term_string\"}}],\"inLanguage\":\"it-IT\"},{\"@type\":\"Organization\",\"@id\":\"https:\/\/www.kreainvent.com\/it\/#organization\",\"name\":\"KREAINVENT, razvoj e-mobilnosti, svetovanje in trgovina\",\"url\":\"https:\/\/www.kreainvent.com\/it\/\",\"logo\":{\"@type\":\"ImageObject\",\"inLanguage\":\"it-IT\",\"@id\":\"https:\/\/www.kreainvent.com\/it\/#\/schema\/logo\/image\/\",\"url\":\"https:\/\/www.kreainvent.com\/wp-content\/uploads\/2024\/04\/kreainvent-ver-w900.png\",\"contentUrl\":\"https:\/\/www.kreainvent.com\/wp-content\/uploads\/2024\/04\/kreainvent-ver-w900.png\",\"width\":900,\"height\":791,\"caption\":\"KREAINVENT, razvoj e-mobilnosti, svetovanje in trgovina\"},\"image\":{\"@id\":\"https:\/\/www.kreainvent.com\/it\/#\/schema\/logo\/image\/\"}}]}<\/script>\n<!-- \/ Yoast SEO plugin. -->","yoast_head_json":{"title":"Colonnina universale in acciaio inox per stazione di ricarica per veicoli elettrici con base - KREAINVENT - accessori per la ricarica EV e supporti wallbox","robots":{"index":"index","follow":"follow","max-snippet":"max-snippet:-1","max-image-preview":"max-image-preview:large","max-video-preview":"max-video-preview:-1"},"canonical":"https:\/\/www.kreainvent.com\/it\/izdelek\/colonnina-universale-in-acciaio-inox-per-stazione-di-ricarica-per-veicoli-elettrici-con-base\/","og_locale":"it_IT","og_type":"article","og_title":"Colonnina universale in acciaio inox per stazione di ricarica per veicoli elettrici con base - KREAINVENT - accessori per la ricarica EV e supporti wallbox","og_description":"Colonnina in acciaio inox con tettoia protettiva e supporto per cavo di ricarica Base a pavimento inclusa per il fissaggio della colonnina nel cemento.  Adatta al montaggio della maggior parte delle stazioni di ricarica per veicoli elettrici. Dimensioni massime della stazione di ricarica: 40 x 32 cm.  L\u2019installazione della stazione di ricarica sulla colonnina avviene con la stessa modalit\u00e0 prevista per il montaggio a parete.","og_url":"https:\/\/www.kreainvent.com\/it\/izdelek\/colonnina-universale-in-acciaio-inox-per-stazione-di-ricarica-per-veicoli-elettrici-con-base\/","og_site_name":"KREAINVENT - accessori per la ricarica EV e supporti wallbox","article_modified_time":"2026-02-12T16:25:30+00:00","og_image":[{"width":799,"height":1200,"url":"https:\/\/www.kreainvent.com\/wp-content\/uploads\/2024\/03\/inox-streha-drzalozakabel-podstavek-01.jpg","type":"image\/jpeg"}],"twitter_card":"summary_large_image","twitter_misc":{"Tempo di lettura stimato":"2 minuti"},"schema":{"@context":"https:\/\/schema.org","@graph":[{"@type":"WebPage","@id":"https:\/\/www.kreainvent.com\/it\/izdelek\/colonnina-universale-in-acciaio-inox-per-stazione-di-ricarica-per-veicoli-elettrici-con-base\/","url":"https:\/\/www.kreainvent.com\/it\/izdelek\/colonnina-universale-in-acciaio-inox-per-stazione-di-ricarica-per-veicoli-elettrici-con-base\/","name":"Colonnina universale in acciaio inox per stazione di ricarica per veicoli elettrici con base - KREAINVENT - accessori per la ricarica EV e supporti wallbox","isPartOf":{"@id":"https:\/\/www.kreainvent.com\/it\/#website"},"primaryImageOfPage":{"@id":"https:\/\/www.kreainvent.com\/it\/izdelek\/colonnina-universale-in-acciaio-inox-per-stazione-di-ricarica-per-veicoli-elettrici-con-base\/#primaryimage"},"image":{"@id":"https:\/\/www.kreainvent.com\/it\/izdelek\/colonnina-universale-in-acciaio-inox-per-stazione-di-ricarica-per-veicoli-elettrici-con-base\/#primaryimage"},"thumbnailUrl":"https:\/\/www.kreainvent.com\/wp-content\/uploads\/2024\/03\/inox-streha-drzalozakabel-podstavek-01.jpg","datePublished":"2024-03-28T11:03:03+00:00","dateModified":"2026-02-12T16:25:30+00:00","breadcrumb":{"@id":"https:\/\/www.kreainvent.com\/it\/izdelek\/colonnina-universale-in-acciaio-inox-per-stazione-di-ricarica-per-veicoli-elettrici-con-base\/#breadcrumb"},"inLanguage":"it-IT","potentialAction":[{"@type":"ReadAction","target":["https:\/\/www.kreainvent.com\/it\/izdelek\/colonnina-universale-in-acciaio-inox-per-stazione-di-ricarica-per-veicoli-elettrici-con-base\/"]}]},{"@type":"ImageObject","inLanguage":"it-IT","@id":"https:\/\/www.kreainvent.com\/it\/izdelek\/colonnina-universale-in-acciaio-inox-per-stazione-di-ricarica-per-veicoli-elettrici-con-base\/#primaryimage","url":"https:\/\/www.kreainvent.com\/wp-content\/uploads\/2024\/03\/inox-streha-drzalozakabel-podstavek-01.jpg","contentUrl":"https:\/\/www.kreainvent.com\/wp-content\/uploads\/2024\/03\/inox-streha-drzalozakabel-podstavek-01.jpg","width":799,"height":1200},{"@type":"BreadcrumbList","@id":"https:\/\/www.kreainvent.com\/it\/izdelek\/colonnina-universale-in-acciaio-inox-per-stazione-di-ricarica-per-veicoli-elettrici-con-base\/#breadcrumb","itemListElement":[{"@type":"ListItem","position":1,"name":"Home","item":"https:\/\/www.kreainvent.com\/it\/"},{"@type":"ListItem","position":2,"name":"Negozio online","item":"https:\/\/www.kreainvent.com\/it\/negozio-online\/"},{"@type":"ListItem","position":3,"name":"Colonnina universale in acciaio inox per stazione di ricarica per veicoli elettrici con base"}]},{"@type":"WebSite","@id":"https:\/\/www.kreainvent.com\/it\/#website","url":"https:\/\/www.kreainvent.com\/it\/","name":"KREAINVENT - accessori per la ricarica EV e supporti wallbox","description":"Pomagamo vam do urejenega in organiziranega polnilnega mesta","publisher":{"@id":"https:\/\/www.kreainvent.com\/it\/#organization"},"potentialAction":[{"@type":"SearchAction","target":{"@type":"EntryPoint","urlTemplate":"https:\/\/www.kreainvent.com\/it\/?s={search_term_string}"},"query-input":{"@type":"PropertyValueSpecification","valueRequired":true,"valueName":"search_term_string"}}],"inLanguage":"it-IT"},{"@type":"Organization","@id":"https:\/\/www.kreainvent.com\/it\/#organization","name":"KREAINVENT, razvoj e-mobilnosti, svetovanje in trgovina","url":"https:\/\/www.kreainvent.com\/it\/","logo":{"@type":"ImageObject","inLanguage":"it-IT","@id":"https:\/\/www.kreainvent.com\/it\/#\/schema\/logo\/image\/","url":"https:\/\/www.kreainvent.com\/wp-content\/uploads\/2024\/04\/kreainvent-ver-w900.png","contentUrl":"https:\/\/www.kreainvent.com\/wp-content\/uploads\/2024\/04\/kreainvent-ver-w900.png","width":900,"height":791,"caption":"KREAINVENT, razvoj e-mobilnosti, svetovanje in trgovina"},"image":{"@id":"https:\/\/www.kreainvent.com\/it\/#\/schema\/logo\/image\/"}}]}},"_links":{"self":[{"href":"https:\/\/www.kreainvent.com\/it\/wp-json\/wp\/v2\/product\/9023","targetHints":{"allow":["GET"]}}],"collection":[{"href":"https:\/\/www.kreainvent.com\/it\/wp-json\/wp\/v2\/product"}],"about":[{"href":"https:\/\/www.kreainvent.com\/it\/wp-json\/wp\/v2\/types\/product"}],"replies":[{"embeddable":true,"href":"https:\/\/www.kreainvent.com\/it\/wp-json\/wp\/v2\/comments?post=9023"}],"version-history":[{"count":1,"href":"https:\/\/www.kreainvent.com\/it\/wp-json\/wp\/v2\/product\/9023\/revisions"}],"predecessor-version":[{"id":9024,"href":"https:\/\/www.kreainvent.com\/it\/wp-json\/wp\/v2\/product\/9023\/revisions\/9024"}],"wp:featuredmedia":[{"embeddable":true,"href":"https:\/\/www.kreainvent.com\/it\/wp-json\/wp\/v2\/media\/7858"}],"wp:attachment":[{"href":"https:\/\/www.kreainvent.com\/it\/wp-json\/wp\/v2\/media?parent=9023"}],"wp:term":[{"taxonomy":"product_brand","embeddable":true,"href":"https:\/\/www.kreainvent.com\/it\/wp-json\/wp\/v2\/product_brand?post=9023"},{"taxonomy":"product_cat","embeddable":true,"href":"https:\/\/www.kreainvent.com\/it\/wp-json\/wp\/v2\/product_cat?post=9023"},{"taxonomy":"product_tag","embeddable":true,"href":"https:\/\/www.kreainvent.com\/it\/wp-json\/wp\/v2\/product_tag?post=9023"}],"curies":[{"name":"wp","href":"https:\/\/api.w.org\/{rel}","templated":true}]}}