{"id":8967,"date":"2026-02-12T16:01:10","date_gmt":"2026-02-12T15:01:10","guid":{"rendered":"https:\/\/www.kreainvent.com\/?post_type=product&#038;p=8967"},"modified":"2026-02-12T16:02:40","modified_gmt":"2026-02-12T15:02:40","slug":"supporto-universale-in-alluminio-con-tetto-protettivo-per-stazione-di-ricarica-montaggio-su-parete","status":"publish","type":"product","link":"https:\/\/www.kreainvent.com\/it\/izdelek\/supporto-universale-in-alluminio-con-tetto-protettivo-per-stazione-di-ricarica-montaggio-su-parete\/","title":{"rendered":"Supporto universale in alluminio con tetto protettivo per stazione di ricarica &#8211; montaggio su parete"},"content":{"rendered":"<h3>Protezione completa della stazione di ricarica \u2013 supporto robusto con tetto e coperture laterali per la massima protezione della stazione di ricarica<\/h3>\n<ol>\n<li><strong>Supporto universale:<\/strong> adatto al montaggio della maggior parte delle stazioni di ricarica per veicoli elettrici (EV). Dimensioni massime della stazione di ricarica: 45 x 35 cm. La stazione di ricarica si fissa al supporto nello stesso modo previsto per il montaggio a parete.<\/li>\n<li><strong>Costruzione di qualit\u00e0: <\/strong>il supporto per la stazione di ricarica \u00e8 realizzato in alluminio di alta qualit\u00e0 e verniciato a polvere (RAL 7016). Questo garantisce resistenza e lunga durata senza ruggine. Il supporto \u00e8 progettato e realizzato in conformit\u00e0 agli standard internazionali ISO e agli standard europei EN.<\/li>\n<li><strong>Instradamento dei cavi:<\/strong> il cavo di alimentazione verso la stazione di ricarica pu\u00f2 essere comodamente instradato dal basso attraverso un tubo oppure tramite il foro sul lato posteriore del tubo (diametro del foro 35 mm).<\/li>\n<li><strong>Montaggio stabile su muro di sostegno<\/strong>: le staffe angolari consentono un fissaggio sicuro e robusto del supporto al muro di sostegno con quattro viti M10. Ideale per posti auto delimitati o situati accanto a un muro di contenimento (scarpata).<\/li>\n<li><strong>Protezione completa per la stazione di ricarica:<\/strong> la stazione di ricarica con il cavo sar\u00e0 completamente protetta dagli agenti atmosferici, prolungandone la durata e consentendo una ricarica pi\u00f9 sicura. Funziona anche come protezione UV. Tutti i componenti del supporto sono messi a terra.<\/li>\n<\/ol>\n","protected":false},"excerpt":{"rendered":"<h4><strong>Protezione completa della stazione di ricarica \u2013 supporto robusto con tetto e coperture laterali per la massima protezione della stazione di ricarica<\/strong><\/h4>\n<p>Adatto al montaggio della maggior parte delle stazioni di ricarica per veicoli elettrici (EV). Dimensioni massime della stazione di ricarica: 45 x 35 cm. La stazione di ricarica si fissa al supporto nello stesso modo previsto per il montaggio a parete.<\/p>\n","protected":false},"featured_media":7492,"comment_status":"open","ping_status":"closed","template":"","meta":{"_acf_changed":false,"iawp_total_views":0},"product_brand":[],"product_cat":[275],"product_tag":[],"class_list":{"0":"post-8967","1":"product","2":"type-product","3":"status-publish","4":"has-post-thumbnail","6":"product_cat-supporti-per-stazioni-di-ricarica-da-esterno","7":"pa_znamka-kreainvent","9":"first","10":"instock","11":"taxable","12":"shipping-taxable","13":"purchasable","14":"product-type-simple"},"acf":[],"yoast_head":"<!-- This site is optimized with the Yoast SEO plugin v26.9 - https:\/\/yoast.com\/product\/yoast-seo-wordpress\/ -->\n<title>Supporto universale in alluminio con tetto protettivo per stazione di ricarica - montaggio su parete - KREAINVENT - accessori per la ricarica EV e supporti wallbox<\/title>\n<meta name=\"description\" content=\"Supporto universale per stazione di ricarica per veicoli elettrici (EV). Il tetto di protezione \u00e8 dotato di luce solare integrata, mentre il supporto \u00e8 equipaggiato con un robusto sostegno per il cavo di ricarica.\" \/>\n<meta name=\"robots\" content=\"index, follow, max-snippet:-1, max-image-preview:large, max-video-preview:-1\" \/>\n<link rel=\"canonical\" href=\"https:\/\/www.kreainvent.com\/it\/izdelek\/supporto-universale-in-alluminio-con-tetto-protettivo-per-stazione-di-ricarica-montaggio-su-parete\/\" \/>\n<meta property=\"og:locale\" content=\"it_IT\" \/>\n<meta property=\"og:type\" content=\"article\" \/>\n<meta property=\"og:title\" content=\"Supporto universale in alluminio con tetto protettivo per stazione di ricarica - montaggio su parete - KREAINVENT - accessori per la ricarica EV e supporti wallbox\" \/>\n<meta property=\"og:description\" content=\"Supporto universale per stazione di ricarica per veicoli elettrici (EV). Il tetto di protezione \u00e8 dotato di luce solare integrata, mentre il supporto \u00e8 equipaggiato con un robusto sostegno per il cavo di ricarica.\" \/>\n<meta property=\"og:url\" content=\"https:\/\/www.kreainvent.com\/it\/izdelek\/supporto-universale-in-alluminio-con-tetto-protettivo-per-stazione-di-ricarica-montaggio-su-parete\/\" \/>\n<meta property=\"og:site_name\" content=\"KREAINVENT - accessori per la ricarica EV e supporti wallbox\" \/>\n<meta property=\"article:modified_time\" content=\"2026-02-12T15:02:40+00:00\" \/>\n<meta property=\"og:image\" content=\"https:\/\/www.kreainvent.com\/wp-content\/uploads\/2025\/10\/B0FT8ZDQL4_01.jpg\" \/>\n\t<meta property=\"og:image:width\" content=\"1600\" \/>\n\t<meta property=\"og:image:height\" content=\"1600\" \/>\n\t<meta property=\"og:image:type\" content=\"image\/jpeg\" \/>\n<meta name=\"twitter:card\" content=\"summary_large_image\" \/>\n<meta name=\"twitter:label1\" content=\"Tempo di lettura stimato\" \/>\n\t<meta name=\"twitter:data1\" content=\"2 minuti\" \/>\n<script type=\"application\/ld+json\" class=\"yoast-schema-graph\">{\"@context\":\"https:\/\/schema.org\",\"@graph\":[{\"@type\":\"WebPage\",\"@id\":\"https:\/\/www.kreainvent.com\/it\/izdelek\/supporto-universale-in-alluminio-con-tetto-protettivo-per-stazione-di-ricarica-montaggio-su-parete\/\",\"url\":\"https:\/\/www.kreainvent.com\/it\/izdelek\/supporto-universale-in-alluminio-con-tetto-protettivo-per-stazione-di-ricarica-montaggio-su-parete\/\",\"name\":\"Supporto universale in alluminio con tetto protettivo per stazione di ricarica - montaggio su parete - KREAINVENT - accessori per la ricarica EV e supporti wallbox\",\"isPartOf\":{\"@id\":\"https:\/\/www.kreainvent.com\/it\/#website\"},\"primaryImageOfPage\":{\"@id\":\"https:\/\/www.kreainvent.com\/it\/izdelek\/supporto-universale-in-alluminio-con-tetto-protettivo-per-stazione-di-ricarica-montaggio-su-parete\/#primaryimage\"},\"image\":{\"@id\":\"https:\/\/www.kreainvent.com\/it\/izdelek\/supporto-universale-in-alluminio-con-tetto-protettivo-per-stazione-di-ricarica-montaggio-su-parete\/#primaryimage\"},\"thumbnailUrl\":\"https:\/\/www.kreainvent.com\/wp-content\/uploads\/2025\/10\/B0FT8ZDQL4_01.jpg\",\"datePublished\":\"2026-02-12T15:01:10+00:00\",\"dateModified\":\"2026-02-12T15:02:40+00:00\",\"description\":\"Supporto universale per stazione di ricarica per veicoli elettrici (EV). Il tetto di protezione \u00e8 dotato di luce solare integrata, mentre il supporto \u00e8 equipaggiato con un robusto sostegno per il cavo di ricarica.\",\"breadcrumb\":{\"@id\":\"https:\/\/www.kreainvent.com\/it\/izdelek\/supporto-universale-in-alluminio-con-tetto-protettivo-per-stazione-di-ricarica-montaggio-su-parete\/#breadcrumb\"},\"inLanguage\":\"it-IT\",\"potentialAction\":[{\"@type\":\"ReadAction\",\"target\":[\"https:\/\/www.kreainvent.com\/it\/izdelek\/supporto-universale-in-alluminio-con-tetto-protettivo-per-stazione-di-ricarica-montaggio-su-parete\/\"]}]},{\"@type\":\"ImageObject\",\"inLanguage\":\"it-IT\",\"@id\":\"https:\/\/www.kreainvent.com\/it\/izdelek\/supporto-universale-in-alluminio-con-tetto-protettivo-per-stazione-di-ricarica-montaggio-su-parete\/#primaryimage\",\"url\":\"https:\/\/www.kreainvent.com\/wp-content\/uploads\/2025\/10\/B0FT8ZDQL4_01.jpg\",\"contentUrl\":\"https:\/\/www.kreainvent.com\/wp-content\/uploads\/2025\/10\/B0FT8ZDQL4_01.jpg\",\"width\":1600,\"height\":1600},{\"@type\":\"BreadcrumbList\",\"@id\":\"https:\/\/www.kreainvent.com\/it\/izdelek\/supporto-universale-in-alluminio-con-tetto-protettivo-per-stazione-di-ricarica-montaggio-su-parete\/#breadcrumb\",\"itemListElement\":[{\"@type\":\"ListItem\",\"position\":1,\"name\":\"Home\",\"item\":\"https:\/\/www.kreainvent.com\/it\/\"},{\"@type\":\"ListItem\",\"position\":2,\"name\":\"Negozio online\",\"item\":\"https:\/\/www.kreainvent.com\/it\/negozio-online\/\"},{\"@type\":\"ListItem\",\"position\":3,\"name\":\"Supporto universale in alluminio con tetto protettivo per stazione di ricarica &#8211; montaggio su parete\"}]},{\"@type\":\"WebSite\",\"@id\":\"https:\/\/www.kreainvent.com\/it\/#website\",\"url\":\"https:\/\/www.kreainvent.com\/it\/\",\"name\":\"KREAINVENT - accessori per la ricarica EV e supporti wallbox\",\"description\":\"Pomagamo vam do urejenega in organiziranega polnilnega mesta\",\"publisher\":{\"@id\":\"https:\/\/www.kreainvent.com\/it\/#organization\"},\"potentialAction\":[{\"@type\":\"SearchAction\",\"target\":{\"@type\":\"EntryPoint\",\"urlTemplate\":\"https:\/\/www.kreainvent.com\/it\/?s={search_term_string}\"},\"query-input\":{\"@type\":\"PropertyValueSpecification\",\"valueRequired\":true,\"valueName\":\"search_term_string\"}}],\"inLanguage\":\"it-IT\"},{\"@type\":\"Organization\",\"@id\":\"https:\/\/www.kreainvent.com\/it\/#organization\",\"name\":\"KREAINVENT, razvoj e-mobilnosti, svetovanje in trgovina\",\"url\":\"https:\/\/www.kreainvent.com\/it\/\",\"logo\":{\"@type\":\"ImageObject\",\"inLanguage\":\"it-IT\",\"@id\":\"https:\/\/www.kreainvent.com\/it\/#\/schema\/logo\/image\/\",\"url\":\"https:\/\/www.kreainvent.com\/wp-content\/uploads\/2024\/04\/kreainvent-ver-w900.png\",\"contentUrl\":\"https:\/\/www.kreainvent.com\/wp-content\/uploads\/2024\/04\/kreainvent-ver-w900.png\",\"width\":900,\"height\":791,\"caption\":\"KREAINVENT, razvoj e-mobilnosti, svetovanje in trgovina\"},\"image\":{\"@id\":\"https:\/\/www.kreainvent.com\/it\/#\/schema\/logo\/image\/\"}}]}<\/script>\n<!-- \/ Yoast SEO plugin. -->","yoast_head_json":{"title":"Supporto universale in alluminio con tetto protettivo per stazione di ricarica - montaggio su parete - KREAINVENT - accessori per la ricarica EV e supporti wallbox","description":"Supporto universale per stazione di ricarica per veicoli elettrici (EV). Il tetto di protezione \u00e8 dotato di luce solare integrata, mentre il supporto \u00e8 equipaggiato con un robusto sostegno per il cavo di ricarica.","robots":{"index":"index","follow":"follow","max-snippet":"max-snippet:-1","max-image-preview":"max-image-preview:large","max-video-preview":"max-video-preview:-1"},"canonical":"https:\/\/www.kreainvent.com\/it\/izdelek\/supporto-universale-in-alluminio-con-tetto-protettivo-per-stazione-di-ricarica-montaggio-su-parete\/","og_locale":"it_IT","og_type":"article","og_title":"Supporto universale in alluminio con tetto protettivo per stazione di ricarica - montaggio su parete - KREAINVENT - accessori per la ricarica EV e supporti wallbox","og_description":"Supporto universale per stazione di ricarica per veicoli elettrici (EV). Il tetto di protezione \u00e8 dotato di luce solare integrata, mentre il supporto \u00e8 equipaggiato con un robusto sostegno per il cavo di ricarica.","og_url":"https:\/\/www.kreainvent.com\/it\/izdelek\/supporto-universale-in-alluminio-con-tetto-protettivo-per-stazione-di-ricarica-montaggio-su-parete\/","og_site_name":"KREAINVENT - accessori per la ricarica EV e supporti wallbox","article_modified_time":"2026-02-12T15:02:40+00:00","og_image":[{"width":1600,"height":1600,"url":"https:\/\/www.kreainvent.com\/wp-content\/uploads\/2025\/10\/B0FT8ZDQL4_01.jpg","type":"image\/jpeg"}],"twitter_card":"summary_large_image","twitter_misc":{"Tempo di lettura stimato":"2 minuti"},"schema":{"@context":"https:\/\/schema.org","@graph":[{"@type":"WebPage","@id":"https:\/\/www.kreainvent.com\/it\/izdelek\/supporto-universale-in-alluminio-con-tetto-protettivo-per-stazione-di-ricarica-montaggio-su-parete\/","url":"https:\/\/www.kreainvent.com\/it\/izdelek\/supporto-universale-in-alluminio-con-tetto-protettivo-per-stazione-di-ricarica-montaggio-su-parete\/","name":"Supporto universale in alluminio con tetto protettivo per stazione di ricarica - montaggio su parete - KREAINVENT - accessori per la ricarica EV e supporti wallbox","isPartOf":{"@id":"https:\/\/www.kreainvent.com\/it\/#website"},"primaryImageOfPage":{"@id":"https:\/\/www.kreainvent.com\/it\/izdelek\/supporto-universale-in-alluminio-con-tetto-protettivo-per-stazione-di-ricarica-montaggio-su-parete\/#primaryimage"},"image":{"@id":"https:\/\/www.kreainvent.com\/it\/izdelek\/supporto-universale-in-alluminio-con-tetto-protettivo-per-stazione-di-ricarica-montaggio-su-parete\/#primaryimage"},"thumbnailUrl":"https:\/\/www.kreainvent.com\/wp-content\/uploads\/2025\/10\/B0FT8ZDQL4_01.jpg","datePublished":"2026-02-12T15:01:10+00:00","dateModified":"2026-02-12T15:02:40+00:00","description":"Supporto universale per stazione di ricarica per veicoli elettrici (EV). Il tetto di protezione \u00e8 dotato di luce solare integrata, mentre il supporto \u00e8 equipaggiato con un robusto sostegno per il cavo di ricarica.","breadcrumb":{"@id":"https:\/\/www.kreainvent.com\/it\/izdelek\/supporto-universale-in-alluminio-con-tetto-protettivo-per-stazione-di-ricarica-montaggio-su-parete\/#breadcrumb"},"inLanguage":"it-IT","potentialAction":[{"@type":"ReadAction","target":["https:\/\/www.kreainvent.com\/it\/izdelek\/supporto-universale-in-alluminio-con-tetto-protettivo-per-stazione-di-ricarica-montaggio-su-parete\/"]}]},{"@type":"ImageObject","inLanguage":"it-IT","@id":"https:\/\/www.kreainvent.com\/it\/izdelek\/supporto-universale-in-alluminio-con-tetto-protettivo-per-stazione-di-ricarica-montaggio-su-parete\/#primaryimage","url":"https:\/\/www.kreainvent.com\/wp-content\/uploads\/2025\/10\/B0FT8ZDQL4_01.jpg","contentUrl":"https:\/\/www.kreainvent.com\/wp-content\/uploads\/2025\/10\/B0FT8ZDQL4_01.jpg","width":1600,"height":1600},{"@type":"BreadcrumbList","@id":"https:\/\/www.kreainvent.com\/it\/izdelek\/supporto-universale-in-alluminio-con-tetto-protettivo-per-stazione-di-ricarica-montaggio-su-parete\/#breadcrumb","itemListElement":[{"@type":"ListItem","position":1,"name":"Home","item":"https:\/\/www.kreainvent.com\/it\/"},{"@type":"ListItem","position":2,"name":"Negozio online","item":"https:\/\/www.kreainvent.com\/it\/negozio-online\/"},{"@type":"ListItem","position":3,"name":"Supporto universale in alluminio con tetto protettivo per stazione di ricarica &#8211; montaggio su parete"}]},{"@type":"WebSite","@id":"https:\/\/www.kreainvent.com\/it\/#website","url":"https:\/\/www.kreainvent.com\/it\/","name":"KREAINVENT - accessori per la ricarica EV e supporti wallbox","description":"Pomagamo vam do urejenega in organiziranega polnilnega mesta","publisher":{"@id":"https:\/\/www.kreainvent.com\/it\/#organization"},"potentialAction":[{"@type":"SearchAction","target":{"@type":"EntryPoint","urlTemplate":"https:\/\/www.kreainvent.com\/it\/?s={search_term_string}"},"query-input":{"@type":"PropertyValueSpecification","valueRequired":true,"valueName":"search_term_string"}}],"inLanguage":"it-IT"},{"@type":"Organization","@id":"https:\/\/www.kreainvent.com\/it\/#organization","name":"KREAINVENT, razvoj e-mobilnosti, svetovanje in trgovina","url":"https:\/\/www.kreainvent.com\/it\/","logo":{"@type":"ImageObject","inLanguage":"it-IT","@id":"https:\/\/www.kreainvent.com\/it\/#\/schema\/logo\/image\/","url":"https:\/\/www.kreainvent.com\/wp-content\/uploads\/2024\/04\/kreainvent-ver-w900.png","contentUrl":"https:\/\/www.kreainvent.com\/wp-content\/uploads\/2024\/04\/kreainvent-ver-w900.png","width":900,"height":791,"caption":"KREAINVENT, razvoj e-mobilnosti, svetovanje in trgovina"},"image":{"@id":"https:\/\/www.kreainvent.com\/it\/#\/schema\/logo\/image\/"}}]}},"_links":{"self":[{"href":"https:\/\/www.kreainvent.com\/it\/wp-json\/wp\/v2\/product\/8967","targetHints":{"allow":["GET"]}}],"collection":[{"href":"https:\/\/www.kreainvent.com\/it\/wp-json\/wp\/v2\/product"}],"about":[{"href":"https:\/\/www.kreainvent.com\/it\/wp-json\/wp\/v2\/types\/product"}],"replies":[{"embeddable":true,"href":"https:\/\/www.kreainvent.com\/it\/wp-json\/wp\/v2\/comments?post=8967"}],"version-history":[{"count":1,"href":"https:\/\/www.kreainvent.com\/it\/wp-json\/wp\/v2\/product\/8967\/revisions"}],"predecessor-version":[{"id":8971,"href":"https:\/\/www.kreainvent.com\/it\/wp-json\/wp\/v2\/product\/8967\/revisions\/8971"}],"wp:featuredmedia":[{"embeddable":true,"href":"https:\/\/www.kreainvent.com\/it\/wp-json\/wp\/v2\/media\/7492"}],"wp:attachment":[{"href":"https:\/\/www.kreainvent.com\/it\/wp-json\/wp\/v2\/media?parent=8967"}],"wp:term":[{"taxonomy":"product_brand","embeddable":true,"href":"https:\/\/www.kreainvent.com\/it\/wp-json\/wp\/v2\/product_brand?post=8967"},{"taxonomy":"product_cat","embeddable":true,"href":"https:\/\/www.kreainvent.com\/it\/wp-json\/wp\/v2\/product_cat?post=8967"},{"taxonomy":"product_tag","embeddable":true,"href":"https:\/\/www.kreainvent.com\/it\/wp-json\/wp\/v2\/product_tag?post=8967"}],"curies":[{"name":"wp","href":"https:\/\/api.w.org\/{rel}","templated":true}]}}