{"id":8943,"date":"2024-03-28T18:30:23","date_gmt":"2024-03-28T17:30:23","guid":{"rendered":"https:\/\/www.kreainvent.com\/?post_type=product&#038;p=8943"},"modified":"2026-02-11T17:44:54","modified_gmt":"2026-02-11T16:44:54","slug":"supporto-da-parete-robusto-con-serratura-per-cavi-di-ricarica-ev-con-connettore-tipo-2-iec-62196-2-2","status":"publish","type":"product","link":"https:\/\/www.kreainvent.com\/it\/izdelek\/supporto-da-parete-robusto-con-serratura-per-cavi-di-ricarica-ev-con-connettore-tipo-2-iec-62196-2-2\/","title":{"rendered":"Supporto da parete robusto con serratura per cavi di ricarica EV con connettore Tipo 2 (IEC 62196-2)"},"content":{"rendered":"<p><strong>Bloccaggio con serratura:<\/strong> Il connettore Tipo 2 del cavo di ricarica pu\u00f2 essere bloccato con chiave, impedendone l\u2019utilizzo a persone non autorizzate.<\/p>\n<p><strong>Protezione:<\/strong> Il connettore del cavo \u00e8 completamente protetto dagli agenti esterni, poich\u00e9 \u00e8 interamente coperto e si inserisce perfettamente nel supporto. La serratura in acciaio garantisce protezione contro il furto.<\/p>\n<p><strong>Struttura robusta:<\/strong> L\u2019alloggiamento \u00e8 realizzato in alluminio, assicurando lunga durata nel tempo.<\/p>\n<p><strong>Postazione di ricarica ordinata:<\/strong> Il supporto stabile consente di avvolgere rapidamente cavi di ricarica da 3 a 12 m, mentre il connettore rimane bloccato in sicurezza con la serratura.<\/p>\n<p><strong>Installazione semplice:<\/strong> Le viti di montaggio sono di alta qualit\u00e0 in acciaio inox. Dimensioni: 105 x 140 x 87 mm, peso 0,7 kg. Colore antracite RAL 7016. Prodotto nell\u2019UE.<\/p>\n","protected":false},"excerpt":{"rendered":"<p>Il connettore Tipo 2 del cavo di ricarica pu\u00f2 essere bloccato con chiave, impedendone l\u2019utilizzo a persone non autorizzate.<\/p>\n<p>Il connettore del cavo \u00e8 completamente protetto dagli agenti esterni, poich\u00e9 \u00e8 interamente coperto e si inserisce perfettamente nel supporto. La serratura in acciaio garantisce protezione contro il furto.<\/p>\n","protected":false},"featured_media":7976,"comment_status":"open","ping_status":"closed","template":"","meta":{"_acf_changed":false,"iawp_total_views":0},"product_brand":[],"product_cat":[270],"product_tag":[],"class_list":{"0":"post-8943","1":"product","2":"type-product","3":"status-publish","4":"has-post-thumbnail","6":"product_cat-staffe-da-parete-per-cavi-di-ricarica","7":"pa_znamka-kreainvent","9":"first","10":"instock","11":"taxable","12":"shipping-taxable","13":"purchasable","14":"product-type-simple"},"acf":[],"yoast_head":"<!-- This site is optimized with the Yoast SEO plugin v26.9 - https:\/\/yoast.com\/product\/yoast-seo-wordpress\/ -->\n<title>Supporto da parete robusto con serratura per cavi di ricarica EV con connettore Tipo 2 (IEC 62196-2) - KREAINVENT - accessori per la ricarica EV e supporti wallbox<\/title>\n<meta name=\"robots\" content=\"index, follow, max-snippet:-1, max-image-preview:large, max-video-preview:-1\" \/>\n<link rel=\"canonical\" href=\"https:\/\/www.kreainvent.com\/it\/izdelek\/supporto-da-parete-robusto-con-serratura-per-cavi-di-ricarica-ev-con-connettore-tipo-2-iec-62196-2-2\/\" \/>\n<meta property=\"og:locale\" content=\"it_IT\" \/>\n<meta property=\"og:type\" content=\"article\" \/>\n<meta property=\"og:title\" content=\"Supporto da parete robusto con serratura per cavi di ricarica EV con connettore Tipo 2 (IEC 62196-2) - KREAINVENT - accessori per la ricarica EV e supporti wallbox\" \/>\n<meta property=\"og:description\" content=\"Il connettore Tipo 2 del cavo di ricarica pu\u00f2 essere bloccato con chiave, impedendone l\u2019utilizzo a persone non autorizzate.  Il connettore del cavo \u00e8 completamente protetto dagli agenti esterni, poich\u00e9 \u00e8 interamente coperto e si inserisce perfettamente nel supporto. La serratura in acciaio garantisce protezione contro il furto.\" \/>\n<meta property=\"og:url\" content=\"https:\/\/www.kreainvent.com\/it\/izdelek\/supporto-da-parete-robusto-con-serratura-per-cavi-di-ricarica-ev-con-connettore-tipo-2-iec-62196-2-2\/\" \/>\n<meta property=\"og:site_name\" content=\"KREAINVENT - accessori per la ricarica EV e supporti wallbox\" \/>\n<meta property=\"article:modified_time\" content=\"2026-02-11T16:44:54+00:00\" \/>\n<meta property=\"og:image\" content=\"https:\/\/www.kreainvent.com\/wp-content\/uploads\/2024\/03\/typ-2-halterung-Stahlschloss-schutzt-vor-Diebstahl_2.jpg\" \/>\n\t<meta property=\"og:image:width\" content=\"1200\" \/>\n\t<meta property=\"og:image:height\" content=\"857\" \/>\n\t<meta property=\"og:image:type\" content=\"image\/jpeg\" \/>\n<meta name=\"twitter:card\" content=\"summary_large_image\" \/>\n<meta name=\"twitter:label1\" content=\"Tempo di lettura stimato\" \/>\n\t<meta name=\"twitter:data1\" content=\"1 minuto\" \/>\n<script type=\"application\/ld+json\" class=\"yoast-schema-graph\">{\"@context\":\"https:\/\/schema.org\",\"@graph\":[{\"@type\":\"WebPage\",\"@id\":\"https:\/\/www.kreainvent.com\/it\/izdelek\/supporto-da-parete-robusto-con-serratura-per-cavi-di-ricarica-ev-con-connettore-tipo-2-iec-62196-2-2\/\",\"url\":\"https:\/\/www.kreainvent.com\/it\/izdelek\/supporto-da-parete-robusto-con-serratura-per-cavi-di-ricarica-ev-con-connettore-tipo-2-iec-62196-2-2\/\",\"name\":\"Supporto da parete robusto con serratura per cavi di ricarica EV con connettore Tipo 2 (IEC 62196-2) - KREAINVENT - accessori per la ricarica EV e supporti wallbox\",\"isPartOf\":{\"@id\":\"https:\/\/www.kreainvent.com\/it\/#website\"},\"primaryImageOfPage\":{\"@id\":\"https:\/\/www.kreainvent.com\/it\/izdelek\/supporto-da-parete-robusto-con-serratura-per-cavi-di-ricarica-ev-con-connettore-tipo-2-iec-62196-2-2\/#primaryimage\"},\"image\":{\"@id\":\"https:\/\/www.kreainvent.com\/it\/izdelek\/supporto-da-parete-robusto-con-serratura-per-cavi-di-ricarica-ev-con-connettore-tipo-2-iec-62196-2-2\/#primaryimage\"},\"thumbnailUrl\":\"https:\/\/www.kreainvent.com\/wp-content\/uploads\/2024\/03\/typ-2-halterung-Stahlschloss-schutzt-vor-Diebstahl_2.jpg\",\"datePublished\":\"2024-03-28T17:30:23+00:00\",\"dateModified\":\"2026-02-11T16:44:54+00:00\",\"breadcrumb\":{\"@id\":\"https:\/\/www.kreainvent.com\/it\/izdelek\/supporto-da-parete-robusto-con-serratura-per-cavi-di-ricarica-ev-con-connettore-tipo-2-iec-62196-2-2\/#breadcrumb\"},\"inLanguage\":\"it-IT\",\"potentialAction\":[{\"@type\":\"ReadAction\",\"target\":[\"https:\/\/www.kreainvent.com\/it\/izdelek\/supporto-da-parete-robusto-con-serratura-per-cavi-di-ricarica-ev-con-connettore-tipo-2-iec-62196-2-2\/\"]}]},{\"@type\":\"ImageObject\",\"inLanguage\":\"it-IT\",\"@id\":\"https:\/\/www.kreainvent.com\/it\/izdelek\/supporto-da-parete-robusto-con-serratura-per-cavi-di-ricarica-ev-con-connettore-tipo-2-iec-62196-2-2\/#primaryimage\",\"url\":\"https:\/\/www.kreainvent.com\/wp-content\/uploads\/2024\/03\/typ-2-halterung-Stahlschloss-schutzt-vor-Diebstahl_2.jpg\",\"contentUrl\":\"https:\/\/www.kreainvent.com\/wp-content\/uploads\/2024\/03\/typ-2-halterung-Stahlschloss-schutzt-vor-Diebstahl_2.jpg\",\"width\":1200,\"height\":857},{\"@type\":\"BreadcrumbList\",\"@id\":\"https:\/\/www.kreainvent.com\/it\/izdelek\/supporto-da-parete-robusto-con-serratura-per-cavi-di-ricarica-ev-con-connettore-tipo-2-iec-62196-2-2\/#breadcrumb\",\"itemListElement\":[{\"@type\":\"ListItem\",\"position\":1,\"name\":\"Home\",\"item\":\"https:\/\/www.kreainvent.com\/it\/\"},{\"@type\":\"ListItem\",\"position\":2,\"name\":\"Negozio online\",\"item\":\"https:\/\/www.kreainvent.com\/it\/negozio-online\/\"},{\"@type\":\"ListItem\",\"position\":3,\"name\":\"Supporto da parete robusto con serratura per cavi di ricarica EV con connettore Tipo 2 (IEC 62196-2)\"}]},{\"@type\":\"WebSite\",\"@id\":\"https:\/\/www.kreainvent.com\/it\/#website\",\"url\":\"https:\/\/www.kreainvent.com\/it\/\",\"name\":\"KREAINVENT - accessori per la ricarica EV e supporti wallbox\",\"description\":\"Pomagamo vam do urejenega in organiziranega polnilnega mesta\",\"publisher\":{\"@id\":\"https:\/\/www.kreainvent.com\/it\/#organization\"},\"potentialAction\":[{\"@type\":\"SearchAction\",\"target\":{\"@type\":\"EntryPoint\",\"urlTemplate\":\"https:\/\/www.kreainvent.com\/it\/?s={search_term_string}\"},\"query-input\":{\"@type\":\"PropertyValueSpecification\",\"valueRequired\":true,\"valueName\":\"search_term_string\"}}],\"inLanguage\":\"it-IT\"},{\"@type\":\"Organization\",\"@id\":\"https:\/\/www.kreainvent.com\/it\/#organization\",\"name\":\"KREAINVENT, razvoj e-mobilnosti, svetovanje in trgovina\",\"url\":\"https:\/\/www.kreainvent.com\/it\/\",\"logo\":{\"@type\":\"ImageObject\",\"inLanguage\":\"it-IT\",\"@id\":\"https:\/\/www.kreainvent.com\/it\/#\/schema\/logo\/image\/\",\"url\":\"https:\/\/www.kreainvent.com\/wp-content\/uploads\/2024\/04\/kreainvent-ver-w900.png\",\"contentUrl\":\"https:\/\/www.kreainvent.com\/wp-content\/uploads\/2024\/04\/kreainvent-ver-w900.png\",\"width\":900,\"height\":791,\"caption\":\"KREAINVENT, razvoj e-mobilnosti, svetovanje in trgovina\"},\"image\":{\"@id\":\"https:\/\/www.kreainvent.com\/it\/#\/schema\/logo\/image\/\"}}]}<\/script>\n<!-- \/ Yoast SEO plugin. -->","yoast_head_json":{"title":"Supporto da parete robusto con serratura per cavi di ricarica EV con connettore Tipo 2 (IEC 62196-2) - KREAINVENT - accessori per la ricarica EV e supporti wallbox","robots":{"index":"index","follow":"follow","max-snippet":"max-snippet:-1","max-image-preview":"max-image-preview:large","max-video-preview":"max-video-preview:-1"},"canonical":"https:\/\/www.kreainvent.com\/it\/izdelek\/supporto-da-parete-robusto-con-serratura-per-cavi-di-ricarica-ev-con-connettore-tipo-2-iec-62196-2-2\/","og_locale":"it_IT","og_type":"article","og_title":"Supporto da parete robusto con serratura per cavi di ricarica EV con connettore Tipo 2 (IEC 62196-2) - KREAINVENT - accessori per la ricarica EV e supporti wallbox","og_description":"Il connettore Tipo 2 del cavo di ricarica pu\u00f2 essere bloccato con chiave, impedendone l\u2019utilizzo a persone non autorizzate.  Il connettore del cavo \u00e8 completamente protetto dagli agenti esterni, poich\u00e9 \u00e8 interamente coperto e si inserisce perfettamente nel supporto. La serratura in acciaio garantisce protezione contro il furto.","og_url":"https:\/\/www.kreainvent.com\/it\/izdelek\/supporto-da-parete-robusto-con-serratura-per-cavi-di-ricarica-ev-con-connettore-tipo-2-iec-62196-2-2\/","og_site_name":"KREAINVENT - accessori per la ricarica EV e supporti wallbox","article_modified_time":"2026-02-11T16:44:54+00:00","og_image":[{"width":1200,"height":857,"url":"https:\/\/www.kreainvent.com\/wp-content\/uploads\/2024\/03\/typ-2-halterung-Stahlschloss-schutzt-vor-Diebstahl_2.jpg","type":"image\/jpeg"}],"twitter_card":"summary_large_image","twitter_misc":{"Tempo di lettura stimato":"1 minuto"},"schema":{"@context":"https:\/\/schema.org","@graph":[{"@type":"WebPage","@id":"https:\/\/www.kreainvent.com\/it\/izdelek\/supporto-da-parete-robusto-con-serratura-per-cavi-di-ricarica-ev-con-connettore-tipo-2-iec-62196-2-2\/","url":"https:\/\/www.kreainvent.com\/it\/izdelek\/supporto-da-parete-robusto-con-serratura-per-cavi-di-ricarica-ev-con-connettore-tipo-2-iec-62196-2-2\/","name":"Supporto da parete robusto con serratura per cavi di ricarica EV con connettore Tipo 2 (IEC 62196-2) - KREAINVENT - accessori per la ricarica EV e supporti wallbox","isPartOf":{"@id":"https:\/\/www.kreainvent.com\/it\/#website"},"primaryImageOfPage":{"@id":"https:\/\/www.kreainvent.com\/it\/izdelek\/supporto-da-parete-robusto-con-serratura-per-cavi-di-ricarica-ev-con-connettore-tipo-2-iec-62196-2-2\/#primaryimage"},"image":{"@id":"https:\/\/www.kreainvent.com\/it\/izdelek\/supporto-da-parete-robusto-con-serratura-per-cavi-di-ricarica-ev-con-connettore-tipo-2-iec-62196-2-2\/#primaryimage"},"thumbnailUrl":"https:\/\/www.kreainvent.com\/wp-content\/uploads\/2024\/03\/typ-2-halterung-Stahlschloss-schutzt-vor-Diebstahl_2.jpg","datePublished":"2024-03-28T17:30:23+00:00","dateModified":"2026-02-11T16:44:54+00:00","breadcrumb":{"@id":"https:\/\/www.kreainvent.com\/it\/izdelek\/supporto-da-parete-robusto-con-serratura-per-cavi-di-ricarica-ev-con-connettore-tipo-2-iec-62196-2-2\/#breadcrumb"},"inLanguage":"it-IT","potentialAction":[{"@type":"ReadAction","target":["https:\/\/www.kreainvent.com\/it\/izdelek\/supporto-da-parete-robusto-con-serratura-per-cavi-di-ricarica-ev-con-connettore-tipo-2-iec-62196-2-2\/"]}]},{"@type":"ImageObject","inLanguage":"it-IT","@id":"https:\/\/www.kreainvent.com\/it\/izdelek\/supporto-da-parete-robusto-con-serratura-per-cavi-di-ricarica-ev-con-connettore-tipo-2-iec-62196-2-2\/#primaryimage","url":"https:\/\/www.kreainvent.com\/wp-content\/uploads\/2024\/03\/typ-2-halterung-Stahlschloss-schutzt-vor-Diebstahl_2.jpg","contentUrl":"https:\/\/www.kreainvent.com\/wp-content\/uploads\/2024\/03\/typ-2-halterung-Stahlschloss-schutzt-vor-Diebstahl_2.jpg","width":1200,"height":857},{"@type":"BreadcrumbList","@id":"https:\/\/www.kreainvent.com\/it\/izdelek\/supporto-da-parete-robusto-con-serratura-per-cavi-di-ricarica-ev-con-connettore-tipo-2-iec-62196-2-2\/#breadcrumb","itemListElement":[{"@type":"ListItem","position":1,"name":"Home","item":"https:\/\/www.kreainvent.com\/it\/"},{"@type":"ListItem","position":2,"name":"Negozio online","item":"https:\/\/www.kreainvent.com\/it\/negozio-online\/"},{"@type":"ListItem","position":3,"name":"Supporto da parete robusto con serratura per cavi di ricarica EV con connettore Tipo 2 (IEC 62196-2)"}]},{"@type":"WebSite","@id":"https:\/\/www.kreainvent.com\/it\/#website","url":"https:\/\/www.kreainvent.com\/it\/","name":"KREAINVENT - accessori per la ricarica EV e supporti wallbox","description":"Pomagamo vam do urejenega in organiziranega polnilnega mesta","publisher":{"@id":"https:\/\/www.kreainvent.com\/it\/#organization"},"potentialAction":[{"@type":"SearchAction","target":{"@type":"EntryPoint","urlTemplate":"https:\/\/www.kreainvent.com\/it\/?s={search_term_string}"},"query-input":{"@type":"PropertyValueSpecification","valueRequired":true,"valueName":"search_term_string"}}],"inLanguage":"it-IT"},{"@type":"Organization","@id":"https:\/\/www.kreainvent.com\/it\/#organization","name":"KREAINVENT, razvoj e-mobilnosti, svetovanje in trgovina","url":"https:\/\/www.kreainvent.com\/it\/","logo":{"@type":"ImageObject","inLanguage":"it-IT","@id":"https:\/\/www.kreainvent.com\/it\/#\/schema\/logo\/image\/","url":"https:\/\/www.kreainvent.com\/wp-content\/uploads\/2024\/04\/kreainvent-ver-w900.png","contentUrl":"https:\/\/www.kreainvent.com\/wp-content\/uploads\/2024\/04\/kreainvent-ver-w900.png","width":900,"height":791,"caption":"KREAINVENT, razvoj e-mobilnosti, svetovanje in trgovina"},"image":{"@id":"https:\/\/www.kreainvent.com\/it\/#\/schema\/logo\/image\/"}}]}},"_links":{"self":[{"href":"https:\/\/www.kreainvent.com\/it\/wp-json\/wp\/v2\/product\/8943","targetHints":{"allow":["GET"]}}],"collection":[{"href":"https:\/\/www.kreainvent.com\/it\/wp-json\/wp\/v2\/product"}],"about":[{"href":"https:\/\/www.kreainvent.com\/it\/wp-json\/wp\/v2\/types\/product"}],"replies":[{"embeddable":true,"href":"https:\/\/www.kreainvent.com\/it\/wp-json\/wp\/v2\/comments?post=8943"}],"version-history":[{"count":1,"href":"https:\/\/www.kreainvent.com\/it\/wp-json\/wp\/v2\/product\/8943\/revisions"}],"predecessor-version":[{"id":8944,"href":"https:\/\/www.kreainvent.com\/it\/wp-json\/wp\/v2\/product\/8943\/revisions\/8944"}],"wp:featuredmedia":[{"embeddable":true,"href":"https:\/\/www.kreainvent.com\/it\/wp-json\/wp\/v2\/media\/7976"}],"wp:attachment":[{"href":"https:\/\/www.kreainvent.com\/it\/wp-json\/wp\/v2\/media?parent=8943"}],"wp:term":[{"taxonomy":"product_brand","embeddable":true,"href":"https:\/\/www.kreainvent.com\/it\/wp-json\/wp\/v2\/product_brand?post=8943"},{"taxonomy":"product_cat","embeddable":true,"href":"https:\/\/www.kreainvent.com\/it\/wp-json\/wp\/v2\/product_cat?post=8943"},{"taxonomy":"product_tag","embeddable":true,"href":"https:\/\/www.kreainvent.com\/it\/wp-json\/wp\/v2\/product_tag?post=8943"}],"curies":[{"name":"wp","href":"https:\/\/api.w.org\/{rel}","templated":true}]}}