{"id":8901,"date":"2026-02-11T16:52:21","date_gmt":"2026-02-11T15:52:21","guid":{"rendered":"https:\/\/www.kreainvent.com\/?post_type=product&#038;p=8901"},"modified":"2026-02-12T16:30:05","modified_gmt":"2026-02-12T15:30:05","slug":"supporto-universale-in-alluminio-con-tetto-di-protezione-per-stazione-di-ricarica-per-montaggio-su-muro-di-sostegno-2","status":"publish","type":"product","link":"https:\/\/www.kreainvent.com\/it\/izdelek\/supporto-universale-in-alluminio-con-tetto-di-protezione-per-stazione-di-ricarica-per-montaggio-su-muro-di-sostegno-2\/","title":{"rendered":"Supporto universale in alluminio con tetto di protezione per stazione di ricarica, per montaggio su muro di sostegno"},"content":{"rendered":"<h3>Supporto universale per stazione di ricarica per montaggio su muro di sostegno<\/h3>\n<h4>Supporto in alluminio con tetto di protezione<\/h4>\n<p><strong>Supporto universale<\/strong>: adatto al montaggio della maggior parte delle stazioni di ricarica per veicoli elettrici (EV). Dimensioni massime della stazione di ricarica: 45 x 35 cm. La stazione di ricarica si fissa al supporto nello stesso modo previsto per il montaggio a parete.<br \/>\n<strong>Costruzione di qualit\u00e0<\/strong>: il supporto per la stazione di ricarica \u00e8 realizzato in alluminio di alta qualit\u00e0 e verniciato a polvere (RAL 7016). Questo garantisce resistenza e lunga durata senza ruggine. Il supporto \u00e8 progettato e realizzato in conformit\u00e0 agli standard internazionali ISO e agli standard europei EN.<br \/>\n<strong>Instradamento dei cavi:<\/strong> il cavo di alimentazione verso la stazione di ricarica pu\u00f2 essere comodamente instradato dal basso attraverso un tubo oppure tramite il foro sul lato posteriore del tubo (diametro del foro 35 mm).<br \/>\n<strong>Montaggio stabile su muro di sostegno:<\/strong> le staffe angolari consentono un fissaggio sicuro e robusto del supporto al muro di sostegno con quattro viti M10. Ideale per posti auto delimitati o situati accanto a un muro di contenimento \u2013 scarpata.<br \/>\n<strong>Protezione aggiuntiva:<\/strong> il supporto \u00e8 dotato di tetto che protegge la stazione di ricarica e il cavo, garantendo una ricarica pi\u00f9 sicura e una maggiore durata. Funziona anche come protezione UV. Tutti i componenti del supporto sono messi a terra.<\/p>\n","protected":false},"excerpt":{"rendered":"<p>Supporto universale per stazione di ricarica per montaggio su muro di sostegno Supporto in alluminio con tetto di protezione Supporto universale: adatto al montaggio della maggior parte delle stazioni di ricarica per veicoli elettrici (EV). Dimensioni massime della stazione di ricarica: 45 x 35 cm. La stazione di ricarica si fissa al supporto nello stesso [&hellip;]<\/p>\n","protected":false},"featured_media":7528,"comment_status":"open","ping_status":"closed","template":"","meta":{"_acf_changed":false,"iawp_total_views":4},"product_brand":[],"product_cat":[275],"product_tag":[],"class_list":{"0":"post-8901","1":"product","2":"type-product","3":"status-publish","4":"has-post-thumbnail","6":"product_cat-supporti-per-stazioni-di-ricarica-da-esterno","7":"pa_znamka-kreainvent","9":"first","10":"instock","11":"taxable","12":"shipping-taxable","13":"purchasable","14":"product-type-simple"},"acf":[],"yoast_head":"<!-- This site is optimized with the Yoast SEO plugin v26.9 - https:\/\/yoast.com\/product\/yoast-seo-wordpress\/ -->\n<title>Supporto universale in alluminio con tetto di protezione per stazione di ricarica, per montaggio su muro di sostegno - KREAINVENT - accessori per la ricarica EV e supporti wallbox<\/title>\n<meta name=\"robots\" content=\"index, follow, max-snippet:-1, max-image-preview:large, max-video-preview:-1\" \/>\n<link rel=\"canonical\" href=\"https:\/\/www.kreainvent.com\/it\/izdelek\/supporto-universale-in-alluminio-con-tetto-di-protezione-per-stazione-di-ricarica-per-montaggio-su-muro-di-sostegno-2\/\" \/>\n<meta property=\"og:locale\" content=\"it_IT\" \/>\n<meta property=\"og:type\" content=\"article\" \/>\n<meta property=\"og:title\" content=\"Supporto universale in alluminio con tetto di protezione per stazione di ricarica, per montaggio su muro di sostegno - KREAINVENT - accessori per la ricarica EV e supporti wallbox\" \/>\n<meta property=\"og:description\" content=\"Supporto universale per stazione di ricarica per montaggio su muro di sostegno Supporto in alluminio con tetto di protezione Supporto universale: adatto al montaggio della maggior parte delle stazioni di ricarica per veicoli elettrici (EV). Dimensioni massime della stazione di ricarica: 45 x 35 cm. La stazione di ricarica si fissa al supporto nello stesso [&hellip;]\" \/>\n<meta property=\"og:url\" content=\"https:\/\/www.kreainvent.com\/it\/izdelek\/supporto-universale-in-alluminio-con-tetto-di-protezione-per-stazione-di-ricarica-per-montaggio-su-muro-di-sostegno-2\/\" \/>\n<meta property=\"og:site_name\" content=\"KREAINVENT - accessori per la ricarica EV e supporti wallbox\" \/>\n<meta property=\"article:modified_time\" content=\"2026-02-12T15:30:05+00:00\" \/>\n<meta property=\"og:image\" content=\"https:\/\/www.kreainvent.com\/wp-content\/uploads\/2025\/10\/B0FT94ZZVN_01.jpg\" \/>\n\t<meta property=\"og:image:width\" content=\"1600\" \/>\n\t<meta property=\"og:image:height\" content=\"1600\" \/>\n\t<meta property=\"og:image:type\" content=\"image\/jpeg\" \/>\n<meta name=\"twitter:card\" content=\"summary_large_image\" \/>\n<meta name=\"twitter:label1\" content=\"Tempo di lettura stimato\" \/>\n\t<meta name=\"twitter:data1\" content=\"2 minuti\" \/>\n<script type=\"application\/ld+json\" class=\"yoast-schema-graph\">{\"@context\":\"https:\/\/schema.org\",\"@graph\":[{\"@type\":\"WebPage\",\"@id\":\"https:\/\/www.kreainvent.com\/it\/izdelek\/supporto-universale-in-alluminio-con-tetto-di-protezione-per-stazione-di-ricarica-per-montaggio-su-muro-di-sostegno-2\/\",\"url\":\"https:\/\/www.kreainvent.com\/it\/izdelek\/supporto-universale-in-alluminio-con-tetto-di-protezione-per-stazione-di-ricarica-per-montaggio-su-muro-di-sostegno-2\/\",\"name\":\"Supporto universale in alluminio con tetto di protezione per stazione di ricarica, per montaggio su muro di sostegno - KREAINVENT - accessori per la ricarica EV e supporti wallbox\",\"isPartOf\":{\"@id\":\"https:\/\/www.kreainvent.com\/it\/#website\"},\"primaryImageOfPage\":{\"@id\":\"https:\/\/www.kreainvent.com\/it\/izdelek\/supporto-universale-in-alluminio-con-tetto-di-protezione-per-stazione-di-ricarica-per-montaggio-su-muro-di-sostegno-2\/#primaryimage\"},\"image\":{\"@id\":\"https:\/\/www.kreainvent.com\/it\/izdelek\/supporto-universale-in-alluminio-con-tetto-di-protezione-per-stazione-di-ricarica-per-montaggio-su-muro-di-sostegno-2\/#primaryimage\"},\"thumbnailUrl\":\"https:\/\/www.kreainvent.com\/wp-content\/uploads\/2025\/10\/B0FT94ZZVN_01.jpg\",\"datePublished\":\"2026-02-11T15:52:21+00:00\",\"dateModified\":\"2026-02-12T15:30:05+00:00\",\"breadcrumb\":{\"@id\":\"https:\/\/www.kreainvent.com\/it\/izdelek\/supporto-universale-in-alluminio-con-tetto-di-protezione-per-stazione-di-ricarica-per-montaggio-su-muro-di-sostegno-2\/#breadcrumb\"},\"inLanguage\":\"it-IT\",\"potentialAction\":[{\"@type\":\"ReadAction\",\"target\":[\"https:\/\/www.kreainvent.com\/it\/izdelek\/supporto-universale-in-alluminio-con-tetto-di-protezione-per-stazione-di-ricarica-per-montaggio-su-muro-di-sostegno-2\/\"]}]},{\"@type\":\"ImageObject\",\"inLanguage\":\"it-IT\",\"@id\":\"https:\/\/www.kreainvent.com\/it\/izdelek\/supporto-universale-in-alluminio-con-tetto-di-protezione-per-stazione-di-ricarica-per-montaggio-su-muro-di-sostegno-2\/#primaryimage\",\"url\":\"https:\/\/www.kreainvent.com\/wp-content\/uploads\/2025\/10\/B0FT94ZZVN_01.jpg\",\"contentUrl\":\"https:\/\/www.kreainvent.com\/wp-content\/uploads\/2025\/10\/B0FT94ZZVN_01.jpg\",\"width\":1600,\"height\":1600},{\"@type\":\"BreadcrumbList\",\"@id\":\"https:\/\/www.kreainvent.com\/it\/izdelek\/supporto-universale-in-alluminio-con-tetto-di-protezione-per-stazione-di-ricarica-per-montaggio-su-muro-di-sostegno-2\/#breadcrumb\",\"itemListElement\":[{\"@type\":\"ListItem\",\"position\":1,\"name\":\"Home\",\"item\":\"https:\/\/www.kreainvent.com\/it\/\"},{\"@type\":\"ListItem\",\"position\":2,\"name\":\"Negozio online\",\"item\":\"https:\/\/www.kreainvent.com\/it\/negozio-online\/\"},{\"@type\":\"ListItem\",\"position\":3,\"name\":\"Supporto universale in alluminio con tetto di protezione per stazione di ricarica, per montaggio su muro di sostegno\"}]},{\"@type\":\"WebSite\",\"@id\":\"https:\/\/www.kreainvent.com\/it\/#website\",\"url\":\"https:\/\/www.kreainvent.com\/it\/\",\"name\":\"KREAINVENT - accessori per la ricarica EV e supporti wallbox\",\"description\":\"Pomagamo vam do urejenega in organiziranega polnilnega mesta\",\"publisher\":{\"@id\":\"https:\/\/www.kreainvent.com\/it\/#organization\"},\"potentialAction\":[{\"@type\":\"SearchAction\",\"target\":{\"@type\":\"EntryPoint\",\"urlTemplate\":\"https:\/\/www.kreainvent.com\/it\/?s={search_term_string}\"},\"query-input\":{\"@type\":\"PropertyValueSpecification\",\"valueRequired\":true,\"valueName\":\"search_term_string\"}}],\"inLanguage\":\"it-IT\"},{\"@type\":\"Organization\",\"@id\":\"https:\/\/www.kreainvent.com\/it\/#organization\",\"name\":\"KREAINVENT, razvoj e-mobilnosti, svetovanje in trgovina\",\"url\":\"https:\/\/www.kreainvent.com\/it\/\",\"logo\":{\"@type\":\"ImageObject\",\"inLanguage\":\"it-IT\",\"@id\":\"https:\/\/www.kreainvent.com\/it\/#\/schema\/logo\/image\/\",\"url\":\"https:\/\/www.kreainvent.com\/wp-content\/uploads\/2024\/04\/kreainvent-ver-w900.png\",\"contentUrl\":\"https:\/\/www.kreainvent.com\/wp-content\/uploads\/2024\/04\/kreainvent-ver-w900.png\",\"width\":900,\"height\":791,\"caption\":\"KREAINVENT, razvoj e-mobilnosti, svetovanje in trgovina\"},\"image\":{\"@id\":\"https:\/\/www.kreainvent.com\/it\/#\/schema\/logo\/image\/\"}}]}<\/script>\n<!-- \/ Yoast SEO plugin. -->","yoast_head_json":{"title":"Supporto universale in alluminio con tetto di protezione per stazione di ricarica, per montaggio su muro di sostegno - KREAINVENT - accessori per la ricarica EV e supporti wallbox","robots":{"index":"index","follow":"follow","max-snippet":"max-snippet:-1","max-image-preview":"max-image-preview:large","max-video-preview":"max-video-preview:-1"},"canonical":"https:\/\/www.kreainvent.com\/it\/izdelek\/supporto-universale-in-alluminio-con-tetto-di-protezione-per-stazione-di-ricarica-per-montaggio-su-muro-di-sostegno-2\/","og_locale":"it_IT","og_type":"article","og_title":"Supporto universale in alluminio con tetto di protezione per stazione di ricarica, per montaggio su muro di sostegno - KREAINVENT - accessori per la ricarica EV e supporti wallbox","og_description":"Supporto universale per stazione di ricarica per montaggio su muro di sostegno Supporto in alluminio con tetto di protezione Supporto universale: adatto al montaggio della maggior parte delle stazioni di ricarica per veicoli elettrici (EV). Dimensioni massime della stazione di ricarica: 45 x 35 cm. La stazione di ricarica si fissa al supporto nello stesso [&hellip;]","og_url":"https:\/\/www.kreainvent.com\/it\/izdelek\/supporto-universale-in-alluminio-con-tetto-di-protezione-per-stazione-di-ricarica-per-montaggio-su-muro-di-sostegno-2\/","og_site_name":"KREAINVENT - accessori per la ricarica EV e supporti wallbox","article_modified_time":"2026-02-12T15:30:05+00:00","og_image":[{"width":1600,"height":1600,"url":"https:\/\/www.kreainvent.com\/wp-content\/uploads\/2025\/10\/B0FT94ZZVN_01.jpg","type":"image\/jpeg"}],"twitter_card":"summary_large_image","twitter_misc":{"Tempo di lettura stimato":"2 minuti"},"schema":{"@context":"https:\/\/schema.org","@graph":[{"@type":"WebPage","@id":"https:\/\/www.kreainvent.com\/it\/izdelek\/supporto-universale-in-alluminio-con-tetto-di-protezione-per-stazione-di-ricarica-per-montaggio-su-muro-di-sostegno-2\/","url":"https:\/\/www.kreainvent.com\/it\/izdelek\/supporto-universale-in-alluminio-con-tetto-di-protezione-per-stazione-di-ricarica-per-montaggio-su-muro-di-sostegno-2\/","name":"Supporto universale in alluminio con tetto di protezione per stazione di ricarica, per montaggio su muro di sostegno - KREAINVENT - accessori per la ricarica EV e supporti wallbox","isPartOf":{"@id":"https:\/\/www.kreainvent.com\/it\/#website"},"primaryImageOfPage":{"@id":"https:\/\/www.kreainvent.com\/it\/izdelek\/supporto-universale-in-alluminio-con-tetto-di-protezione-per-stazione-di-ricarica-per-montaggio-su-muro-di-sostegno-2\/#primaryimage"},"image":{"@id":"https:\/\/www.kreainvent.com\/it\/izdelek\/supporto-universale-in-alluminio-con-tetto-di-protezione-per-stazione-di-ricarica-per-montaggio-su-muro-di-sostegno-2\/#primaryimage"},"thumbnailUrl":"https:\/\/www.kreainvent.com\/wp-content\/uploads\/2025\/10\/B0FT94ZZVN_01.jpg","datePublished":"2026-02-11T15:52:21+00:00","dateModified":"2026-02-12T15:30:05+00:00","breadcrumb":{"@id":"https:\/\/www.kreainvent.com\/it\/izdelek\/supporto-universale-in-alluminio-con-tetto-di-protezione-per-stazione-di-ricarica-per-montaggio-su-muro-di-sostegno-2\/#breadcrumb"},"inLanguage":"it-IT","potentialAction":[{"@type":"ReadAction","target":["https:\/\/www.kreainvent.com\/it\/izdelek\/supporto-universale-in-alluminio-con-tetto-di-protezione-per-stazione-di-ricarica-per-montaggio-su-muro-di-sostegno-2\/"]}]},{"@type":"ImageObject","inLanguage":"it-IT","@id":"https:\/\/www.kreainvent.com\/it\/izdelek\/supporto-universale-in-alluminio-con-tetto-di-protezione-per-stazione-di-ricarica-per-montaggio-su-muro-di-sostegno-2\/#primaryimage","url":"https:\/\/www.kreainvent.com\/wp-content\/uploads\/2025\/10\/B0FT94ZZVN_01.jpg","contentUrl":"https:\/\/www.kreainvent.com\/wp-content\/uploads\/2025\/10\/B0FT94ZZVN_01.jpg","width":1600,"height":1600},{"@type":"BreadcrumbList","@id":"https:\/\/www.kreainvent.com\/it\/izdelek\/supporto-universale-in-alluminio-con-tetto-di-protezione-per-stazione-di-ricarica-per-montaggio-su-muro-di-sostegno-2\/#breadcrumb","itemListElement":[{"@type":"ListItem","position":1,"name":"Home","item":"https:\/\/www.kreainvent.com\/it\/"},{"@type":"ListItem","position":2,"name":"Negozio online","item":"https:\/\/www.kreainvent.com\/it\/negozio-online\/"},{"@type":"ListItem","position":3,"name":"Supporto universale in alluminio con tetto di protezione per stazione di ricarica, per montaggio su muro di sostegno"}]},{"@type":"WebSite","@id":"https:\/\/www.kreainvent.com\/it\/#website","url":"https:\/\/www.kreainvent.com\/it\/","name":"KREAINVENT - accessori per la ricarica EV e supporti wallbox","description":"Pomagamo vam do urejenega in organiziranega polnilnega mesta","publisher":{"@id":"https:\/\/www.kreainvent.com\/it\/#organization"},"potentialAction":[{"@type":"SearchAction","target":{"@type":"EntryPoint","urlTemplate":"https:\/\/www.kreainvent.com\/it\/?s={search_term_string}"},"query-input":{"@type":"PropertyValueSpecification","valueRequired":true,"valueName":"search_term_string"}}],"inLanguage":"it-IT"},{"@type":"Organization","@id":"https:\/\/www.kreainvent.com\/it\/#organization","name":"KREAINVENT, razvoj e-mobilnosti, svetovanje in trgovina","url":"https:\/\/www.kreainvent.com\/it\/","logo":{"@type":"ImageObject","inLanguage":"it-IT","@id":"https:\/\/www.kreainvent.com\/it\/#\/schema\/logo\/image\/","url":"https:\/\/www.kreainvent.com\/wp-content\/uploads\/2024\/04\/kreainvent-ver-w900.png","contentUrl":"https:\/\/www.kreainvent.com\/wp-content\/uploads\/2024\/04\/kreainvent-ver-w900.png","width":900,"height":791,"caption":"KREAINVENT, razvoj e-mobilnosti, svetovanje in trgovina"},"image":{"@id":"https:\/\/www.kreainvent.com\/it\/#\/schema\/logo\/image\/"}}]}},"_links":{"self":[{"href":"https:\/\/www.kreainvent.com\/it\/wp-json\/wp\/v2\/product\/8901","targetHints":{"allow":["GET"]}}],"collection":[{"href":"https:\/\/www.kreainvent.com\/it\/wp-json\/wp\/v2\/product"}],"about":[{"href":"https:\/\/www.kreainvent.com\/it\/wp-json\/wp\/v2\/types\/product"}],"replies":[{"embeddable":true,"href":"https:\/\/www.kreainvent.com\/it\/wp-json\/wp\/v2\/comments?post=8901"}],"version-history":[{"count":2,"href":"https:\/\/www.kreainvent.com\/it\/wp-json\/wp\/v2\/product\/8901\/revisions"}],"predecessor-version":[{"id":8993,"href":"https:\/\/www.kreainvent.com\/it\/wp-json\/wp\/v2\/product\/8901\/revisions\/8993"}],"wp:featuredmedia":[{"embeddable":true,"href":"https:\/\/www.kreainvent.com\/it\/wp-json\/wp\/v2\/media\/7528"}],"wp:attachment":[{"href":"https:\/\/www.kreainvent.com\/it\/wp-json\/wp\/v2\/media?parent=8901"}],"wp:term":[{"taxonomy":"product_brand","embeddable":true,"href":"https:\/\/www.kreainvent.com\/it\/wp-json\/wp\/v2\/product_brand?post=8901"},{"taxonomy":"product_cat","embeddable":true,"href":"https:\/\/www.kreainvent.com\/it\/wp-json\/wp\/v2\/product_cat?post=8901"},{"taxonomy":"product_tag","embeddable":true,"href":"https:\/\/www.kreainvent.com\/it\/wp-json\/wp\/v2\/product_tag?post=8901"}],"curies":[{"name":"wp","href":"https:\/\/api.w.org\/{rel}","templated":true}]}}