{"id":7537,"date":"2025-10-14T09:01:50","date_gmt":"2025-10-14T08:01:50","guid":{"rendered":"https:\/\/www.kreainvent.com\/?post_type=product&#038;p=7537"},"modified":"2026-02-12T16:27:49","modified_gmt":"2026-02-12T15:27:49","slug":"univerzalno-alu-stojalo-z-zascitno-streho-za-polnilno-postajo-za-montazo-na-podporni-zid","status":"publish","type":"product","link":"https:\/\/www.kreainvent.com\/it\/izdelek\/univerzalno-alu-stojalo-z-zascitno-streho-za-polnilno-postajo-za-montazo-na-podporni-zid\/","title":{"rendered":"Univerzalno ALU stojalo z za\u0161\u010ditno streho za polnilno postajo za monta\u017eo na podporni zid"},"content":{"rendered":"<h3>Univerzalno stojalo za polnilno postajo za monta\u017eo na podporni zid<\/h3>\n<h4><strong>2. Aluminijasto stojalo z za\u0161\u010ditno streho <\/strong><\/h4>\n<ol>\n<li><strong>Univerzalno stojalo:<\/strong> Primerno za monta\u017eo ve\u010dine polnilnih postaj za EV. Najve\u010dje dimenzije polnilne postaje: 45 x 35 cm. Polnilna postaja se na stojalo pritrdi na enak na\u010din kot pri stenski monta\u017ei.<\/li>\n<li><strong>Kvalitetna izdelava:<\/strong> Stojalo za polnilno postajo je izdelano iz kakovostnega aluminija in pra\u0161no barvano (RAL7016). To zagotavlja vzdr\u017eljivost in dolgo \u017eivljenjsko dobo brez rje. Stojalo je konstruirano in izdelana v skladu z mednarodnimi ISO in evropskimi EN standardi.<\/li>\n<li><strong>Napeljava kablov:<\/strong> Napajalni kabel do polnilne postaje je mogo\u010de priro\u010dno napeljati odspodaj skozi cev ali skozi luknjo na zadnji strani cevi (prmer luknje 35 mm).<\/li>\n<li><strong>Stabilna monta\u017ea na podporni zid:<\/strong> Kotni nosilci omogo\u010dajo varno in robustno pritrditev stojala na podporni zid s \u0161tirimi vijaki M10. Idealno za parkirna mesta ki so ograjena ali pa ob podpornem zidu \u2013 \u0161karpi.<\/li>\n<li><strong>Dodatna za\u0161\u010dita:<\/strong> Stojalo je opremljeno s streho, ki \u0161\u010diti polnilno postajo in kabel ter zagotavlja varnej\u0161e polnjenje in dalj\u0161o \u017eivljenjsko dobo. Slu\u017ei tudi kot UV-za\u0161\u010dita. Vse komponente stojala so ozemljene.<\/li>\n<\/ol>\n","protected":false},"excerpt":{"rendered":"<p>Univerzalno stojalo za polnilno postajo za monta\u017eo na podporni zid 2. Aluminijasto stojalo z za\u0161\u010ditno streho Univerzalno stojalo: Primerno za monta\u017eo ve\u010dine polnilnih postaj za EV. Najve\u010dje dimenzije polnilne postaje: 45 x 35 cm. Polnilna postaja se na stojalo pritrdi na enak na\u010din kot pri stenski monta\u017ei. Kvalitetna izdelava: Stojalo za polnilno postajo je izdelano [&hellip;]<\/p>\n","protected":false},"featured_media":7528,"comment_status":"open","ping_status":"closed","template":"","meta":{"_acf_changed":false,"iawp_total_views":2},"product_brand":[],"product_cat":[275],"product_tag":[],"class_list":{"0":"post-7537","1":"product","2":"type-product","3":"status-publish","4":"has-post-thumbnail","6":"product_cat-supporti-per-stazioni-di-ricarica-da-esterno","7":"pa_znamka-kreainvent","9":"first","10":"instock","11":"taxable","12":"shipping-taxable","13":"purchasable","14":"product-type-simple"},"acf":[],"yoast_head":"<!-- This site is optimized with the Yoast SEO plugin v26.9 - https:\/\/yoast.com\/product\/yoast-seo-wordpress\/ -->\n<title>Univerzalno ALU stojalo z za\u0161\u010ditno streho za polnilno postajo za monta\u017eo na podporni zid - KREAINVENT - accessori per la ricarica EV e supporti wallbox<\/title>\n<meta name=\"robots\" content=\"index, follow, max-snippet:-1, max-image-preview:large, max-video-preview:-1\" \/>\n<link rel=\"canonical\" href=\"https:\/\/www.kreainvent.com\/it\/izdelek\/univerzalno-alu-stojalo-z-zascitno-streho-za-polnilno-postajo-za-montazo-na-podporni-zid\/\" \/>\n<meta property=\"og:locale\" content=\"it_IT\" \/>\n<meta property=\"og:type\" content=\"article\" \/>\n<meta property=\"og:title\" content=\"Univerzalno ALU stojalo z za\u0161\u010ditno streho za polnilno postajo za monta\u017eo na podporni zid - KREAINVENT - accessori per la ricarica EV e supporti wallbox\" \/>\n<meta property=\"og:description\" content=\"Univerzalno stojalo za polnilno postajo za monta\u017eo na podporni zid 2. Aluminijasto stojalo z za\u0161\u010ditno streho Univerzalno stojalo: Primerno za monta\u017eo ve\u010dine polnilnih postaj za EV. Najve\u010dje dimenzije polnilne postaje: 45 x 35 cm. Polnilna postaja se na stojalo pritrdi na enak na\u010din kot pri stenski monta\u017ei. Kvalitetna izdelava: Stojalo za polnilno postajo je izdelano [&hellip;]\" \/>\n<meta property=\"og:url\" content=\"https:\/\/www.kreainvent.com\/it\/izdelek\/univerzalno-alu-stojalo-z-zascitno-streho-za-polnilno-postajo-za-montazo-na-podporni-zid\/\" \/>\n<meta property=\"og:site_name\" content=\"KREAINVENT - accessori per la ricarica EV e supporti wallbox\" \/>\n<meta property=\"article:modified_time\" content=\"2026-02-12T15:27:49+00:00\" \/>\n<meta property=\"og:image\" content=\"https:\/\/www.kreainvent.com\/wp-content\/uploads\/2025\/10\/B0FT94ZZVN_01.jpg\" \/>\n\t<meta property=\"og:image:width\" content=\"1600\" \/>\n\t<meta property=\"og:image:height\" content=\"1600\" \/>\n\t<meta property=\"og:image:type\" content=\"image\/jpeg\" \/>\n<meta name=\"twitter:card\" content=\"summary_large_image\" \/>\n<meta name=\"twitter:label1\" content=\"Tempo di lettura stimato\" \/>\n\t<meta name=\"twitter:data1\" content=\"2 minuti\" \/>\n<script type=\"application\/ld+json\" class=\"yoast-schema-graph\">{\"@context\":\"https:\/\/schema.org\",\"@graph\":[{\"@type\":\"WebPage\",\"@id\":\"https:\/\/www.kreainvent.com\/it\/izdelek\/univerzalno-alu-stojalo-z-zascitno-streho-za-polnilno-postajo-za-montazo-na-podporni-zid\/\",\"url\":\"https:\/\/www.kreainvent.com\/it\/izdelek\/univerzalno-alu-stojalo-z-zascitno-streho-za-polnilno-postajo-za-montazo-na-podporni-zid\/\",\"name\":\"Univerzalno ALU stojalo z za\u0161\u010ditno streho za polnilno postajo za monta\u017eo na podporni zid - KREAINVENT - accessori per la ricarica EV e supporti wallbox\",\"isPartOf\":{\"@id\":\"https:\/\/www.kreainvent.com\/it\/#website\"},\"primaryImageOfPage\":{\"@id\":\"https:\/\/www.kreainvent.com\/it\/izdelek\/univerzalno-alu-stojalo-z-zascitno-streho-za-polnilno-postajo-za-montazo-na-podporni-zid\/#primaryimage\"},\"image\":{\"@id\":\"https:\/\/www.kreainvent.com\/it\/izdelek\/univerzalno-alu-stojalo-z-zascitno-streho-za-polnilno-postajo-za-montazo-na-podporni-zid\/#primaryimage\"},\"thumbnailUrl\":\"https:\/\/www.kreainvent.com\/wp-content\/uploads\/2025\/10\/B0FT94ZZVN_01.jpg\",\"datePublished\":\"2025-10-14T08:01:50+00:00\",\"dateModified\":\"2026-02-12T15:27:49+00:00\",\"breadcrumb\":{\"@id\":\"https:\/\/www.kreainvent.com\/it\/izdelek\/univerzalno-alu-stojalo-z-zascitno-streho-za-polnilno-postajo-za-montazo-na-podporni-zid\/#breadcrumb\"},\"inLanguage\":\"it-IT\",\"potentialAction\":[{\"@type\":\"ReadAction\",\"target\":[\"https:\/\/www.kreainvent.com\/it\/izdelek\/univerzalno-alu-stojalo-z-zascitno-streho-za-polnilno-postajo-za-montazo-na-podporni-zid\/\"]}]},{\"@type\":\"ImageObject\",\"inLanguage\":\"it-IT\",\"@id\":\"https:\/\/www.kreainvent.com\/it\/izdelek\/univerzalno-alu-stojalo-z-zascitno-streho-za-polnilno-postajo-za-montazo-na-podporni-zid\/#primaryimage\",\"url\":\"https:\/\/www.kreainvent.com\/wp-content\/uploads\/2025\/10\/B0FT94ZZVN_01.jpg\",\"contentUrl\":\"https:\/\/www.kreainvent.com\/wp-content\/uploads\/2025\/10\/B0FT94ZZVN_01.jpg\",\"width\":1600,\"height\":1600},{\"@type\":\"BreadcrumbList\",\"@id\":\"https:\/\/www.kreainvent.com\/it\/izdelek\/univerzalno-alu-stojalo-z-zascitno-streho-za-polnilno-postajo-za-montazo-na-podporni-zid\/#breadcrumb\",\"itemListElement\":[{\"@type\":\"ListItem\",\"position\":1,\"name\":\"Home\",\"item\":\"https:\/\/www.kreainvent.com\/it\/\"},{\"@type\":\"ListItem\",\"position\":2,\"name\":\"Negozio online\",\"item\":\"https:\/\/www.kreainvent.com\/it\/negozio-online\/\"},{\"@type\":\"ListItem\",\"position\":3,\"name\":\"Univerzalno ALU stojalo z za\u0161\u010ditno streho za polnilno postajo za monta\u017eo na podporni zid\"}]},{\"@type\":\"WebSite\",\"@id\":\"https:\/\/www.kreainvent.com\/it\/#website\",\"url\":\"https:\/\/www.kreainvent.com\/it\/\",\"name\":\"KREAINVENT - accessori per la ricarica EV e supporti wallbox\",\"description\":\"Pomagamo vam do urejenega in organiziranega polnilnega mesta\",\"publisher\":{\"@id\":\"https:\/\/www.kreainvent.com\/it\/#organization\"},\"potentialAction\":[{\"@type\":\"SearchAction\",\"target\":{\"@type\":\"EntryPoint\",\"urlTemplate\":\"https:\/\/www.kreainvent.com\/it\/?s={search_term_string}\"},\"query-input\":{\"@type\":\"PropertyValueSpecification\",\"valueRequired\":true,\"valueName\":\"search_term_string\"}}],\"inLanguage\":\"it-IT\"},{\"@type\":\"Organization\",\"@id\":\"https:\/\/www.kreainvent.com\/it\/#organization\",\"name\":\"KREAINVENT, razvoj e-mobilnosti, svetovanje in trgovina\",\"url\":\"https:\/\/www.kreainvent.com\/it\/\",\"logo\":{\"@type\":\"ImageObject\",\"inLanguage\":\"it-IT\",\"@id\":\"https:\/\/www.kreainvent.com\/it\/#\/schema\/logo\/image\/\",\"url\":\"https:\/\/www.kreainvent.com\/wp-content\/uploads\/2024\/04\/kreainvent-ver-w900.png\",\"contentUrl\":\"https:\/\/www.kreainvent.com\/wp-content\/uploads\/2024\/04\/kreainvent-ver-w900.png\",\"width\":900,\"height\":791,\"caption\":\"KREAINVENT, razvoj e-mobilnosti, svetovanje in trgovina\"},\"image\":{\"@id\":\"https:\/\/www.kreainvent.com\/it\/#\/schema\/logo\/image\/\"}}]}<\/script>\n<!-- \/ Yoast SEO plugin. -->","yoast_head_json":{"title":"Univerzalno ALU stojalo z za\u0161\u010ditno streho za polnilno postajo za monta\u017eo na podporni zid - KREAINVENT - accessori per la ricarica EV e supporti wallbox","robots":{"index":"index","follow":"follow","max-snippet":"max-snippet:-1","max-image-preview":"max-image-preview:large","max-video-preview":"max-video-preview:-1"},"canonical":"https:\/\/www.kreainvent.com\/it\/izdelek\/univerzalno-alu-stojalo-z-zascitno-streho-za-polnilno-postajo-za-montazo-na-podporni-zid\/","og_locale":"it_IT","og_type":"article","og_title":"Univerzalno ALU stojalo z za\u0161\u010ditno streho za polnilno postajo za monta\u017eo na podporni zid - KREAINVENT - accessori per la ricarica EV e supporti wallbox","og_description":"Univerzalno stojalo za polnilno postajo za monta\u017eo na podporni zid 2. Aluminijasto stojalo z za\u0161\u010ditno streho Univerzalno stojalo: Primerno za monta\u017eo ve\u010dine polnilnih postaj za EV. Najve\u010dje dimenzije polnilne postaje: 45 x 35 cm. Polnilna postaja se na stojalo pritrdi na enak na\u010din kot pri stenski monta\u017ei. Kvalitetna izdelava: Stojalo za polnilno postajo je izdelano [&hellip;]","og_url":"https:\/\/www.kreainvent.com\/it\/izdelek\/univerzalno-alu-stojalo-z-zascitno-streho-za-polnilno-postajo-za-montazo-na-podporni-zid\/","og_site_name":"KREAINVENT - accessori per la ricarica EV e supporti wallbox","article_modified_time":"2026-02-12T15:27:49+00:00","og_image":[{"width":1600,"height":1600,"url":"https:\/\/www.kreainvent.com\/wp-content\/uploads\/2025\/10\/B0FT94ZZVN_01.jpg","type":"image\/jpeg"}],"twitter_card":"summary_large_image","twitter_misc":{"Tempo di lettura stimato":"2 minuti"},"schema":{"@context":"https:\/\/schema.org","@graph":[{"@type":"WebPage","@id":"https:\/\/www.kreainvent.com\/it\/izdelek\/univerzalno-alu-stojalo-z-zascitno-streho-za-polnilno-postajo-za-montazo-na-podporni-zid\/","url":"https:\/\/www.kreainvent.com\/it\/izdelek\/univerzalno-alu-stojalo-z-zascitno-streho-za-polnilno-postajo-za-montazo-na-podporni-zid\/","name":"Univerzalno ALU stojalo z za\u0161\u010ditno streho za polnilno postajo za monta\u017eo na podporni zid - KREAINVENT - accessori per la ricarica EV e supporti wallbox","isPartOf":{"@id":"https:\/\/www.kreainvent.com\/it\/#website"},"primaryImageOfPage":{"@id":"https:\/\/www.kreainvent.com\/it\/izdelek\/univerzalno-alu-stojalo-z-zascitno-streho-za-polnilno-postajo-za-montazo-na-podporni-zid\/#primaryimage"},"image":{"@id":"https:\/\/www.kreainvent.com\/it\/izdelek\/univerzalno-alu-stojalo-z-zascitno-streho-za-polnilno-postajo-za-montazo-na-podporni-zid\/#primaryimage"},"thumbnailUrl":"https:\/\/www.kreainvent.com\/wp-content\/uploads\/2025\/10\/B0FT94ZZVN_01.jpg","datePublished":"2025-10-14T08:01:50+00:00","dateModified":"2026-02-12T15:27:49+00:00","breadcrumb":{"@id":"https:\/\/www.kreainvent.com\/it\/izdelek\/univerzalno-alu-stojalo-z-zascitno-streho-za-polnilno-postajo-za-montazo-na-podporni-zid\/#breadcrumb"},"inLanguage":"it-IT","potentialAction":[{"@type":"ReadAction","target":["https:\/\/www.kreainvent.com\/it\/izdelek\/univerzalno-alu-stojalo-z-zascitno-streho-za-polnilno-postajo-za-montazo-na-podporni-zid\/"]}]},{"@type":"ImageObject","inLanguage":"it-IT","@id":"https:\/\/www.kreainvent.com\/it\/izdelek\/univerzalno-alu-stojalo-z-zascitno-streho-za-polnilno-postajo-za-montazo-na-podporni-zid\/#primaryimage","url":"https:\/\/www.kreainvent.com\/wp-content\/uploads\/2025\/10\/B0FT94ZZVN_01.jpg","contentUrl":"https:\/\/www.kreainvent.com\/wp-content\/uploads\/2025\/10\/B0FT94ZZVN_01.jpg","width":1600,"height":1600},{"@type":"BreadcrumbList","@id":"https:\/\/www.kreainvent.com\/it\/izdelek\/univerzalno-alu-stojalo-z-zascitno-streho-za-polnilno-postajo-za-montazo-na-podporni-zid\/#breadcrumb","itemListElement":[{"@type":"ListItem","position":1,"name":"Home","item":"https:\/\/www.kreainvent.com\/it\/"},{"@type":"ListItem","position":2,"name":"Negozio online","item":"https:\/\/www.kreainvent.com\/it\/negozio-online\/"},{"@type":"ListItem","position":3,"name":"Univerzalno ALU stojalo z za\u0161\u010ditno streho za polnilno postajo za monta\u017eo na podporni zid"}]},{"@type":"WebSite","@id":"https:\/\/www.kreainvent.com\/it\/#website","url":"https:\/\/www.kreainvent.com\/it\/","name":"KREAINVENT - accessori per la ricarica EV e supporti wallbox","description":"Pomagamo vam do urejenega in organiziranega polnilnega mesta","publisher":{"@id":"https:\/\/www.kreainvent.com\/it\/#organization"},"potentialAction":[{"@type":"SearchAction","target":{"@type":"EntryPoint","urlTemplate":"https:\/\/www.kreainvent.com\/it\/?s={search_term_string}"},"query-input":{"@type":"PropertyValueSpecification","valueRequired":true,"valueName":"search_term_string"}}],"inLanguage":"it-IT"},{"@type":"Organization","@id":"https:\/\/www.kreainvent.com\/it\/#organization","name":"KREAINVENT, razvoj e-mobilnosti, svetovanje in trgovina","url":"https:\/\/www.kreainvent.com\/it\/","logo":{"@type":"ImageObject","inLanguage":"it-IT","@id":"https:\/\/www.kreainvent.com\/it\/#\/schema\/logo\/image\/","url":"https:\/\/www.kreainvent.com\/wp-content\/uploads\/2024\/04\/kreainvent-ver-w900.png","contentUrl":"https:\/\/www.kreainvent.com\/wp-content\/uploads\/2024\/04\/kreainvent-ver-w900.png","width":900,"height":791,"caption":"KREAINVENT, razvoj e-mobilnosti, svetovanje in trgovina"},"image":{"@id":"https:\/\/www.kreainvent.com\/it\/#\/schema\/logo\/image\/"}}]}},"_links":{"self":[{"href":"https:\/\/www.kreainvent.com\/it\/wp-json\/wp\/v2\/product\/7537","targetHints":{"allow":["GET"]}}],"collection":[{"href":"https:\/\/www.kreainvent.com\/it\/wp-json\/wp\/v2\/product"}],"about":[{"href":"https:\/\/www.kreainvent.com\/it\/wp-json\/wp\/v2\/types\/product"}],"replies":[{"embeddable":true,"href":"https:\/\/www.kreainvent.com\/it\/wp-json\/wp\/v2\/comments?post=7537"}],"version-history":[{"count":1,"href":"https:\/\/www.kreainvent.com\/it\/wp-json\/wp\/v2\/product\/7537\/revisions"}],"predecessor-version":[{"id":8988,"href":"https:\/\/www.kreainvent.com\/it\/wp-json\/wp\/v2\/product\/7537\/revisions\/8988"}],"wp:featuredmedia":[{"embeddable":true,"href":"https:\/\/www.kreainvent.com\/it\/wp-json\/wp\/v2\/media\/7528"}],"wp:attachment":[{"href":"https:\/\/www.kreainvent.com\/it\/wp-json\/wp\/v2\/media?parent=7537"}],"wp:term":[{"taxonomy":"product_brand","embeddable":true,"href":"https:\/\/www.kreainvent.com\/it\/wp-json\/wp\/v2\/product_brand?post=7537"},{"taxonomy":"product_cat","embeddable":true,"href":"https:\/\/www.kreainvent.com\/it\/wp-json\/wp\/v2\/product_cat?post=7537"},{"taxonomy":"product_tag","embeddable":true,"href":"https:\/\/www.kreainvent.com\/it\/wp-json\/wp\/v2\/product_tag?post=7537"}],"curies":[{"name":"wp","href":"https:\/\/api.w.org\/{rel}","templated":true}]}}