{"id":8769,"date":"2024-05-08T15:21:48","date_gmt":"2024-05-08T14:21:48","guid":{"rendered":"https:\/\/www.kreainvent.com\/?page_id=8769"},"modified":"2026-02-09T15:31:58","modified_gmt":"2026-02-09T14:31:58","slug":"opportunita-di-collaborazione","status":"publish","type":"page","link":"https:\/\/www.kreainvent.com\/it\/opportunita-di-collaborazione\/","title":{"rendered":"Opportunit\u00e0 di collaborazione"},"content":{"rendered":"\t\t<div data-elementor-type=\"wp-page\" data-elementor-id=\"8769\" class=\"elementor elementor-8769 elementor-4016\" data-elementor-settings=\"{&quot;element_pack_global_tooltip_width&quot;:{&quot;unit&quot;:&quot;px&quot;,&quot;size&quot;:&quot;&quot;,&quot;sizes&quot;:[]},&quot;element_pack_global_tooltip_width_tablet&quot;:{&quot;unit&quot;:&quot;px&quot;,&quot;size&quot;:&quot;&quot;,&quot;sizes&quot;:[]},&quot;element_pack_global_tooltip_width_mobile&quot;:{&quot;unit&quot;:&quot;px&quot;,&quot;size&quot;:&quot;&quot;,&quot;sizes&quot;:[]},&quot;element_pack_global_tooltip_padding&quot;:{&quot;unit&quot;:&quot;px&quot;,&quot;top&quot;:&quot;&quot;,&quot;right&quot;:&quot;&quot;,&quot;bottom&quot;:&quot;&quot;,&quot;left&quot;:&quot;&quot;,&quot;isLinked&quot;:true},&quot;element_pack_global_tooltip_padding_tablet&quot;:{&quot;unit&quot;:&quot;px&quot;,&quot;top&quot;:&quot;&quot;,&quot;right&quot;:&quot;&quot;,&quot;bottom&quot;:&quot;&quot;,&quot;left&quot;:&quot;&quot;,&quot;isLinked&quot;:true},&quot;element_pack_global_tooltip_padding_mobile&quot;:{&quot;unit&quot;:&quot;px&quot;,&quot;top&quot;:&quot;&quot;,&quot;right&quot;:&quot;&quot;,&quot;bottom&quot;:&quot;&quot;,&quot;left&quot;:&quot;&quot;,&quot;isLinked&quot;:true},&quot;element_pack_global_tooltip_border_radius&quot;:{&quot;unit&quot;:&quot;px&quot;,&quot;top&quot;:&quot;&quot;,&quot;right&quot;:&quot;&quot;,&quot;bottom&quot;:&quot;&quot;,&quot;left&quot;:&quot;&quot;,&quot;isLinked&quot;:true},&quot;element_pack_global_tooltip_border_radius_tablet&quot;:{&quot;unit&quot;:&quot;px&quot;,&quot;top&quot;:&quot;&quot;,&quot;right&quot;:&quot;&quot;,&quot;bottom&quot;:&quot;&quot;,&quot;left&quot;:&quot;&quot;,&quot;isLinked&quot;:true},&quot;element_pack_global_tooltip_border_radius_mobile&quot;:{&quot;unit&quot;:&quot;px&quot;,&quot;top&quot;:&quot;&quot;,&quot;right&quot;:&quot;&quot;,&quot;bottom&quot;:&quot;&quot;,&quot;left&quot;:&quot;&quot;,&quot;isLinked&quot;:true}}\">\n\t\t\t\t<div class=\"xts-negative-gap elementor-element elementor-element-2b39e7f e-flex e-con-boxed xts-section-disabled e-con e-parent\" data-id=\"2b39e7f\" data-element_type=\"container\" data-e-type=\"container\">\n\t\t\t\t\t<div class=\"e-con-inner\">\n\t\t\t\t<div class=\"elementor-element elementor-element-72364d7 xts-width-100 elementor-widget elementor-widget-xts_title\" data-id=\"72364d7\" data-element_type=\"widget\" data-e-type=\"widget\" data-widget_type=\"xts_title.default\">\n\t\t\t\t<div class=\"elementor-widget-container\">\n\t\t\t\t\t\t\t\t<div class=\"xts-section-heading xts-reset-mb-10 xts-reset-last xts-textalign-left\" data-animation-delay=\"\">\n\t\t\t\t\n\t\t\t\t\t\t\t\t\t<h1 class=\"xts-section-title title xts-design-default xts-fontsize-xl\">\n\t\t\t\t\t\t<span class=\"xts-section-title-text\" data-elementor-setting-key=\"title\">\n\t\t\t\t\t\t\tOpportunit\u00e0 di collaborazione\t\t\t\t\t\t<\/span>\n\n\t\t\t\t\t\t\t\t\t\t\t<\/h1>\n\t\t\t\t\n\t\t\t\t\n\t\t\t\t\t\t\t<\/div>\n\t\t\t\t\t\t<\/div>\n\t\t\t\t<\/div>\n\t\t\t\t\t<\/div>\n\t\t\t\t<\/div>\n\t\t<div class=\"xts-negative-gap elementor-element elementor-element-0401fb8 e-flex e-con-boxed xts-section-disabled e-con e-parent\" data-id=\"0401fb8\" data-element_type=\"container\" data-e-type=\"container\">\n\t\t\t\t\t<div class=\"e-con-inner\">\n\t\t\t\t<div class=\"elementor-element elementor-element-407b38f xts-scheme-inherit xts-textalign-inherit elementor-widget elementor-widget-text-editor\" data-id=\"407b38f\" data-element_type=\"widget\" data-e-type=\"widget\" data-widget_type=\"text-editor.default\">\n\t\t\t\t<div class=\"elementor-widget-container\">\n\t\t\t\t\t\t\t\t\t<h5 data-start=\"102\" data-end=\"125\"><strong data-start=\"102\" data-end=\"125\">Gentile visitatore,<\/strong><\/h5><p data-start=\"127\" data-end=\"373\">se sei interessato al settore degli accessori per la ricarica di veicoli elettrici e desideri entrare a far parte della nostra rete di partner, ti invitiamo a contattarci. In <strong data-start=\"302\" data-end=\"316\">KREAINVENT<\/strong> siamo aperti a diverse forme di collaborazione, tra cui:<\/p><p data-start=\"375\" data-end=\"543\"><strong data-start=\"375\" data-end=\"398\">Affiliate marketing<\/strong><br data-start=\"398\" data-end=\"401\" \/>Collabora con noi nella promozione dei nostri prodotti sulla piattaforma Amazon e ottieni una commissione per ogni vendita andata a buon fine.<\/p><p data-start=\"545\" data-end=\"683\"><strong data-start=\"545\" data-end=\"569\">Pubblicit\u00e0 e vendita<\/strong><br data-start=\"569\" data-end=\"572\" \/>Diventa nostro partner commerciale e promuovi e vendi i nostri prodotti con una commissione concordata insieme.<\/p><p data-start=\"685\" data-end=\"914\"><strong data-start=\"685\" data-end=\"722\">Rappresentanza sui mercati esteri<\/strong><br data-start=\"722\" data-end=\"725\" \/>Hai le competenze per espandere la nostra attivit\u00e0 sui mercati internazionali? Unisciti a noi nella rappresentanza dei nostri prodotti e contribuisci a creare nuove opportunit\u00e0 di crescita.<\/p><p data-start=\"916\" data-end=\"1079\">Hai un\u2019idea o una proposta di collaborazione diversa da condividere con noi? Siamo sempre interessati ad approcci innovativi e pronti ad ascoltare le tue proposte.<\/p><p data-start=\"1081\" data-end=\"1307\" data-is-last-node=\"\" data-is-only-node=\"\">Collaborare con noi ti offrir\u00e0 maggiore credibilit\u00e0 agli occhi dei potenziali clienti. In qualit\u00e0 di produttore di accessori di alta qualit\u00e0, garantiamo supporto continuo e concrete opportunit\u00e0 di crescita per il tuo business.<\/p>\t\t\t\t\t\t\t\t<\/div>\n\t\t\t\t<\/div>\n\t\t\t\t<div class=\"elementor-element elementor-element-4be189b xts-scheme-inherit xts-textalign-inherit elementor-widget elementor-widget-text-editor\" data-id=\"4be189b\" data-element_type=\"widget\" data-e-type=\"widget\" data-widget_type=\"text-editor.default\">\n\t\t\t\t<div class=\"elementor-widget-container\">\n\t\t\t\t\t\t\t\t\t<p>Per maggiori informazioni e per organizzare una collaborazione, contattateci all&#8217;indirizzo <strong><a href=\"mailto:info@kreainvent.si\">info@kreainvent.si<\/a><\/strong>.<\/p><p>Cordiali saluti,<br \/>Il team di Kreainvent<\/p>\t\t\t\t\t\t\t\t<\/div>\n\t\t\t\t<\/div>\n\t\t\t\t\t<\/div>\n\t\t\t\t<\/div>\n\t\t<div class=\"xts-negative-gap elementor-element elementor-element-5bc1d2b e-flex e-con-boxed xts-section-disabled e-con e-parent\" data-id=\"5bc1d2b\" data-element_type=\"container\" data-e-type=\"container\">\n\t\t\t\t\t<div class=\"e-con-inner\">\n\t\t<div class=\"xts-negative-gap elementor-element elementor-element-b8d3869 e-flex e-con-boxed xts-section-disabled e-con e-child\" data-id=\"b8d3869\" data-element_type=\"container\" data-e-type=\"container\">\n\t\t\t\t\t<div class=\"e-con-inner\">\n\t\t<div class=\"xts-negative-gap elementor-element elementor-element-c94454d e-flex e-con-boxed xts-section-disabled e-con e-child\" data-id=\"c94454d\" data-element_type=\"container\" data-e-type=\"container\">\n\t\t\t\t\t<div class=\"e-con-inner\">\n\t\t\t\t<div class=\"elementor-element elementor-element-020a487 xts-width-100 elementor-widget elementor-widget-xts_image_gallery\" data-id=\"020a487\" data-element_type=\"widget\" data-e-type=\"widget\" data-widget_type=\"xts_image_gallery.default\">\n\t\t\t\t<div class=\"elementor-widget-container\">\n\t\t\t\t\t\t\t\t<div class=\"xts-image-gallery xts-row xts-row-lg-3 xts-row-md-2 xts-row-1 xts-row-spacing-20 xts-textalign-center xts-items-start xts-photoswipe-images xts-autoplay-animations-off\"  data-animation-delay=\"\">\n\t\t\t\t\t\t\t\t\t\t\t\t\t\t<div class=\"xts-col\">\n\t\t\t\t\t\t\t\t\t\t\t\t\t<figure class=\"xts-image\">\n\t\t\t\t\t\t\t\t\t\t\t\t\t\t\t\t\t<a  href=\"https:\/\/www.kreainvent.com\/wp-content\/uploads\/2024\/05\/kreainvent-ev-charging-1.jpg\" class=\"xts-image-inner\"data-width=\"1400\" data-height=\"934\" data-index=\"0\" data-elementor-open-lightbox=\"no\">\n\t\t\t\t\t\t\t\t\n\t\t\t\t\t\t\t\t\t<img decoding=\"async\" class=\"xts-lazy-load xts-lazy-fade\" src=\"https:\/\/www.kreainvent.com\/wp-content\/themes\/xts-vega\/images\/lazy.png\" data-xts-src=\"https:\/\/www.kreainvent.com\/wp-content\/uploads\/elementor\/thumbs\/kreainvent-ev-charging-1-qol1sqy55qulzlx66wrnv5b7nr9qnytm9j6685a4co.jpg\"  alt=\"Zanesljiva dodatna oprema za polnjnje va\u0161ega elektri\u010dnega vozila\">\n\t\t\t\t\t\t\t\t\t\t\t\t\t\t\t\t\t<\/a>\n\t\t\t\t\t\t\t\t\n\t\t\t\t\t\t\t\t\t\t\t\t\t\t\t<\/figure>\n\n\t\t\t\t\t\t\t\t\t\t\t\t\t\t\t\t\t\t<\/div>\n\n\t\t\t\t\t\n\t\t\t\t\t\t\t\t\t\t\t\t\t\t<div class=\"xts-col\">\n\t\t\t\t\t\t\t\t\t\t\t\t\t<figure class=\"xts-image\">\n\t\t\t\t\t\t\t\t\t\t\t\t\t\t\t\t\t<a  href=\"https:\/\/www.kreainvent.com\/wp-content\/uploads\/2024\/03\/kreainvent-maintainance-set-06.jpg\" class=\"xts-image-inner\"data-width=\"1200\" data-height=\"1200\" data-index=\"1\" data-elementor-open-lightbox=\"no\">\n\t\t\t\t\t\t\t\t\n\t\t\t\t\t\t\t\t\t<img decoding=\"async\" class=\"xts-lazy-load xts-lazy-fade\" src=\"https:\/\/www.kreainvent.com\/wp-content\/themes\/xts-vega\/images\/lazy.png\" data-xts-src=\"https:\/\/www.kreainvent.com\/wp-content\/uploads\/elementor\/thumbs\/kreainvent-maintainance-set-06-qoqls847jie3aga2ax95qdugwpyr188w3mum8yjma0.jpg\"  alt=\"kreainvent-maintainance-set-06\">\n\t\t\t\t\t\t\t\t\t\t\t\t\t\t\t\t\t<\/a>\n\t\t\t\t\t\t\t\t\n\t\t\t\t\t\t\t\t\t\t\t\t\t\t\t<\/figure>\n\n\t\t\t\t\t\t\t\t\t\t\t\t\t\t\t\t\t\t<\/div>\n\n\t\t\t\t\t\n\t\t\t\t\t\t\t\t\t\t\t\t\t\t<div class=\"xts-col\">\n\t\t\t\t\t\t\t\t\t\t\t\t\t<figure class=\"xts-image\">\n\t\t\t\t\t\t\t\t\t\t\t\t\t\t\t\t\t<a  href=\"https:\/\/www.kreainvent.com\/wp-content\/uploads\/2024\/05\/kreainvent-ev-charging-3.jpg\" class=\"xts-image-inner\"data-width=\"1600\" data-height=\"1065\" data-index=\"2\" data-elementor-open-lightbox=\"no\">\n\t\t\t\t\t\t\t\t\n\t\t\t\t\t\t\t\t\t<img decoding=\"async\" class=\"xts-lazy-load xts-lazy-fade\" src=\"https:\/\/www.kreainvent.com\/wp-content\/themes\/xts-vega\/images\/lazy.png\" data-xts-src=\"https:\/\/www.kreainvent.com\/wp-content\/uploads\/elementor\/thumbs\/kreainvent-ev-charging-3-qol1sqy55qulzlx66wrnv5b7nr9qnytm9j6685a4co.jpg\"  alt=\"Zanesljiva dodatna oprema za polnjnje va\u0161ega elektri\u010dnega vozila\">\n\t\t\t\t\t\t\t\t\t\t\t\t\t\t\t\t\t<\/a>\n\t\t\t\t\t\t\t\t\n\t\t\t\t\t\t\t\t\t\t\t\t\t\t\t<\/figure>\n\n\t\t\t\t\t\t\t\t\t\t\t\t\t\t\t\t\t\t<\/div>\n\n\t\t\t\t\t\n\t\t\t\t\t\t\t<\/div>\n\n\t\t\t\t\t\t\t\t\t<\/div>\n\t\t\t\t<\/div>\n\t\t\t\t\t<\/div>\n\t\t\t\t<\/div>\n\t\t\t\t\t<\/div>\n\t\t\t\t<\/div>\n\t\t\t\t\t<\/div>\n\t\t\t\t<\/div>\n\t\t\t\t<\/div>\n\t\t","protected":false},"excerpt":{"rendered":"<p>Opportunit\u00e0 di collaborazione Gentile visitatore, se sei interessato al settore degli accessori per la ricarica di veicoli elettrici e desideri entrare a far parte della nostra rete di partner, ti invitiamo a contattarci. In KREAINVENT siamo aperti a diverse forme di collaborazione, tra cui: Affiliate marketingCollabora con noi nella promozione dei nostri prodotti sulla piattaforma [&hellip;]<\/p>\n","protected":false},"author":2,"featured_media":0,"parent":0,"menu_order":0,"comment_status":"closed","ping_status":"closed","template":"","meta":{"_acf_changed":false,"iawp_total_views":1,"footnotes":""},"class_list":["post-8769","page","type-page","status-publish","hentry"],"acf":[],"yoast_head":"<!-- This site is optimized with the Yoast SEO plugin v26.9 - https:\/\/yoast.com\/product\/yoast-seo-wordpress\/ -->\n<title>Opportunit\u00e0 di collaborazione - KREAINVENT - accessori per la ricarica EV e supporti wallbox<\/title>\n<meta name=\"robots\" content=\"index, follow, max-snippet:-1, max-image-preview:large, max-video-preview:-1\" \/>\n<link rel=\"canonical\" href=\"https:\/\/www.kreainvent.com\/it\/opportunita-di-collaborazione\/\" \/>\n<meta property=\"og:locale\" content=\"it_IT\" \/>\n<meta property=\"og:type\" content=\"article\" \/>\n<meta property=\"og:title\" content=\"Opportunit\u00e0 di collaborazione - KREAINVENT - accessori per la ricarica EV e supporti wallbox\" \/>\n<meta property=\"og:description\" content=\"Opportunit\u00e0 di collaborazione Gentile visitatore, se sei interessato al settore degli accessori per la ricarica di veicoli elettrici e desideri entrare a far parte della nostra rete di partner, ti invitiamo a contattarci. In KREAINVENT siamo aperti a diverse forme di collaborazione, tra cui: Affiliate marketingCollabora con noi nella promozione dei nostri prodotti sulla piattaforma [&hellip;]\" \/>\n<meta property=\"og:url\" content=\"https:\/\/www.kreainvent.com\/it\/opportunita-di-collaborazione\/\" \/>\n<meta property=\"og:site_name\" content=\"KREAINVENT - accessori per la ricarica EV e supporti wallbox\" \/>\n<meta property=\"article:modified_time\" content=\"2026-02-09T14:31:58+00:00\" \/>\n<meta property=\"og:image\" content=\"https:\/\/www.kreainvent.com\/wp-content\/uploads\/elementor\/thumbs\/kreainvent-ev-charging-1-qol1sqy55qulzlx66wrnv5b7nr9qnytm9j6685a4co.jpg\" \/>\n<meta name=\"twitter:card\" content=\"summary_large_image\" \/>\n<meta name=\"twitter:label1\" content=\"Tempo di lettura stimato\" \/>\n\t<meta name=\"twitter:data1\" content=\"2 minuti\" \/>\n<script type=\"application\/ld+json\" class=\"yoast-schema-graph\">{\"@context\":\"https:\/\/schema.org\",\"@graph\":[{\"@type\":\"WebPage\",\"@id\":\"https:\/\/www.kreainvent.com\/it\/opportunita-di-collaborazione\/\",\"url\":\"https:\/\/www.kreainvent.com\/it\/opportunita-di-collaborazione\/\",\"name\":\"Opportunit\u00e0 di collaborazione - KREAINVENT - accessori per la ricarica EV e supporti wallbox\",\"isPartOf\":{\"@id\":\"https:\/\/www.kreainvent.com\/it\/#website\"},\"primaryImageOfPage\":{\"@id\":\"https:\/\/www.kreainvent.com\/it\/opportunita-di-collaborazione\/#primaryimage\"},\"image\":{\"@id\":\"https:\/\/www.kreainvent.com\/it\/opportunita-di-collaborazione\/#primaryimage\"},\"thumbnailUrl\":\"https:\/\/www.kreainvent.com\/wp-content\/uploads\/elementor\/thumbs\/kreainvent-ev-charging-1-qol1sqy55qulzlx66wrnv5b7nr9qnytm9j6685a4co.jpg\",\"datePublished\":\"2024-05-08T14:21:48+00:00\",\"dateModified\":\"2026-02-09T14:31:58+00:00\",\"breadcrumb\":{\"@id\":\"https:\/\/www.kreainvent.com\/it\/opportunita-di-collaborazione\/#breadcrumb\"},\"inLanguage\":\"it-IT\",\"potentialAction\":[{\"@type\":\"ReadAction\",\"target\":[\"https:\/\/www.kreainvent.com\/it\/opportunita-di-collaborazione\/\"]}]},{\"@type\":\"ImageObject\",\"inLanguage\":\"it-IT\",\"@id\":\"https:\/\/www.kreainvent.com\/it\/opportunita-di-collaborazione\/#primaryimage\",\"url\":\"https:\/\/www.kreainvent.com\/wp-content\/uploads\/elementor\/thumbs\/kreainvent-ev-charging-1-qol1sqy55qulzlx66wrnv5b7nr9qnytm9j6685a4co.jpg\",\"contentUrl\":\"https:\/\/www.kreainvent.com\/wp-content\/uploads\/elementor\/thumbs\/kreainvent-ev-charging-1-qol1sqy55qulzlx66wrnv5b7nr9qnytm9j6685a4co.jpg\"},{\"@type\":\"BreadcrumbList\",\"@id\":\"https:\/\/www.kreainvent.com\/it\/opportunita-di-collaborazione\/#breadcrumb\",\"itemListElement\":[{\"@type\":\"ListItem\",\"position\":1,\"name\":\"Home\",\"item\":\"https:\/\/www.kreainvent.com\/it\/\"},{\"@type\":\"ListItem\",\"position\":2,\"name\":\"Opportunit\u00e0 di collaborazione\"}]},{\"@type\":\"WebSite\",\"@id\":\"https:\/\/www.kreainvent.com\/it\/#website\",\"url\":\"https:\/\/www.kreainvent.com\/it\/\",\"name\":\"KREAINVENT - accessori per la ricarica EV e supporti wallbox\",\"description\":\"Pomagamo vam do urejenega in organiziranega polnilnega mesta\",\"publisher\":{\"@id\":\"https:\/\/www.kreainvent.com\/it\/#organization\"},\"potentialAction\":[{\"@type\":\"SearchAction\",\"target\":{\"@type\":\"EntryPoint\",\"urlTemplate\":\"https:\/\/www.kreainvent.com\/it\/?s={search_term_string}\"},\"query-input\":{\"@type\":\"PropertyValueSpecification\",\"valueRequired\":true,\"valueName\":\"search_term_string\"}}],\"inLanguage\":\"it-IT\"},{\"@type\":\"Organization\",\"@id\":\"https:\/\/www.kreainvent.com\/it\/#organization\",\"name\":\"KREAINVENT, razvoj e-mobilnosti, svetovanje in trgovina\",\"url\":\"https:\/\/www.kreainvent.com\/it\/\",\"logo\":{\"@type\":\"ImageObject\",\"inLanguage\":\"it-IT\",\"@id\":\"https:\/\/www.kreainvent.com\/it\/#\/schema\/logo\/image\/\",\"url\":\"https:\/\/www.kreainvent.com\/wp-content\/uploads\/2024\/04\/kreainvent-ver-w900.png\",\"contentUrl\":\"https:\/\/www.kreainvent.com\/wp-content\/uploads\/2024\/04\/kreainvent-ver-w900.png\",\"width\":900,\"height\":791,\"caption\":\"KREAINVENT, razvoj e-mobilnosti, svetovanje in trgovina\"},\"image\":{\"@id\":\"https:\/\/www.kreainvent.com\/it\/#\/schema\/logo\/image\/\"}}]}<\/script>\n<!-- \/ Yoast SEO plugin. -->","yoast_head_json":{"title":"Opportunit\u00e0 di collaborazione - KREAINVENT - accessori per la ricarica EV e supporti wallbox","robots":{"index":"index","follow":"follow","max-snippet":"max-snippet:-1","max-image-preview":"max-image-preview:large","max-video-preview":"max-video-preview:-1"},"canonical":"https:\/\/www.kreainvent.com\/it\/opportunita-di-collaborazione\/","og_locale":"it_IT","og_type":"article","og_title":"Opportunit\u00e0 di collaborazione - KREAINVENT - accessori per la ricarica EV e supporti wallbox","og_description":"Opportunit\u00e0 di collaborazione Gentile visitatore, se sei interessato al settore degli accessori per la ricarica di veicoli elettrici e desideri entrare a far parte della nostra rete di partner, ti invitiamo a contattarci. In KREAINVENT siamo aperti a diverse forme di collaborazione, tra cui: Affiliate marketingCollabora con noi nella promozione dei nostri prodotti sulla piattaforma [&hellip;]","og_url":"https:\/\/www.kreainvent.com\/it\/opportunita-di-collaborazione\/","og_site_name":"KREAINVENT - accessori per la ricarica EV e supporti wallbox","article_modified_time":"2026-02-09T14:31:58+00:00","og_image":[{"url":"https:\/\/www.kreainvent.com\/wp-content\/uploads\/elementor\/thumbs\/kreainvent-ev-charging-1-qol1sqy55qulzlx66wrnv5b7nr9qnytm9j6685a4co.jpg","type":"","width":"","height":""}],"twitter_card":"summary_large_image","twitter_misc":{"Tempo di lettura stimato":"2 minuti"},"schema":{"@context":"https:\/\/schema.org","@graph":[{"@type":"WebPage","@id":"https:\/\/www.kreainvent.com\/it\/opportunita-di-collaborazione\/","url":"https:\/\/www.kreainvent.com\/it\/opportunita-di-collaborazione\/","name":"Opportunit\u00e0 di collaborazione - KREAINVENT - accessori per la ricarica EV e supporti wallbox","isPartOf":{"@id":"https:\/\/www.kreainvent.com\/it\/#website"},"primaryImageOfPage":{"@id":"https:\/\/www.kreainvent.com\/it\/opportunita-di-collaborazione\/#primaryimage"},"image":{"@id":"https:\/\/www.kreainvent.com\/it\/opportunita-di-collaborazione\/#primaryimage"},"thumbnailUrl":"https:\/\/www.kreainvent.com\/wp-content\/uploads\/elementor\/thumbs\/kreainvent-ev-charging-1-qol1sqy55qulzlx66wrnv5b7nr9qnytm9j6685a4co.jpg","datePublished":"2024-05-08T14:21:48+00:00","dateModified":"2026-02-09T14:31:58+00:00","breadcrumb":{"@id":"https:\/\/www.kreainvent.com\/it\/opportunita-di-collaborazione\/#breadcrumb"},"inLanguage":"it-IT","potentialAction":[{"@type":"ReadAction","target":["https:\/\/www.kreainvent.com\/it\/opportunita-di-collaborazione\/"]}]},{"@type":"ImageObject","inLanguage":"it-IT","@id":"https:\/\/www.kreainvent.com\/it\/opportunita-di-collaborazione\/#primaryimage","url":"https:\/\/www.kreainvent.com\/wp-content\/uploads\/elementor\/thumbs\/kreainvent-ev-charging-1-qol1sqy55qulzlx66wrnv5b7nr9qnytm9j6685a4co.jpg","contentUrl":"https:\/\/www.kreainvent.com\/wp-content\/uploads\/elementor\/thumbs\/kreainvent-ev-charging-1-qol1sqy55qulzlx66wrnv5b7nr9qnytm9j6685a4co.jpg"},{"@type":"BreadcrumbList","@id":"https:\/\/www.kreainvent.com\/it\/opportunita-di-collaborazione\/#breadcrumb","itemListElement":[{"@type":"ListItem","position":1,"name":"Home","item":"https:\/\/www.kreainvent.com\/it\/"},{"@type":"ListItem","position":2,"name":"Opportunit\u00e0 di collaborazione"}]},{"@type":"WebSite","@id":"https:\/\/www.kreainvent.com\/it\/#website","url":"https:\/\/www.kreainvent.com\/it\/","name":"KREAINVENT - accessori per la ricarica EV e supporti wallbox","description":"Pomagamo vam do urejenega in organiziranega polnilnega mesta","publisher":{"@id":"https:\/\/www.kreainvent.com\/it\/#organization"},"potentialAction":[{"@type":"SearchAction","target":{"@type":"EntryPoint","urlTemplate":"https:\/\/www.kreainvent.com\/it\/?s={search_term_string}"},"query-input":{"@type":"PropertyValueSpecification","valueRequired":true,"valueName":"search_term_string"}}],"inLanguage":"it-IT"},{"@type":"Organization","@id":"https:\/\/www.kreainvent.com\/it\/#organization","name":"KREAINVENT, razvoj e-mobilnosti, svetovanje in trgovina","url":"https:\/\/www.kreainvent.com\/it\/","logo":{"@type":"ImageObject","inLanguage":"it-IT","@id":"https:\/\/www.kreainvent.com\/it\/#\/schema\/logo\/image\/","url":"https:\/\/www.kreainvent.com\/wp-content\/uploads\/2024\/04\/kreainvent-ver-w900.png","contentUrl":"https:\/\/www.kreainvent.com\/wp-content\/uploads\/2024\/04\/kreainvent-ver-w900.png","width":900,"height":791,"caption":"KREAINVENT, razvoj e-mobilnosti, svetovanje in trgovina"},"image":{"@id":"https:\/\/www.kreainvent.com\/it\/#\/schema\/logo\/image\/"}}]}},"_links":{"self":[{"href":"https:\/\/www.kreainvent.com\/it\/wp-json\/wp\/v2\/pages\/8769","targetHints":{"allow":["GET"]}}],"collection":[{"href":"https:\/\/www.kreainvent.com\/it\/wp-json\/wp\/v2\/pages"}],"about":[{"href":"https:\/\/www.kreainvent.com\/it\/wp-json\/wp\/v2\/types\/page"}],"author":[{"embeddable":true,"href":"https:\/\/www.kreainvent.com\/it\/wp-json\/wp\/v2\/users\/2"}],"replies":[{"embeddable":true,"href":"https:\/\/www.kreainvent.com\/it\/wp-json\/wp\/v2\/comments?post=8769"}],"version-history":[{"count":1,"href":"https:\/\/www.kreainvent.com\/it\/wp-json\/wp\/v2\/pages\/8769\/revisions"}],"predecessor-version":[{"id":8773,"href":"https:\/\/www.kreainvent.com\/it\/wp-json\/wp\/v2\/pages\/8769\/revisions\/8773"}],"wp:attachment":[{"href":"https:\/\/www.kreainvent.com\/it\/wp-json\/wp\/v2\/media?parent=8769"}],"curies":[{"name":"wp","href":"https:\/\/api.w.org\/{rel}","templated":true}]}}