{"id":7557,"date":"2024-05-23T17:01:37","date_gmt":"2024-05-23T16:01:37","guid":{"rendered":"https:\/\/www.kreainvent.com\/?page_id=7557"},"modified":"2026-02-06T14:57:50","modified_gmt":"2026-02-06T13:57:50","slug":"note-legali","status":"publish","type":"page","link":"https:\/\/www.kreainvent.com\/it\/note-legali\/","title":{"rendered":"Note legali"},"content":{"rendered":"\n<p>KREAINVENT d.o.o.<br>Miren 55<br>5291 Miren, Slovenia<\/p>\n\n\n\n<p>Telefono: +386 40 517 007<br>E-mail:&nbsp;<a>info@kreainvent.si<\/a><\/p>\n\n\n\n<p>Direttore: Vujkovi\u0107 Kristjan<br>Numero di registrazione (Mati\u010dna \u0161tevilka): 9302921000<br>PI: SI45515646<\/p>\n\n\n\n<p>Proprietario e autore dei testi: KREAINVENT d.o.o.<\/p>\n\n\n\n<p>Fotografie e altri contenuti multimediali: KREAINVENT d.o.o., Envato<\/p>\n\n\n\n<p>Progettazione e realizzazione del sito web: <strong><a href=\"https:\/\/www.spletster.net\/\" target=\"_blank\" rel=\"noreferrer noopener\">spletster<\/a><\/strong><\/p>\n\n\n\n<p>Hosting del sito web su server in Slovenia.<\/p>\n\n\n\n<p>Tutti i diritti riservati.<\/p>\n","protected":false},"excerpt":{"rendered":"<p>KREAINVENT d.o.o.Miren 555291 Miren, Slovenia Telefono: +386 40 517 007E-mail:&nbsp;info@kreainvent.si Direttore: Vujkovi\u0107 KristjanNumero di registrazione (Mati\u010dna \u0161tevilka): 9302921000PI: SI45515646 Proprietario e autore dei testi: KREAINVENT d.o.o. Fotografie e altri contenuti multimediali: KREAINVENT d.o.o., Envato Progettazione e realizzazione del sito web: spletster Hosting del sito web su server in Slovenia. Tutti i diritti riservati.<\/p>\n","protected":false},"author":2,"featured_media":0,"parent":0,"menu_order":0,"comment_status":"closed","ping_status":"closed","template":"","meta":{"_acf_changed":false,"iawp_total_views":0,"footnotes":""},"class_list":["post-7557","page","type-page","status-publish","hentry"],"acf":[],"yoast_head":"<!-- This site is optimized with the Yoast SEO plugin v26.9 - https:\/\/yoast.com\/product\/yoast-seo-wordpress\/ -->\n<title>Note legali - KREAINVENT - accessori per la ricarica EV e supporti wallbox<\/title>\n<meta name=\"robots\" content=\"index, follow, max-snippet:-1, max-image-preview:large, max-video-preview:-1\" \/>\n<link rel=\"canonical\" href=\"https:\/\/www.kreainvent.com\/it\/note-legali\/\" \/>\n<meta property=\"og:locale\" content=\"it_IT\" \/>\n<meta property=\"og:type\" content=\"article\" \/>\n<meta property=\"og:title\" content=\"Note legali - KREAINVENT - accessori per la ricarica EV e supporti wallbox\" \/>\n<meta property=\"og:description\" content=\"KREAINVENT d.o.o.Miren 555291 Miren, Slovenia Telefono: +386 40 517 007E-mail:&nbsp;info@kreainvent.si Direttore: Vujkovi\u0107 KristjanNumero di registrazione (Mati\u010dna \u0161tevilka): 9302921000PI: SI45515646 Proprietario e autore dei testi: KREAINVENT d.o.o. Fotografie e altri contenuti multimediali: KREAINVENT d.o.o., Envato Progettazione e realizzazione del sito web: spletster Hosting del sito web su server in Slovenia. Tutti i diritti riservati.\" \/>\n<meta property=\"og:url\" content=\"https:\/\/www.kreainvent.com\/it\/note-legali\/\" \/>\n<meta property=\"og:site_name\" content=\"KREAINVENT - accessori per la ricarica EV e supporti wallbox\" \/>\n<meta property=\"article:modified_time\" content=\"2026-02-06T13:57:50+00:00\" \/>\n<meta property=\"og:image\" content=\"https:\/\/www.kreainvent.com\/wp-content\/uploads\/2024\/05\/kreainvent-hero-2.jpg\" \/>\n\t<meta property=\"og:image:width\" content=\"1920\" \/>\n\t<meta property=\"og:image:height\" content=\"1281\" \/>\n\t<meta property=\"og:image:type\" content=\"image\/jpeg\" \/>\n<meta name=\"twitter:card\" content=\"summary_large_image\" \/>\n<meta name=\"twitter:label1\" content=\"Tempo di lettura stimato\" \/>\n\t<meta name=\"twitter:data1\" content=\"1 minuto\" \/>\n<script type=\"application\/ld+json\" class=\"yoast-schema-graph\">{\"@context\":\"https:\/\/schema.org\",\"@graph\":[{\"@type\":\"WebPage\",\"@id\":\"https:\/\/www.kreainvent.com\/it\/note-legali\/\",\"url\":\"https:\/\/www.kreainvent.com\/it\/note-legali\/\",\"name\":\"Note legali - KREAINVENT - accessori per la ricarica EV e supporti wallbox\",\"isPartOf\":{\"@id\":\"https:\/\/www.kreainvent.com\/it\/#website\"},\"datePublished\":\"2024-05-23T16:01:37+00:00\",\"dateModified\":\"2026-02-06T13:57:50+00:00\",\"breadcrumb\":{\"@id\":\"https:\/\/www.kreainvent.com\/it\/note-legali\/#breadcrumb\"},\"inLanguage\":\"it-IT\",\"potentialAction\":[{\"@type\":\"ReadAction\",\"target\":[\"https:\/\/www.kreainvent.com\/it\/note-legali\/\"]}]},{\"@type\":\"BreadcrumbList\",\"@id\":\"https:\/\/www.kreainvent.com\/it\/note-legali\/#breadcrumb\",\"itemListElement\":[{\"@type\":\"ListItem\",\"position\":1,\"name\":\"Home\",\"item\":\"https:\/\/www.kreainvent.com\/it\/\"},{\"@type\":\"ListItem\",\"position\":2,\"name\":\"Note legali\"}]},{\"@type\":\"WebSite\",\"@id\":\"https:\/\/www.kreainvent.com\/it\/#website\",\"url\":\"https:\/\/www.kreainvent.com\/it\/\",\"name\":\"KREAINVENT - accessori per la ricarica EV e supporti wallbox\",\"description\":\"Pomagamo vam do urejenega in organiziranega polnilnega mesta\",\"publisher\":{\"@id\":\"https:\/\/www.kreainvent.com\/it\/#organization\"},\"potentialAction\":[{\"@type\":\"SearchAction\",\"target\":{\"@type\":\"EntryPoint\",\"urlTemplate\":\"https:\/\/www.kreainvent.com\/it\/?s={search_term_string}\"},\"query-input\":{\"@type\":\"PropertyValueSpecification\",\"valueRequired\":true,\"valueName\":\"search_term_string\"}}],\"inLanguage\":\"it-IT\"},{\"@type\":\"Organization\",\"@id\":\"https:\/\/www.kreainvent.com\/it\/#organization\",\"name\":\"KREAINVENT, razvoj e-mobilnosti, svetovanje in trgovina\",\"url\":\"https:\/\/www.kreainvent.com\/it\/\",\"logo\":{\"@type\":\"ImageObject\",\"inLanguage\":\"it-IT\",\"@id\":\"https:\/\/www.kreainvent.com\/it\/#\/schema\/logo\/image\/\",\"url\":\"https:\/\/www.kreainvent.com\/wp-content\/uploads\/2024\/04\/kreainvent-ver-w900.png\",\"contentUrl\":\"https:\/\/www.kreainvent.com\/wp-content\/uploads\/2024\/04\/kreainvent-ver-w900.png\",\"width\":900,\"height\":791,\"caption\":\"KREAINVENT, razvoj e-mobilnosti, svetovanje in trgovina\"},\"image\":{\"@id\":\"https:\/\/www.kreainvent.com\/it\/#\/schema\/logo\/image\/\"}}]}<\/script>\n<!-- \/ Yoast SEO plugin. -->","yoast_head_json":{"title":"Note legali - KREAINVENT - accessori per la ricarica EV e supporti wallbox","robots":{"index":"index","follow":"follow","max-snippet":"max-snippet:-1","max-image-preview":"max-image-preview:large","max-video-preview":"max-video-preview:-1"},"canonical":"https:\/\/www.kreainvent.com\/it\/note-legali\/","og_locale":"it_IT","og_type":"article","og_title":"Note legali - KREAINVENT - accessori per la ricarica EV e supporti wallbox","og_description":"KREAINVENT d.o.o.Miren 555291 Miren, Slovenia Telefono: +386 40 517 007E-mail:&nbsp;info@kreainvent.si Direttore: Vujkovi\u0107 KristjanNumero di registrazione (Mati\u010dna \u0161tevilka): 9302921000PI: SI45515646 Proprietario e autore dei testi: KREAINVENT d.o.o. Fotografie e altri contenuti multimediali: KREAINVENT d.o.o., Envato Progettazione e realizzazione del sito web: spletster Hosting del sito web su server in Slovenia. Tutti i diritti riservati.","og_url":"https:\/\/www.kreainvent.com\/it\/note-legali\/","og_site_name":"KREAINVENT - accessori per la ricarica EV e supporti wallbox","article_modified_time":"2026-02-06T13:57:50+00:00","og_image":[{"width":1920,"height":1281,"url":"https:\/\/www.kreainvent.com\/wp-content\/uploads\/2024\/05\/kreainvent-hero-2.jpg","type":"image\/jpeg"}],"twitter_card":"summary_large_image","twitter_misc":{"Tempo di lettura stimato":"1 minuto"},"schema":{"@context":"https:\/\/schema.org","@graph":[{"@type":"WebPage","@id":"https:\/\/www.kreainvent.com\/it\/note-legali\/","url":"https:\/\/www.kreainvent.com\/it\/note-legali\/","name":"Note legali - KREAINVENT - accessori per la ricarica EV e supporti wallbox","isPartOf":{"@id":"https:\/\/www.kreainvent.com\/it\/#website"},"datePublished":"2024-05-23T16:01:37+00:00","dateModified":"2026-02-06T13:57:50+00:00","breadcrumb":{"@id":"https:\/\/www.kreainvent.com\/it\/note-legali\/#breadcrumb"},"inLanguage":"it-IT","potentialAction":[{"@type":"ReadAction","target":["https:\/\/www.kreainvent.com\/it\/note-legali\/"]}]},{"@type":"BreadcrumbList","@id":"https:\/\/www.kreainvent.com\/it\/note-legali\/#breadcrumb","itemListElement":[{"@type":"ListItem","position":1,"name":"Home","item":"https:\/\/www.kreainvent.com\/it\/"},{"@type":"ListItem","position":2,"name":"Note legali"}]},{"@type":"WebSite","@id":"https:\/\/www.kreainvent.com\/it\/#website","url":"https:\/\/www.kreainvent.com\/it\/","name":"KREAINVENT - accessori per la ricarica EV e supporti wallbox","description":"Pomagamo vam do urejenega in organiziranega polnilnega mesta","publisher":{"@id":"https:\/\/www.kreainvent.com\/it\/#organization"},"potentialAction":[{"@type":"SearchAction","target":{"@type":"EntryPoint","urlTemplate":"https:\/\/www.kreainvent.com\/it\/?s={search_term_string}"},"query-input":{"@type":"PropertyValueSpecification","valueRequired":true,"valueName":"search_term_string"}}],"inLanguage":"it-IT"},{"@type":"Organization","@id":"https:\/\/www.kreainvent.com\/it\/#organization","name":"KREAINVENT, razvoj e-mobilnosti, svetovanje in trgovina","url":"https:\/\/www.kreainvent.com\/it\/","logo":{"@type":"ImageObject","inLanguage":"it-IT","@id":"https:\/\/www.kreainvent.com\/it\/#\/schema\/logo\/image\/","url":"https:\/\/www.kreainvent.com\/wp-content\/uploads\/2024\/04\/kreainvent-ver-w900.png","contentUrl":"https:\/\/www.kreainvent.com\/wp-content\/uploads\/2024\/04\/kreainvent-ver-w900.png","width":900,"height":791,"caption":"KREAINVENT, razvoj e-mobilnosti, svetovanje in trgovina"},"image":{"@id":"https:\/\/www.kreainvent.com\/it\/#\/schema\/logo\/image\/"}}]}},"_links":{"self":[{"href":"https:\/\/www.kreainvent.com\/it\/wp-json\/wp\/v2\/pages\/7557","targetHints":{"allow":["GET"]}}],"collection":[{"href":"https:\/\/www.kreainvent.com\/it\/wp-json\/wp\/v2\/pages"}],"about":[{"href":"https:\/\/www.kreainvent.com\/it\/wp-json\/wp\/v2\/types\/page"}],"author":[{"embeddable":true,"href":"https:\/\/www.kreainvent.com\/it\/wp-json\/wp\/v2\/users\/2"}],"replies":[{"embeddable":true,"href":"https:\/\/www.kreainvent.com\/it\/wp-json\/wp\/v2\/comments?post=7557"}],"version-history":[{"count":1,"href":"https:\/\/www.kreainvent.com\/it\/wp-json\/wp\/v2\/pages\/7557\/revisions"}],"predecessor-version":[{"id":7564,"href":"https:\/\/www.kreainvent.com\/it\/wp-json\/wp\/v2\/pages\/7557\/revisions\/7564"}],"wp:attachment":[{"href":"https:\/\/www.kreainvent.com\/it\/wp-json\/wp\/v2\/media?parent=7557"}],"curies":[{"name":"wp","href":"https:\/\/api.w.org\/{rel}","templated":true}]}}