{"id":8998,"date":"2026-02-12T16:38:18","date_gmt":"2026-02-12T15:38:18","guid":{"rendered":"https:\/\/www.kreainvent.com\/?post_type=product&#038;p=8998"},"modified":"2026-02-12T16:38:58","modified_gmt":"2026-02-12T15:38:58","slug":"universeller-hochwertiger-wallbox-standfus-aus-edelstahl-mit-dach-und-ev-kabelhalter-mit-fertigbetonfundament-copia-2","status":"publish","type":"product","link":"https:\/\/www.kreainvent.com\/de\/produkt\/universeller-hochwertiger-wallbox-standfus-aus-edelstahl-mit-dach-und-ev-kabelhalter-mit-fertigbetonfundament-copia-2\/","title":{"rendered":"Universeller Hochwertiger Wallbox-Standfu\u00df aus Edelstahl mit Dach und EV kabelhalter mit Fertigbetonfundament (Copia)"},"content":{"rendered":"<h3 id=\"title\" class=\"a-size-large a-spacing-none\"><span id=\"productTitle\" class=\"a-size-large product-title-word-break\">Kreainvent Universeller Hochwertiger Wallbox-Standfu\u00df aus Edelstahl mit Dach und EV kabelhalter mit Fertigbetonfundament<\/span><\/h3>\n<ul>\n<li><strong>Stabilit\u00e4t und Sicherheit:<\/strong> Der spezielle Fertigbetonfundament zur sicheren Befestigung des Kreainvent-St\u00e4nders f\u00fcr Ladestationen und eine sichere und stabile Nutzung ohne die Bewegungs- und Kippgefahr. Schrauben f\u00fcr die Montage beigelegt.<\/li>\n<li><strong>Einfache Montage:<\/strong> Durch die mittlere \u00d6ffnung in dem Fertigbetonfundament Stromkabel f\u00fcr die Ladestation verlegen. Kabel mit vier Schrauben M10 x 25 mm fixieren. Gewindemuttern sind in dem Fertigbetonfundament bereits angebracht.<\/li>\n<li><strong>Universale S\u00e4ule:<\/strong> Geeignet f\u00fcr die Montage von meisten Ladestationen. Max. Abmessung der Ladestation: 45 x 35 cm. Montage der Ladestation an die S\u00e4ule erfolgt auf die gleiche Art und Weise wie die Montage an die Wand.<\/li>\n<li><strong>Lange Lebensdauer:<\/strong> die S\u00e4ule aus hochwertigem Rostfreistahl mit fein geschliffener Struktur, wodurch eine au\u00dfergew\u00f6hnliche Haltbarkeit und Stabilit\u00e4t sichergestellt werden. Abgesehen von den Wetterverh\u00e4ltnissen beh\u00e4lt die S\u00e4ule einen ausgezeichneten Zustand.<\/li>\n<li><strong>Zus\u00e4tzlicher Schutz:<\/strong> S\u00e4ule ist mit einem Dach ausger\u00fcstet, das Ladestation mit dem Kabel sch\u00fctzt und eine sicherere Ladung erm\u00f6glicht. Es dient auch als UV-Schutz. Alle Bestandteile der S\u00e4ule sind geerdet. Die Konstruktion ist gem\u00e4\u00df internationalen ISO- und europ\u00e4ischen EN-Standards gefertigt.<\/li>\n<\/ul>\n","protected":false},"excerpt":{"rendered":"<p>Universeller Hochwertiger Wallbox-Standfu\u00df aus Aluminum.<\/p>\n<p>Stabilit\u00e4t und Sicherheit: Der spezielle Fertigbetonfundament zur sicheren Befestigung des Kreainvent-St\u00e4nders f\u00fcr Ladestationen und eine sichere und stabile Nutzung ohne die Bewegungs- und Kippgefahr. Schrauben f\u00fcr die Montage beigelegt.<\/p>\n","protected":false},"featured_media":5726,"comment_status":"open","ping_status":"closed","template":"","meta":{"_acf_changed":false,"iawp_total_views":20},"product_brand":[],"product_cat":[251],"product_tag":[],"class_list":{"0":"post-8998","1":"product","2":"type-product","3":"status-publish","4":"has-post-thumbnail","6":"product_cat-wallbox-standfuss-mit-fertigbetonfundamente","7":"pa_znamka-kreainvent-de","9":"first","10":"instock","11":"taxable","12":"shipping-taxable","13":"purchasable","14":"product-type-simple"},"acf":[],"yoast_head":"<!-- This site is optimized with the Yoast SEO plugin v26.9 - https:\/\/yoast.com\/product\/yoast-seo-wordpress\/ -->\n<title>Universeller Hochwertiger Wallbox-Standfu\u00df aus Edelstahl mit Dach und EV kabelhalter mit Fertigbetonfundament (Copia) - KREAINVENT - najve\u010dji ponudnik dodatne opreme za EV<\/title>\n<meta name=\"robots\" content=\"index, follow, max-snippet:-1, max-image-preview:large, max-video-preview:-1\" \/>\n<link rel=\"canonical\" href=\"https:\/\/www.kreainvent.com\/de\/produkt\/universeller-hochwertiger-wallbox-standfus-aus-edelstahl-mit-dach-und-ev-kabelhalter-mit-fertigbetonfundament-copia-2\/\" \/>\n<meta property=\"og:locale\" content=\"de_DE\" \/>\n<meta property=\"og:type\" content=\"article\" \/>\n<meta property=\"og:title\" content=\"Universeller Hochwertiger Wallbox-Standfu\u00df aus Edelstahl mit Dach und EV kabelhalter mit Fertigbetonfundament (Copia) - KREAINVENT - najve\u010dji ponudnik dodatne opreme za EV\" \/>\n<meta property=\"og:description\" content=\"Universeller Hochwertiger Wallbox-Standfu\u00df aus Aluminum.  Stabilit\u00e4t und Sicherheit: Der spezielle Fertigbetonfundament zur sicheren Befestigung des Kreainvent-St\u00e4nders f\u00fcr Ladestationen und eine sichere und stabile Nutzung ohne die Bewegungs- und Kippgefahr. Schrauben f\u00fcr die Montage beigelegt.\" \/>\n<meta property=\"og:url\" content=\"https:\/\/www.kreainvent.com\/de\/produkt\/universeller-hochwertiger-wallbox-standfus-aus-edelstahl-mit-dach-und-ev-kabelhalter-mit-fertigbetonfundament-copia-2\/\" \/>\n<meta property=\"og:site_name\" content=\"KREAINVENT - najve\u010dji ponudnik dodatne opreme za EV\" \/>\n<meta property=\"article:modified_time\" content=\"2026-02-12T15:38:58+00:00\" \/>\n<meta property=\"og:image\" content=\"https:\/\/www.kreainvent.com\/wp-content\/uploads\/2025\/01\/B0DP9Q9SD9_01_2.jpg\" \/>\n\t<meta property=\"og:image:width\" content=\"1064\" \/>\n\t<meta property=\"og:image:height\" content=\"1600\" \/>\n\t<meta property=\"og:image:type\" content=\"image\/jpeg\" \/>\n<meta name=\"twitter:card\" content=\"summary_large_image\" \/>\n<meta name=\"twitter:label1\" content=\"Gesch\u00e4tzte Lesezeit\" \/>\n\t<meta name=\"twitter:data1\" content=\"2\u00a0Minuten\" \/>\n<script type=\"application\/ld+json\" class=\"yoast-schema-graph\">{\"@context\":\"https:\/\/schema.org\",\"@graph\":[{\"@type\":\"WebPage\",\"@id\":\"https:\/\/www.kreainvent.com\/de\/produkt\/universeller-hochwertiger-wallbox-standfus-aus-edelstahl-mit-dach-und-ev-kabelhalter-mit-fertigbetonfundament-copia-2\/\",\"url\":\"https:\/\/www.kreainvent.com\/de\/produkt\/universeller-hochwertiger-wallbox-standfus-aus-edelstahl-mit-dach-und-ev-kabelhalter-mit-fertigbetonfundament-copia-2\/\",\"name\":\"Universeller Hochwertiger Wallbox-Standfu\u00df aus Edelstahl mit Dach und EV kabelhalter mit Fertigbetonfundament (Copia) - KREAINVENT - najve\u010dji ponudnik dodatne opreme za EV\",\"isPartOf\":{\"@id\":\"https:\/\/www.kreainvent.com\/de\/#website\"},\"primaryImageOfPage\":{\"@id\":\"https:\/\/www.kreainvent.com\/de\/produkt\/universeller-hochwertiger-wallbox-standfus-aus-edelstahl-mit-dach-und-ev-kabelhalter-mit-fertigbetonfundament-copia-2\/#primaryimage\"},\"image\":{\"@id\":\"https:\/\/www.kreainvent.com\/de\/produkt\/universeller-hochwertiger-wallbox-standfus-aus-edelstahl-mit-dach-und-ev-kabelhalter-mit-fertigbetonfundament-copia-2\/#primaryimage\"},\"thumbnailUrl\":\"https:\/\/www.kreainvent.com\/wp-content\/uploads\/2025\/01\/B0DP9Q9SD9_01_2.jpg\",\"datePublished\":\"2026-02-12T15:38:18+00:00\",\"dateModified\":\"2026-02-12T15:38:58+00:00\",\"breadcrumb\":{\"@id\":\"https:\/\/www.kreainvent.com\/de\/produkt\/universeller-hochwertiger-wallbox-standfus-aus-edelstahl-mit-dach-und-ev-kabelhalter-mit-fertigbetonfundament-copia-2\/#breadcrumb\"},\"inLanguage\":\"de\",\"potentialAction\":[{\"@type\":\"ReadAction\",\"target\":[\"https:\/\/www.kreainvent.com\/de\/produkt\/universeller-hochwertiger-wallbox-standfus-aus-edelstahl-mit-dach-und-ev-kabelhalter-mit-fertigbetonfundament-copia-2\/\"]}]},{\"@type\":\"ImageObject\",\"inLanguage\":\"de\",\"@id\":\"https:\/\/www.kreainvent.com\/de\/produkt\/universeller-hochwertiger-wallbox-standfus-aus-edelstahl-mit-dach-und-ev-kabelhalter-mit-fertigbetonfundament-copia-2\/#primaryimage\",\"url\":\"https:\/\/www.kreainvent.com\/wp-content\/uploads\/2025\/01\/B0DP9Q9SD9_01_2.jpg\",\"contentUrl\":\"https:\/\/www.kreainvent.com\/wp-content\/uploads\/2025\/01\/B0DP9Q9SD9_01_2.jpg\",\"width\":1064,\"height\":1600},{\"@type\":\"BreadcrumbList\",\"@id\":\"https:\/\/www.kreainvent.com\/de\/produkt\/universeller-hochwertiger-wallbox-standfus-aus-edelstahl-mit-dach-und-ev-kabelhalter-mit-fertigbetonfundament-copia-2\/#breadcrumb\",\"itemListElement\":[{\"@type\":\"ListItem\",\"position\":1,\"name\":\"Home\",\"item\":\"https:\/\/www.kreainvent.com\/de\/kreainvent-ihr-zuverlaessiger-partner-fuer-organisierte-e-mobilitaet\/\"},{\"@type\":\"ListItem\",\"position\":2,\"name\":\"Shop\",\"item\":\"https:\/\/www.kreainvent.com\/de\/shop\/\"},{\"@type\":\"ListItem\",\"position\":3,\"name\":\"Universeller Hochwertiger Wallbox-Standfu\u00df aus Edelstahl mit Dach und EV kabelhalter mit Fertigbetonfundament (Copia)\"}]},{\"@type\":\"WebSite\",\"@id\":\"https:\/\/www.kreainvent.com\/de\/#website\",\"url\":\"https:\/\/www.kreainvent.com\/de\/\",\"name\":\"KREAINVENT - najve\u010dji ponudnik dodatne opreme za EV\",\"description\":\"Pomagamo vam do urejenega in organiziranega polnilnega mesta\",\"publisher\":{\"@id\":\"https:\/\/www.kreainvent.com\/de\/#organization\"},\"potentialAction\":[{\"@type\":\"SearchAction\",\"target\":{\"@type\":\"EntryPoint\",\"urlTemplate\":\"https:\/\/www.kreainvent.com\/de\/?s={search_term_string}\"},\"query-input\":{\"@type\":\"PropertyValueSpecification\",\"valueRequired\":true,\"valueName\":\"search_term_string\"}}],\"inLanguage\":\"de\"},{\"@type\":\"Organization\",\"@id\":\"https:\/\/www.kreainvent.com\/de\/#organization\",\"name\":\"KREAINVENT, razvoj e-mobilnosti, svetovanje in trgovina\",\"url\":\"https:\/\/www.kreainvent.com\/de\/\",\"logo\":{\"@type\":\"ImageObject\",\"inLanguage\":\"de\",\"@id\":\"https:\/\/www.kreainvent.com\/de\/#\/schema\/logo\/image\/\",\"url\":\"https:\/\/www.kreainvent.com\/wp-content\/uploads\/2024\/04\/kreainvent-ver-w900.png\",\"contentUrl\":\"https:\/\/www.kreainvent.com\/wp-content\/uploads\/2024\/04\/kreainvent-ver-w900.png\",\"width\":900,\"height\":791,\"caption\":\"KREAINVENT, razvoj e-mobilnosti, svetovanje in trgovina\"},\"image\":{\"@id\":\"https:\/\/www.kreainvent.com\/de\/#\/schema\/logo\/image\/\"}}]}<\/script>\n<!-- \/ Yoast SEO plugin. -->","yoast_head_json":{"title":"Universeller Hochwertiger Wallbox-Standfu\u00df aus Edelstahl mit Dach und EV kabelhalter mit Fertigbetonfundament (Copia) - KREAINVENT - najve\u010dji ponudnik dodatne opreme za EV","robots":{"index":"index","follow":"follow","max-snippet":"max-snippet:-1","max-image-preview":"max-image-preview:large","max-video-preview":"max-video-preview:-1"},"canonical":"https:\/\/www.kreainvent.com\/de\/produkt\/universeller-hochwertiger-wallbox-standfus-aus-edelstahl-mit-dach-und-ev-kabelhalter-mit-fertigbetonfundament-copia-2\/","og_locale":"de_DE","og_type":"article","og_title":"Universeller Hochwertiger Wallbox-Standfu\u00df aus Edelstahl mit Dach und EV kabelhalter mit Fertigbetonfundament (Copia) - KREAINVENT - najve\u010dji ponudnik dodatne opreme za EV","og_description":"Universeller Hochwertiger Wallbox-Standfu\u00df aus Aluminum.  Stabilit\u00e4t und Sicherheit: Der spezielle Fertigbetonfundament zur sicheren Befestigung des Kreainvent-St\u00e4nders f\u00fcr Ladestationen und eine sichere und stabile Nutzung ohne die Bewegungs- und Kippgefahr. Schrauben f\u00fcr die Montage beigelegt.","og_url":"https:\/\/www.kreainvent.com\/de\/produkt\/universeller-hochwertiger-wallbox-standfus-aus-edelstahl-mit-dach-und-ev-kabelhalter-mit-fertigbetonfundament-copia-2\/","og_site_name":"KREAINVENT - najve\u010dji ponudnik dodatne opreme za EV","article_modified_time":"2026-02-12T15:38:58+00:00","og_image":[{"width":1064,"height":1600,"url":"https:\/\/www.kreainvent.com\/wp-content\/uploads\/2025\/01\/B0DP9Q9SD9_01_2.jpg","type":"image\/jpeg"}],"twitter_card":"summary_large_image","twitter_misc":{"Gesch\u00e4tzte Lesezeit":"2\u00a0Minuten"},"schema":{"@context":"https:\/\/schema.org","@graph":[{"@type":"WebPage","@id":"https:\/\/www.kreainvent.com\/de\/produkt\/universeller-hochwertiger-wallbox-standfus-aus-edelstahl-mit-dach-und-ev-kabelhalter-mit-fertigbetonfundament-copia-2\/","url":"https:\/\/www.kreainvent.com\/de\/produkt\/universeller-hochwertiger-wallbox-standfus-aus-edelstahl-mit-dach-und-ev-kabelhalter-mit-fertigbetonfundament-copia-2\/","name":"Universeller Hochwertiger Wallbox-Standfu\u00df aus Edelstahl mit Dach und EV kabelhalter mit Fertigbetonfundament (Copia) - KREAINVENT - najve\u010dji ponudnik dodatne opreme za EV","isPartOf":{"@id":"https:\/\/www.kreainvent.com\/de\/#website"},"primaryImageOfPage":{"@id":"https:\/\/www.kreainvent.com\/de\/produkt\/universeller-hochwertiger-wallbox-standfus-aus-edelstahl-mit-dach-und-ev-kabelhalter-mit-fertigbetonfundament-copia-2\/#primaryimage"},"image":{"@id":"https:\/\/www.kreainvent.com\/de\/produkt\/universeller-hochwertiger-wallbox-standfus-aus-edelstahl-mit-dach-und-ev-kabelhalter-mit-fertigbetonfundament-copia-2\/#primaryimage"},"thumbnailUrl":"https:\/\/www.kreainvent.com\/wp-content\/uploads\/2025\/01\/B0DP9Q9SD9_01_2.jpg","datePublished":"2026-02-12T15:38:18+00:00","dateModified":"2026-02-12T15:38:58+00:00","breadcrumb":{"@id":"https:\/\/www.kreainvent.com\/de\/produkt\/universeller-hochwertiger-wallbox-standfus-aus-edelstahl-mit-dach-und-ev-kabelhalter-mit-fertigbetonfundament-copia-2\/#breadcrumb"},"inLanguage":"de","potentialAction":[{"@type":"ReadAction","target":["https:\/\/www.kreainvent.com\/de\/produkt\/universeller-hochwertiger-wallbox-standfus-aus-edelstahl-mit-dach-und-ev-kabelhalter-mit-fertigbetonfundament-copia-2\/"]}]},{"@type":"ImageObject","inLanguage":"de","@id":"https:\/\/www.kreainvent.com\/de\/produkt\/universeller-hochwertiger-wallbox-standfus-aus-edelstahl-mit-dach-und-ev-kabelhalter-mit-fertigbetonfundament-copia-2\/#primaryimage","url":"https:\/\/www.kreainvent.com\/wp-content\/uploads\/2025\/01\/B0DP9Q9SD9_01_2.jpg","contentUrl":"https:\/\/www.kreainvent.com\/wp-content\/uploads\/2025\/01\/B0DP9Q9SD9_01_2.jpg","width":1064,"height":1600},{"@type":"BreadcrumbList","@id":"https:\/\/www.kreainvent.com\/de\/produkt\/universeller-hochwertiger-wallbox-standfus-aus-edelstahl-mit-dach-und-ev-kabelhalter-mit-fertigbetonfundament-copia-2\/#breadcrumb","itemListElement":[{"@type":"ListItem","position":1,"name":"Home","item":"https:\/\/www.kreainvent.com\/de\/kreainvent-ihr-zuverlaessiger-partner-fuer-organisierte-e-mobilitaet\/"},{"@type":"ListItem","position":2,"name":"Shop","item":"https:\/\/www.kreainvent.com\/de\/shop\/"},{"@type":"ListItem","position":3,"name":"Universeller Hochwertiger Wallbox-Standfu\u00df aus Edelstahl mit Dach und EV kabelhalter mit Fertigbetonfundament (Copia)"}]},{"@type":"WebSite","@id":"https:\/\/www.kreainvent.com\/de\/#website","url":"https:\/\/www.kreainvent.com\/de\/","name":"KREAINVENT - najve\u010dji ponudnik dodatne opreme za EV","description":"Pomagamo vam do urejenega in organiziranega polnilnega mesta","publisher":{"@id":"https:\/\/www.kreainvent.com\/de\/#organization"},"potentialAction":[{"@type":"SearchAction","target":{"@type":"EntryPoint","urlTemplate":"https:\/\/www.kreainvent.com\/de\/?s={search_term_string}"},"query-input":{"@type":"PropertyValueSpecification","valueRequired":true,"valueName":"search_term_string"}}],"inLanguage":"de"},{"@type":"Organization","@id":"https:\/\/www.kreainvent.com\/de\/#organization","name":"KREAINVENT, razvoj e-mobilnosti, svetovanje in trgovina","url":"https:\/\/www.kreainvent.com\/de\/","logo":{"@type":"ImageObject","inLanguage":"de","@id":"https:\/\/www.kreainvent.com\/de\/#\/schema\/logo\/image\/","url":"https:\/\/www.kreainvent.com\/wp-content\/uploads\/2024\/04\/kreainvent-ver-w900.png","contentUrl":"https:\/\/www.kreainvent.com\/wp-content\/uploads\/2024\/04\/kreainvent-ver-w900.png","width":900,"height":791,"caption":"KREAINVENT, razvoj e-mobilnosti, svetovanje in trgovina"},"image":{"@id":"https:\/\/www.kreainvent.com\/de\/#\/schema\/logo\/image\/"}}]}},"_links":{"self":[{"href":"https:\/\/www.kreainvent.com\/de\/wp-json\/wp\/v2\/product\/8998","targetHints":{"allow":["GET"]}}],"collection":[{"href":"https:\/\/www.kreainvent.com\/de\/wp-json\/wp\/v2\/product"}],"about":[{"href":"https:\/\/www.kreainvent.com\/de\/wp-json\/wp\/v2\/types\/product"}],"replies":[{"embeddable":true,"href":"https:\/\/www.kreainvent.com\/de\/wp-json\/wp\/v2\/comments?post=8998"}],"version-history":[{"count":1,"href":"https:\/\/www.kreainvent.com\/de\/wp-json\/wp\/v2\/product\/8998\/revisions"}],"predecessor-version":[{"id":9000,"href":"https:\/\/www.kreainvent.com\/de\/wp-json\/wp\/v2\/product\/8998\/revisions\/9000"}],"wp:featuredmedia":[{"embeddable":true,"href":"https:\/\/www.kreainvent.com\/de\/wp-json\/wp\/v2\/media\/5726"}],"wp:attachment":[{"href":"https:\/\/www.kreainvent.com\/de\/wp-json\/wp\/v2\/media?parent=8998"}],"wp:term":[{"taxonomy":"product_brand","embeddable":true,"href":"https:\/\/www.kreainvent.com\/de\/wp-json\/wp\/v2\/product_brand?post=8998"},{"taxonomy":"product_cat","embeddable":true,"href":"https:\/\/www.kreainvent.com\/de\/wp-json\/wp\/v2\/product_cat?post=8998"},{"taxonomy":"product_tag","embeddable":true,"href":"https:\/\/www.kreainvent.com\/de\/wp-json\/wp\/v2\/product_tag?post=8998"}],"curies":[{"name":"wp","href":"https:\/\/api.w.org\/{rel}","templated":true}]}}