{"id":8900,"date":"2026-02-11T16:52:21","date_gmt":"2026-02-11T15:52:21","guid":{"rendered":"https:\/\/www.kreainvent.com\/?post_type=product&#038;p=8900"},"modified":"2026-02-12T16:28:32","modified_gmt":"2026-02-12T15:28:32","slug":"universeller-aluminium-standfus-mit-schutzdach-fur-ladestation-zur-montage-an-der-stutzwand-copia","status":"publish","type":"product","link":"https:\/\/www.kreainvent.com\/de\/produkt\/universeller-aluminium-standfus-mit-schutzdach-fur-ladestation-zur-montage-an-der-stutzwand-copia\/","title":{"rendered":"Universeller Aluminium-Standfu\u00df mit Schutzdach f\u00fcr Ladestation zur Montage an der St\u00fctzwand (Copia)"},"content":{"rendered":"<h3>Langlebiger Standfu\u00df mit Schutzdach f\u00fcr zus\u00e4tzlichen Schutz der Ladestation vor Witterungseinfl\u00fcssen.<\/h3>\n<h4>Lades\u00e4ule Wetterschutzdach<\/h4>\n<ol>\n<li><strong>Universale S\u00e4ule:<\/strong> geeignet f\u00fcr die Montage von meisten Ladestationen. Max. Abmessung der Ladestation: 45&#215;35 cm. Montage der Ladestation an die S\u00e4ule erfolgt auf die gleiche Art und Weise wie die Montage an die Wand.<\/li>\n<li><strong>Hochwertig gefertigt:<\/strong> Der St\u00e4nder f\u00fcr die Ladestation ist aus hochwertigem Aluminium gefertigt und pulverbeschichtet (RAL7016), wodurch die Festigkeit und lagen Lebensdauer ohne Rosten sichergehstellt wird. Die Konstruktion ist gem\u00e4\u00df internationalen ISO- und europ\u00e4ischen EN-Standards gefertigt.<\/li>\n<li><strong>Kabelf\u00fchrung:<\/strong> Der Stromkabel f\u00fcr die Ladestation kann bequem von unten durch die R\u00f6hre mit einem \u00d6ffnungsdurchmesser von 35 mm oder von hinten gef\u00fchrt werden.<\/li>\n<li><strong>Stabile Befestigung an der St\u00fctzmauer:<\/strong> Die Winkelelemente erm\u00f6glichen eine sichere und robuste Montage des St\u00e4nders an der St\u00fctzmauer mit vier M10-Schrauben. Perfekt f\u00fcr parkpl\u00e4tze mit Mauern, die h\u00f6chste Stabilit\u00e4t und Langlebigkeit garantieren \u2013 ideal f\u00fcr Ihre EV-Ladestation!<\/li>\n<li><strong>Zus\u00e4tzlicher Schutz:<\/strong> Lades\u00e4ule ist mit einem Dach ausger\u00fcstet, das Ladestation mit dem Kabel sch\u00fctzt und eine sicherere Ladung erm\u00f6glicht. Es dient auch als UV-Schutz. Alle Bestandteile der S\u00e4ule sind geerdet.<\/li>\n<\/ol>\n","protected":false},"excerpt":{"rendered":"<p><strong>Langlebiger Standfu\u00df mit Schutzdach f\u00fcr zus\u00e4tzlichen Schutz der Ladestation vor Witterungseinfl\u00fcssen.<\/strong><\/p>\n<p>Universale S\u00e4ule: geeignet f\u00fcr die Montage von meisten Ladestationen. Max. Abmessung der Ladestation: 45&#215;35 cm. Montage der Ladestation an die S\u00e4ule erfolgt auf die gleiche Art und Weise wie die Montage an die Wand.<\/p>\n","protected":false},"featured_media":6591,"comment_status":"open","ping_status":"closed","template":"","meta":{"_acf_changed":false,"iawp_total_views":27},"product_brand":[],"product_cat":[229],"product_tag":[],"class_list":{"0":"post-8900","1":"product","2":"type-product","3":"status-publish","4":"has-post-thumbnail","6":"product_cat-ausenstander-fur-ladestationen","7":"pa_znamka-kreainvent-de","9":"first","10":"instock","11":"taxable","12":"shipping-taxable","13":"purchasable","14":"product-type-simple"},"acf":[],"yoast_head":"<!-- This site is optimized with the Yoast SEO plugin v26.9 - https:\/\/yoast.com\/product\/yoast-seo-wordpress\/ -->\n<title>Universeller Aluminium-Standfu\u00df mit Schutzdach f\u00fcr Ladestation zur Montage an der St\u00fctzwand (Copia) - KREAINVENT - najve\u010dji ponudnik dodatne opreme za EV<\/title>\n<meta name=\"description\" content=\"Univerzalno stojalo za polnilno postajo za EV. Za\u0161\u010ditna streha ima vgrajeno solarno lu\u010dko, stojalo pa je opremljeno z robustni nosilcem za polnilni kabel.\" \/>\n<meta name=\"robots\" content=\"index, follow, max-snippet:-1, max-image-preview:large, max-video-preview:-1\" \/>\n<link rel=\"canonical\" href=\"https:\/\/www.kreainvent.com\/de\/produkt\/universeller-aluminium-standfus-mit-schutzdach-fur-ladestation-zur-montage-an-der-stutzwand-copia\/\" \/>\n<meta property=\"og:locale\" content=\"de_DE\" \/>\n<meta property=\"og:type\" content=\"article\" \/>\n<meta property=\"og:title\" content=\"Universeller Aluminium-Standfu\u00df mit Schutzdach f\u00fcr Ladestation zur Montage an der St\u00fctzwand (Copia) - KREAINVENT - najve\u010dji ponudnik dodatne opreme za EV\" \/>\n<meta property=\"og:description\" content=\"Univerzalno stojalo za polnilno postajo za EV. Za\u0161\u010ditna streha ima vgrajeno solarno lu\u010dko, stojalo pa je opremljeno z robustni nosilcem za polnilni kabel.\" \/>\n<meta property=\"og:url\" content=\"https:\/\/www.kreainvent.com\/de\/produkt\/universeller-aluminium-standfus-mit-schutzdach-fur-ladestation-zur-montage-an-der-stutzwand-copia\/\" \/>\n<meta property=\"og:site_name\" content=\"KREAINVENT - najve\u010dji ponudnik dodatne opreme za EV\" \/>\n<meta property=\"article:modified_time\" content=\"2026-02-12T15:28:32+00:00\" \/>\n<meta property=\"og:image\" content=\"https:\/\/www.kreainvent.com\/wp-content\/uploads\/2025\/10\/B0FT94ZZVN_01.jpg\" \/>\n\t<meta property=\"og:image:width\" content=\"1600\" \/>\n\t<meta property=\"og:image:height\" content=\"1600\" \/>\n\t<meta property=\"og:image:type\" content=\"image\/jpeg\" \/>\n<meta name=\"twitter:card\" content=\"summary_large_image\" \/>\n<meta name=\"twitter:label1\" content=\"Gesch\u00e4tzte Lesezeit\" \/>\n\t<meta name=\"twitter:data1\" content=\"2\u00a0Minuten\" \/>\n<script type=\"application\/ld+json\" class=\"yoast-schema-graph\">{\"@context\":\"https:\/\/schema.org\",\"@graph\":[{\"@type\":\"WebPage\",\"@id\":\"https:\/\/www.kreainvent.com\/de\/produkt\/universeller-aluminium-standfus-mit-schutzdach-fur-ladestation-zur-montage-an-der-stutzwand-copia\/\",\"url\":\"https:\/\/www.kreainvent.com\/de\/produkt\/universeller-aluminium-standfus-mit-schutzdach-fur-ladestation-zur-montage-an-der-stutzwand-copia\/\",\"name\":\"Universeller Aluminium-Standfu\u00df mit Schutzdach f\u00fcr Ladestation zur Montage an der St\u00fctzwand (Copia) - KREAINVENT - najve\u010dji ponudnik dodatne opreme za EV\",\"isPartOf\":{\"@id\":\"https:\/\/www.kreainvent.com\/de\/#website\"},\"primaryImageOfPage\":{\"@id\":\"https:\/\/www.kreainvent.com\/de\/produkt\/universeller-aluminium-standfus-mit-schutzdach-fur-ladestation-zur-montage-an-der-stutzwand-copia\/#primaryimage\"},\"image\":{\"@id\":\"https:\/\/www.kreainvent.com\/de\/produkt\/universeller-aluminium-standfus-mit-schutzdach-fur-ladestation-zur-montage-an-der-stutzwand-copia\/#primaryimage\"},\"thumbnailUrl\":\"https:\/\/www.kreainvent.com\/wp-content\/uploads\/2025\/10\/B0FT94ZZVN_01.jpg\",\"datePublished\":\"2026-02-11T15:52:21+00:00\",\"dateModified\":\"2026-02-12T15:28:32+00:00\",\"description\":\"Univerzalno stojalo za polnilno postajo za EV. Za\u0161\u010ditna streha ima vgrajeno solarno lu\u010dko, stojalo pa je opremljeno z robustni nosilcem za polnilni kabel.\",\"breadcrumb\":{\"@id\":\"https:\/\/www.kreainvent.com\/de\/produkt\/universeller-aluminium-standfus-mit-schutzdach-fur-ladestation-zur-montage-an-der-stutzwand-copia\/#breadcrumb\"},\"inLanguage\":\"de\",\"potentialAction\":[{\"@type\":\"ReadAction\",\"target\":[\"https:\/\/www.kreainvent.com\/de\/produkt\/universeller-aluminium-standfus-mit-schutzdach-fur-ladestation-zur-montage-an-der-stutzwand-copia\/\"]}]},{\"@type\":\"ImageObject\",\"inLanguage\":\"de\",\"@id\":\"https:\/\/www.kreainvent.com\/de\/produkt\/universeller-aluminium-standfus-mit-schutzdach-fur-ladestation-zur-montage-an-der-stutzwand-copia\/#primaryimage\",\"url\":\"https:\/\/www.kreainvent.com\/wp-content\/uploads\/2025\/10\/B0FT94ZZVN_01.jpg\",\"contentUrl\":\"https:\/\/www.kreainvent.com\/wp-content\/uploads\/2025\/10\/B0FT94ZZVN_01.jpg\",\"width\":1600,\"height\":1600},{\"@type\":\"BreadcrumbList\",\"@id\":\"https:\/\/www.kreainvent.com\/de\/produkt\/universeller-aluminium-standfus-mit-schutzdach-fur-ladestation-zur-montage-an-der-stutzwand-copia\/#breadcrumb\",\"itemListElement\":[{\"@type\":\"ListItem\",\"position\":1,\"name\":\"Home\",\"item\":\"https:\/\/www.kreainvent.com\/de\/kreainvent-ihr-zuverlaessiger-partner-fuer-organisierte-e-mobilitaet\/\"},{\"@type\":\"ListItem\",\"position\":2,\"name\":\"Shop\",\"item\":\"https:\/\/www.kreainvent.com\/de\/shop\/\"},{\"@type\":\"ListItem\",\"position\":3,\"name\":\"Universeller Aluminium-Standfu\u00df mit Schutzdach f\u00fcr Ladestation zur Montage an der St\u00fctzwand (Copia)\"}]},{\"@type\":\"WebSite\",\"@id\":\"https:\/\/www.kreainvent.com\/de\/#website\",\"url\":\"https:\/\/www.kreainvent.com\/de\/\",\"name\":\"KREAINVENT - najve\u010dji ponudnik dodatne opreme za EV\",\"description\":\"Pomagamo vam do urejenega in organiziranega polnilnega mesta\",\"publisher\":{\"@id\":\"https:\/\/www.kreainvent.com\/de\/#organization\"},\"potentialAction\":[{\"@type\":\"SearchAction\",\"target\":{\"@type\":\"EntryPoint\",\"urlTemplate\":\"https:\/\/www.kreainvent.com\/de\/?s={search_term_string}\"},\"query-input\":{\"@type\":\"PropertyValueSpecification\",\"valueRequired\":true,\"valueName\":\"search_term_string\"}}],\"inLanguage\":\"de\"},{\"@type\":\"Organization\",\"@id\":\"https:\/\/www.kreainvent.com\/de\/#organization\",\"name\":\"KREAINVENT, razvoj e-mobilnosti, svetovanje in trgovina\",\"url\":\"https:\/\/www.kreainvent.com\/de\/\",\"logo\":{\"@type\":\"ImageObject\",\"inLanguage\":\"de\",\"@id\":\"https:\/\/www.kreainvent.com\/de\/#\/schema\/logo\/image\/\",\"url\":\"https:\/\/www.kreainvent.com\/wp-content\/uploads\/2024\/04\/kreainvent-ver-w900.png\",\"contentUrl\":\"https:\/\/www.kreainvent.com\/wp-content\/uploads\/2024\/04\/kreainvent-ver-w900.png\",\"width\":900,\"height\":791,\"caption\":\"KREAINVENT, razvoj e-mobilnosti, svetovanje in trgovina\"},\"image\":{\"@id\":\"https:\/\/www.kreainvent.com\/de\/#\/schema\/logo\/image\/\"}}]}<\/script>\n<!-- \/ Yoast SEO plugin. -->","yoast_head_json":{"title":"Universeller Aluminium-Standfu\u00df mit Schutzdach f\u00fcr Ladestation zur Montage an der St\u00fctzwand (Copia) - KREAINVENT - najve\u010dji ponudnik dodatne opreme za EV","description":"Univerzalno stojalo za polnilno postajo za EV. Za\u0161\u010ditna streha ima vgrajeno solarno lu\u010dko, stojalo pa je opremljeno z robustni nosilcem za polnilni kabel.","robots":{"index":"index","follow":"follow","max-snippet":"max-snippet:-1","max-image-preview":"max-image-preview:large","max-video-preview":"max-video-preview:-1"},"canonical":"https:\/\/www.kreainvent.com\/de\/produkt\/universeller-aluminium-standfus-mit-schutzdach-fur-ladestation-zur-montage-an-der-stutzwand-copia\/","og_locale":"de_DE","og_type":"article","og_title":"Universeller Aluminium-Standfu\u00df mit Schutzdach f\u00fcr Ladestation zur Montage an der St\u00fctzwand (Copia) - KREAINVENT - najve\u010dji ponudnik dodatne opreme za EV","og_description":"Univerzalno stojalo za polnilno postajo za EV. Za\u0161\u010ditna streha ima vgrajeno solarno lu\u010dko, stojalo pa je opremljeno z robustni nosilcem za polnilni kabel.","og_url":"https:\/\/www.kreainvent.com\/de\/produkt\/universeller-aluminium-standfus-mit-schutzdach-fur-ladestation-zur-montage-an-der-stutzwand-copia\/","og_site_name":"KREAINVENT - najve\u010dji ponudnik dodatne opreme za EV","article_modified_time":"2026-02-12T15:28:32+00:00","og_image":[{"width":1600,"height":1600,"url":"https:\/\/www.kreainvent.com\/wp-content\/uploads\/2025\/10\/B0FT94ZZVN_01.jpg","type":"image\/jpeg"}],"twitter_card":"summary_large_image","twitter_misc":{"Gesch\u00e4tzte Lesezeit":"2\u00a0Minuten"},"schema":{"@context":"https:\/\/schema.org","@graph":[{"@type":"WebPage","@id":"https:\/\/www.kreainvent.com\/de\/produkt\/universeller-aluminium-standfus-mit-schutzdach-fur-ladestation-zur-montage-an-der-stutzwand-copia\/","url":"https:\/\/www.kreainvent.com\/de\/produkt\/universeller-aluminium-standfus-mit-schutzdach-fur-ladestation-zur-montage-an-der-stutzwand-copia\/","name":"Universeller Aluminium-Standfu\u00df mit Schutzdach f\u00fcr Ladestation zur Montage an der St\u00fctzwand (Copia) - KREAINVENT - najve\u010dji ponudnik dodatne opreme za EV","isPartOf":{"@id":"https:\/\/www.kreainvent.com\/de\/#website"},"primaryImageOfPage":{"@id":"https:\/\/www.kreainvent.com\/de\/produkt\/universeller-aluminium-standfus-mit-schutzdach-fur-ladestation-zur-montage-an-der-stutzwand-copia\/#primaryimage"},"image":{"@id":"https:\/\/www.kreainvent.com\/de\/produkt\/universeller-aluminium-standfus-mit-schutzdach-fur-ladestation-zur-montage-an-der-stutzwand-copia\/#primaryimage"},"thumbnailUrl":"https:\/\/www.kreainvent.com\/wp-content\/uploads\/2025\/10\/B0FT94ZZVN_01.jpg","datePublished":"2026-02-11T15:52:21+00:00","dateModified":"2026-02-12T15:28:32+00:00","description":"Univerzalno stojalo za polnilno postajo za EV. Za\u0161\u010ditna streha ima vgrajeno solarno lu\u010dko, stojalo pa je opremljeno z robustni nosilcem za polnilni kabel.","breadcrumb":{"@id":"https:\/\/www.kreainvent.com\/de\/produkt\/universeller-aluminium-standfus-mit-schutzdach-fur-ladestation-zur-montage-an-der-stutzwand-copia\/#breadcrumb"},"inLanguage":"de","potentialAction":[{"@type":"ReadAction","target":["https:\/\/www.kreainvent.com\/de\/produkt\/universeller-aluminium-standfus-mit-schutzdach-fur-ladestation-zur-montage-an-der-stutzwand-copia\/"]}]},{"@type":"ImageObject","inLanguage":"de","@id":"https:\/\/www.kreainvent.com\/de\/produkt\/universeller-aluminium-standfus-mit-schutzdach-fur-ladestation-zur-montage-an-der-stutzwand-copia\/#primaryimage","url":"https:\/\/www.kreainvent.com\/wp-content\/uploads\/2025\/10\/B0FT94ZZVN_01.jpg","contentUrl":"https:\/\/www.kreainvent.com\/wp-content\/uploads\/2025\/10\/B0FT94ZZVN_01.jpg","width":1600,"height":1600},{"@type":"BreadcrumbList","@id":"https:\/\/www.kreainvent.com\/de\/produkt\/universeller-aluminium-standfus-mit-schutzdach-fur-ladestation-zur-montage-an-der-stutzwand-copia\/#breadcrumb","itemListElement":[{"@type":"ListItem","position":1,"name":"Home","item":"https:\/\/www.kreainvent.com\/de\/kreainvent-ihr-zuverlaessiger-partner-fuer-organisierte-e-mobilitaet\/"},{"@type":"ListItem","position":2,"name":"Shop","item":"https:\/\/www.kreainvent.com\/de\/shop\/"},{"@type":"ListItem","position":3,"name":"Universeller Aluminium-Standfu\u00df mit Schutzdach f\u00fcr Ladestation zur Montage an der St\u00fctzwand (Copia)"}]},{"@type":"WebSite","@id":"https:\/\/www.kreainvent.com\/de\/#website","url":"https:\/\/www.kreainvent.com\/de\/","name":"KREAINVENT - najve\u010dji ponudnik dodatne opreme za EV","description":"Pomagamo vam do urejenega in organiziranega polnilnega mesta","publisher":{"@id":"https:\/\/www.kreainvent.com\/de\/#organization"},"potentialAction":[{"@type":"SearchAction","target":{"@type":"EntryPoint","urlTemplate":"https:\/\/www.kreainvent.com\/de\/?s={search_term_string}"},"query-input":{"@type":"PropertyValueSpecification","valueRequired":true,"valueName":"search_term_string"}}],"inLanguage":"de"},{"@type":"Organization","@id":"https:\/\/www.kreainvent.com\/de\/#organization","name":"KREAINVENT, razvoj e-mobilnosti, svetovanje in trgovina","url":"https:\/\/www.kreainvent.com\/de\/","logo":{"@type":"ImageObject","inLanguage":"de","@id":"https:\/\/www.kreainvent.com\/de\/#\/schema\/logo\/image\/","url":"https:\/\/www.kreainvent.com\/wp-content\/uploads\/2024\/04\/kreainvent-ver-w900.png","contentUrl":"https:\/\/www.kreainvent.com\/wp-content\/uploads\/2024\/04\/kreainvent-ver-w900.png","width":900,"height":791,"caption":"KREAINVENT, razvoj e-mobilnosti, svetovanje in trgovina"},"image":{"@id":"https:\/\/www.kreainvent.com\/de\/#\/schema\/logo\/image\/"}}]}},"_links":{"self":[{"href":"https:\/\/www.kreainvent.com\/de\/wp-json\/wp\/v2\/product\/8900","targetHints":{"allow":["GET"]}}],"collection":[{"href":"https:\/\/www.kreainvent.com\/de\/wp-json\/wp\/v2\/product"}],"about":[{"href":"https:\/\/www.kreainvent.com\/de\/wp-json\/wp\/v2\/types\/product"}],"replies":[{"embeddable":true,"href":"https:\/\/www.kreainvent.com\/de\/wp-json\/wp\/v2\/comments?post=8900"}],"version-history":[{"count":1,"href":"https:\/\/www.kreainvent.com\/de\/wp-json\/wp\/v2\/product\/8900\/revisions"}],"predecessor-version":[{"id":8990,"href":"https:\/\/www.kreainvent.com\/de\/wp-json\/wp\/v2\/product\/8900\/revisions\/8990"}],"wp:featuredmedia":[{"embeddable":true,"href":"https:\/\/www.kreainvent.com\/de\/wp-json\/wp\/v2\/media\/6591"}],"wp:attachment":[{"href":"https:\/\/www.kreainvent.com\/de\/wp-json\/wp\/v2\/media?parent=8900"}],"wp:term":[{"taxonomy":"product_brand","embeddable":true,"href":"https:\/\/www.kreainvent.com\/de\/wp-json\/wp\/v2\/product_brand?post=8900"},{"taxonomy":"product_cat","embeddable":true,"href":"https:\/\/www.kreainvent.com\/de\/wp-json\/wp\/v2\/product_cat?post=8900"},{"taxonomy":"product_tag","embeddable":true,"href":"https:\/\/www.kreainvent.com\/de\/wp-json\/wp\/v2\/product_tag?post=8900"}],"curies":[{"name":"wp","href":"https:\/\/api.w.org\/{rel}","templated":true}]}}