{"id":6442,"date":"2025-08-08T13:54:33","date_gmt":"2025-08-08T12:54:33","guid":{"rendered":"https:\/\/www.kreainvent.com\/?post_type=product&#038;p=6442"},"modified":"2025-08-08T14:09:19","modified_gmt":"2025-08-08T13:09:19","slug":"standfus-aus-aluminium-steckdosensaule-mit-ausensteckdose-cee-3f-16a-11kw-und-schuko-kopija","status":"publish","type":"product","link":"https:\/\/www.kreainvent.com\/de\/produkt\/standfus-aus-aluminium-steckdosensaule-mit-ausensteckdose-cee-3f-16a-11kw-und-schuko-kopija\/","title":{"rendered":"Standfu\u00df aus Aluminium &#8211; Steckdosens\u00e4ule mit au\u00dfensteckdose Schuko IP55,1F, 16A, 3,7kW"},"content":{"rendered":"<h3>Standfu\u00df aus Aluminium &#8211; Steckdosens\u00e4ule mit au\u00dfensteckdose Schuko IP55,1F, 16A, 3,7kW<\/h3>\n<ul>\n<li><strong>Modernes Design und robuste Konstruktion:<\/strong> Die Stele kombiniert ein minimalistisches Erscheinungsbild mit hoher Stabilit\u00e4t und eignet sich somit ideal f\u00fcr Au\u00dfenbereiche und industrielle Anwendungen.<\/li>\n<li><strong>Hochwertige Verarbeitung:<\/strong> Die Stele besteht aus Aluminium und ist pulverbeschichtet in Anthrazitgrau (RAL 7016), was Korrosionsschutz und eine lange Lebensdauer gew\u00e4hrleistet. Die Konstruktion entspricht internationalen ISO-Normen sowie europ\u00e4ischen EN-Standards. Alle Schrauben bestehen aus rostfreiem Edelstahl.<\/li>\n<li><strong>Wetterbest\u00e4ndiger Schutz:<\/strong> Das Aluminiumdach sch\u00fctzt die Steckdose effektiv vor Regen und anderen Witterungseinfl\u00fcssen. Die Steckdose ist in 80\u00a0cm H\u00f6he montiert und damit gegen Spritzwasser vom Boden gesch\u00fctzt.<\/li>\n<li><strong>Feste Montage und flexible Kabelf\u00fchrung:<\/strong> Die Montageplatte mit 4 Schrauben M10x40 sorgt f\u00fcr einen stabilen und sicheren Halt. Die Kabelf\u00fchrung ist wahlweise durch das Rohr oder \u00fcber eine Kabeleinf\u00fchrung an der R\u00fcckseite m\u00f6glich \u2013 f\u00fcr eine flexible Installation je nach Bedarf.<\/li>\n<li><strong>Steckdosentyp:\u00a0<\/strong>Aufputz-Schuko-Steckdose 16A 250\u00a0V, IP55 \u2013 F\u00fcr Standardanschl\u00fcsse bis 16\u00a0A. Wetterfest f\u00fcr den Au\u00dfenbereich, z.\u00a0B. f\u00fcr Haushaltsger\u00e4te, Gartenger\u00e4te, Beleuchtung, E-Bike- oder Rasenm\u00e4her-Ladung.<\/li>\n<\/ul>\n","protected":false},"excerpt":{"rendered":"<p>Modernes Design und robuste Konstruktion.<\/p>\n<p>Wetterfest f\u00fcr den Au\u00dfenbereich, z.\u00a0B. f\u00fcr Haushaltsger\u00e4te, Gartenger\u00e4te, Beleuchtung, E-Bike- oder Rasenm\u00e4her-Ladung.<\/p>\n","protected":false},"featured_media":6444,"comment_status":"open","ping_status":"closed","template":"","meta":{"_acf_changed":false,"iawp_total_views":124},"product_brand":[],"product_cat":[261],"product_tag":[],"class_list":{"0":"post-6442","1":"product","2":"type-product","3":"status-publish","4":"has-post-thumbnail","6":"product_cat-steckdosensaule","7":"pa_znamka-kreainvent-de","9":"first","10":"instock","11":"taxable","12":"shipping-taxable","13":"purchasable","14":"product-type-simple"},"acf":[],"yoast_head":"<!-- This site is optimized with the Yoast SEO plugin v26.9 - https:\/\/yoast.com\/product\/yoast-seo-wordpress\/ -->\n<title>Standfu\u00df aus Aluminium - Steckdosens\u00e4ule mit au\u00dfensteckdose Schuko IP55,1F, 16A, 3,7kW - KREAINVENT - najve\u010dji ponudnik dodatne opreme za EV<\/title>\n<meta name=\"robots\" content=\"index, follow, max-snippet:-1, max-image-preview:large, max-video-preview:-1\" \/>\n<link rel=\"canonical\" href=\"https:\/\/www.kreainvent.com\/de\/produkt\/standfus-aus-aluminium-steckdosensaule-mit-ausensteckdose-cee-3f-16a-11kw-und-schuko-kopija\/\" \/>\n<meta property=\"og:locale\" content=\"de_DE\" \/>\n<meta property=\"og:type\" content=\"article\" \/>\n<meta property=\"og:title\" content=\"Standfu\u00df aus Aluminium - Steckdosens\u00e4ule mit au\u00dfensteckdose Schuko IP55,1F, 16A, 3,7kW - KREAINVENT - najve\u010dji ponudnik dodatne opreme za EV\" \/>\n<meta property=\"og:description\" content=\"Modernes Design und robuste Konstruktion.  Wetterfest f\u00fcr den Au\u00dfenbereich, z.\u00a0B. f\u00fcr Haushaltsger\u00e4te, Gartenger\u00e4te, Beleuchtung, E-Bike- oder Rasenm\u00e4her-Ladung.\" \/>\n<meta property=\"og:url\" content=\"https:\/\/www.kreainvent.com\/de\/produkt\/standfus-aus-aluminium-steckdosensaule-mit-ausensteckdose-cee-3f-16a-11kw-und-schuko-kopija\/\" \/>\n<meta property=\"og:site_name\" content=\"KREAINVENT - najve\u010dji ponudnik dodatne opreme za EV\" \/>\n<meta property=\"article:modified_time\" content=\"2025-08-08T13:09:19+00:00\" \/>\n<meta property=\"og:image\" content=\"https:\/\/www.kreainvent.com\/wp-content\/uploads\/2025\/08\/B0FGDGSSXF_01.jpg\" \/>\n\t<meta property=\"og:image:width\" content=\"1400\" \/>\n\t<meta property=\"og:image:height\" content=\"1400\" \/>\n\t<meta property=\"og:image:type\" content=\"image\/jpeg\" \/>\n<meta name=\"twitter:card\" content=\"summary_large_image\" \/>\n<meta name=\"twitter:label1\" content=\"Gesch\u00e4tzte Lesezeit\" \/>\n\t<meta name=\"twitter:data1\" content=\"2\u00a0Minuten\" \/>\n<script type=\"application\/ld+json\" class=\"yoast-schema-graph\">{\"@context\":\"https:\/\/schema.org\",\"@graph\":[{\"@type\":\"WebPage\",\"@id\":\"https:\/\/www.kreainvent.com\/de\/produkt\/standfus-aus-aluminium-steckdosensaule-mit-ausensteckdose-cee-3f-16a-11kw-und-schuko-kopija\/\",\"url\":\"https:\/\/www.kreainvent.com\/de\/produkt\/standfus-aus-aluminium-steckdosensaule-mit-ausensteckdose-cee-3f-16a-11kw-und-schuko-kopija\/\",\"name\":\"Standfu\u00df aus Aluminium - Steckdosens\u00e4ule mit au\u00dfensteckdose Schuko IP55,1F, 16A, 3,7kW - KREAINVENT - najve\u010dji ponudnik dodatne opreme za EV\",\"isPartOf\":{\"@id\":\"https:\/\/www.kreainvent.com\/de\/#website\"},\"primaryImageOfPage\":{\"@id\":\"https:\/\/www.kreainvent.com\/de\/produkt\/standfus-aus-aluminium-steckdosensaule-mit-ausensteckdose-cee-3f-16a-11kw-und-schuko-kopija\/#primaryimage\"},\"image\":{\"@id\":\"https:\/\/www.kreainvent.com\/de\/produkt\/standfus-aus-aluminium-steckdosensaule-mit-ausensteckdose-cee-3f-16a-11kw-und-schuko-kopija\/#primaryimage\"},\"thumbnailUrl\":\"https:\/\/www.kreainvent.com\/wp-content\/uploads\/2025\/08\/B0FGDGSSXF_01.jpg\",\"datePublished\":\"2025-08-08T12:54:33+00:00\",\"dateModified\":\"2025-08-08T13:09:19+00:00\",\"breadcrumb\":{\"@id\":\"https:\/\/www.kreainvent.com\/de\/produkt\/standfus-aus-aluminium-steckdosensaule-mit-ausensteckdose-cee-3f-16a-11kw-und-schuko-kopija\/#breadcrumb\"},\"inLanguage\":\"de\",\"potentialAction\":[{\"@type\":\"ReadAction\",\"target\":[\"https:\/\/www.kreainvent.com\/de\/produkt\/standfus-aus-aluminium-steckdosensaule-mit-ausensteckdose-cee-3f-16a-11kw-und-schuko-kopija\/\"]}]},{\"@type\":\"ImageObject\",\"inLanguage\":\"de\",\"@id\":\"https:\/\/www.kreainvent.com\/de\/produkt\/standfus-aus-aluminium-steckdosensaule-mit-ausensteckdose-cee-3f-16a-11kw-und-schuko-kopija\/#primaryimage\",\"url\":\"https:\/\/www.kreainvent.com\/wp-content\/uploads\/2025\/08\/B0FGDGSSXF_01.jpg\",\"contentUrl\":\"https:\/\/www.kreainvent.com\/wp-content\/uploads\/2025\/08\/B0FGDGSSXF_01.jpg\",\"width\":1400,\"height\":1400},{\"@type\":\"BreadcrumbList\",\"@id\":\"https:\/\/www.kreainvent.com\/de\/produkt\/standfus-aus-aluminium-steckdosensaule-mit-ausensteckdose-cee-3f-16a-11kw-und-schuko-kopija\/#breadcrumb\",\"itemListElement\":[{\"@type\":\"ListItem\",\"position\":1,\"name\":\"Home\",\"item\":\"https:\/\/www.kreainvent.com\/de\/kreainvent-ihr-zuverlaessiger-partner-fuer-organisierte-e-mobilitaet\/\"},{\"@type\":\"ListItem\",\"position\":2,\"name\":\"Shop\",\"item\":\"https:\/\/www.kreainvent.com\/de\/shop\/\"},{\"@type\":\"ListItem\",\"position\":3,\"name\":\"Standfu\u00df aus Aluminium &#8211; Steckdosens\u00e4ule mit au\u00dfensteckdose Schuko IP55,1F, 16A, 3,7kW\"}]},{\"@type\":\"WebSite\",\"@id\":\"https:\/\/www.kreainvent.com\/de\/#website\",\"url\":\"https:\/\/www.kreainvent.com\/de\/\",\"name\":\"KREAINVENT - najve\u010dji ponudnik dodatne opreme za EV\",\"description\":\"Pomagamo vam do urejenega in organiziranega polnilnega mesta\",\"publisher\":{\"@id\":\"https:\/\/www.kreainvent.com\/de\/#organization\"},\"potentialAction\":[{\"@type\":\"SearchAction\",\"target\":{\"@type\":\"EntryPoint\",\"urlTemplate\":\"https:\/\/www.kreainvent.com\/de\/?s={search_term_string}\"},\"query-input\":{\"@type\":\"PropertyValueSpecification\",\"valueRequired\":true,\"valueName\":\"search_term_string\"}}],\"inLanguage\":\"de\"},{\"@type\":\"Organization\",\"@id\":\"https:\/\/www.kreainvent.com\/de\/#organization\",\"name\":\"KREAINVENT, razvoj e-mobilnosti, svetovanje in trgovina\",\"url\":\"https:\/\/www.kreainvent.com\/de\/\",\"logo\":{\"@type\":\"ImageObject\",\"inLanguage\":\"de\",\"@id\":\"https:\/\/www.kreainvent.com\/de\/#\/schema\/logo\/image\/\",\"url\":\"https:\/\/www.kreainvent.com\/wp-content\/uploads\/2024\/04\/kreainvent-ver-w900.png\",\"contentUrl\":\"https:\/\/www.kreainvent.com\/wp-content\/uploads\/2024\/04\/kreainvent-ver-w900.png\",\"width\":900,\"height\":791,\"caption\":\"KREAINVENT, razvoj e-mobilnosti, svetovanje in trgovina\"},\"image\":{\"@id\":\"https:\/\/www.kreainvent.com\/de\/#\/schema\/logo\/image\/\"}}]}<\/script>\n<!-- \/ Yoast SEO plugin. -->","yoast_head_json":{"title":"Standfu\u00df aus Aluminium - Steckdosens\u00e4ule mit au\u00dfensteckdose Schuko IP55,1F, 16A, 3,7kW - KREAINVENT - najve\u010dji ponudnik dodatne opreme za EV","robots":{"index":"index","follow":"follow","max-snippet":"max-snippet:-1","max-image-preview":"max-image-preview:large","max-video-preview":"max-video-preview:-1"},"canonical":"https:\/\/www.kreainvent.com\/de\/produkt\/standfus-aus-aluminium-steckdosensaule-mit-ausensteckdose-cee-3f-16a-11kw-und-schuko-kopija\/","og_locale":"de_DE","og_type":"article","og_title":"Standfu\u00df aus Aluminium - Steckdosens\u00e4ule mit au\u00dfensteckdose Schuko IP55,1F, 16A, 3,7kW - KREAINVENT - najve\u010dji ponudnik dodatne opreme za EV","og_description":"Modernes Design und robuste Konstruktion.  Wetterfest f\u00fcr den Au\u00dfenbereich, z.\u00a0B. f\u00fcr Haushaltsger\u00e4te, Gartenger\u00e4te, Beleuchtung, E-Bike- oder Rasenm\u00e4her-Ladung.","og_url":"https:\/\/www.kreainvent.com\/de\/produkt\/standfus-aus-aluminium-steckdosensaule-mit-ausensteckdose-cee-3f-16a-11kw-und-schuko-kopija\/","og_site_name":"KREAINVENT - najve\u010dji ponudnik dodatne opreme za EV","article_modified_time":"2025-08-08T13:09:19+00:00","og_image":[{"width":1400,"height":1400,"url":"https:\/\/www.kreainvent.com\/wp-content\/uploads\/2025\/08\/B0FGDGSSXF_01.jpg","type":"image\/jpeg"}],"twitter_card":"summary_large_image","twitter_misc":{"Gesch\u00e4tzte Lesezeit":"2\u00a0Minuten"},"schema":{"@context":"https:\/\/schema.org","@graph":[{"@type":"WebPage","@id":"https:\/\/www.kreainvent.com\/de\/produkt\/standfus-aus-aluminium-steckdosensaule-mit-ausensteckdose-cee-3f-16a-11kw-und-schuko-kopija\/","url":"https:\/\/www.kreainvent.com\/de\/produkt\/standfus-aus-aluminium-steckdosensaule-mit-ausensteckdose-cee-3f-16a-11kw-und-schuko-kopija\/","name":"Standfu\u00df aus Aluminium - Steckdosens\u00e4ule mit au\u00dfensteckdose Schuko IP55,1F, 16A, 3,7kW - KREAINVENT - najve\u010dji ponudnik dodatne opreme za EV","isPartOf":{"@id":"https:\/\/www.kreainvent.com\/de\/#website"},"primaryImageOfPage":{"@id":"https:\/\/www.kreainvent.com\/de\/produkt\/standfus-aus-aluminium-steckdosensaule-mit-ausensteckdose-cee-3f-16a-11kw-und-schuko-kopija\/#primaryimage"},"image":{"@id":"https:\/\/www.kreainvent.com\/de\/produkt\/standfus-aus-aluminium-steckdosensaule-mit-ausensteckdose-cee-3f-16a-11kw-und-schuko-kopija\/#primaryimage"},"thumbnailUrl":"https:\/\/www.kreainvent.com\/wp-content\/uploads\/2025\/08\/B0FGDGSSXF_01.jpg","datePublished":"2025-08-08T12:54:33+00:00","dateModified":"2025-08-08T13:09:19+00:00","breadcrumb":{"@id":"https:\/\/www.kreainvent.com\/de\/produkt\/standfus-aus-aluminium-steckdosensaule-mit-ausensteckdose-cee-3f-16a-11kw-und-schuko-kopija\/#breadcrumb"},"inLanguage":"de","potentialAction":[{"@type":"ReadAction","target":["https:\/\/www.kreainvent.com\/de\/produkt\/standfus-aus-aluminium-steckdosensaule-mit-ausensteckdose-cee-3f-16a-11kw-und-schuko-kopija\/"]}]},{"@type":"ImageObject","inLanguage":"de","@id":"https:\/\/www.kreainvent.com\/de\/produkt\/standfus-aus-aluminium-steckdosensaule-mit-ausensteckdose-cee-3f-16a-11kw-und-schuko-kopija\/#primaryimage","url":"https:\/\/www.kreainvent.com\/wp-content\/uploads\/2025\/08\/B0FGDGSSXF_01.jpg","contentUrl":"https:\/\/www.kreainvent.com\/wp-content\/uploads\/2025\/08\/B0FGDGSSXF_01.jpg","width":1400,"height":1400},{"@type":"BreadcrumbList","@id":"https:\/\/www.kreainvent.com\/de\/produkt\/standfus-aus-aluminium-steckdosensaule-mit-ausensteckdose-cee-3f-16a-11kw-und-schuko-kopija\/#breadcrumb","itemListElement":[{"@type":"ListItem","position":1,"name":"Home","item":"https:\/\/www.kreainvent.com\/de\/kreainvent-ihr-zuverlaessiger-partner-fuer-organisierte-e-mobilitaet\/"},{"@type":"ListItem","position":2,"name":"Shop","item":"https:\/\/www.kreainvent.com\/de\/shop\/"},{"@type":"ListItem","position":3,"name":"Standfu\u00df aus Aluminium &#8211; Steckdosens\u00e4ule mit au\u00dfensteckdose Schuko IP55,1F, 16A, 3,7kW"}]},{"@type":"WebSite","@id":"https:\/\/www.kreainvent.com\/de\/#website","url":"https:\/\/www.kreainvent.com\/de\/","name":"KREAINVENT - najve\u010dji ponudnik dodatne opreme za EV","description":"Pomagamo vam do urejenega in organiziranega polnilnega mesta","publisher":{"@id":"https:\/\/www.kreainvent.com\/de\/#organization"},"potentialAction":[{"@type":"SearchAction","target":{"@type":"EntryPoint","urlTemplate":"https:\/\/www.kreainvent.com\/de\/?s={search_term_string}"},"query-input":{"@type":"PropertyValueSpecification","valueRequired":true,"valueName":"search_term_string"}}],"inLanguage":"de"},{"@type":"Organization","@id":"https:\/\/www.kreainvent.com\/de\/#organization","name":"KREAINVENT, razvoj e-mobilnosti, svetovanje in trgovina","url":"https:\/\/www.kreainvent.com\/de\/","logo":{"@type":"ImageObject","inLanguage":"de","@id":"https:\/\/www.kreainvent.com\/de\/#\/schema\/logo\/image\/","url":"https:\/\/www.kreainvent.com\/wp-content\/uploads\/2024\/04\/kreainvent-ver-w900.png","contentUrl":"https:\/\/www.kreainvent.com\/wp-content\/uploads\/2024\/04\/kreainvent-ver-w900.png","width":900,"height":791,"caption":"KREAINVENT, razvoj e-mobilnosti, svetovanje in trgovina"},"image":{"@id":"https:\/\/www.kreainvent.com\/de\/#\/schema\/logo\/image\/"}}]}},"_links":{"self":[{"href":"https:\/\/www.kreainvent.com\/de\/wp-json\/wp\/v2\/product\/6442","targetHints":{"allow":["GET"]}}],"collection":[{"href":"https:\/\/www.kreainvent.com\/de\/wp-json\/wp\/v2\/product"}],"about":[{"href":"https:\/\/www.kreainvent.com\/de\/wp-json\/wp\/v2\/types\/product"}],"replies":[{"embeddable":true,"href":"https:\/\/www.kreainvent.com\/de\/wp-json\/wp\/v2\/comments?post=6442"}],"version-history":[{"count":2,"href":"https:\/\/www.kreainvent.com\/de\/wp-json\/wp\/v2\/product\/6442\/revisions"}],"predecessor-version":[{"id":6464,"href":"https:\/\/www.kreainvent.com\/de\/wp-json\/wp\/v2\/product\/6442\/revisions\/6464"}],"wp:featuredmedia":[{"embeddable":true,"href":"https:\/\/www.kreainvent.com\/de\/wp-json\/wp\/v2\/media\/6444"}],"wp:attachment":[{"href":"https:\/\/www.kreainvent.com\/de\/wp-json\/wp\/v2\/media?parent=6442"}],"wp:term":[{"taxonomy":"product_brand","embeddable":true,"href":"https:\/\/www.kreainvent.com\/de\/wp-json\/wp\/v2\/product_brand?post=6442"},{"taxonomy":"product_cat","embeddable":true,"href":"https:\/\/www.kreainvent.com\/de\/wp-json\/wp\/v2\/product_cat?post=6442"},{"taxonomy":"product_tag","embeddable":true,"href":"https:\/\/www.kreainvent.com\/de\/wp-json\/wp\/v2\/product_tag?post=6442"}],"curies":[{"name":"wp","href":"https:\/\/api.w.org\/{rel}","templated":true}]}}