{"id":6266,"date":"2025-08-08T11:57:36","date_gmt":"2025-08-08T10:57:36","guid":{"rendered":"https:\/\/www.kreainvent.com\/?post_type=product&#038;p=6266"},"modified":"2025-08-08T12:37:52","modified_gmt":"2025-08-08T11:37:52","slug":"hochwertiger-universeller-standfuss-aus-aluminum-fuer-ladestation-mit-cee-stecker-3f-16a-11-kw","status":"publish","type":"product","link":"https:\/\/www.kreainvent.com\/de\/produkt\/hochwertiger-universeller-standfuss-aus-aluminum-fuer-ladestation-mit-cee-stecker-3f-16a-11-kw\/","title":{"rendered":"Hochwertiger universeller Standfu\u00df aus Aluminum f\u00fcr Ladestation mit CEE-Stecker, 3F, 16A, 11 kW"},"content":{"rendered":"<h3>Lades\u00e4ule mit Dach, Kabelhalterung und Steckdose f\u00fcr E-Fahrzeuge CEE, 3F, 16A, 11 kW<\/h3>\n<ul>\n<li><strong>Universeller St\u00e4nder:<\/strong> Geeignet f\u00fcr die meisten Ladestationen mit CEE-Stecker f\u00fcr E-Autos. Die maximal zul\u00e4ssigen Abmessungen: 400 x 360 mm.<\/li>\n<li><strong>Perfekter Schutz f\u00fcr die Ladestation:<\/strong> Ladestation inkl. CEE-Stecker wird vor Wettereinfl\u00fcssen perfekt gesch\u00fctzt, wodurch die Lebensdauer verl\u00e4ngert wird und das Laden sicherer erfolgen kann.<\/li>\n<li><strong>Sichere Kabelverriegelung:<\/strong> Der Kabelhalter erm\u00f6glicht das Verriegeln des Konnektors (Typ 2) und gew\u00e4hrleistet so die Sicherheit Ihrer EV-Ladestation.<\/li>\n<li><strong>Hochwertige Fertigung:<\/strong> Der St\u00e4nder ist aus Aluminium gefertigt und ist in Anthrazitgrau (RAL 7016) pulverbeschichtet, was Korrosionsbest\u00e4ndigkeit und eine lange Lebensdauer sicherstellt. Die Konstruktion erf\u00fcllt die internationalen ISO- und europ\u00e4ischen EN-Normen. Alle Schrauben sind aus Edelstahl gefertigt.<\/li>\n<li><strong>CEE-Industriesteckdose:<\/strong> Der St\u00e4nder ist mit einer 3-phasigen CEE-Steckdose (16 A, 5-polig, 415 V) ausger\u00fcstet. Konzipiert f\u00fcr zuverl\u00e4ssiges und langfristiges Laden von Elektrofahrzeugen unter anspruchsvollen Wetterbedingungen. Max. Ladeleistung: 11 kW.<\/li>\n<\/ul>\n","protected":false},"excerpt":{"rendered":"<p>Lades\u00e4ule mit Dach, Kabelhalterung und Steckdose f\u00fcr E-Fahrzeuge CEE, 3F, 16A, 11 kW.<\/p>\n<p>Der St\u00e4nder ist mit einer 3-phasigen CEE-Steckdose (16 A, 5-polig, 415 V) ausger\u00fcstet. Konzipiert f\u00fcr zuverl\u00e4ssiges und langfristiges Laden von Elektrofahrzeugen unter anspruchsvollen Wetterbedingungen. Max. Ladeleistung: 11 kW.<\/p>\n","protected":false},"featured_media":6268,"comment_status":"open","ping_status":"closed","template":"","meta":{"_acf_changed":false,"iawp_total_views":138},"product_brand":[],"product_cat":[255],"product_tag":[],"class_list":{"0":"post-6266","1":"product","2":"type-product","3":"status-publish","4":"has-post-thumbnail","6":"product_cat-standfuss-fur-mobile-ladestation","7":"pa_znamka-kreainvent-de","9":"first","10":"instock","11":"taxable","12":"shipping-taxable","13":"purchasable","14":"product-type-simple"},"acf":[],"yoast_head":"<!-- This site is optimized with the Yoast SEO plugin v26.9 - https:\/\/yoast.com\/product\/yoast-seo-wordpress\/ -->\n<title>Hochwertiger universeller Standfu\u00df aus Aluminum f\u00fcr Ladestation mit CEE-Stecker, 3F, 16A, 11 kW - KREAINVENT - najve\u010dji ponudnik dodatne opreme za EV<\/title>\n<meta name=\"robots\" content=\"index, follow, max-snippet:-1, max-image-preview:large, max-video-preview:-1\" \/>\n<link rel=\"canonical\" href=\"https:\/\/www.kreainvent.com\/de\/produkt\/hochwertiger-universeller-standfuss-aus-aluminum-fuer-ladestation-mit-cee-stecker-3f-16a-11-kw\/\" \/>\n<meta property=\"og:locale\" content=\"de_DE\" \/>\n<meta property=\"og:type\" content=\"article\" \/>\n<meta property=\"og:title\" content=\"Hochwertiger universeller Standfu\u00df aus Aluminum f\u00fcr Ladestation mit CEE-Stecker, 3F, 16A, 11 kW - KREAINVENT - najve\u010dji ponudnik dodatne opreme za EV\" \/>\n<meta property=\"og:description\" content=\"Lades\u00e4ule mit Dach, Kabelhalterung und Steckdose f\u00fcr E-Fahrzeuge CEE, 3F, 16A, 11 kW.  Der St\u00e4nder ist mit einer 3-phasigen CEE-Steckdose (16 A, 5-polig, 415 V) ausger\u00fcstet. Konzipiert f\u00fcr zuverl\u00e4ssiges und langfristiges Laden von Elektrofahrzeugen unter anspruchsvollen Wetterbedingungen. Max. Ladeleistung: 11 kW.\" \/>\n<meta property=\"og:url\" content=\"https:\/\/www.kreainvent.com\/de\/produkt\/hochwertiger-universeller-standfuss-aus-aluminum-fuer-ladestation-mit-cee-stecker-3f-16a-11-kw\/\" \/>\n<meta property=\"og:site_name\" content=\"KREAINVENT - najve\u010dji ponudnik dodatne opreme za EV\" \/>\n<meta property=\"article:modified_time\" content=\"2025-08-08T11:37:52+00:00\" \/>\n<meta property=\"og:image\" content=\"https:\/\/www.kreainvent.com\/wp-content\/uploads\/2025\/08\/1_2_ki.jpg\" \/>\n\t<meta property=\"og:image:width\" content=\"1400\" \/>\n\t<meta property=\"og:image:height\" content=\"1400\" \/>\n\t<meta property=\"og:image:type\" content=\"image\/jpeg\" \/>\n<meta name=\"twitter:card\" content=\"summary_large_image\" \/>\n<meta name=\"twitter:label1\" content=\"Gesch\u00e4tzte Lesezeit\" \/>\n\t<meta name=\"twitter:data1\" content=\"1\u00a0Minute\" \/>\n<script type=\"application\/ld+json\" class=\"yoast-schema-graph\">{\"@context\":\"https:\/\/schema.org\",\"@graph\":[{\"@type\":\"WebPage\",\"@id\":\"https:\/\/www.kreainvent.com\/de\/produkt\/hochwertiger-universeller-standfuss-aus-aluminum-fuer-ladestation-mit-cee-stecker-3f-16a-11-kw\/\",\"url\":\"https:\/\/www.kreainvent.com\/de\/produkt\/hochwertiger-universeller-standfuss-aus-aluminum-fuer-ladestation-mit-cee-stecker-3f-16a-11-kw\/\",\"name\":\"Hochwertiger universeller Standfu\u00df aus Aluminum f\u00fcr Ladestation mit CEE-Stecker, 3F, 16A, 11 kW - KREAINVENT - najve\u010dji ponudnik dodatne opreme za EV\",\"isPartOf\":{\"@id\":\"https:\/\/www.kreainvent.com\/de\/#website\"},\"primaryImageOfPage\":{\"@id\":\"https:\/\/www.kreainvent.com\/de\/produkt\/hochwertiger-universeller-standfuss-aus-aluminum-fuer-ladestation-mit-cee-stecker-3f-16a-11-kw\/#primaryimage\"},\"image\":{\"@id\":\"https:\/\/www.kreainvent.com\/de\/produkt\/hochwertiger-universeller-standfuss-aus-aluminum-fuer-ladestation-mit-cee-stecker-3f-16a-11-kw\/#primaryimage\"},\"thumbnailUrl\":\"https:\/\/www.kreainvent.com\/wp-content\/uploads\/2025\/08\/1_2_ki.jpg\",\"datePublished\":\"2025-08-08T10:57:36+00:00\",\"dateModified\":\"2025-08-08T11:37:52+00:00\",\"breadcrumb\":{\"@id\":\"https:\/\/www.kreainvent.com\/de\/produkt\/hochwertiger-universeller-standfuss-aus-aluminum-fuer-ladestation-mit-cee-stecker-3f-16a-11-kw\/#breadcrumb\"},\"inLanguage\":\"de\",\"potentialAction\":[{\"@type\":\"ReadAction\",\"target\":[\"https:\/\/www.kreainvent.com\/de\/produkt\/hochwertiger-universeller-standfuss-aus-aluminum-fuer-ladestation-mit-cee-stecker-3f-16a-11-kw\/\"]}]},{\"@type\":\"ImageObject\",\"inLanguage\":\"de\",\"@id\":\"https:\/\/www.kreainvent.com\/de\/produkt\/hochwertiger-universeller-standfuss-aus-aluminum-fuer-ladestation-mit-cee-stecker-3f-16a-11-kw\/#primaryimage\",\"url\":\"https:\/\/www.kreainvent.com\/wp-content\/uploads\/2025\/08\/1_2_ki.jpg\",\"contentUrl\":\"https:\/\/www.kreainvent.com\/wp-content\/uploads\/2025\/08\/1_2_ki.jpg\",\"width\":1400,\"height\":1400},{\"@type\":\"BreadcrumbList\",\"@id\":\"https:\/\/www.kreainvent.com\/de\/produkt\/hochwertiger-universeller-standfuss-aus-aluminum-fuer-ladestation-mit-cee-stecker-3f-16a-11-kw\/#breadcrumb\",\"itemListElement\":[{\"@type\":\"ListItem\",\"position\":1,\"name\":\"Home\",\"item\":\"https:\/\/www.kreainvent.com\/de\/kreainvent-ihr-zuverlaessiger-partner-fuer-organisierte-e-mobilitaet\/\"},{\"@type\":\"ListItem\",\"position\":2,\"name\":\"Shop\",\"item\":\"https:\/\/www.kreainvent.com\/de\/shop\/\"},{\"@type\":\"ListItem\",\"position\":3,\"name\":\"Hochwertiger universeller Standfu\u00df aus Aluminum f\u00fcr Ladestation mit CEE-Stecker, 3F, 16A, 11 kW\"}]},{\"@type\":\"WebSite\",\"@id\":\"https:\/\/www.kreainvent.com\/de\/#website\",\"url\":\"https:\/\/www.kreainvent.com\/de\/\",\"name\":\"KREAINVENT - najve\u010dji ponudnik dodatne opreme za EV\",\"description\":\"Pomagamo vam do urejenega in organiziranega polnilnega mesta\",\"publisher\":{\"@id\":\"https:\/\/www.kreainvent.com\/de\/#organization\"},\"potentialAction\":[{\"@type\":\"SearchAction\",\"target\":{\"@type\":\"EntryPoint\",\"urlTemplate\":\"https:\/\/www.kreainvent.com\/de\/?s={search_term_string}\"},\"query-input\":{\"@type\":\"PropertyValueSpecification\",\"valueRequired\":true,\"valueName\":\"search_term_string\"}}],\"inLanguage\":\"de\"},{\"@type\":\"Organization\",\"@id\":\"https:\/\/www.kreainvent.com\/de\/#organization\",\"name\":\"KREAINVENT, razvoj e-mobilnosti, svetovanje in trgovina\",\"url\":\"https:\/\/www.kreainvent.com\/de\/\",\"logo\":{\"@type\":\"ImageObject\",\"inLanguage\":\"de\",\"@id\":\"https:\/\/www.kreainvent.com\/de\/#\/schema\/logo\/image\/\",\"url\":\"https:\/\/www.kreainvent.com\/wp-content\/uploads\/2024\/04\/kreainvent-ver-w900.png\",\"contentUrl\":\"https:\/\/www.kreainvent.com\/wp-content\/uploads\/2024\/04\/kreainvent-ver-w900.png\",\"width\":900,\"height\":791,\"caption\":\"KREAINVENT, razvoj e-mobilnosti, svetovanje in trgovina\"},\"image\":{\"@id\":\"https:\/\/www.kreainvent.com\/de\/#\/schema\/logo\/image\/\"}}]}<\/script>\n<!-- \/ Yoast SEO plugin. -->","yoast_head_json":{"title":"Hochwertiger universeller Standfu\u00df aus Aluminum f\u00fcr Ladestation mit CEE-Stecker, 3F, 16A, 11 kW - KREAINVENT - najve\u010dji ponudnik dodatne opreme za EV","robots":{"index":"index","follow":"follow","max-snippet":"max-snippet:-1","max-image-preview":"max-image-preview:large","max-video-preview":"max-video-preview:-1"},"canonical":"https:\/\/www.kreainvent.com\/de\/produkt\/hochwertiger-universeller-standfuss-aus-aluminum-fuer-ladestation-mit-cee-stecker-3f-16a-11-kw\/","og_locale":"de_DE","og_type":"article","og_title":"Hochwertiger universeller Standfu\u00df aus Aluminum f\u00fcr Ladestation mit CEE-Stecker, 3F, 16A, 11 kW - KREAINVENT - najve\u010dji ponudnik dodatne opreme za EV","og_description":"Lades\u00e4ule mit Dach, Kabelhalterung und Steckdose f\u00fcr E-Fahrzeuge CEE, 3F, 16A, 11 kW.  Der St\u00e4nder ist mit einer 3-phasigen CEE-Steckdose (16 A, 5-polig, 415 V) ausger\u00fcstet. Konzipiert f\u00fcr zuverl\u00e4ssiges und langfristiges Laden von Elektrofahrzeugen unter anspruchsvollen Wetterbedingungen. Max. Ladeleistung: 11 kW.","og_url":"https:\/\/www.kreainvent.com\/de\/produkt\/hochwertiger-universeller-standfuss-aus-aluminum-fuer-ladestation-mit-cee-stecker-3f-16a-11-kw\/","og_site_name":"KREAINVENT - najve\u010dji ponudnik dodatne opreme za EV","article_modified_time":"2025-08-08T11:37:52+00:00","og_image":[{"width":1400,"height":1400,"url":"https:\/\/www.kreainvent.com\/wp-content\/uploads\/2025\/08\/1_2_ki.jpg","type":"image\/jpeg"}],"twitter_card":"summary_large_image","twitter_misc":{"Gesch\u00e4tzte Lesezeit":"1\u00a0Minute"},"schema":{"@context":"https:\/\/schema.org","@graph":[{"@type":"WebPage","@id":"https:\/\/www.kreainvent.com\/de\/produkt\/hochwertiger-universeller-standfuss-aus-aluminum-fuer-ladestation-mit-cee-stecker-3f-16a-11-kw\/","url":"https:\/\/www.kreainvent.com\/de\/produkt\/hochwertiger-universeller-standfuss-aus-aluminum-fuer-ladestation-mit-cee-stecker-3f-16a-11-kw\/","name":"Hochwertiger universeller Standfu\u00df aus Aluminum f\u00fcr Ladestation mit CEE-Stecker, 3F, 16A, 11 kW - KREAINVENT - najve\u010dji ponudnik dodatne opreme za EV","isPartOf":{"@id":"https:\/\/www.kreainvent.com\/de\/#website"},"primaryImageOfPage":{"@id":"https:\/\/www.kreainvent.com\/de\/produkt\/hochwertiger-universeller-standfuss-aus-aluminum-fuer-ladestation-mit-cee-stecker-3f-16a-11-kw\/#primaryimage"},"image":{"@id":"https:\/\/www.kreainvent.com\/de\/produkt\/hochwertiger-universeller-standfuss-aus-aluminum-fuer-ladestation-mit-cee-stecker-3f-16a-11-kw\/#primaryimage"},"thumbnailUrl":"https:\/\/www.kreainvent.com\/wp-content\/uploads\/2025\/08\/1_2_ki.jpg","datePublished":"2025-08-08T10:57:36+00:00","dateModified":"2025-08-08T11:37:52+00:00","breadcrumb":{"@id":"https:\/\/www.kreainvent.com\/de\/produkt\/hochwertiger-universeller-standfuss-aus-aluminum-fuer-ladestation-mit-cee-stecker-3f-16a-11-kw\/#breadcrumb"},"inLanguage":"de","potentialAction":[{"@type":"ReadAction","target":["https:\/\/www.kreainvent.com\/de\/produkt\/hochwertiger-universeller-standfuss-aus-aluminum-fuer-ladestation-mit-cee-stecker-3f-16a-11-kw\/"]}]},{"@type":"ImageObject","inLanguage":"de","@id":"https:\/\/www.kreainvent.com\/de\/produkt\/hochwertiger-universeller-standfuss-aus-aluminum-fuer-ladestation-mit-cee-stecker-3f-16a-11-kw\/#primaryimage","url":"https:\/\/www.kreainvent.com\/wp-content\/uploads\/2025\/08\/1_2_ki.jpg","contentUrl":"https:\/\/www.kreainvent.com\/wp-content\/uploads\/2025\/08\/1_2_ki.jpg","width":1400,"height":1400},{"@type":"BreadcrumbList","@id":"https:\/\/www.kreainvent.com\/de\/produkt\/hochwertiger-universeller-standfuss-aus-aluminum-fuer-ladestation-mit-cee-stecker-3f-16a-11-kw\/#breadcrumb","itemListElement":[{"@type":"ListItem","position":1,"name":"Home","item":"https:\/\/www.kreainvent.com\/de\/kreainvent-ihr-zuverlaessiger-partner-fuer-organisierte-e-mobilitaet\/"},{"@type":"ListItem","position":2,"name":"Shop","item":"https:\/\/www.kreainvent.com\/de\/shop\/"},{"@type":"ListItem","position":3,"name":"Hochwertiger universeller Standfu\u00df aus Aluminum f\u00fcr Ladestation mit CEE-Stecker, 3F, 16A, 11 kW"}]},{"@type":"WebSite","@id":"https:\/\/www.kreainvent.com\/de\/#website","url":"https:\/\/www.kreainvent.com\/de\/","name":"KREAINVENT - najve\u010dji ponudnik dodatne opreme za EV","description":"Pomagamo vam do urejenega in organiziranega polnilnega mesta","publisher":{"@id":"https:\/\/www.kreainvent.com\/de\/#organization"},"potentialAction":[{"@type":"SearchAction","target":{"@type":"EntryPoint","urlTemplate":"https:\/\/www.kreainvent.com\/de\/?s={search_term_string}"},"query-input":{"@type":"PropertyValueSpecification","valueRequired":true,"valueName":"search_term_string"}}],"inLanguage":"de"},{"@type":"Organization","@id":"https:\/\/www.kreainvent.com\/de\/#organization","name":"KREAINVENT, razvoj e-mobilnosti, svetovanje in trgovina","url":"https:\/\/www.kreainvent.com\/de\/","logo":{"@type":"ImageObject","inLanguage":"de","@id":"https:\/\/www.kreainvent.com\/de\/#\/schema\/logo\/image\/","url":"https:\/\/www.kreainvent.com\/wp-content\/uploads\/2024\/04\/kreainvent-ver-w900.png","contentUrl":"https:\/\/www.kreainvent.com\/wp-content\/uploads\/2024\/04\/kreainvent-ver-w900.png","width":900,"height":791,"caption":"KREAINVENT, razvoj e-mobilnosti, svetovanje in trgovina"},"image":{"@id":"https:\/\/www.kreainvent.com\/de\/#\/schema\/logo\/image\/"}}]}},"_links":{"self":[{"href":"https:\/\/www.kreainvent.com\/de\/wp-json\/wp\/v2\/product\/6266","targetHints":{"allow":["GET"]}}],"collection":[{"href":"https:\/\/www.kreainvent.com\/de\/wp-json\/wp\/v2\/product"}],"about":[{"href":"https:\/\/www.kreainvent.com\/de\/wp-json\/wp\/v2\/types\/product"}],"replies":[{"embeddable":true,"href":"https:\/\/www.kreainvent.com\/de\/wp-json\/wp\/v2\/comments?post=6266"}],"version-history":[{"count":2,"href":"https:\/\/www.kreainvent.com\/de\/wp-json\/wp\/v2\/product\/6266\/revisions"}],"predecessor-version":[{"id":6333,"href":"https:\/\/www.kreainvent.com\/de\/wp-json\/wp\/v2\/product\/6266\/revisions\/6333"}],"wp:featuredmedia":[{"embeddable":true,"href":"https:\/\/www.kreainvent.com\/de\/wp-json\/wp\/v2\/media\/6268"}],"wp:attachment":[{"href":"https:\/\/www.kreainvent.com\/de\/wp-json\/wp\/v2\/media?parent=6266"}],"wp:term":[{"taxonomy":"product_brand","embeddable":true,"href":"https:\/\/www.kreainvent.com\/de\/wp-json\/wp\/v2\/product_brand?post=6266"},{"taxonomy":"product_cat","embeddable":true,"href":"https:\/\/www.kreainvent.com\/de\/wp-json\/wp\/v2\/product_cat?post=6266"},{"taxonomy":"product_tag","embeddable":true,"href":"https:\/\/www.kreainvent.com\/de\/wp-json\/wp\/v2\/product_tag?post=6266"}],"curies":[{"name":"wp","href":"https:\/\/api.w.org\/{rel}","templated":true}]}}