{"id":6019,"date":"2025-05-04T19:02:01","date_gmt":"2025-05-04T18:02:01","guid":{"rendered":"https:\/\/www.kreainvent.com\/?post_type=product&#038;p=6019"},"modified":"2025-05-21T09:19:29","modified_gmt":"2025-05-21T08:19:29","slug":"kreainvent-hochwertiger-universeller-standfuss-aus-aluminum-fuer-mobile-ladestation-mit-dach-kabelhalterung-und-steckdose-fuer-e-fahrzeuge-ev-steckdose-3f-16a-11kw","status":"publish","type":"product","link":"https:\/\/www.kreainvent.com\/de\/produkt\/kreainvent-hochwertiger-universeller-standfuss-aus-aluminum-fuer-mobile-ladestation-mit-dach-kabelhalterung-und-steckdose-fuer-e-fahrzeuge-ev-steckdose-3f-16a-11kw\/","title":{"rendered":"Kreainvent hochwertiger universeller Standfu\u00df aus Aluminum f\u00fcr mobile Ladestation mit Dach, Kabelhalterung und Steckdose f\u00fcr E-Fahrzeuge (EV Steckdose 3F, 16A, 11kW)"},"content":{"rendered":"<h3 id=\"title\" class=\"a-size-large a-spacing-none\">Kreainvent hochwertiger universeller Standfu\u00df aus Aluminum f\u00fcr mobile Ladestation mit Dach, Kabelhalterung und Steckdose f\u00fcr E-Fahrzeuge (EV Steckdose 3F, 16A, 11kW)<\/h3>\n<ul>\n<li><strong>Universeller St\u00e4nder mit Schutzdach:<\/strong> Geeignet f\u00fcr die meisten mobilen Ladestationen f\u00fcr E-Autos. Die maximal zul\u00e4ssigen Abmessungen: 400 x 250 mm.<\/li>\n<li><strong>CEE-Industriesteckdose:<\/strong> Der St\u00e4nder ist mit einer 3-phasigen CEE-Steckdose (16 A, 5-polig, 415 V) ausger\u00fcstet. Konzipiert f\u00fcr zuverl\u00e4ssiges und langfristiges Laden von Elektrofahrzeugen unter anspruchsvollen Wetterbedingungen. Max. Ladeleistung: 11 kW.<\/li>\n<li><strong>Robuste Anschlussklemmen:<\/strong> Robustes Design und hochwertige Materialien f\u00fcr einen zuverl\u00e4ssigen Einsatz im Freien, selbst unter anspruchsvollen Bedingungen. F\u00fcr schnelle und einfache Montage einer mobilen Ladestation auf den St\u00e4nder.<\/li>\n<li><strong>Sichere Kabelverriegelung:<\/strong> Der Kabelhalter erm\u00f6glicht das Verriegeln des Konnektors (Typ 2) und gew\u00e4hrleistet so die Sicherheit Ihrer mobilen Ladestation.<\/li>\n<li><strong>Hochwertige Fertigung:<\/strong> Der St\u00e4nder ist aus Aluminium gefertigt und ist in Anthrazitgrau (RAL 7016) pulverbeschichtet, was Korrosionsbest\u00e4ndigkeit und eine lange Lebensdauer sicherstellt. Die Konstruktion erf\u00fcllt die internationalen ISO- und europ\u00e4ischen EN-Normen. Alle Schrauben sind aus Edelstahl gefertigt.<\/li>\n<\/ul>\n","protected":false},"excerpt":{"rendered":"<p>Universeller und robuster Aluminiumst\u00e4nder (RAL7016) mit industrieller 3-Phasen-CEE-Steckdose (16A, 415V) f\u00fcr zuverl\u00e4ssiges Laden bis 11kW. Passend f\u00fcr die meisten portablen Ladeger\u00e4te (bis 400 x 250 mm), mit Wetterschutzdach und Kabelschlosshalterung (Typ 2). Alle Teile sind aus rostfreien Materialien gefertigt.<\/p>\n","protected":false},"featured_media":6022,"comment_status":"open","ping_status":"closed","template":"","meta":{"_acf_changed":false,"iawp_total_views":225},"product_brand":[],"product_cat":[255],"product_tag":[],"class_list":{"0":"post-6019","1":"product","2":"type-product","3":"status-publish","4":"has-post-thumbnail","6":"product_cat-standfuss-fur-mobile-ladestation","7":"pa_znamka-kreainvent-de","9":"first","10":"instock","11":"taxable","12":"shipping-taxable","13":"purchasable","14":"product-type-simple"},"acf":[],"yoast_head":"<!-- This site is optimized with the Yoast SEO plugin v26.9 - https:\/\/yoast.com\/product\/yoast-seo-wordpress\/ -->\n<title>Kreainvent hochwertiger universeller Standfu\u00df aus Aluminum f\u00fcr mobile Ladestation mit Dach, Kabelhalterung und Steckdose f\u00fcr E-Fahrzeuge (EV Steckdose 3F, 16A, 11kW) - KREAINVENT - najve\u010dji ponudnik dodatne opreme za EV<\/title>\n<meta name=\"robots\" content=\"index, follow, max-snippet:-1, max-image-preview:large, max-video-preview:-1\" \/>\n<link rel=\"canonical\" href=\"https:\/\/www.kreainvent.com\/de\/produkt\/kreainvent-hochwertiger-universeller-standfuss-aus-aluminum-fuer-mobile-ladestation-mit-dach-kabelhalterung-und-steckdose-fuer-e-fahrzeuge-ev-steckdose-3f-16a-11kw\/\" \/>\n<meta property=\"og:locale\" content=\"de_DE\" \/>\n<meta property=\"og:type\" content=\"article\" \/>\n<meta property=\"og:title\" content=\"Kreainvent hochwertiger universeller Standfu\u00df aus Aluminum f\u00fcr mobile Ladestation mit Dach, Kabelhalterung und Steckdose f\u00fcr E-Fahrzeuge (EV Steckdose 3F, 16A, 11kW) - KREAINVENT - najve\u010dji ponudnik dodatne opreme za EV\" \/>\n<meta property=\"og:description\" content=\"Universeller und robuster Aluminiumst\u00e4nder (RAL7016) mit industrieller 3-Phasen-CEE-Steckdose (16A, 415V) f\u00fcr zuverl\u00e4ssiges Laden bis 11kW. Passend f\u00fcr die meisten portablen Ladeger\u00e4te (bis 400 x 250 mm), mit Wetterschutzdach und Kabelschlosshalterung (Typ 2). Alle Teile sind aus rostfreien Materialien gefertigt.\" \/>\n<meta property=\"og:url\" content=\"https:\/\/www.kreainvent.com\/de\/produkt\/kreainvent-hochwertiger-universeller-standfuss-aus-aluminum-fuer-mobile-ladestation-mit-dach-kabelhalterung-und-steckdose-fuer-e-fahrzeuge-ev-steckdose-3f-16a-11kw\/\" \/>\n<meta property=\"og:site_name\" content=\"KREAINVENT - najve\u010dji ponudnik dodatne opreme za EV\" \/>\n<meta property=\"article:modified_time\" content=\"2025-05-21T08:19:29+00:00\" \/>\n<meta property=\"og:image\" content=\"https:\/\/www.kreainvent.com\/wp-content\/uploads\/2025\/05\/1_2-2.jpg\" \/>\n\t<meta property=\"og:image:width\" content=\"1600\" \/>\n\t<meta property=\"og:image:height\" content=\"1600\" \/>\n\t<meta property=\"og:image:type\" content=\"image\/jpeg\" \/>\n<meta name=\"twitter:card\" content=\"summary_large_image\" \/>\n<meta name=\"twitter:label1\" content=\"Gesch\u00e4tzte Lesezeit\" \/>\n\t<meta name=\"twitter:data1\" content=\"2\u00a0Minuten\" \/>\n<script type=\"application\/ld+json\" class=\"yoast-schema-graph\">{\"@context\":\"https:\/\/schema.org\",\"@graph\":[{\"@type\":\"WebPage\",\"@id\":\"https:\/\/www.kreainvent.com\/de\/produkt\/kreainvent-hochwertiger-universeller-standfuss-aus-aluminum-fuer-mobile-ladestation-mit-dach-kabelhalterung-und-steckdose-fuer-e-fahrzeuge-ev-steckdose-3f-16a-11kw\/\",\"url\":\"https:\/\/www.kreainvent.com\/de\/produkt\/kreainvent-hochwertiger-universeller-standfuss-aus-aluminum-fuer-mobile-ladestation-mit-dach-kabelhalterung-und-steckdose-fuer-e-fahrzeuge-ev-steckdose-3f-16a-11kw\/\",\"name\":\"Kreainvent hochwertiger universeller Standfu\u00df aus Aluminum f\u00fcr mobile Ladestation mit Dach, Kabelhalterung und Steckdose f\u00fcr E-Fahrzeuge (EV Steckdose 3F, 16A, 11kW) - KREAINVENT - najve\u010dji ponudnik dodatne opreme za EV\",\"isPartOf\":{\"@id\":\"https:\/\/www.kreainvent.com\/de\/#website\"},\"primaryImageOfPage\":{\"@id\":\"https:\/\/www.kreainvent.com\/de\/produkt\/kreainvent-hochwertiger-universeller-standfuss-aus-aluminum-fuer-mobile-ladestation-mit-dach-kabelhalterung-und-steckdose-fuer-e-fahrzeuge-ev-steckdose-3f-16a-11kw\/#primaryimage\"},\"image\":{\"@id\":\"https:\/\/www.kreainvent.com\/de\/produkt\/kreainvent-hochwertiger-universeller-standfuss-aus-aluminum-fuer-mobile-ladestation-mit-dach-kabelhalterung-und-steckdose-fuer-e-fahrzeuge-ev-steckdose-3f-16a-11kw\/#primaryimage\"},\"thumbnailUrl\":\"https:\/\/www.kreainvent.com\/wp-content\/uploads\/2025\/05\/1_2-2.jpg\",\"datePublished\":\"2025-05-04T18:02:01+00:00\",\"dateModified\":\"2025-05-21T08:19:29+00:00\",\"breadcrumb\":{\"@id\":\"https:\/\/www.kreainvent.com\/de\/produkt\/kreainvent-hochwertiger-universeller-standfuss-aus-aluminum-fuer-mobile-ladestation-mit-dach-kabelhalterung-und-steckdose-fuer-e-fahrzeuge-ev-steckdose-3f-16a-11kw\/#breadcrumb\"},\"inLanguage\":\"de\",\"potentialAction\":[{\"@type\":\"ReadAction\",\"target\":[\"https:\/\/www.kreainvent.com\/de\/produkt\/kreainvent-hochwertiger-universeller-standfuss-aus-aluminum-fuer-mobile-ladestation-mit-dach-kabelhalterung-und-steckdose-fuer-e-fahrzeuge-ev-steckdose-3f-16a-11kw\/\"]}]},{\"@type\":\"ImageObject\",\"inLanguage\":\"de\",\"@id\":\"https:\/\/www.kreainvent.com\/de\/produkt\/kreainvent-hochwertiger-universeller-standfuss-aus-aluminum-fuer-mobile-ladestation-mit-dach-kabelhalterung-und-steckdose-fuer-e-fahrzeuge-ev-steckdose-3f-16a-11kw\/#primaryimage\",\"url\":\"https:\/\/www.kreainvent.com\/wp-content\/uploads\/2025\/05\/1_2-2.jpg\",\"contentUrl\":\"https:\/\/www.kreainvent.com\/wp-content\/uploads\/2025\/05\/1_2-2.jpg\",\"width\":1600,\"height\":1600},{\"@type\":\"BreadcrumbList\",\"@id\":\"https:\/\/www.kreainvent.com\/de\/produkt\/kreainvent-hochwertiger-universeller-standfuss-aus-aluminum-fuer-mobile-ladestation-mit-dach-kabelhalterung-und-steckdose-fuer-e-fahrzeuge-ev-steckdose-3f-16a-11kw\/#breadcrumb\",\"itemListElement\":[{\"@type\":\"ListItem\",\"position\":1,\"name\":\"Home\",\"item\":\"https:\/\/www.kreainvent.com\/de\/kreainvent-ihr-zuverlaessiger-partner-fuer-organisierte-e-mobilitaet\/\"},{\"@type\":\"ListItem\",\"position\":2,\"name\":\"Shop\",\"item\":\"https:\/\/www.kreainvent.com\/de\/shop\/\"},{\"@type\":\"ListItem\",\"position\":3,\"name\":\"Kreainvent hochwertiger universeller Standfu\u00df aus Aluminum f\u00fcr mobile Ladestation mit Dach, Kabelhalterung und Steckdose f\u00fcr E-Fahrzeuge (EV Steckdose 3F, 16A, 11kW)\"}]},{\"@type\":\"WebSite\",\"@id\":\"https:\/\/www.kreainvent.com\/de\/#website\",\"url\":\"https:\/\/www.kreainvent.com\/de\/\",\"name\":\"KREAINVENT - najve\u010dji ponudnik dodatne opreme za EV\",\"description\":\"Pomagamo vam do urejenega in organiziranega polnilnega mesta\",\"publisher\":{\"@id\":\"https:\/\/www.kreainvent.com\/de\/#organization\"},\"potentialAction\":[{\"@type\":\"SearchAction\",\"target\":{\"@type\":\"EntryPoint\",\"urlTemplate\":\"https:\/\/www.kreainvent.com\/de\/?s={search_term_string}\"},\"query-input\":{\"@type\":\"PropertyValueSpecification\",\"valueRequired\":true,\"valueName\":\"search_term_string\"}}],\"inLanguage\":\"de\"},{\"@type\":\"Organization\",\"@id\":\"https:\/\/www.kreainvent.com\/de\/#organization\",\"name\":\"KREAINVENT, razvoj e-mobilnosti, svetovanje in trgovina\",\"url\":\"https:\/\/www.kreainvent.com\/de\/\",\"logo\":{\"@type\":\"ImageObject\",\"inLanguage\":\"de\",\"@id\":\"https:\/\/www.kreainvent.com\/de\/#\/schema\/logo\/image\/\",\"url\":\"https:\/\/www.kreainvent.com\/wp-content\/uploads\/2024\/04\/kreainvent-ver-w900.png\",\"contentUrl\":\"https:\/\/www.kreainvent.com\/wp-content\/uploads\/2024\/04\/kreainvent-ver-w900.png\",\"width\":900,\"height\":791,\"caption\":\"KREAINVENT, razvoj e-mobilnosti, svetovanje in trgovina\"},\"image\":{\"@id\":\"https:\/\/www.kreainvent.com\/de\/#\/schema\/logo\/image\/\"}}]}<\/script>\n<!-- \/ Yoast SEO plugin. -->","yoast_head_json":{"title":"Kreainvent hochwertiger universeller Standfu\u00df aus Aluminum f\u00fcr mobile Ladestation mit Dach, Kabelhalterung und Steckdose f\u00fcr E-Fahrzeuge (EV Steckdose 3F, 16A, 11kW) - KREAINVENT - najve\u010dji ponudnik dodatne opreme za EV","robots":{"index":"index","follow":"follow","max-snippet":"max-snippet:-1","max-image-preview":"max-image-preview:large","max-video-preview":"max-video-preview:-1"},"canonical":"https:\/\/www.kreainvent.com\/de\/produkt\/kreainvent-hochwertiger-universeller-standfuss-aus-aluminum-fuer-mobile-ladestation-mit-dach-kabelhalterung-und-steckdose-fuer-e-fahrzeuge-ev-steckdose-3f-16a-11kw\/","og_locale":"de_DE","og_type":"article","og_title":"Kreainvent hochwertiger universeller Standfu\u00df aus Aluminum f\u00fcr mobile Ladestation mit Dach, Kabelhalterung und Steckdose f\u00fcr E-Fahrzeuge (EV Steckdose 3F, 16A, 11kW) - KREAINVENT - najve\u010dji ponudnik dodatne opreme za EV","og_description":"Universeller und robuster Aluminiumst\u00e4nder (RAL7016) mit industrieller 3-Phasen-CEE-Steckdose (16A, 415V) f\u00fcr zuverl\u00e4ssiges Laden bis 11kW. Passend f\u00fcr die meisten portablen Ladeger\u00e4te (bis 400 x 250 mm), mit Wetterschutzdach und Kabelschlosshalterung (Typ 2). Alle Teile sind aus rostfreien Materialien gefertigt.","og_url":"https:\/\/www.kreainvent.com\/de\/produkt\/kreainvent-hochwertiger-universeller-standfuss-aus-aluminum-fuer-mobile-ladestation-mit-dach-kabelhalterung-und-steckdose-fuer-e-fahrzeuge-ev-steckdose-3f-16a-11kw\/","og_site_name":"KREAINVENT - najve\u010dji ponudnik dodatne opreme za EV","article_modified_time":"2025-05-21T08:19:29+00:00","og_image":[{"width":1600,"height":1600,"url":"https:\/\/www.kreainvent.com\/wp-content\/uploads\/2025\/05\/1_2-2.jpg","type":"image\/jpeg"}],"twitter_card":"summary_large_image","twitter_misc":{"Gesch\u00e4tzte Lesezeit":"2\u00a0Minuten"},"schema":{"@context":"https:\/\/schema.org","@graph":[{"@type":"WebPage","@id":"https:\/\/www.kreainvent.com\/de\/produkt\/kreainvent-hochwertiger-universeller-standfuss-aus-aluminum-fuer-mobile-ladestation-mit-dach-kabelhalterung-und-steckdose-fuer-e-fahrzeuge-ev-steckdose-3f-16a-11kw\/","url":"https:\/\/www.kreainvent.com\/de\/produkt\/kreainvent-hochwertiger-universeller-standfuss-aus-aluminum-fuer-mobile-ladestation-mit-dach-kabelhalterung-und-steckdose-fuer-e-fahrzeuge-ev-steckdose-3f-16a-11kw\/","name":"Kreainvent hochwertiger universeller Standfu\u00df aus Aluminum f\u00fcr mobile Ladestation mit Dach, Kabelhalterung und Steckdose f\u00fcr E-Fahrzeuge (EV Steckdose 3F, 16A, 11kW) - KREAINVENT - najve\u010dji ponudnik dodatne opreme za EV","isPartOf":{"@id":"https:\/\/www.kreainvent.com\/de\/#website"},"primaryImageOfPage":{"@id":"https:\/\/www.kreainvent.com\/de\/produkt\/kreainvent-hochwertiger-universeller-standfuss-aus-aluminum-fuer-mobile-ladestation-mit-dach-kabelhalterung-und-steckdose-fuer-e-fahrzeuge-ev-steckdose-3f-16a-11kw\/#primaryimage"},"image":{"@id":"https:\/\/www.kreainvent.com\/de\/produkt\/kreainvent-hochwertiger-universeller-standfuss-aus-aluminum-fuer-mobile-ladestation-mit-dach-kabelhalterung-und-steckdose-fuer-e-fahrzeuge-ev-steckdose-3f-16a-11kw\/#primaryimage"},"thumbnailUrl":"https:\/\/www.kreainvent.com\/wp-content\/uploads\/2025\/05\/1_2-2.jpg","datePublished":"2025-05-04T18:02:01+00:00","dateModified":"2025-05-21T08:19:29+00:00","breadcrumb":{"@id":"https:\/\/www.kreainvent.com\/de\/produkt\/kreainvent-hochwertiger-universeller-standfuss-aus-aluminum-fuer-mobile-ladestation-mit-dach-kabelhalterung-und-steckdose-fuer-e-fahrzeuge-ev-steckdose-3f-16a-11kw\/#breadcrumb"},"inLanguage":"de","potentialAction":[{"@type":"ReadAction","target":["https:\/\/www.kreainvent.com\/de\/produkt\/kreainvent-hochwertiger-universeller-standfuss-aus-aluminum-fuer-mobile-ladestation-mit-dach-kabelhalterung-und-steckdose-fuer-e-fahrzeuge-ev-steckdose-3f-16a-11kw\/"]}]},{"@type":"ImageObject","inLanguage":"de","@id":"https:\/\/www.kreainvent.com\/de\/produkt\/kreainvent-hochwertiger-universeller-standfuss-aus-aluminum-fuer-mobile-ladestation-mit-dach-kabelhalterung-und-steckdose-fuer-e-fahrzeuge-ev-steckdose-3f-16a-11kw\/#primaryimage","url":"https:\/\/www.kreainvent.com\/wp-content\/uploads\/2025\/05\/1_2-2.jpg","contentUrl":"https:\/\/www.kreainvent.com\/wp-content\/uploads\/2025\/05\/1_2-2.jpg","width":1600,"height":1600},{"@type":"BreadcrumbList","@id":"https:\/\/www.kreainvent.com\/de\/produkt\/kreainvent-hochwertiger-universeller-standfuss-aus-aluminum-fuer-mobile-ladestation-mit-dach-kabelhalterung-und-steckdose-fuer-e-fahrzeuge-ev-steckdose-3f-16a-11kw\/#breadcrumb","itemListElement":[{"@type":"ListItem","position":1,"name":"Home","item":"https:\/\/www.kreainvent.com\/de\/kreainvent-ihr-zuverlaessiger-partner-fuer-organisierte-e-mobilitaet\/"},{"@type":"ListItem","position":2,"name":"Shop","item":"https:\/\/www.kreainvent.com\/de\/shop\/"},{"@type":"ListItem","position":3,"name":"Kreainvent hochwertiger universeller Standfu\u00df aus Aluminum f\u00fcr mobile Ladestation mit Dach, Kabelhalterung und Steckdose f\u00fcr E-Fahrzeuge (EV Steckdose 3F, 16A, 11kW)"}]},{"@type":"WebSite","@id":"https:\/\/www.kreainvent.com\/de\/#website","url":"https:\/\/www.kreainvent.com\/de\/","name":"KREAINVENT - najve\u010dji ponudnik dodatne opreme za EV","description":"Pomagamo vam do urejenega in organiziranega polnilnega mesta","publisher":{"@id":"https:\/\/www.kreainvent.com\/de\/#organization"},"potentialAction":[{"@type":"SearchAction","target":{"@type":"EntryPoint","urlTemplate":"https:\/\/www.kreainvent.com\/de\/?s={search_term_string}"},"query-input":{"@type":"PropertyValueSpecification","valueRequired":true,"valueName":"search_term_string"}}],"inLanguage":"de"},{"@type":"Organization","@id":"https:\/\/www.kreainvent.com\/de\/#organization","name":"KREAINVENT, razvoj e-mobilnosti, svetovanje in trgovina","url":"https:\/\/www.kreainvent.com\/de\/","logo":{"@type":"ImageObject","inLanguage":"de","@id":"https:\/\/www.kreainvent.com\/de\/#\/schema\/logo\/image\/","url":"https:\/\/www.kreainvent.com\/wp-content\/uploads\/2024\/04\/kreainvent-ver-w900.png","contentUrl":"https:\/\/www.kreainvent.com\/wp-content\/uploads\/2024\/04\/kreainvent-ver-w900.png","width":900,"height":791,"caption":"KREAINVENT, razvoj e-mobilnosti, svetovanje in trgovina"},"image":{"@id":"https:\/\/www.kreainvent.com\/de\/#\/schema\/logo\/image\/"}}]}},"_links":{"self":[{"href":"https:\/\/www.kreainvent.com\/de\/wp-json\/wp\/v2\/product\/6019","targetHints":{"allow":["GET"]}}],"collection":[{"href":"https:\/\/www.kreainvent.com\/de\/wp-json\/wp\/v2\/product"}],"about":[{"href":"https:\/\/www.kreainvent.com\/de\/wp-json\/wp\/v2\/types\/product"}],"replies":[{"embeddable":true,"href":"https:\/\/www.kreainvent.com\/de\/wp-json\/wp\/v2\/comments?post=6019"}],"version-history":[{"count":2,"href":"https:\/\/www.kreainvent.com\/de\/wp-json\/wp\/v2\/product\/6019\/revisions"}],"predecessor-version":[{"id":6042,"href":"https:\/\/www.kreainvent.com\/de\/wp-json\/wp\/v2\/product\/6019\/revisions\/6042"}],"wp:featuredmedia":[{"embeddable":true,"href":"https:\/\/www.kreainvent.com\/de\/wp-json\/wp\/v2\/media\/6022"}],"wp:attachment":[{"href":"https:\/\/www.kreainvent.com\/de\/wp-json\/wp\/v2\/media?parent=6019"}],"wp:term":[{"taxonomy":"product_brand","embeddable":true,"href":"https:\/\/www.kreainvent.com\/de\/wp-json\/wp\/v2\/product_brand?post=6019"},{"taxonomy":"product_cat","embeddable":true,"href":"https:\/\/www.kreainvent.com\/de\/wp-json\/wp\/v2\/product_cat?post=6019"},{"taxonomy":"product_tag","embeddable":true,"href":"https:\/\/www.kreainvent.com\/de\/wp-json\/wp\/v2\/product_tag?post=6019"}],"curies":[{"name":"wp","href":"https:\/\/api.w.org\/{rel}","templated":true}]}}