{"id":5933,"date":"2025-05-03T14:57:23","date_gmt":"2025-05-03T13:57:23","guid":{"rendered":"https:\/\/www.kreainvent.com\/?post_type=product&#038;p=5933"},"modified":"2025-05-03T15:15:53","modified_gmt":"2025-05-03T14:15:53","slug":"universal-wallbox-saeule-aus-aluminium-mit-dach-fuer-stabile-installation-der-ladestation","status":"publish","type":"product","link":"https:\/\/www.kreainvent.com\/de\/produkt\/universal-wallbox-saeule-aus-aluminium-mit-dach-fuer-stabile-installation-der-ladestation\/","title":{"rendered":"Universal-Wallbox-S\u00e4ule aus Aluminium mit Dach, f\u00fcr stabile Installation der Ladestation"},"content":{"rendered":"<h3 id=\"title\" class=\"a-size-large a-spacing-none\"><span id=\"productTitle\" class=\"a-size-large product-title-word-break\">Kreainvent Universal-Wallbox-S\u00e4ule aus Aluminium mit Dach, f\u00fcr stabile Installation der Ladestation.<\/span><\/h3>\n<p><strong>F\u00fcr organisierte Ladestelle f\u00fcr E-Fahrzeuge. Fassadenwandplatte f\u00fcr Wallbox.<\/strong><\/p>\n<ul>\n<li><strong>Universal-Wallbox-S\u00e4ule<\/strong>: geeignet f\u00fcr die Montage von meisten Ladestationen. Max. Abmessung der Ladestation: 45&#215;35 cm. Montage der Ladestation an die S\u00e4ule erfolgt auf die gleiche Art und Weise wie die Montage an die Wand.<\/li>\n<li><strong>Stabile Installation<\/strong>: Die Montage ist durch das Design der S\u00e4ule schneller und einfacher als eine Montage an die Wand. Die flache und feste Oberfl\u00e4che der S\u00e4ule erm\u00f6glicht eine stabile Anbringung und perfekte Abdichtung, was zu einer langfristigen Zuverl\u00e4ssigkeit und Sicherheit beitr\u00e4gt.<\/li>\n<li><strong>Zus\u00e4tzlicher Schutz f\u00fcr die Ladestation<\/strong>: Das Dach sch\u00fctzt die Ladestation zus\u00e4tzlich vor \u00e4u\u00dferen Einfl\u00fcssen und verl\u00e4ngert ihre Lebensdauer.<\/li>\n<li><strong>Organisierte Ladestelle<\/strong>: Die Leitungen und die \u00fcbrigen elektrischen Anschl\u00fcsse an die Ladestation sind unter der S\u00e4ule versteckt und somit gesch\u00fctzt, wodurch die Ladestation organisierter wirkt.<\/li>\n<li><strong>Fassadenschutz<\/strong>: Eine Wands\u00e4ule sch\u00fctzt Ihre Fassade und das Kabel vor zus\u00e4tzlichem Verschlei\u00df.<\/li>\n<li><strong>Organisierte Ladestelle<\/strong>: Auf der S\u00e4ule befinden sich eine Schuko Steckdose (max. Belastung 16A, 3,7kw) und ein Ladekabelhalter. Wands\u00e4ule ist aus Aluminium gefertigt, in der Anthrazit-Farbe RAL7016, inkl. Edelstahlschrauben f\u00fcr die Montage.<\/li>\n<\/ul>\n","protected":false},"excerpt":{"rendered":"<p><strong>F\u00fcr organisierte Ladestelle f\u00fcr E-Fahrzeuge. Fassadenwandplatte f\u00fcr Wallbox.<\/strong><\/p>\n<p>Eine zuverl\u00e4ssige L\u00f6sung zur Befestigung der meisten Ladestationen mit einer Gr\u00f6\u00dfe von bis zu 45 x 35 cm. Das eingebaute Schutzdach sch\u00fctzt die Ladestation vor Witterungseinfl\u00fcssen und verl\u00e4ngert ihre Lebensdauer. Der St\u00e4nder erm\u00f6glicht eine schnelle und stabile Installation mit sauberer und versteckter Verkabelung und einer zus\u00e4tzlichen Schuko-Steckdose (16 A, 3,7 kW) und Kabelhalter.<\/p>\n","protected":false},"featured_media":8339,"comment_status":"open","ping_status":"closed","template":"","meta":{"_acf_changed":false,"iawp_total_views":1729},"product_brand":[],"product_cat":[254],"product_tag":[],"class_list":{"0":"post-5933","1":"product","2":"type-product","3":"status-publish","4":"has-post-thumbnail","6":"product_cat-fassadenwandplatte-fur-ladestationen","7":"pa_znamka-kreainvent-de","9":"first","10":"instock","11":"taxable","12":"shipping-taxable","13":"purchasable","14":"product-type-simple"},"acf":[],"yoast_head":"<!-- This site is optimized with the Yoast SEO plugin v26.9 - https:\/\/yoast.com\/product\/yoast-seo-wordpress\/ -->\n<title>Universal-Wallbox-S\u00e4ule aus Aluminium mit Dach, f\u00fcr stabile Installation der Ladestation - KREAINVENT - najve\u010dji ponudnik dodatne opreme za EV<\/title>\n<meta name=\"robots\" content=\"index, follow, max-snippet:-1, max-image-preview:large, max-video-preview:-1\" \/>\n<link rel=\"canonical\" href=\"https:\/\/www.kreainvent.com\/de\/produkt\/universal-wallbox-saeule-aus-aluminium-mit-dach-fuer-stabile-installation-der-ladestation\/\" \/>\n<meta property=\"og:locale\" content=\"de_DE\" \/>\n<meta property=\"og:type\" content=\"article\" \/>\n<meta property=\"og:title\" content=\"Universal-Wallbox-S\u00e4ule aus Aluminium mit Dach, f\u00fcr stabile Installation der Ladestation - KREAINVENT - najve\u010dji ponudnik dodatne opreme za EV\" \/>\n<meta property=\"og:description\" content=\"F\u00fcr organisierte Ladestelle f\u00fcr E-Fahrzeuge. Fassadenwandplatte f\u00fcr Wallbox.  Eine zuverl\u00e4ssige L\u00f6sung zur Befestigung der meisten Ladestationen mit einer Gr\u00f6\u00dfe von bis zu 45 x 35 cm. Das eingebaute Schutzdach sch\u00fctzt die Ladestation vor Witterungseinfl\u00fcssen und verl\u00e4ngert ihre Lebensdauer. Der St\u00e4nder erm\u00f6glicht eine schnelle und stabile Installation mit sauberer und versteckter Verkabelung und einer zus\u00e4tzlichen Schuko-Steckdose (16 A, 3,7 kW) und Kabelhalter.\" \/>\n<meta property=\"og:url\" content=\"https:\/\/www.kreainvent.com\/de\/produkt\/universal-wallbox-saeule-aus-aluminium-mit-dach-fuer-stabile-installation-der-ladestation\/\" \/>\n<meta property=\"og:site_name\" content=\"KREAINVENT - najve\u010dji ponudnik dodatne opreme za EV\" \/>\n<meta property=\"article:modified_time\" content=\"2025-05-03T14:15:53+00:00\" \/>\n<meta property=\"og:image\" content=\"https:\/\/www.kreainvent.com\/wp-content\/uploads\/2025\/05\/B0DV7B23LG_01.jpg\" \/>\n\t<meta property=\"og:image:width\" content=\"1600\" \/>\n\t<meta property=\"og:image:height\" content=\"1600\" \/>\n\t<meta property=\"og:image:type\" content=\"image\/jpeg\" \/>\n<meta name=\"twitter:card\" content=\"summary_large_image\" \/>\n<meta name=\"twitter:label1\" content=\"Gesch\u00e4tzte Lesezeit\" \/>\n\t<meta name=\"twitter:data1\" content=\"2\u00a0Minuten\" \/>\n<script type=\"application\/ld+json\" class=\"yoast-schema-graph\">{\"@context\":\"https:\/\/schema.org\",\"@graph\":[{\"@type\":\"WebPage\",\"@id\":\"https:\/\/www.kreainvent.com\/de\/produkt\/universal-wallbox-saeule-aus-aluminium-mit-dach-fuer-stabile-installation-der-ladestation\/\",\"url\":\"https:\/\/www.kreainvent.com\/de\/produkt\/universal-wallbox-saeule-aus-aluminium-mit-dach-fuer-stabile-installation-der-ladestation\/\",\"name\":\"Universal-Wallbox-S\u00e4ule aus Aluminium mit Dach, f\u00fcr stabile Installation der Ladestation - KREAINVENT - najve\u010dji ponudnik dodatne opreme za EV\",\"isPartOf\":{\"@id\":\"https:\/\/www.kreainvent.com\/de\/#website\"},\"primaryImageOfPage\":{\"@id\":\"https:\/\/www.kreainvent.com\/de\/produkt\/universal-wallbox-saeule-aus-aluminium-mit-dach-fuer-stabile-installation-der-ladestation\/#primaryimage\"},\"image\":{\"@id\":\"https:\/\/www.kreainvent.com\/de\/produkt\/universal-wallbox-saeule-aus-aluminium-mit-dach-fuer-stabile-installation-der-ladestation\/#primaryimage\"},\"thumbnailUrl\":\"https:\/\/www.kreainvent.com\/wp-content\/uploads\/2025\/05\/B0DV7B23LG_01.jpg\",\"datePublished\":\"2025-05-03T13:57:23+00:00\",\"dateModified\":\"2025-05-03T14:15:53+00:00\",\"breadcrumb\":{\"@id\":\"https:\/\/www.kreainvent.com\/de\/produkt\/universal-wallbox-saeule-aus-aluminium-mit-dach-fuer-stabile-installation-der-ladestation\/#breadcrumb\"},\"inLanguage\":\"de\",\"potentialAction\":[{\"@type\":\"ReadAction\",\"target\":[\"https:\/\/www.kreainvent.com\/de\/produkt\/universal-wallbox-saeule-aus-aluminium-mit-dach-fuer-stabile-installation-der-ladestation\/\"]}]},{\"@type\":\"ImageObject\",\"inLanguage\":\"de\",\"@id\":\"https:\/\/www.kreainvent.com\/de\/produkt\/universal-wallbox-saeule-aus-aluminium-mit-dach-fuer-stabile-installation-der-ladestation\/#primaryimage\",\"url\":\"https:\/\/www.kreainvent.com\/wp-content\/uploads\/2025\/05\/B0DV7B23LG_01.jpg\",\"contentUrl\":\"https:\/\/www.kreainvent.com\/wp-content\/uploads\/2025\/05\/B0DV7B23LG_01.jpg\",\"width\":1600,\"height\":1600},{\"@type\":\"BreadcrumbList\",\"@id\":\"https:\/\/www.kreainvent.com\/de\/produkt\/universal-wallbox-saeule-aus-aluminium-mit-dach-fuer-stabile-installation-der-ladestation\/#breadcrumb\",\"itemListElement\":[{\"@type\":\"ListItem\",\"position\":1,\"name\":\"Home\",\"item\":\"https:\/\/www.kreainvent.com\/de\/kreainvent-ihr-zuverlaessiger-partner-fuer-organisierte-e-mobilitaet\/\"},{\"@type\":\"ListItem\",\"position\":2,\"name\":\"Shop\",\"item\":\"https:\/\/www.kreainvent.com\/de\/shop\/\"},{\"@type\":\"ListItem\",\"position\":3,\"name\":\"Universal-Wallbox-S\u00e4ule aus Aluminium mit Dach, f\u00fcr stabile Installation der Ladestation\"}]},{\"@type\":\"WebSite\",\"@id\":\"https:\/\/www.kreainvent.com\/de\/#website\",\"url\":\"https:\/\/www.kreainvent.com\/de\/\",\"name\":\"KREAINVENT - najve\u010dji ponudnik dodatne opreme za EV\",\"description\":\"Pomagamo vam do urejenega in organiziranega polnilnega mesta\",\"publisher\":{\"@id\":\"https:\/\/www.kreainvent.com\/de\/#organization\"},\"potentialAction\":[{\"@type\":\"SearchAction\",\"target\":{\"@type\":\"EntryPoint\",\"urlTemplate\":\"https:\/\/www.kreainvent.com\/de\/?s={search_term_string}\"},\"query-input\":{\"@type\":\"PropertyValueSpecification\",\"valueRequired\":true,\"valueName\":\"search_term_string\"}}],\"inLanguage\":\"de\"},{\"@type\":\"Organization\",\"@id\":\"https:\/\/www.kreainvent.com\/de\/#organization\",\"name\":\"KREAINVENT, razvoj e-mobilnosti, svetovanje in trgovina\",\"url\":\"https:\/\/www.kreainvent.com\/de\/\",\"logo\":{\"@type\":\"ImageObject\",\"inLanguage\":\"de\",\"@id\":\"https:\/\/www.kreainvent.com\/de\/#\/schema\/logo\/image\/\",\"url\":\"https:\/\/www.kreainvent.com\/wp-content\/uploads\/2024\/04\/kreainvent-ver-w900.png\",\"contentUrl\":\"https:\/\/www.kreainvent.com\/wp-content\/uploads\/2024\/04\/kreainvent-ver-w900.png\",\"width\":900,\"height\":791,\"caption\":\"KREAINVENT, razvoj e-mobilnosti, svetovanje in trgovina\"},\"image\":{\"@id\":\"https:\/\/www.kreainvent.com\/de\/#\/schema\/logo\/image\/\"}}]}<\/script>\n<!-- \/ Yoast SEO plugin. -->","yoast_head_json":{"title":"Universal-Wallbox-S\u00e4ule aus Aluminium mit Dach, f\u00fcr stabile Installation der Ladestation - KREAINVENT - najve\u010dji ponudnik dodatne opreme za EV","robots":{"index":"index","follow":"follow","max-snippet":"max-snippet:-1","max-image-preview":"max-image-preview:large","max-video-preview":"max-video-preview:-1"},"canonical":"https:\/\/www.kreainvent.com\/de\/produkt\/universal-wallbox-saeule-aus-aluminium-mit-dach-fuer-stabile-installation-der-ladestation\/","og_locale":"de_DE","og_type":"article","og_title":"Universal-Wallbox-S\u00e4ule aus Aluminium mit Dach, f\u00fcr stabile Installation der Ladestation - KREAINVENT - najve\u010dji ponudnik dodatne opreme za EV","og_description":"F\u00fcr organisierte Ladestelle f\u00fcr E-Fahrzeuge. Fassadenwandplatte f\u00fcr Wallbox.  Eine zuverl\u00e4ssige L\u00f6sung zur Befestigung der meisten Ladestationen mit einer Gr\u00f6\u00dfe von bis zu 45 x 35 cm. Das eingebaute Schutzdach sch\u00fctzt die Ladestation vor Witterungseinfl\u00fcssen und verl\u00e4ngert ihre Lebensdauer. Der St\u00e4nder erm\u00f6glicht eine schnelle und stabile Installation mit sauberer und versteckter Verkabelung und einer zus\u00e4tzlichen Schuko-Steckdose (16 A, 3,7 kW) und Kabelhalter.","og_url":"https:\/\/www.kreainvent.com\/de\/produkt\/universal-wallbox-saeule-aus-aluminium-mit-dach-fuer-stabile-installation-der-ladestation\/","og_site_name":"KREAINVENT - najve\u010dji ponudnik dodatne opreme za EV","article_modified_time":"2025-05-03T14:15:53+00:00","og_image":[{"width":1600,"height":1600,"url":"https:\/\/www.kreainvent.com\/wp-content\/uploads\/2025\/05\/B0DV7B23LG_01.jpg","type":"image\/jpeg"}],"twitter_card":"summary_large_image","twitter_misc":{"Gesch\u00e4tzte Lesezeit":"2\u00a0Minuten"},"schema":{"@context":"https:\/\/schema.org","@graph":[{"@type":"WebPage","@id":"https:\/\/www.kreainvent.com\/de\/produkt\/universal-wallbox-saeule-aus-aluminium-mit-dach-fuer-stabile-installation-der-ladestation\/","url":"https:\/\/www.kreainvent.com\/de\/produkt\/universal-wallbox-saeule-aus-aluminium-mit-dach-fuer-stabile-installation-der-ladestation\/","name":"Universal-Wallbox-S\u00e4ule aus Aluminium mit Dach, f\u00fcr stabile Installation der Ladestation - KREAINVENT - najve\u010dji ponudnik dodatne opreme za EV","isPartOf":{"@id":"https:\/\/www.kreainvent.com\/de\/#website"},"primaryImageOfPage":{"@id":"https:\/\/www.kreainvent.com\/de\/produkt\/universal-wallbox-saeule-aus-aluminium-mit-dach-fuer-stabile-installation-der-ladestation\/#primaryimage"},"image":{"@id":"https:\/\/www.kreainvent.com\/de\/produkt\/universal-wallbox-saeule-aus-aluminium-mit-dach-fuer-stabile-installation-der-ladestation\/#primaryimage"},"thumbnailUrl":"https:\/\/www.kreainvent.com\/wp-content\/uploads\/2025\/05\/B0DV7B23LG_01.jpg","datePublished":"2025-05-03T13:57:23+00:00","dateModified":"2025-05-03T14:15:53+00:00","breadcrumb":{"@id":"https:\/\/www.kreainvent.com\/de\/produkt\/universal-wallbox-saeule-aus-aluminium-mit-dach-fuer-stabile-installation-der-ladestation\/#breadcrumb"},"inLanguage":"de","potentialAction":[{"@type":"ReadAction","target":["https:\/\/www.kreainvent.com\/de\/produkt\/universal-wallbox-saeule-aus-aluminium-mit-dach-fuer-stabile-installation-der-ladestation\/"]}]},{"@type":"ImageObject","inLanguage":"de","@id":"https:\/\/www.kreainvent.com\/de\/produkt\/universal-wallbox-saeule-aus-aluminium-mit-dach-fuer-stabile-installation-der-ladestation\/#primaryimage","url":"https:\/\/www.kreainvent.com\/wp-content\/uploads\/2025\/05\/B0DV7B23LG_01.jpg","contentUrl":"https:\/\/www.kreainvent.com\/wp-content\/uploads\/2025\/05\/B0DV7B23LG_01.jpg","width":1600,"height":1600},{"@type":"BreadcrumbList","@id":"https:\/\/www.kreainvent.com\/de\/produkt\/universal-wallbox-saeule-aus-aluminium-mit-dach-fuer-stabile-installation-der-ladestation\/#breadcrumb","itemListElement":[{"@type":"ListItem","position":1,"name":"Home","item":"https:\/\/www.kreainvent.com\/de\/kreainvent-ihr-zuverlaessiger-partner-fuer-organisierte-e-mobilitaet\/"},{"@type":"ListItem","position":2,"name":"Shop","item":"https:\/\/www.kreainvent.com\/de\/shop\/"},{"@type":"ListItem","position":3,"name":"Universal-Wallbox-S\u00e4ule aus Aluminium mit Dach, f\u00fcr stabile Installation der Ladestation"}]},{"@type":"WebSite","@id":"https:\/\/www.kreainvent.com\/de\/#website","url":"https:\/\/www.kreainvent.com\/de\/","name":"KREAINVENT - najve\u010dji ponudnik dodatne opreme za EV","description":"Pomagamo vam do urejenega in organiziranega polnilnega mesta","publisher":{"@id":"https:\/\/www.kreainvent.com\/de\/#organization"},"potentialAction":[{"@type":"SearchAction","target":{"@type":"EntryPoint","urlTemplate":"https:\/\/www.kreainvent.com\/de\/?s={search_term_string}"},"query-input":{"@type":"PropertyValueSpecification","valueRequired":true,"valueName":"search_term_string"}}],"inLanguage":"de"},{"@type":"Organization","@id":"https:\/\/www.kreainvent.com\/de\/#organization","name":"KREAINVENT, razvoj e-mobilnosti, svetovanje in trgovina","url":"https:\/\/www.kreainvent.com\/de\/","logo":{"@type":"ImageObject","inLanguage":"de","@id":"https:\/\/www.kreainvent.com\/de\/#\/schema\/logo\/image\/","url":"https:\/\/www.kreainvent.com\/wp-content\/uploads\/2024\/04\/kreainvent-ver-w900.png","contentUrl":"https:\/\/www.kreainvent.com\/wp-content\/uploads\/2024\/04\/kreainvent-ver-w900.png","width":900,"height":791,"caption":"KREAINVENT, razvoj e-mobilnosti, svetovanje in trgovina"},"image":{"@id":"https:\/\/www.kreainvent.com\/de\/#\/schema\/logo\/image\/"}}]}},"_links":{"self":[{"href":"https:\/\/www.kreainvent.com\/de\/wp-json\/wp\/v2\/product\/5933","targetHints":{"allow":["GET"]}}],"collection":[{"href":"https:\/\/www.kreainvent.com\/de\/wp-json\/wp\/v2\/product"}],"about":[{"href":"https:\/\/www.kreainvent.com\/de\/wp-json\/wp\/v2\/types\/product"}],"replies":[{"embeddable":true,"href":"https:\/\/www.kreainvent.com\/de\/wp-json\/wp\/v2\/comments?post=5933"}],"version-history":[{"count":2,"href":"https:\/\/www.kreainvent.com\/de\/wp-json\/wp\/v2\/product\/5933\/revisions"}],"predecessor-version":[{"id":5955,"href":"https:\/\/www.kreainvent.com\/de\/wp-json\/wp\/v2\/product\/5933\/revisions\/5955"}],"wp:featuredmedia":[{"embeddable":true,"href":"https:\/\/www.kreainvent.com\/de\/wp-json\/wp\/v2\/media\/8339"}],"wp:attachment":[{"href":"https:\/\/www.kreainvent.com\/de\/wp-json\/wp\/v2\/media?parent=5933"}],"wp:term":[{"taxonomy":"product_brand","embeddable":true,"href":"https:\/\/www.kreainvent.com\/de\/wp-json\/wp\/v2\/product_brand?post=5933"},{"taxonomy":"product_cat","embeddable":true,"href":"https:\/\/www.kreainvent.com\/de\/wp-json\/wp\/v2\/product_cat?post=5933"},{"taxonomy":"product_tag","embeddable":true,"href":"https:\/\/www.kreainvent.com\/de\/wp-json\/wp\/v2\/product_tag?post=5933"}],"curies":[{"name":"wp","href":"https:\/\/api.w.org\/{rel}","templated":true}]}}