{"id":5913,"date":"2025-05-03T14:38:14","date_gmt":"2025-05-03T13:38:14","guid":{"rendered":"https:\/\/www.kreainvent.com\/?post_type=product&#038;p=5913"},"modified":"2025-05-03T15:10:29","modified_gmt":"2025-05-03T14:10:29","slug":"universal-wallbox-saule-aus-aluminium-fur-stabile-installation-der-ladestation","status":"publish","type":"product","link":"https:\/\/www.kreainvent.com\/de\/produkt\/universal-wallbox-saule-aus-aluminium-fur-stabile-installation-der-ladestation\/","title":{"rendered":"Universal-Wallbox-S\u00e4ule aus Aluminium f\u00fcr stabile Installation der Ladestation"},"content":{"rendered":"<h3 id=\"title\" class=\"a-size-large a-spacing-none\"><span id=\"productTitle\" class=\"a-size-large product-title-word-break\">Kreainvent Universal-Wallbox-S\u00e4ule aus Aluminium f\u00fcr stabile Installation der Ladestation.<\/span><\/h3>\n<p><strong>F\u00fcr organisierte Ladestelle f\u00fcr E-Fahrzeuge. Fassadenwandplatte f\u00fcr Wallbox.<\/strong><\/p>\n<ul>\n<li><strong>Universal-Wallbox-S\u00e4ule<\/strong>: geeignet f\u00fcr die Montage von meisten Ladestationen. Max. Abmessung der Ladestation: 45&#215;35 cm. Montage der Ladestation an die S\u00e4ule erfolgt auf die gleiche Art und Weise wie die Montage an die Wand.<\/li>\n<li><strong>Stabile Installation<\/strong>: Die Montage ist durch das Design der S\u00e4ule schneller und einfacher als eine Montage an die Wand. Die flache und feste Oberfl\u00e4che der S\u00e4ule erm\u00f6glicht eine stabile Anbringung und perfekte Abdichtung, was zu einer langfristigen Zuverl\u00e4ssigkeit und Sicherheit beitr\u00e4gt.<\/li>\n<li><strong>Organisierte Ladestelle<\/strong>: Die Leitungen und die \u00fcbrigen elektrischen Anschl\u00fcsse an die Ladestation sind unter der S\u00e4ule versteckt und somit gesch\u00fctzt, wodurch die Ladestation organisierter wirkt.<\/li>\n<li><strong>Fassadenschutz<\/strong>: Eine Wands\u00e4ule sch\u00fctzt Ihre Fassade und das Kabel vor zus\u00e4tzlichem Verschlei\u00df.<\/li>\n<li><strong>Organisierte Ladestelle<\/strong>: Auf der S\u00e4ule befinden sich eine Schuko Steckdose (max. Belastung 16A, 3,7kw) und ein Ladekabelhalter. Wands\u00e4ule ist aus Aluminium gefertigt, in der Anthrazit-Farbe RAL7016, inkl. Edelstahlschrauben f\u00fcr die Montage.<\/li>\n<\/ul>\n","protected":false},"excerpt":{"rendered":"<p><strong>F\u00fcr organisierte Ladestelle f\u00fcr E-Fahrzeuge. Fassadenwandplatte f\u00fcr Wallbox.<\/strong><\/p>\n<p>Eine effiziente L\u00f6sung zur Montage einer Ladestation, passend f\u00fcr die meisten Modelle bis zu den Ma\u00dfen 45&#215;35 cm. Der St\u00e4nder erm\u00f6glicht eine stabile, sichere und \u00e4sthetische Installation, wobei alle Kabel unter dem Geh\u00e4use verborgen sind. Inklusive zus\u00e4tzlicher Schuko-Steckdose (16A, 3,7 kW) und Kabelhalter.<\/p>\n","protected":false},"featured_media":5911,"comment_status":"open","ping_status":"closed","template":"","meta":{"_acf_changed":false,"iawp_total_views":455},"product_brand":[],"product_cat":[254],"product_tag":[],"class_list":{"0":"post-5913","1":"product","2":"type-product","3":"status-publish","4":"has-post-thumbnail","6":"product_cat-fassadenwandplatte-fur-ladestationen","7":"pa_znamka-kreainvent-de","9":"first","10":"instock","11":"taxable","12":"shipping-taxable","13":"purchasable","14":"product-type-simple"},"acf":[],"yoast_head":"<!-- This site is optimized with the Yoast SEO plugin v26.9 - https:\/\/yoast.com\/product\/yoast-seo-wordpress\/ -->\n<title>Universal-Wallbox-S\u00e4ule aus Aluminium f\u00fcr stabile Installation der Ladestation - KREAINVENT - najve\u010dji ponudnik dodatne opreme za EV<\/title>\n<meta name=\"robots\" content=\"index, follow, max-snippet:-1, max-image-preview:large, max-video-preview:-1\" \/>\n<link rel=\"canonical\" href=\"https:\/\/www.kreainvent.com\/de\/produkt\/universal-wallbox-saule-aus-aluminium-fur-stabile-installation-der-ladestation\/\" \/>\n<meta property=\"og:locale\" content=\"de_DE\" \/>\n<meta property=\"og:type\" content=\"article\" \/>\n<meta property=\"og:title\" content=\"Universal-Wallbox-S\u00e4ule aus Aluminium f\u00fcr stabile Installation der Ladestation - KREAINVENT - najve\u010dji ponudnik dodatne opreme za EV\" \/>\n<meta property=\"og:description\" content=\"F\u00fcr organisierte Ladestelle f\u00fcr E-Fahrzeuge. Fassadenwandplatte f\u00fcr Wallbox.  Eine effiziente L\u00f6sung zur Montage einer Ladestation, passend f\u00fcr die meisten Modelle bis zu den Ma\u00dfen 45x35 cm. Der St\u00e4nder erm\u00f6glicht eine stabile, sichere und \u00e4sthetische Installation, wobei alle Kabel unter dem Geh\u00e4use verborgen sind. Inklusive zus\u00e4tzlicher Schuko-Steckdose (16A, 3,7 kW) und Kabelhalter.\" \/>\n<meta property=\"og:url\" content=\"https:\/\/www.kreainvent.com\/de\/produkt\/universal-wallbox-saule-aus-aluminium-fur-stabile-installation-der-ladestation\/\" \/>\n<meta property=\"og:site_name\" content=\"KREAINVENT - najve\u010dji ponudnik dodatne opreme za EV\" \/>\n<meta property=\"article:modified_time\" content=\"2025-05-03T14:10:29+00:00\" \/>\n<meta property=\"og:image\" content=\"https:\/\/www.kreainvent.com\/wp-content\/uploads\/2025\/05\/1_2.jpg\" \/>\n\t<meta property=\"og:image:width\" content=\"1600\" \/>\n\t<meta property=\"og:image:height\" content=\"1600\" \/>\n\t<meta property=\"og:image:type\" content=\"image\/jpeg\" \/>\n<meta name=\"twitter:card\" content=\"summary_large_image\" \/>\n<meta name=\"twitter:label1\" content=\"Gesch\u00e4tzte Lesezeit\" \/>\n\t<meta name=\"twitter:data1\" content=\"2\u00a0Minuten\" \/>\n<script type=\"application\/ld+json\" class=\"yoast-schema-graph\">{\"@context\":\"https:\/\/schema.org\",\"@graph\":[{\"@type\":\"WebPage\",\"@id\":\"https:\/\/www.kreainvent.com\/de\/produkt\/universal-wallbox-saule-aus-aluminium-fur-stabile-installation-der-ladestation\/\",\"url\":\"https:\/\/www.kreainvent.com\/de\/produkt\/universal-wallbox-saule-aus-aluminium-fur-stabile-installation-der-ladestation\/\",\"name\":\"Universal-Wallbox-S\u00e4ule aus Aluminium f\u00fcr stabile Installation der Ladestation - KREAINVENT - najve\u010dji ponudnik dodatne opreme za EV\",\"isPartOf\":{\"@id\":\"https:\/\/www.kreainvent.com\/de\/#website\"},\"primaryImageOfPage\":{\"@id\":\"https:\/\/www.kreainvent.com\/de\/produkt\/universal-wallbox-saule-aus-aluminium-fur-stabile-installation-der-ladestation\/#primaryimage\"},\"image\":{\"@id\":\"https:\/\/www.kreainvent.com\/de\/produkt\/universal-wallbox-saule-aus-aluminium-fur-stabile-installation-der-ladestation\/#primaryimage\"},\"thumbnailUrl\":\"https:\/\/www.kreainvent.com\/wp-content\/uploads\/2025\/05\/1_2.jpg\",\"datePublished\":\"2025-05-03T13:38:14+00:00\",\"dateModified\":\"2025-05-03T14:10:29+00:00\",\"breadcrumb\":{\"@id\":\"https:\/\/www.kreainvent.com\/de\/produkt\/universal-wallbox-saule-aus-aluminium-fur-stabile-installation-der-ladestation\/#breadcrumb\"},\"inLanguage\":\"de\",\"potentialAction\":[{\"@type\":\"ReadAction\",\"target\":[\"https:\/\/www.kreainvent.com\/de\/produkt\/universal-wallbox-saule-aus-aluminium-fur-stabile-installation-der-ladestation\/\"]}]},{\"@type\":\"ImageObject\",\"inLanguage\":\"de\",\"@id\":\"https:\/\/www.kreainvent.com\/de\/produkt\/universal-wallbox-saule-aus-aluminium-fur-stabile-installation-der-ladestation\/#primaryimage\",\"url\":\"https:\/\/www.kreainvent.com\/wp-content\/uploads\/2025\/05\/1_2.jpg\",\"contentUrl\":\"https:\/\/www.kreainvent.com\/wp-content\/uploads\/2025\/05\/1_2.jpg\",\"width\":1600,\"height\":1600},{\"@type\":\"BreadcrumbList\",\"@id\":\"https:\/\/www.kreainvent.com\/de\/produkt\/universal-wallbox-saule-aus-aluminium-fur-stabile-installation-der-ladestation\/#breadcrumb\",\"itemListElement\":[{\"@type\":\"ListItem\",\"position\":1,\"name\":\"Home\",\"item\":\"https:\/\/www.kreainvent.com\/de\/kreainvent-ihr-zuverlaessiger-partner-fuer-organisierte-e-mobilitaet\/\"},{\"@type\":\"ListItem\",\"position\":2,\"name\":\"Shop\",\"item\":\"https:\/\/www.kreainvent.com\/de\/shop\/\"},{\"@type\":\"ListItem\",\"position\":3,\"name\":\"Universal-Wallbox-S\u00e4ule aus Aluminium f\u00fcr stabile Installation der Ladestation\"}]},{\"@type\":\"WebSite\",\"@id\":\"https:\/\/www.kreainvent.com\/de\/#website\",\"url\":\"https:\/\/www.kreainvent.com\/de\/\",\"name\":\"KREAINVENT - najve\u010dji ponudnik dodatne opreme za EV\",\"description\":\"Pomagamo vam do urejenega in organiziranega polnilnega mesta\",\"publisher\":{\"@id\":\"https:\/\/www.kreainvent.com\/de\/#organization\"},\"potentialAction\":[{\"@type\":\"SearchAction\",\"target\":{\"@type\":\"EntryPoint\",\"urlTemplate\":\"https:\/\/www.kreainvent.com\/de\/?s={search_term_string}\"},\"query-input\":{\"@type\":\"PropertyValueSpecification\",\"valueRequired\":true,\"valueName\":\"search_term_string\"}}],\"inLanguage\":\"de\"},{\"@type\":\"Organization\",\"@id\":\"https:\/\/www.kreainvent.com\/de\/#organization\",\"name\":\"KREAINVENT, razvoj e-mobilnosti, svetovanje in trgovina\",\"url\":\"https:\/\/www.kreainvent.com\/de\/\",\"logo\":{\"@type\":\"ImageObject\",\"inLanguage\":\"de\",\"@id\":\"https:\/\/www.kreainvent.com\/de\/#\/schema\/logo\/image\/\",\"url\":\"https:\/\/www.kreainvent.com\/wp-content\/uploads\/2024\/04\/kreainvent-ver-w900.png\",\"contentUrl\":\"https:\/\/www.kreainvent.com\/wp-content\/uploads\/2024\/04\/kreainvent-ver-w900.png\",\"width\":900,\"height\":791,\"caption\":\"KREAINVENT, razvoj e-mobilnosti, svetovanje in trgovina\"},\"image\":{\"@id\":\"https:\/\/www.kreainvent.com\/de\/#\/schema\/logo\/image\/\"}}]}<\/script>\n<!-- \/ Yoast SEO plugin. -->","yoast_head_json":{"title":"Universal-Wallbox-S\u00e4ule aus Aluminium f\u00fcr stabile Installation der Ladestation - KREAINVENT - najve\u010dji ponudnik dodatne opreme za EV","robots":{"index":"index","follow":"follow","max-snippet":"max-snippet:-1","max-image-preview":"max-image-preview:large","max-video-preview":"max-video-preview:-1"},"canonical":"https:\/\/www.kreainvent.com\/de\/produkt\/universal-wallbox-saule-aus-aluminium-fur-stabile-installation-der-ladestation\/","og_locale":"de_DE","og_type":"article","og_title":"Universal-Wallbox-S\u00e4ule aus Aluminium f\u00fcr stabile Installation der Ladestation - KREAINVENT - najve\u010dji ponudnik dodatne opreme za EV","og_description":"F\u00fcr organisierte Ladestelle f\u00fcr E-Fahrzeuge. Fassadenwandplatte f\u00fcr Wallbox.  Eine effiziente L\u00f6sung zur Montage einer Ladestation, passend f\u00fcr die meisten Modelle bis zu den Ma\u00dfen 45x35 cm. Der St\u00e4nder erm\u00f6glicht eine stabile, sichere und \u00e4sthetische Installation, wobei alle Kabel unter dem Geh\u00e4use verborgen sind. Inklusive zus\u00e4tzlicher Schuko-Steckdose (16A, 3,7 kW) und Kabelhalter.","og_url":"https:\/\/www.kreainvent.com\/de\/produkt\/universal-wallbox-saule-aus-aluminium-fur-stabile-installation-der-ladestation\/","og_site_name":"KREAINVENT - najve\u010dji ponudnik dodatne opreme za EV","article_modified_time":"2025-05-03T14:10:29+00:00","og_image":[{"width":1600,"height":1600,"url":"https:\/\/www.kreainvent.com\/wp-content\/uploads\/2025\/05\/1_2.jpg","type":"image\/jpeg"}],"twitter_card":"summary_large_image","twitter_misc":{"Gesch\u00e4tzte Lesezeit":"2\u00a0Minuten"},"schema":{"@context":"https:\/\/schema.org","@graph":[{"@type":"WebPage","@id":"https:\/\/www.kreainvent.com\/de\/produkt\/universal-wallbox-saule-aus-aluminium-fur-stabile-installation-der-ladestation\/","url":"https:\/\/www.kreainvent.com\/de\/produkt\/universal-wallbox-saule-aus-aluminium-fur-stabile-installation-der-ladestation\/","name":"Universal-Wallbox-S\u00e4ule aus Aluminium f\u00fcr stabile Installation der Ladestation - KREAINVENT - najve\u010dji ponudnik dodatne opreme za EV","isPartOf":{"@id":"https:\/\/www.kreainvent.com\/de\/#website"},"primaryImageOfPage":{"@id":"https:\/\/www.kreainvent.com\/de\/produkt\/universal-wallbox-saule-aus-aluminium-fur-stabile-installation-der-ladestation\/#primaryimage"},"image":{"@id":"https:\/\/www.kreainvent.com\/de\/produkt\/universal-wallbox-saule-aus-aluminium-fur-stabile-installation-der-ladestation\/#primaryimage"},"thumbnailUrl":"https:\/\/www.kreainvent.com\/wp-content\/uploads\/2025\/05\/1_2.jpg","datePublished":"2025-05-03T13:38:14+00:00","dateModified":"2025-05-03T14:10:29+00:00","breadcrumb":{"@id":"https:\/\/www.kreainvent.com\/de\/produkt\/universal-wallbox-saule-aus-aluminium-fur-stabile-installation-der-ladestation\/#breadcrumb"},"inLanguage":"de","potentialAction":[{"@type":"ReadAction","target":["https:\/\/www.kreainvent.com\/de\/produkt\/universal-wallbox-saule-aus-aluminium-fur-stabile-installation-der-ladestation\/"]}]},{"@type":"ImageObject","inLanguage":"de","@id":"https:\/\/www.kreainvent.com\/de\/produkt\/universal-wallbox-saule-aus-aluminium-fur-stabile-installation-der-ladestation\/#primaryimage","url":"https:\/\/www.kreainvent.com\/wp-content\/uploads\/2025\/05\/1_2.jpg","contentUrl":"https:\/\/www.kreainvent.com\/wp-content\/uploads\/2025\/05\/1_2.jpg","width":1600,"height":1600},{"@type":"BreadcrumbList","@id":"https:\/\/www.kreainvent.com\/de\/produkt\/universal-wallbox-saule-aus-aluminium-fur-stabile-installation-der-ladestation\/#breadcrumb","itemListElement":[{"@type":"ListItem","position":1,"name":"Home","item":"https:\/\/www.kreainvent.com\/de\/kreainvent-ihr-zuverlaessiger-partner-fuer-organisierte-e-mobilitaet\/"},{"@type":"ListItem","position":2,"name":"Shop","item":"https:\/\/www.kreainvent.com\/de\/shop\/"},{"@type":"ListItem","position":3,"name":"Universal-Wallbox-S\u00e4ule aus Aluminium f\u00fcr stabile Installation der Ladestation"}]},{"@type":"WebSite","@id":"https:\/\/www.kreainvent.com\/de\/#website","url":"https:\/\/www.kreainvent.com\/de\/","name":"KREAINVENT - najve\u010dji ponudnik dodatne opreme za EV","description":"Pomagamo vam do urejenega in organiziranega polnilnega mesta","publisher":{"@id":"https:\/\/www.kreainvent.com\/de\/#organization"},"potentialAction":[{"@type":"SearchAction","target":{"@type":"EntryPoint","urlTemplate":"https:\/\/www.kreainvent.com\/de\/?s={search_term_string}"},"query-input":{"@type":"PropertyValueSpecification","valueRequired":true,"valueName":"search_term_string"}}],"inLanguage":"de"},{"@type":"Organization","@id":"https:\/\/www.kreainvent.com\/de\/#organization","name":"KREAINVENT, razvoj e-mobilnosti, svetovanje in trgovina","url":"https:\/\/www.kreainvent.com\/de\/","logo":{"@type":"ImageObject","inLanguage":"de","@id":"https:\/\/www.kreainvent.com\/de\/#\/schema\/logo\/image\/","url":"https:\/\/www.kreainvent.com\/wp-content\/uploads\/2024\/04\/kreainvent-ver-w900.png","contentUrl":"https:\/\/www.kreainvent.com\/wp-content\/uploads\/2024\/04\/kreainvent-ver-w900.png","width":900,"height":791,"caption":"KREAINVENT, razvoj e-mobilnosti, svetovanje in trgovina"},"image":{"@id":"https:\/\/www.kreainvent.com\/de\/#\/schema\/logo\/image\/"}}]}},"_links":{"self":[{"href":"https:\/\/www.kreainvent.com\/de\/wp-json\/wp\/v2\/product\/5913","targetHints":{"allow":["GET"]}}],"collection":[{"href":"https:\/\/www.kreainvent.com\/de\/wp-json\/wp\/v2\/product"}],"about":[{"href":"https:\/\/www.kreainvent.com\/de\/wp-json\/wp\/v2\/types\/product"}],"replies":[{"embeddable":true,"href":"https:\/\/www.kreainvent.com\/de\/wp-json\/wp\/v2\/comments?post=5913"}],"version-history":[{"count":2,"href":"https:\/\/www.kreainvent.com\/de\/wp-json\/wp\/v2\/product\/5913\/revisions"}],"predecessor-version":[{"id":5930,"href":"https:\/\/www.kreainvent.com\/de\/wp-json\/wp\/v2\/product\/5913\/revisions\/5930"}],"wp:featuredmedia":[{"embeddable":true,"href":"https:\/\/www.kreainvent.com\/de\/wp-json\/wp\/v2\/media\/5911"}],"wp:attachment":[{"href":"https:\/\/www.kreainvent.com\/de\/wp-json\/wp\/v2\/media?parent=5913"}],"wp:term":[{"taxonomy":"product_brand","embeddable":true,"href":"https:\/\/www.kreainvent.com\/de\/wp-json\/wp\/v2\/product_brand?post=5913"},{"taxonomy":"product_cat","embeddable":true,"href":"https:\/\/www.kreainvent.com\/de\/wp-json\/wp\/v2\/product_cat?post=5913"},{"taxonomy":"product_tag","embeddable":true,"href":"https:\/\/www.kreainvent.com\/de\/wp-json\/wp\/v2\/product_tag?post=5913"}],"curies":[{"name":"wp","href":"https:\/\/api.w.org\/{rel}","templated":true}]}}