{"id":5767,"date":"2025-01-20T10:22:27","date_gmt":"2025-01-20T09:22:27","guid":{"rendered":"https:\/\/www.kreainvent.com\/?post_type=product&#038;p=5767"},"modified":"2025-01-20T10:32:09","modified_gmt":"2025-01-20T09:32:09","slug":"universeller-premium-design-wallbox-standfus-aus-aluminum-mit-dach-und-fertigbetonfundament-kopija","status":"publish","type":"product","link":"https:\/\/www.kreainvent.com\/de\/produkt\/universeller-premium-design-wallbox-standfus-aus-aluminum-mit-dach-und-fertigbetonfundament-kopija\/","title":{"rendered":"Universeller Premium-Design Wallbox-Standfu\u00df mit Dach, Robuste Kabelhalter und Fertigbetonfundament"},"content":{"rendered":"<h3 id=\"title\" class=\"a-size-large a-spacing-none\"><span id=\"productTitle\" class=\"a-size-large product-title-word-break\">Kreainvent Universeller Premium-Design Wallbox-Standfu\u00df mit Dach, Robuste Kabelhalter und Fertigbetonfundament<\/span><\/h3>\n<ul>\n<li><strong>Stabilit\u00e4t und Sicherheit:<\/strong> Der spezielle Fertigbetonfundament zur sicheren Befestigung des Kreainvent-St\u00e4nders f\u00fcr Ladestationen und eine sichere und stabile Nutzung ohne die Bewegungs- und Kippgefahr. Schrauben f\u00fcr die Montage beigelegt.<\/li>\n<li><strong>Einfache Montage:<\/strong> Durch die mittlere \u00d6ffnung in dem Fertigbetonfundament Stromkabel f\u00fcr die Ladestation verlegen. Kabel mit vier Schrauben M10 x 25 mm fixieren. Gewindemuttern sind in dem Fertigbetonfundament bereits angebracht.<\/li>\n<li><strong>Universale S\u00e4ule:<\/strong> geeignet f\u00fcr die Montage von meisten Ladestationen. Max. Abmessung der Ladestation: 46&#215;35 cm. Montage der Ladestation an die S\u00e4ule erfolgt auf die gleiche Art und Weise wie die Montage an die Wand. Steckdose 16A, 3,7kW. Die Konstruktion ist gem\u00e4\u00df internationalen ISO- und europ\u00e4ischen EN-Standards gefertigt.<\/li>\n<li><strong>Hochwertige Ausfertigung:<\/strong> S\u00e4ule f\u00fcr die Ladestation ist aus Aluminium gefertigt und pulverbeschichtet (RAL7016), wodurch Best\u00e4ndigkeit und lange Lebensdauer sichergestellt werden. S\u00e4ule ist mit einem Dach ausger\u00fcstet, das Ladestation mit dem Kabel sch\u00fctzt und eine sicherere Ladung erm\u00f6glicht.<\/li>\n<li><strong>Hochwertiger und robuster Wandhalterung mit Sperrriegel auf \u201eKlick\u201c:<\/strong> Durch innovatives Design kann man mit einer Einstellschraube die Schlie\u00dfkraft des Ladesteckers bestimmen. Konnektor ist in dem Tr\u00e4ger isoliert und vor Witterungseinfl\u00fcssen gesch\u00fctzt.<\/li>\n<\/ul>\n","protected":false},"excerpt":{"rendered":"<p>Universeller Premium-Design Wallbox-Standfu\u00df aus Aluminum.<\/p>\n<p>Stabilit\u00e4t und Sicherheit: Der spezielle Fertigbetonfundament zur sicheren Befestigung des Kreainvent-St\u00e4nders f\u00fcr Ladestationen und eine sichere und stabile Nutzung ohne die Bewegungs- und Kippgefahr. Schrauben f\u00fcr die Montage beigelegt.<\/p>\n<p>Hochwertiger und robuster Wandhalterung mit Sperrriegel auf \u201eKlick\u201c: Durch innovatives Design kann man mit einer Einstellschraube die Schlie\u00dfkraft des Ladesteckers bestimmen. Konnektor ist in dem Tr\u00e4ger isoliert und vor Witterungseinfl\u00fcssen gesch\u00fctzt.<\/p>\n","protected":false},"featured_media":5769,"comment_status":"open","ping_status":"closed","template":"","meta":{"_acf_changed":false,"iawp_total_views":308},"product_brand":[],"product_cat":[251],"product_tag":[],"class_list":{"0":"post-5767","1":"product","2":"type-product","3":"status-publish","4":"has-post-thumbnail","6":"product_cat-wallbox-standfuss-mit-fertigbetonfundamente","7":"pa_znamka-kreainvent-de","9":"first","10":"instock","11":"taxable","12":"shipping-taxable","13":"purchasable","14":"product-type-simple"},"acf":[],"yoast_head":"<!-- This site is optimized with the Yoast SEO plugin v26.9 - https:\/\/yoast.com\/product\/yoast-seo-wordpress\/ -->\n<title>Universeller Premium-Design Wallbox-Standfu\u00df mit Dach, Robuste Kabelhalter und Fertigbetonfundament - KREAINVENT - najve\u010dji ponudnik dodatne opreme za EV<\/title>\n<meta name=\"robots\" content=\"index, follow, max-snippet:-1, max-image-preview:large, max-video-preview:-1\" \/>\n<link rel=\"canonical\" href=\"https:\/\/www.kreainvent.com\/de\/produkt\/universeller-premium-design-wallbox-standfus-aus-aluminum-mit-dach-und-fertigbetonfundament-kopija\/\" \/>\n<meta property=\"og:locale\" content=\"de_DE\" \/>\n<meta property=\"og:type\" content=\"article\" \/>\n<meta property=\"og:title\" content=\"Universeller Premium-Design Wallbox-Standfu\u00df mit Dach, Robuste Kabelhalter und Fertigbetonfundament - KREAINVENT - najve\u010dji ponudnik dodatne opreme za EV\" \/>\n<meta property=\"og:description\" content=\"Universeller Premium-Design Wallbox-Standfu\u00df aus Aluminum.  Stabilit\u00e4t und Sicherheit: Der spezielle Fertigbetonfundament zur sicheren Befestigung des Kreainvent-St\u00e4nders f\u00fcr Ladestationen und eine sichere und stabile Nutzung ohne die Bewegungs- und Kippgefahr. Schrauben f\u00fcr die Montage beigelegt.  Hochwertiger und robuster Wandhalterung mit Sperrriegel auf \u201eKlick\u201c: Durch innovatives Design kann man mit einer Einstellschraube die Schlie\u00dfkraft des Ladesteckers bestimmen. Konnektor ist in dem Tr\u00e4ger isoliert und vor Witterungseinfl\u00fcssen gesch\u00fctzt.\" \/>\n<meta property=\"og:url\" content=\"https:\/\/www.kreainvent.com\/de\/produkt\/universeller-premium-design-wallbox-standfus-aus-aluminum-mit-dach-und-fertigbetonfundament-kopija\/\" \/>\n<meta property=\"og:site_name\" content=\"KREAINVENT - najve\u010dji ponudnik dodatne opreme za EV\" \/>\n<meta property=\"article:modified_time\" content=\"2025-01-20T09:32:09+00:00\" \/>\n<meta property=\"og:image\" content=\"https:\/\/www.kreainvent.com\/wp-content\/uploads\/2025\/01\/B0DP9GWDQ2_01.jpg\" \/>\n\t<meta property=\"og:image:width\" content=\"1065\" \/>\n\t<meta property=\"og:image:height\" content=\"1600\" \/>\n\t<meta property=\"og:image:type\" content=\"image\/jpeg\" \/>\n<meta name=\"twitter:card\" content=\"summary_large_image\" \/>\n<meta name=\"twitter:label1\" content=\"Gesch\u00e4tzte Lesezeit\" \/>\n\t<meta name=\"twitter:data1\" content=\"2\u00a0Minuten\" \/>\n<script type=\"application\/ld+json\" class=\"yoast-schema-graph\">{\"@context\":\"https:\/\/schema.org\",\"@graph\":[{\"@type\":\"WebPage\",\"@id\":\"https:\/\/www.kreainvent.com\/de\/produkt\/universeller-premium-design-wallbox-standfus-aus-aluminum-mit-dach-und-fertigbetonfundament-kopija\/\",\"url\":\"https:\/\/www.kreainvent.com\/de\/produkt\/universeller-premium-design-wallbox-standfus-aus-aluminum-mit-dach-und-fertigbetonfundament-kopija\/\",\"name\":\"Universeller Premium-Design Wallbox-Standfu\u00df mit Dach, Robuste Kabelhalter und Fertigbetonfundament - KREAINVENT - najve\u010dji ponudnik dodatne opreme za EV\",\"isPartOf\":{\"@id\":\"https:\/\/www.kreainvent.com\/de\/#website\"},\"primaryImageOfPage\":{\"@id\":\"https:\/\/www.kreainvent.com\/de\/produkt\/universeller-premium-design-wallbox-standfus-aus-aluminum-mit-dach-und-fertigbetonfundament-kopija\/#primaryimage\"},\"image\":{\"@id\":\"https:\/\/www.kreainvent.com\/de\/produkt\/universeller-premium-design-wallbox-standfus-aus-aluminum-mit-dach-und-fertigbetonfundament-kopija\/#primaryimage\"},\"thumbnailUrl\":\"https:\/\/www.kreainvent.com\/wp-content\/uploads\/2025\/01\/B0DP9GWDQ2_01.jpg\",\"datePublished\":\"2025-01-20T09:22:27+00:00\",\"dateModified\":\"2025-01-20T09:32:09+00:00\",\"breadcrumb\":{\"@id\":\"https:\/\/www.kreainvent.com\/de\/produkt\/universeller-premium-design-wallbox-standfus-aus-aluminum-mit-dach-und-fertigbetonfundament-kopija\/#breadcrumb\"},\"inLanguage\":\"de\",\"potentialAction\":[{\"@type\":\"ReadAction\",\"target\":[\"https:\/\/www.kreainvent.com\/de\/produkt\/universeller-premium-design-wallbox-standfus-aus-aluminum-mit-dach-und-fertigbetonfundament-kopija\/\"]}]},{\"@type\":\"ImageObject\",\"inLanguage\":\"de\",\"@id\":\"https:\/\/www.kreainvent.com\/de\/produkt\/universeller-premium-design-wallbox-standfus-aus-aluminum-mit-dach-und-fertigbetonfundament-kopija\/#primaryimage\",\"url\":\"https:\/\/www.kreainvent.com\/wp-content\/uploads\/2025\/01\/B0DP9GWDQ2_01.jpg\",\"contentUrl\":\"https:\/\/www.kreainvent.com\/wp-content\/uploads\/2025\/01\/B0DP9GWDQ2_01.jpg\",\"width\":1065,\"height\":1600},{\"@type\":\"BreadcrumbList\",\"@id\":\"https:\/\/www.kreainvent.com\/de\/produkt\/universeller-premium-design-wallbox-standfus-aus-aluminum-mit-dach-und-fertigbetonfundament-kopija\/#breadcrumb\",\"itemListElement\":[{\"@type\":\"ListItem\",\"position\":1,\"name\":\"Home\",\"item\":\"https:\/\/www.kreainvent.com\/de\/kreainvent-ihr-zuverlaessiger-partner-fuer-organisierte-e-mobilitaet\/\"},{\"@type\":\"ListItem\",\"position\":2,\"name\":\"Shop\",\"item\":\"https:\/\/www.kreainvent.com\/de\/shop\/\"},{\"@type\":\"ListItem\",\"position\":3,\"name\":\"Universeller Premium-Design Wallbox-Standfu\u00df mit Dach, Robuste Kabelhalter und Fertigbetonfundament\"}]},{\"@type\":\"WebSite\",\"@id\":\"https:\/\/www.kreainvent.com\/de\/#website\",\"url\":\"https:\/\/www.kreainvent.com\/de\/\",\"name\":\"KREAINVENT - najve\u010dji ponudnik dodatne opreme za EV\",\"description\":\"Pomagamo vam do urejenega in organiziranega polnilnega mesta\",\"publisher\":{\"@id\":\"https:\/\/www.kreainvent.com\/de\/#organization\"},\"potentialAction\":[{\"@type\":\"SearchAction\",\"target\":{\"@type\":\"EntryPoint\",\"urlTemplate\":\"https:\/\/www.kreainvent.com\/de\/?s={search_term_string}\"},\"query-input\":{\"@type\":\"PropertyValueSpecification\",\"valueRequired\":true,\"valueName\":\"search_term_string\"}}],\"inLanguage\":\"de\"},{\"@type\":\"Organization\",\"@id\":\"https:\/\/www.kreainvent.com\/de\/#organization\",\"name\":\"KREAINVENT, razvoj e-mobilnosti, svetovanje in trgovina\",\"url\":\"https:\/\/www.kreainvent.com\/de\/\",\"logo\":{\"@type\":\"ImageObject\",\"inLanguage\":\"de\",\"@id\":\"https:\/\/www.kreainvent.com\/de\/#\/schema\/logo\/image\/\",\"url\":\"https:\/\/www.kreainvent.com\/wp-content\/uploads\/2024\/04\/kreainvent-ver-w900.png\",\"contentUrl\":\"https:\/\/www.kreainvent.com\/wp-content\/uploads\/2024\/04\/kreainvent-ver-w900.png\",\"width\":900,\"height\":791,\"caption\":\"KREAINVENT, razvoj e-mobilnosti, svetovanje in trgovina\"},\"image\":{\"@id\":\"https:\/\/www.kreainvent.com\/de\/#\/schema\/logo\/image\/\"}}]}<\/script>\n<!-- \/ Yoast SEO plugin. -->","yoast_head_json":{"title":"Universeller Premium-Design Wallbox-Standfu\u00df mit Dach, Robuste Kabelhalter und Fertigbetonfundament - KREAINVENT - najve\u010dji ponudnik dodatne opreme za EV","robots":{"index":"index","follow":"follow","max-snippet":"max-snippet:-1","max-image-preview":"max-image-preview:large","max-video-preview":"max-video-preview:-1"},"canonical":"https:\/\/www.kreainvent.com\/de\/produkt\/universeller-premium-design-wallbox-standfus-aus-aluminum-mit-dach-und-fertigbetonfundament-kopija\/","og_locale":"de_DE","og_type":"article","og_title":"Universeller Premium-Design Wallbox-Standfu\u00df mit Dach, Robuste Kabelhalter und Fertigbetonfundament - KREAINVENT - najve\u010dji ponudnik dodatne opreme za EV","og_description":"Universeller Premium-Design Wallbox-Standfu\u00df aus Aluminum.  Stabilit\u00e4t und Sicherheit: Der spezielle Fertigbetonfundament zur sicheren Befestigung des Kreainvent-St\u00e4nders f\u00fcr Ladestationen und eine sichere und stabile Nutzung ohne die Bewegungs- und Kippgefahr. Schrauben f\u00fcr die Montage beigelegt.  Hochwertiger und robuster Wandhalterung mit Sperrriegel auf \u201eKlick\u201c: Durch innovatives Design kann man mit einer Einstellschraube die Schlie\u00dfkraft des Ladesteckers bestimmen. Konnektor ist in dem Tr\u00e4ger isoliert und vor Witterungseinfl\u00fcssen gesch\u00fctzt.","og_url":"https:\/\/www.kreainvent.com\/de\/produkt\/universeller-premium-design-wallbox-standfus-aus-aluminum-mit-dach-und-fertigbetonfundament-kopija\/","og_site_name":"KREAINVENT - najve\u010dji ponudnik dodatne opreme za EV","article_modified_time":"2025-01-20T09:32:09+00:00","og_image":[{"width":1065,"height":1600,"url":"https:\/\/www.kreainvent.com\/wp-content\/uploads\/2025\/01\/B0DP9GWDQ2_01.jpg","type":"image\/jpeg"}],"twitter_card":"summary_large_image","twitter_misc":{"Gesch\u00e4tzte Lesezeit":"2\u00a0Minuten"},"schema":{"@context":"https:\/\/schema.org","@graph":[{"@type":"WebPage","@id":"https:\/\/www.kreainvent.com\/de\/produkt\/universeller-premium-design-wallbox-standfus-aus-aluminum-mit-dach-und-fertigbetonfundament-kopija\/","url":"https:\/\/www.kreainvent.com\/de\/produkt\/universeller-premium-design-wallbox-standfus-aus-aluminum-mit-dach-und-fertigbetonfundament-kopija\/","name":"Universeller Premium-Design Wallbox-Standfu\u00df mit Dach, Robuste Kabelhalter und Fertigbetonfundament - KREAINVENT - najve\u010dji ponudnik dodatne opreme za EV","isPartOf":{"@id":"https:\/\/www.kreainvent.com\/de\/#website"},"primaryImageOfPage":{"@id":"https:\/\/www.kreainvent.com\/de\/produkt\/universeller-premium-design-wallbox-standfus-aus-aluminum-mit-dach-und-fertigbetonfundament-kopija\/#primaryimage"},"image":{"@id":"https:\/\/www.kreainvent.com\/de\/produkt\/universeller-premium-design-wallbox-standfus-aus-aluminum-mit-dach-und-fertigbetonfundament-kopija\/#primaryimage"},"thumbnailUrl":"https:\/\/www.kreainvent.com\/wp-content\/uploads\/2025\/01\/B0DP9GWDQ2_01.jpg","datePublished":"2025-01-20T09:22:27+00:00","dateModified":"2025-01-20T09:32:09+00:00","breadcrumb":{"@id":"https:\/\/www.kreainvent.com\/de\/produkt\/universeller-premium-design-wallbox-standfus-aus-aluminum-mit-dach-und-fertigbetonfundament-kopija\/#breadcrumb"},"inLanguage":"de","potentialAction":[{"@type":"ReadAction","target":["https:\/\/www.kreainvent.com\/de\/produkt\/universeller-premium-design-wallbox-standfus-aus-aluminum-mit-dach-und-fertigbetonfundament-kopija\/"]}]},{"@type":"ImageObject","inLanguage":"de","@id":"https:\/\/www.kreainvent.com\/de\/produkt\/universeller-premium-design-wallbox-standfus-aus-aluminum-mit-dach-und-fertigbetonfundament-kopija\/#primaryimage","url":"https:\/\/www.kreainvent.com\/wp-content\/uploads\/2025\/01\/B0DP9GWDQ2_01.jpg","contentUrl":"https:\/\/www.kreainvent.com\/wp-content\/uploads\/2025\/01\/B0DP9GWDQ2_01.jpg","width":1065,"height":1600},{"@type":"BreadcrumbList","@id":"https:\/\/www.kreainvent.com\/de\/produkt\/universeller-premium-design-wallbox-standfus-aus-aluminum-mit-dach-und-fertigbetonfundament-kopija\/#breadcrumb","itemListElement":[{"@type":"ListItem","position":1,"name":"Home","item":"https:\/\/www.kreainvent.com\/de\/kreainvent-ihr-zuverlaessiger-partner-fuer-organisierte-e-mobilitaet\/"},{"@type":"ListItem","position":2,"name":"Shop","item":"https:\/\/www.kreainvent.com\/de\/shop\/"},{"@type":"ListItem","position":3,"name":"Universeller Premium-Design Wallbox-Standfu\u00df mit Dach, Robuste Kabelhalter und Fertigbetonfundament"}]},{"@type":"WebSite","@id":"https:\/\/www.kreainvent.com\/de\/#website","url":"https:\/\/www.kreainvent.com\/de\/","name":"KREAINVENT - najve\u010dji ponudnik dodatne opreme za EV","description":"Pomagamo vam do urejenega in organiziranega polnilnega mesta","publisher":{"@id":"https:\/\/www.kreainvent.com\/de\/#organization"},"potentialAction":[{"@type":"SearchAction","target":{"@type":"EntryPoint","urlTemplate":"https:\/\/www.kreainvent.com\/de\/?s={search_term_string}"},"query-input":{"@type":"PropertyValueSpecification","valueRequired":true,"valueName":"search_term_string"}}],"inLanguage":"de"},{"@type":"Organization","@id":"https:\/\/www.kreainvent.com\/de\/#organization","name":"KREAINVENT, razvoj e-mobilnosti, svetovanje in trgovina","url":"https:\/\/www.kreainvent.com\/de\/","logo":{"@type":"ImageObject","inLanguage":"de","@id":"https:\/\/www.kreainvent.com\/de\/#\/schema\/logo\/image\/","url":"https:\/\/www.kreainvent.com\/wp-content\/uploads\/2024\/04\/kreainvent-ver-w900.png","contentUrl":"https:\/\/www.kreainvent.com\/wp-content\/uploads\/2024\/04\/kreainvent-ver-w900.png","width":900,"height":791,"caption":"KREAINVENT, razvoj e-mobilnosti, svetovanje in trgovina"},"image":{"@id":"https:\/\/www.kreainvent.com\/de\/#\/schema\/logo\/image\/"}}]}},"_links":{"self":[{"href":"https:\/\/www.kreainvent.com\/de\/wp-json\/wp\/v2\/product\/5767","targetHints":{"allow":["GET"]}}],"collection":[{"href":"https:\/\/www.kreainvent.com\/de\/wp-json\/wp\/v2\/product"}],"about":[{"href":"https:\/\/www.kreainvent.com\/de\/wp-json\/wp\/v2\/types\/product"}],"replies":[{"embeddable":true,"href":"https:\/\/www.kreainvent.com\/de\/wp-json\/wp\/v2\/comments?post=5767"}],"version-history":[{"count":2,"href":"https:\/\/www.kreainvent.com\/de\/wp-json\/wp\/v2\/product\/5767\/revisions"}],"predecessor-version":[{"id":5790,"href":"https:\/\/www.kreainvent.com\/de\/wp-json\/wp\/v2\/product\/5767\/revisions\/5790"}],"wp:featuredmedia":[{"embeddable":true,"href":"https:\/\/www.kreainvent.com\/de\/wp-json\/wp\/v2\/media\/5769"}],"wp:attachment":[{"href":"https:\/\/www.kreainvent.com\/de\/wp-json\/wp\/v2\/media?parent=5767"}],"wp:term":[{"taxonomy":"product_brand","embeddable":true,"href":"https:\/\/www.kreainvent.com\/de\/wp-json\/wp\/v2\/product_brand?post=5767"},{"taxonomy":"product_cat","embeddable":true,"href":"https:\/\/www.kreainvent.com\/de\/wp-json\/wp\/v2\/product_cat?post=5767"},{"taxonomy":"product_tag","embeddable":true,"href":"https:\/\/www.kreainvent.com\/de\/wp-json\/wp\/v2\/product_tag?post=5767"}],"curies":[{"name":"wp","href":"https:\/\/api.w.org\/{rel}","templated":true}]}}