{"id":5593,"date":"2025-01-19T18:19:20","date_gmt":"2025-01-19T17:19:20","guid":{"rendered":"https:\/\/www.kreainvent.com\/?post_type=product&#038;p=5593"},"modified":"2025-01-19T19:03:21","modified_gmt":"2025-01-19T18:03:21","slug":"universeller-hochwertiger-wallbox-standfuss-aus-aluminum-mit-dach","status":"publish","type":"product","link":"https:\/\/www.kreainvent.com\/de\/produkt\/universeller-hochwertiger-wallbox-standfuss-aus-aluminum-mit-dach\/","title":{"rendered":"Universeller Hochwertiger Wallbox-Standfu\u00df aus Aluminum mit Dach"},"content":{"rendered":"<h3 class=\"product_title entry-title\">Universeller Hochwertiger Wallbox-Standfu\u00df aus Aluminum mit Dach<\/h3>\n<ul>\n<li><strong>Universalst\u00e4nder:<\/strong> geeignet f\u00fcr die Montage der meisten auf dem Markt erh\u00e4ltlichen Ladestationen. Max. Dimensionen der Ladestation: 45 x 35 cm. Montage der Ladestation auf eine S\u00e4ule erfolgt gleich wie die Montage an die Wand.<\/li>\n<li><strong>Schutzdach f\u00fcr Ladestation:<\/strong> das Dach sch\u00fctzt Ihre Ladestation vor Witterungseinfl\u00fcssen, wodurch die Lebensdauer verl\u00e4ngert wird.<\/li>\n<li><strong>Hochwertig gefertigt:<\/strong> der St\u00e4nder f\u00fcr die Ladestation ist auch hochwertigem Aluminium gefertigt und pulverbeschichtet (RAL7016). Dadurch werden Best\u00e4ndigkeit und lange Lebensdauer ohne Rostbefall sichergestellt. Konstruiert ist der St\u00e4nder gem\u00e4\u00df internationalen ISO und europ\u00e4ischen EN Standards.<\/li>\n<li><strong>Stabilit\u00e4t:<\/strong> durch ordnungsgem\u00e4\u00dfe Konstruktion wird die Stabilit\u00e4t des St\u00e4nders sichergestellt. Das Design erm\u00f6glicht schnelle und einfache Montage mit gewindeformenden Schrauben. Alle Schrauben sind aus Rostfreistahl gefertigt und der Packung beigelegt. Der St\u00e4nder wird mit vier M10x40 Schrauben auf den Untergrund befestigt.<\/li>\n<li><strong>Installation:<\/strong> ein St\u00e4nder stellt eine ausgezeichnete L\u00f6sung \u00fcberall dort dar, wo die Ladestation nicht an die Wand montiert werden kann. Geeignet ist er f\u00fcr \u00d6ffentliche und Privatparkpl\u00e4tze. Ladekabel kann von der unteren Seite durch die S\u00e4ule oder durch die seitliche Gummieinf\u00fchrung installiert werden.<\/li>\n<\/ul>\n","protected":false},"excerpt":{"rendered":"<p>Universale S\u00e4ule: geeignet f\u00fcr die Montage von meisten Ladestationen. Max. Abmessung der Ladestation: 40&#215;32 cm. Montage der Ladestation an die S\u00e4ule erfolgt auf die gleiche Art und Weise wie die Montage an die Wand.<\/p>\n","protected":false},"featured_media":5597,"comment_status":"open","ping_status":"closed","template":"","meta":{"_acf_changed":false,"iawp_total_views":1166},"product_brand":[],"product_cat":[229],"product_tag":[],"class_list":{"0":"post-5593","1":"product","2":"type-product","3":"status-publish","4":"has-post-thumbnail","6":"product_cat-ausenstander-fur-ladestationen","7":"pa_znamka-kreainvent-de","9":"first","10":"instock","11":"taxable","12":"shipping-taxable","13":"purchasable","14":"product-type-simple"},"acf":[],"yoast_head":"<!-- This site is optimized with the Yoast SEO plugin v26.9 - https:\/\/yoast.com\/product\/yoast-seo-wordpress\/ -->\n<title>Universeller Hochwertiger Wallbox-Standfu\u00df aus Aluminum mit Dach - KREAINVENT - najve\u010dji ponudnik dodatne opreme za EV<\/title>\n<meta name=\"robots\" content=\"index, follow, max-snippet:-1, max-image-preview:large, max-video-preview:-1\" \/>\n<link rel=\"canonical\" href=\"https:\/\/www.kreainvent.com\/de\/produkt\/universeller-hochwertiger-wallbox-standfuss-aus-aluminum-mit-dach\/\" \/>\n<meta property=\"og:locale\" content=\"de_DE\" \/>\n<meta property=\"og:type\" content=\"article\" \/>\n<meta property=\"og:title\" content=\"Universeller Hochwertiger Wallbox-Standfu\u00df aus Aluminum mit Dach - KREAINVENT - najve\u010dji ponudnik dodatne opreme za EV\" \/>\n<meta property=\"og:description\" content=\"Universale S\u00e4ule: geeignet f\u00fcr die Montage von meisten Ladestationen. Max. Abmessung der Ladestation: 40x32 cm. Montage der Ladestation an die S\u00e4ule erfolgt auf die gleiche Art und Weise wie die Montage an die Wand.\" \/>\n<meta property=\"og:url\" content=\"https:\/\/www.kreainvent.com\/de\/produkt\/universeller-hochwertiger-wallbox-standfuss-aus-aluminum-mit-dach\/\" \/>\n<meta property=\"og:site_name\" content=\"KREAINVENT - najve\u010dji ponudnik dodatne opreme za EV\" \/>\n<meta property=\"article:modified_time\" content=\"2025-01-19T18:03:21+00:00\" \/>\n<meta property=\"og:image\" content=\"https:\/\/www.kreainvent.com\/wp-content\/uploads\/2025\/01\/Aluminijasto-stojalo-z-zascitno-streho_09_2.jpg\" \/>\n\t<meta property=\"og:image:width\" content=\"1056\" \/>\n\t<meta property=\"og:image:height\" content=\"1600\" \/>\n\t<meta property=\"og:image:type\" content=\"image\/jpeg\" \/>\n<meta name=\"twitter:card\" content=\"summary_large_image\" \/>\n<meta name=\"twitter:label1\" content=\"Gesch\u00e4tzte Lesezeit\" \/>\n\t<meta name=\"twitter:data1\" content=\"2\u00a0Minuten\" \/>\n<script type=\"application\/ld+json\" class=\"yoast-schema-graph\">{\"@context\":\"https:\/\/schema.org\",\"@graph\":[{\"@type\":\"WebPage\",\"@id\":\"https:\/\/www.kreainvent.com\/de\/produkt\/universeller-hochwertiger-wallbox-standfuss-aus-aluminum-mit-dach\/\",\"url\":\"https:\/\/www.kreainvent.com\/de\/produkt\/universeller-hochwertiger-wallbox-standfuss-aus-aluminum-mit-dach\/\",\"name\":\"Universeller Hochwertiger Wallbox-Standfu\u00df aus Aluminum mit Dach - KREAINVENT - najve\u010dji ponudnik dodatne opreme za EV\",\"isPartOf\":{\"@id\":\"https:\/\/www.kreainvent.com\/de\/#website\"},\"primaryImageOfPage\":{\"@id\":\"https:\/\/www.kreainvent.com\/de\/produkt\/universeller-hochwertiger-wallbox-standfuss-aus-aluminum-mit-dach\/#primaryimage\"},\"image\":{\"@id\":\"https:\/\/www.kreainvent.com\/de\/produkt\/universeller-hochwertiger-wallbox-standfuss-aus-aluminum-mit-dach\/#primaryimage\"},\"thumbnailUrl\":\"https:\/\/www.kreainvent.com\/wp-content\/uploads\/2025\/01\/Aluminijasto-stojalo-z-zascitno-streho_09_2.jpg\",\"datePublished\":\"2025-01-19T17:19:20+00:00\",\"dateModified\":\"2025-01-19T18:03:21+00:00\",\"breadcrumb\":{\"@id\":\"https:\/\/www.kreainvent.com\/de\/produkt\/universeller-hochwertiger-wallbox-standfuss-aus-aluminum-mit-dach\/#breadcrumb\"},\"inLanguage\":\"de\",\"potentialAction\":[{\"@type\":\"ReadAction\",\"target\":[\"https:\/\/www.kreainvent.com\/de\/produkt\/universeller-hochwertiger-wallbox-standfuss-aus-aluminum-mit-dach\/\"]}]},{\"@type\":\"ImageObject\",\"inLanguage\":\"de\",\"@id\":\"https:\/\/www.kreainvent.com\/de\/produkt\/universeller-hochwertiger-wallbox-standfuss-aus-aluminum-mit-dach\/#primaryimage\",\"url\":\"https:\/\/www.kreainvent.com\/wp-content\/uploads\/2025\/01\/Aluminijasto-stojalo-z-zascitno-streho_09_2.jpg\",\"contentUrl\":\"https:\/\/www.kreainvent.com\/wp-content\/uploads\/2025\/01\/Aluminijasto-stojalo-z-zascitno-streho_09_2.jpg\",\"width\":1056,\"height\":1600},{\"@type\":\"BreadcrumbList\",\"@id\":\"https:\/\/www.kreainvent.com\/de\/produkt\/universeller-hochwertiger-wallbox-standfuss-aus-aluminum-mit-dach\/#breadcrumb\",\"itemListElement\":[{\"@type\":\"ListItem\",\"position\":1,\"name\":\"Home\",\"item\":\"https:\/\/www.kreainvent.com\/de\/kreainvent-ihr-zuverlaessiger-partner-fuer-organisierte-e-mobilitaet\/\"},{\"@type\":\"ListItem\",\"position\":2,\"name\":\"Shop\",\"item\":\"https:\/\/www.kreainvent.com\/de\/shop\/\"},{\"@type\":\"ListItem\",\"position\":3,\"name\":\"Universeller Hochwertiger Wallbox-Standfu\u00df aus Aluminum mit Dach\"}]},{\"@type\":\"WebSite\",\"@id\":\"https:\/\/www.kreainvent.com\/de\/#website\",\"url\":\"https:\/\/www.kreainvent.com\/de\/\",\"name\":\"KREAINVENT - najve\u010dji ponudnik dodatne opreme za EV\",\"description\":\"Pomagamo vam do urejenega in organiziranega polnilnega mesta\",\"publisher\":{\"@id\":\"https:\/\/www.kreainvent.com\/de\/#organization\"},\"potentialAction\":[{\"@type\":\"SearchAction\",\"target\":{\"@type\":\"EntryPoint\",\"urlTemplate\":\"https:\/\/www.kreainvent.com\/de\/?s={search_term_string}\"},\"query-input\":{\"@type\":\"PropertyValueSpecification\",\"valueRequired\":true,\"valueName\":\"search_term_string\"}}],\"inLanguage\":\"de\"},{\"@type\":\"Organization\",\"@id\":\"https:\/\/www.kreainvent.com\/de\/#organization\",\"name\":\"KREAINVENT, razvoj e-mobilnosti, svetovanje in trgovina\",\"url\":\"https:\/\/www.kreainvent.com\/de\/\",\"logo\":{\"@type\":\"ImageObject\",\"inLanguage\":\"de\",\"@id\":\"https:\/\/www.kreainvent.com\/de\/#\/schema\/logo\/image\/\",\"url\":\"https:\/\/www.kreainvent.com\/wp-content\/uploads\/2024\/04\/kreainvent-ver-w900.png\",\"contentUrl\":\"https:\/\/www.kreainvent.com\/wp-content\/uploads\/2024\/04\/kreainvent-ver-w900.png\",\"width\":900,\"height\":791,\"caption\":\"KREAINVENT, razvoj e-mobilnosti, svetovanje in trgovina\"},\"image\":{\"@id\":\"https:\/\/www.kreainvent.com\/de\/#\/schema\/logo\/image\/\"}}]}<\/script>\n<!-- \/ Yoast SEO plugin. -->","yoast_head_json":{"title":"Universeller Hochwertiger Wallbox-Standfu\u00df aus Aluminum mit Dach - KREAINVENT - najve\u010dji ponudnik dodatne opreme za EV","robots":{"index":"index","follow":"follow","max-snippet":"max-snippet:-1","max-image-preview":"max-image-preview:large","max-video-preview":"max-video-preview:-1"},"canonical":"https:\/\/www.kreainvent.com\/de\/produkt\/universeller-hochwertiger-wallbox-standfuss-aus-aluminum-mit-dach\/","og_locale":"de_DE","og_type":"article","og_title":"Universeller Hochwertiger Wallbox-Standfu\u00df aus Aluminum mit Dach - KREAINVENT - najve\u010dji ponudnik dodatne opreme za EV","og_description":"Universale S\u00e4ule: geeignet f\u00fcr die Montage von meisten Ladestationen. Max. Abmessung der Ladestation: 40x32 cm. Montage der Ladestation an die S\u00e4ule erfolgt auf die gleiche Art und Weise wie die Montage an die Wand.","og_url":"https:\/\/www.kreainvent.com\/de\/produkt\/universeller-hochwertiger-wallbox-standfuss-aus-aluminum-mit-dach\/","og_site_name":"KREAINVENT - najve\u010dji ponudnik dodatne opreme za EV","article_modified_time":"2025-01-19T18:03:21+00:00","og_image":[{"width":1056,"height":1600,"url":"https:\/\/www.kreainvent.com\/wp-content\/uploads\/2025\/01\/Aluminijasto-stojalo-z-zascitno-streho_09_2.jpg","type":"image\/jpeg"}],"twitter_card":"summary_large_image","twitter_misc":{"Gesch\u00e4tzte Lesezeit":"2\u00a0Minuten"},"schema":{"@context":"https:\/\/schema.org","@graph":[{"@type":"WebPage","@id":"https:\/\/www.kreainvent.com\/de\/produkt\/universeller-hochwertiger-wallbox-standfuss-aus-aluminum-mit-dach\/","url":"https:\/\/www.kreainvent.com\/de\/produkt\/universeller-hochwertiger-wallbox-standfuss-aus-aluminum-mit-dach\/","name":"Universeller Hochwertiger Wallbox-Standfu\u00df aus Aluminum mit Dach - KREAINVENT - najve\u010dji ponudnik dodatne opreme za EV","isPartOf":{"@id":"https:\/\/www.kreainvent.com\/de\/#website"},"primaryImageOfPage":{"@id":"https:\/\/www.kreainvent.com\/de\/produkt\/universeller-hochwertiger-wallbox-standfuss-aus-aluminum-mit-dach\/#primaryimage"},"image":{"@id":"https:\/\/www.kreainvent.com\/de\/produkt\/universeller-hochwertiger-wallbox-standfuss-aus-aluminum-mit-dach\/#primaryimage"},"thumbnailUrl":"https:\/\/www.kreainvent.com\/wp-content\/uploads\/2025\/01\/Aluminijasto-stojalo-z-zascitno-streho_09_2.jpg","datePublished":"2025-01-19T17:19:20+00:00","dateModified":"2025-01-19T18:03:21+00:00","breadcrumb":{"@id":"https:\/\/www.kreainvent.com\/de\/produkt\/universeller-hochwertiger-wallbox-standfuss-aus-aluminum-mit-dach\/#breadcrumb"},"inLanguage":"de","potentialAction":[{"@type":"ReadAction","target":["https:\/\/www.kreainvent.com\/de\/produkt\/universeller-hochwertiger-wallbox-standfuss-aus-aluminum-mit-dach\/"]}]},{"@type":"ImageObject","inLanguage":"de","@id":"https:\/\/www.kreainvent.com\/de\/produkt\/universeller-hochwertiger-wallbox-standfuss-aus-aluminum-mit-dach\/#primaryimage","url":"https:\/\/www.kreainvent.com\/wp-content\/uploads\/2025\/01\/Aluminijasto-stojalo-z-zascitno-streho_09_2.jpg","contentUrl":"https:\/\/www.kreainvent.com\/wp-content\/uploads\/2025\/01\/Aluminijasto-stojalo-z-zascitno-streho_09_2.jpg","width":1056,"height":1600},{"@type":"BreadcrumbList","@id":"https:\/\/www.kreainvent.com\/de\/produkt\/universeller-hochwertiger-wallbox-standfuss-aus-aluminum-mit-dach\/#breadcrumb","itemListElement":[{"@type":"ListItem","position":1,"name":"Home","item":"https:\/\/www.kreainvent.com\/de\/kreainvent-ihr-zuverlaessiger-partner-fuer-organisierte-e-mobilitaet\/"},{"@type":"ListItem","position":2,"name":"Shop","item":"https:\/\/www.kreainvent.com\/de\/shop\/"},{"@type":"ListItem","position":3,"name":"Universeller Hochwertiger Wallbox-Standfu\u00df aus Aluminum mit Dach"}]},{"@type":"WebSite","@id":"https:\/\/www.kreainvent.com\/de\/#website","url":"https:\/\/www.kreainvent.com\/de\/","name":"KREAINVENT - najve\u010dji ponudnik dodatne opreme za EV","description":"Pomagamo vam do urejenega in organiziranega polnilnega mesta","publisher":{"@id":"https:\/\/www.kreainvent.com\/de\/#organization"},"potentialAction":[{"@type":"SearchAction","target":{"@type":"EntryPoint","urlTemplate":"https:\/\/www.kreainvent.com\/de\/?s={search_term_string}"},"query-input":{"@type":"PropertyValueSpecification","valueRequired":true,"valueName":"search_term_string"}}],"inLanguage":"de"},{"@type":"Organization","@id":"https:\/\/www.kreainvent.com\/de\/#organization","name":"KREAINVENT, razvoj e-mobilnosti, svetovanje in trgovina","url":"https:\/\/www.kreainvent.com\/de\/","logo":{"@type":"ImageObject","inLanguage":"de","@id":"https:\/\/www.kreainvent.com\/de\/#\/schema\/logo\/image\/","url":"https:\/\/www.kreainvent.com\/wp-content\/uploads\/2024\/04\/kreainvent-ver-w900.png","contentUrl":"https:\/\/www.kreainvent.com\/wp-content\/uploads\/2024\/04\/kreainvent-ver-w900.png","width":900,"height":791,"caption":"KREAINVENT, razvoj e-mobilnosti, svetovanje in trgovina"},"image":{"@id":"https:\/\/www.kreainvent.com\/de\/#\/schema\/logo\/image\/"}}]}},"_links":{"self":[{"href":"https:\/\/www.kreainvent.com\/de\/wp-json\/wp\/v2\/product\/5593","targetHints":{"allow":["GET"]}}],"collection":[{"href":"https:\/\/www.kreainvent.com\/de\/wp-json\/wp\/v2\/product"}],"about":[{"href":"https:\/\/www.kreainvent.com\/de\/wp-json\/wp\/v2\/types\/product"}],"replies":[{"embeddable":true,"href":"https:\/\/www.kreainvent.com\/de\/wp-json\/wp\/v2\/comments?post=5593"}],"version-history":[{"count":2,"href":"https:\/\/www.kreainvent.com\/de\/wp-json\/wp\/v2\/product\/5593\/revisions"}],"predecessor-version":[{"id":5619,"href":"https:\/\/www.kreainvent.com\/de\/wp-json\/wp\/v2\/product\/5593\/revisions\/5619"}],"wp:featuredmedia":[{"embeddable":true,"href":"https:\/\/www.kreainvent.com\/de\/wp-json\/wp\/v2\/media\/5597"}],"wp:attachment":[{"href":"https:\/\/www.kreainvent.com\/de\/wp-json\/wp\/v2\/media?parent=5593"}],"wp:term":[{"taxonomy":"product_brand","embeddable":true,"href":"https:\/\/www.kreainvent.com\/de\/wp-json\/wp\/v2\/product_brand?post=5593"},{"taxonomy":"product_cat","embeddable":true,"href":"https:\/\/www.kreainvent.com\/de\/wp-json\/wp\/v2\/product_cat?post=5593"},{"taxonomy":"product_tag","embeddable":true,"href":"https:\/\/www.kreainvent.com\/de\/wp-json\/wp\/v2\/product_tag?post=5593"}],"curies":[{"name":"wp","href":"https:\/\/api.w.org\/{rel}","templated":true}]}}