{"id":4889,"date":"2024-03-28T11:13:35","date_gmt":"2024-03-28T10:13:35","guid":{"rendered":"https:\/\/kreainvent.com\/izdelek\/univerzalno-stojalo-za-polnilno-postajo-za-elektricna-vozila-s-solarno-lucjo-in-nosilcem\/"},"modified":"2024-07-31T16:02:47","modified_gmt":"2024-07-31T15:02:47","slug":"universeller-hochwertiger-wallbox-standfuss-aus-aluminum-mit-dach-mit-integrierter-solarlampe-und-ev-kabelhalter","status":"publish","type":"product","link":"https:\/\/www.kreainvent.com\/de\/produkt\/universeller-hochwertiger-wallbox-standfuss-aus-aluminum-mit-dach-mit-integrierter-solarlampe-und-ev-kabelhalter\/","title":{"rendered":"Universeller Hochwertiger Wallbox-Standfu\u00df aus Aluminum mit Dach mit Integrierter Solarlampe und EV kabelhalter"},"content":{"rendered":"<h3>Universeller Hochwertiger Wallbox-Standfu\u00df aus Aluminum mit Dach mit Integrierter Solarlampe und EV kabelhalter<\/h3>\n<ul>\n<li>Universale S\u00e4ule: geeignet f\u00fcr die Montage von meisten Ladestationen. Max. Abmessung der Ladestation: 40&#215;32 cm. Montage der Ladestation an die S\u00e4ule erfolgt auf die gleiche Art und Weise wie die Montage an die Wand<\/li>\n<li>Beleuchtung:\u00a0Solarlicht mit Sensor beleuchtet die Ladestelle automatisch bei Ankunft zur Ladestation. Das Licht wird automatisch nach 30 Sekunden ausgeschaltet.<\/li>\n<li>Hochwertige Ausfertigung: S\u00e4ule f\u00fcr die Ladestation ist aus Aluminium gefertigt und pulverbeschichtet (RAL7016), wodurch Best\u00e4ndigkeit und lange Lebensdauer sichergestellt werden.<\/li>\n<li>Zus\u00e4tzlicher Schutz: Lades\u00e4ule ist mit einem Dach ausger\u00fcstet, das Ladestation mit dem Kabel sch\u00fctzt und eine sicherere Ladung erm\u00f6glicht. Es dient auch als UV-Schutz. Alle Bestandteile der S\u00e4ule sind geerdet<\/li>\n<li>Stabilit\u00e4t: Wallbox-Standfu\u00df ist robust und mit 4 Schrauben M10 in den Boden verschraubt. Kabel bis zur Ladestation kann von unten durch die S\u00e4ule oder von der Seite durch eine Einf\u00fchrung aus Kunststoff installiert werden<\/li>\n<li>Praktische L\u00f6sung: dort wo die Montage an die Wand nicht m\u00f6glich ist, entweder weil dadurch die Fassade, die Isolation an der Wand oder die Struktur des Materials besch\u00e4digt wird. Geeignet auch f\u00fcr die Parkpl\u00e4tze, an denen es keine andere M\u00f6glichkeit f\u00fcr die Befestigung der Ladestation gibt<\/li>\n<\/ul>\n","protected":false},"excerpt":{"rendered":"<p>Konfiguration: Aluminiumst\u00e4nder mit Schutzdach mit eingebauter Solarleuchte und Ladekabelhalterung.<\/p>\n<p>Universale S\u00e4ule: geeignet f\u00fcr die Montage von meisten Ladestationen. Max. Abmessung der Ladestation: 40&#215;32 cm. Montage der Ladestation an die S\u00e4ule erfolgt auf die gleiche Art und Weise wie die Montage an die Wand.<\/p>\n","protected":false},"featured_media":4488,"comment_status":"open","ping_status":"closed","template":"","meta":{"_acf_changed":false,"iawp_total_views":413},"product_brand":[],"product_cat":[229],"product_tag":[],"class_list":{"0":"post-4889","1":"product","2":"type-product","3":"status-publish","4":"has-post-thumbnail","6":"product_cat-ausenstander-fur-ladestationen","7":"pa_znamka-kreainvent-de","9":"first","10":"instock","11":"taxable","12":"shipping-taxable","13":"purchasable","14":"product-type-simple"},"acf":[],"yoast_head":"<!-- This site is optimized with the Yoast SEO plugin v26.9 - https:\/\/yoast.com\/product\/yoast-seo-wordpress\/ -->\n<title>Universeller Hochwertiger Wallbox-Standfu\u00df aus Aluminum mit Dach mit Integrierter Solarlampe und EV kabelhalter - KREAINVENT - najve\u010dji ponudnik dodatne opreme za EV<\/title>\n<meta name=\"robots\" content=\"index, follow, max-snippet:-1, max-image-preview:large, max-video-preview:-1\" \/>\n<link rel=\"canonical\" href=\"https:\/\/www.kreainvent.com\/de\/produkt\/universeller-hochwertiger-wallbox-standfuss-aus-aluminum-mit-dach-mit-integrierter-solarlampe-und-ev-kabelhalter\/\" \/>\n<meta property=\"og:locale\" content=\"de_DE\" \/>\n<meta property=\"og:type\" content=\"article\" \/>\n<meta property=\"og:title\" content=\"Universeller Hochwertiger Wallbox-Standfu\u00df aus Aluminum mit Dach mit Integrierter Solarlampe und EV kabelhalter - KREAINVENT - najve\u010dji ponudnik dodatne opreme za EV\" \/>\n<meta property=\"og:description\" content=\"Konfiguration: Aluminiumst\u00e4nder mit Schutzdach mit eingebauter Solarleuchte und Ladekabelhalterung.  Universale S\u00e4ule: geeignet f\u00fcr die Montage von meisten Ladestationen. Max. Abmessung der Ladestation: 40x32 cm. Montage der Ladestation an die S\u00e4ule erfolgt auf die gleiche Art und Weise wie die Montage an die Wand.\" \/>\n<meta property=\"og:url\" content=\"https:\/\/www.kreainvent.com\/de\/produkt\/universeller-hochwertiger-wallbox-standfuss-aus-aluminum-mit-dach-mit-integrierter-solarlampe-und-ev-kabelhalter\/\" \/>\n<meta property=\"og:site_name\" content=\"KREAINVENT - najve\u010dji ponudnik dodatne opreme za EV\" \/>\n<meta property=\"article:modified_time\" content=\"2024-07-31T15:02:47+00:00\" \/>\n<meta property=\"og:image\" content=\"https:\/\/www.kreainvent.com\/wp-content\/uploads\/2024\/03\/ALU-solar_kabel_04.jpg\" \/>\n\t<meta property=\"og:image:width\" content=\"800\" \/>\n\t<meta property=\"og:image:height\" content=\"1200\" \/>\n\t<meta property=\"og:image:type\" content=\"image\/jpeg\" \/>\n<meta name=\"twitter:card\" content=\"summary_large_image\" \/>\n<meta name=\"twitter:label1\" content=\"Gesch\u00e4tzte Lesezeit\" \/>\n\t<meta name=\"twitter:data1\" content=\"2\u00a0Minuten\" \/>\n<script type=\"application\/ld+json\" class=\"yoast-schema-graph\">{\"@context\":\"https:\/\/schema.org\",\"@graph\":[{\"@type\":\"WebPage\",\"@id\":\"https:\/\/www.kreainvent.com\/de\/produkt\/universeller-hochwertiger-wallbox-standfuss-aus-aluminum-mit-dach-mit-integrierter-solarlampe-und-ev-kabelhalter\/\",\"url\":\"https:\/\/www.kreainvent.com\/de\/produkt\/universeller-hochwertiger-wallbox-standfuss-aus-aluminum-mit-dach-mit-integrierter-solarlampe-und-ev-kabelhalter\/\",\"name\":\"Universeller Hochwertiger Wallbox-Standfu\u00df aus Aluminum mit Dach mit Integrierter Solarlampe und EV kabelhalter - KREAINVENT - najve\u010dji ponudnik dodatne opreme za EV\",\"isPartOf\":{\"@id\":\"https:\/\/www.kreainvent.com\/de\/#website\"},\"primaryImageOfPage\":{\"@id\":\"https:\/\/www.kreainvent.com\/de\/produkt\/universeller-hochwertiger-wallbox-standfuss-aus-aluminum-mit-dach-mit-integrierter-solarlampe-und-ev-kabelhalter\/#primaryimage\"},\"image\":{\"@id\":\"https:\/\/www.kreainvent.com\/de\/produkt\/universeller-hochwertiger-wallbox-standfuss-aus-aluminum-mit-dach-mit-integrierter-solarlampe-und-ev-kabelhalter\/#primaryimage\"},\"thumbnailUrl\":\"https:\/\/www.kreainvent.com\/wp-content\/uploads\/2024\/03\/ALU-solar_kabel_04.jpg\",\"datePublished\":\"2024-03-28T10:13:35+00:00\",\"dateModified\":\"2024-07-31T15:02:47+00:00\",\"breadcrumb\":{\"@id\":\"https:\/\/www.kreainvent.com\/de\/produkt\/universeller-hochwertiger-wallbox-standfuss-aus-aluminum-mit-dach-mit-integrierter-solarlampe-und-ev-kabelhalter\/#breadcrumb\"},\"inLanguage\":\"de\",\"potentialAction\":[{\"@type\":\"ReadAction\",\"target\":[\"https:\/\/www.kreainvent.com\/de\/produkt\/universeller-hochwertiger-wallbox-standfuss-aus-aluminum-mit-dach-mit-integrierter-solarlampe-und-ev-kabelhalter\/\"]}]},{\"@type\":\"ImageObject\",\"inLanguage\":\"de\",\"@id\":\"https:\/\/www.kreainvent.com\/de\/produkt\/universeller-hochwertiger-wallbox-standfuss-aus-aluminum-mit-dach-mit-integrierter-solarlampe-und-ev-kabelhalter\/#primaryimage\",\"url\":\"https:\/\/www.kreainvent.com\/wp-content\/uploads\/2024\/03\/ALU-solar_kabel_04.jpg\",\"contentUrl\":\"https:\/\/www.kreainvent.com\/wp-content\/uploads\/2024\/03\/ALU-solar_kabel_04.jpg\",\"width\":800,\"height\":1200},{\"@type\":\"BreadcrumbList\",\"@id\":\"https:\/\/www.kreainvent.com\/de\/produkt\/universeller-hochwertiger-wallbox-standfuss-aus-aluminum-mit-dach-mit-integrierter-solarlampe-und-ev-kabelhalter\/#breadcrumb\",\"itemListElement\":[{\"@type\":\"ListItem\",\"position\":1,\"name\":\"Home\",\"item\":\"https:\/\/www.kreainvent.com\/de\/kreainvent-ihr-zuverlaessiger-partner-fuer-organisierte-e-mobilitaet\/\"},{\"@type\":\"ListItem\",\"position\":2,\"name\":\"Shop\",\"item\":\"https:\/\/www.kreainvent.com\/de\/shop\/\"},{\"@type\":\"ListItem\",\"position\":3,\"name\":\"Universeller Hochwertiger Wallbox-Standfu\u00df aus Aluminum mit Dach mit Integrierter Solarlampe und EV kabelhalter\"}]},{\"@type\":\"WebSite\",\"@id\":\"https:\/\/www.kreainvent.com\/de\/#website\",\"url\":\"https:\/\/www.kreainvent.com\/de\/\",\"name\":\"KREAINVENT - najve\u010dji ponudnik dodatne opreme za EV\",\"description\":\"Pomagamo vam do urejenega in organiziranega polnilnega mesta\",\"publisher\":{\"@id\":\"https:\/\/www.kreainvent.com\/de\/#organization\"},\"potentialAction\":[{\"@type\":\"SearchAction\",\"target\":{\"@type\":\"EntryPoint\",\"urlTemplate\":\"https:\/\/www.kreainvent.com\/de\/?s={search_term_string}\"},\"query-input\":{\"@type\":\"PropertyValueSpecification\",\"valueRequired\":true,\"valueName\":\"search_term_string\"}}],\"inLanguage\":\"de\"},{\"@type\":\"Organization\",\"@id\":\"https:\/\/www.kreainvent.com\/de\/#organization\",\"name\":\"KREAINVENT, razvoj e-mobilnosti, svetovanje in trgovina\",\"url\":\"https:\/\/www.kreainvent.com\/de\/\",\"logo\":{\"@type\":\"ImageObject\",\"inLanguage\":\"de\",\"@id\":\"https:\/\/www.kreainvent.com\/de\/#\/schema\/logo\/image\/\",\"url\":\"https:\/\/www.kreainvent.com\/wp-content\/uploads\/2024\/04\/kreainvent-ver-w900.png\",\"contentUrl\":\"https:\/\/www.kreainvent.com\/wp-content\/uploads\/2024\/04\/kreainvent-ver-w900.png\",\"width\":900,\"height\":791,\"caption\":\"KREAINVENT, razvoj e-mobilnosti, svetovanje in trgovina\"},\"image\":{\"@id\":\"https:\/\/www.kreainvent.com\/de\/#\/schema\/logo\/image\/\"}}]}<\/script>\n<!-- \/ Yoast SEO plugin. -->","yoast_head_json":{"title":"Universeller Hochwertiger Wallbox-Standfu\u00df aus Aluminum mit Dach mit Integrierter Solarlampe und EV kabelhalter - KREAINVENT - najve\u010dji ponudnik dodatne opreme za EV","robots":{"index":"index","follow":"follow","max-snippet":"max-snippet:-1","max-image-preview":"max-image-preview:large","max-video-preview":"max-video-preview:-1"},"canonical":"https:\/\/www.kreainvent.com\/de\/produkt\/universeller-hochwertiger-wallbox-standfuss-aus-aluminum-mit-dach-mit-integrierter-solarlampe-und-ev-kabelhalter\/","og_locale":"de_DE","og_type":"article","og_title":"Universeller Hochwertiger Wallbox-Standfu\u00df aus Aluminum mit Dach mit Integrierter Solarlampe und EV kabelhalter - KREAINVENT - najve\u010dji ponudnik dodatne opreme za EV","og_description":"Konfiguration: Aluminiumst\u00e4nder mit Schutzdach mit eingebauter Solarleuchte und Ladekabelhalterung.  Universale S\u00e4ule: geeignet f\u00fcr die Montage von meisten Ladestationen. Max. Abmessung der Ladestation: 40x32 cm. Montage der Ladestation an die S\u00e4ule erfolgt auf die gleiche Art und Weise wie die Montage an die Wand.","og_url":"https:\/\/www.kreainvent.com\/de\/produkt\/universeller-hochwertiger-wallbox-standfuss-aus-aluminum-mit-dach-mit-integrierter-solarlampe-und-ev-kabelhalter\/","og_site_name":"KREAINVENT - najve\u010dji ponudnik dodatne opreme za EV","article_modified_time":"2024-07-31T15:02:47+00:00","og_image":[{"width":800,"height":1200,"url":"https:\/\/www.kreainvent.com\/wp-content\/uploads\/2024\/03\/ALU-solar_kabel_04.jpg","type":"image\/jpeg"}],"twitter_card":"summary_large_image","twitter_misc":{"Gesch\u00e4tzte Lesezeit":"2\u00a0Minuten"},"schema":{"@context":"https:\/\/schema.org","@graph":[{"@type":"WebPage","@id":"https:\/\/www.kreainvent.com\/de\/produkt\/universeller-hochwertiger-wallbox-standfuss-aus-aluminum-mit-dach-mit-integrierter-solarlampe-und-ev-kabelhalter\/","url":"https:\/\/www.kreainvent.com\/de\/produkt\/universeller-hochwertiger-wallbox-standfuss-aus-aluminum-mit-dach-mit-integrierter-solarlampe-und-ev-kabelhalter\/","name":"Universeller Hochwertiger Wallbox-Standfu\u00df aus Aluminum mit Dach mit Integrierter Solarlampe und EV kabelhalter - KREAINVENT - najve\u010dji ponudnik dodatne opreme za EV","isPartOf":{"@id":"https:\/\/www.kreainvent.com\/de\/#website"},"primaryImageOfPage":{"@id":"https:\/\/www.kreainvent.com\/de\/produkt\/universeller-hochwertiger-wallbox-standfuss-aus-aluminum-mit-dach-mit-integrierter-solarlampe-und-ev-kabelhalter\/#primaryimage"},"image":{"@id":"https:\/\/www.kreainvent.com\/de\/produkt\/universeller-hochwertiger-wallbox-standfuss-aus-aluminum-mit-dach-mit-integrierter-solarlampe-und-ev-kabelhalter\/#primaryimage"},"thumbnailUrl":"https:\/\/www.kreainvent.com\/wp-content\/uploads\/2024\/03\/ALU-solar_kabel_04.jpg","datePublished":"2024-03-28T10:13:35+00:00","dateModified":"2024-07-31T15:02:47+00:00","breadcrumb":{"@id":"https:\/\/www.kreainvent.com\/de\/produkt\/universeller-hochwertiger-wallbox-standfuss-aus-aluminum-mit-dach-mit-integrierter-solarlampe-und-ev-kabelhalter\/#breadcrumb"},"inLanguage":"de","potentialAction":[{"@type":"ReadAction","target":["https:\/\/www.kreainvent.com\/de\/produkt\/universeller-hochwertiger-wallbox-standfuss-aus-aluminum-mit-dach-mit-integrierter-solarlampe-und-ev-kabelhalter\/"]}]},{"@type":"ImageObject","inLanguage":"de","@id":"https:\/\/www.kreainvent.com\/de\/produkt\/universeller-hochwertiger-wallbox-standfuss-aus-aluminum-mit-dach-mit-integrierter-solarlampe-und-ev-kabelhalter\/#primaryimage","url":"https:\/\/www.kreainvent.com\/wp-content\/uploads\/2024\/03\/ALU-solar_kabel_04.jpg","contentUrl":"https:\/\/www.kreainvent.com\/wp-content\/uploads\/2024\/03\/ALU-solar_kabel_04.jpg","width":800,"height":1200},{"@type":"BreadcrumbList","@id":"https:\/\/www.kreainvent.com\/de\/produkt\/universeller-hochwertiger-wallbox-standfuss-aus-aluminum-mit-dach-mit-integrierter-solarlampe-und-ev-kabelhalter\/#breadcrumb","itemListElement":[{"@type":"ListItem","position":1,"name":"Home","item":"https:\/\/www.kreainvent.com\/de\/kreainvent-ihr-zuverlaessiger-partner-fuer-organisierte-e-mobilitaet\/"},{"@type":"ListItem","position":2,"name":"Shop","item":"https:\/\/www.kreainvent.com\/de\/shop\/"},{"@type":"ListItem","position":3,"name":"Universeller Hochwertiger Wallbox-Standfu\u00df aus Aluminum mit Dach mit Integrierter Solarlampe und EV kabelhalter"}]},{"@type":"WebSite","@id":"https:\/\/www.kreainvent.com\/de\/#website","url":"https:\/\/www.kreainvent.com\/de\/","name":"KREAINVENT - najve\u010dji ponudnik dodatne opreme za EV","description":"Pomagamo vam do urejenega in organiziranega polnilnega mesta","publisher":{"@id":"https:\/\/www.kreainvent.com\/de\/#organization"},"potentialAction":[{"@type":"SearchAction","target":{"@type":"EntryPoint","urlTemplate":"https:\/\/www.kreainvent.com\/de\/?s={search_term_string}"},"query-input":{"@type":"PropertyValueSpecification","valueRequired":true,"valueName":"search_term_string"}}],"inLanguage":"de"},{"@type":"Organization","@id":"https:\/\/www.kreainvent.com\/de\/#organization","name":"KREAINVENT, razvoj e-mobilnosti, svetovanje in trgovina","url":"https:\/\/www.kreainvent.com\/de\/","logo":{"@type":"ImageObject","inLanguage":"de","@id":"https:\/\/www.kreainvent.com\/de\/#\/schema\/logo\/image\/","url":"https:\/\/www.kreainvent.com\/wp-content\/uploads\/2024\/04\/kreainvent-ver-w900.png","contentUrl":"https:\/\/www.kreainvent.com\/wp-content\/uploads\/2024\/04\/kreainvent-ver-w900.png","width":900,"height":791,"caption":"KREAINVENT, razvoj e-mobilnosti, svetovanje in trgovina"},"image":{"@id":"https:\/\/www.kreainvent.com\/de\/#\/schema\/logo\/image\/"}}]}},"_links":{"self":[{"href":"https:\/\/www.kreainvent.com\/de\/wp-json\/wp\/v2\/product\/4889","targetHints":{"allow":["GET"]}}],"collection":[{"href":"https:\/\/www.kreainvent.com\/de\/wp-json\/wp\/v2\/product"}],"about":[{"href":"https:\/\/www.kreainvent.com\/de\/wp-json\/wp\/v2\/types\/product"}],"replies":[{"embeddable":true,"href":"https:\/\/www.kreainvent.com\/de\/wp-json\/wp\/v2\/comments?post=4889"}],"version-history":[{"count":2,"href":"https:\/\/www.kreainvent.com\/de\/wp-json\/wp\/v2\/product\/4889\/revisions"}],"predecessor-version":[{"id":4891,"href":"https:\/\/www.kreainvent.com\/de\/wp-json\/wp\/v2\/product\/4889\/revisions\/4891"}],"wp:featuredmedia":[{"embeddable":true,"href":"https:\/\/www.kreainvent.com\/de\/wp-json\/wp\/v2\/media\/4488"}],"wp:attachment":[{"href":"https:\/\/www.kreainvent.com\/de\/wp-json\/wp\/v2\/media?parent=4889"}],"wp:term":[{"taxonomy":"product_brand","embeddable":true,"href":"https:\/\/www.kreainvent.com\/de\/wp-json\/wp\/v2\/product_brand?post=4889"},{"taxonomy":"product_cat","embeddable":true,"href":"https:\/\/www.kreainvent.com\/de\/wp-json\/wp\/v2\/product_cat?post=4889"},{"taxonomy":"product_tag","embeddable":true,"href":"https:\/\/www.kreainvent.com\/de\/wp-json\/wp\/v2\/product_tag?post=4889"}],"curies":[{"name":"wp","href":"https:\/\/api.w.org\/{rel}","templated":true}]}}