{"id":4883,"date":"2024-03-28T12:03:03","date_gmt":"2024-03-28T11:03:03","guid":{"rendered":"https:\/\/kreainvent.com\/izdelek\/univerzalno-stojalo-za-polnilno-postajo-za-elektricna-vozila-iz-nerjavecega-jekla-in-podstavkom\/"},"modified":"2024-07-31T16:02:09","modified_gmt":"2024-07-31T15:02:09","slug":"universeller-hochwertiger-wallbox-standfuss-aus-edelstahl-mit-dach-und-ev-kabelhalter-mit-bodensockel","status":"publish","type":"product","link":"https:\/\/www.kreainvent.com\/de\/produkt\/universeller-hochwertiger-wallbox-standfuss-aus-edelstahl-mit-dach-und-ev-kabelhalter-mit-bodensockel\/","title":{"rendered":"Universeller Hochwertiger Wallbox-Standfu\u00df aus Edelstahl mit Dach und EV kabelhalter mit Bodensockel"},"content":{"rendered":"<h3>Universeller Hochwertiger Wallbox-Standfu\u00df aus Edelstahl mit Dach und EV kabelhalter. Inklusive Bodensockel zur Befestigung des St\u00e4nders im Beton. (Bodenh\u00fclse zum Betonieren)<\/h3>\n<ul>\n<li><strong>Lange Lebensdauer: <\/strong>die S\u00e4ule aus hochwertigem Rostfreistahl mit fein geschliffener Struktur, wodurch eine au\u00dfergew\u00f6hnliche Haltbarkeit und Stabilit\u00e4t sichergestellt werden. Abgesehen von den Wetterverh\u00e4ltnissen beh\u00e4lt die S\u00e4ule einen ausgezeichneten Zustand.<\/li>\n<li><strong>Made in EU:<\/strong> durch eigene Produktion in EU werden Spitzenqualit\u00e4t und die Zuverl\u00e4ssigkeit der Produkte sichergestellt. Wir sind daf\u00fcr da, dass wir Ihnen die Unterst\u00fctzung und Lieferbarkeit von Ersatzteilen anbieten, damit Ihnen die Erfahrung beim Gebrauch von unseren S\u00e4ulen als eine sorgenlose und dauerhafte Erfahrung in Erinnerung bleibt.<\/li>\n<li><strong>Einfache Montage: <\/strong>die Schrauben sind einfach zug\u00e4nglich und \u00fcbersichtlich, wodurch eine schnelle und sicher Montage der Ladestation sichergestellt wird.<\/li>\n<li><strong>Stabilit\u00e4t und Sicherheit:<\/strong> der Sockel f\u00fcr die Bodenbefestigung ist aus rostfreiem Stahl gefertigt und stellt ein Hilfsmittel dar, das f\u00fcr eine perfekte Befestigung unserer Ladestationss\u00e4ulen von Schl\u00fcsselbedeutung ist. Konzipiert f\u00fcr Stabilit\u00e4t und Sicherheit. Der Sockel sollte einbetoniert werden.<\/li>\n<\/ul>\n","protected":false},"excerpt":{"rendered":"<p>Universeller Hochwertiger Wallbox-Standfu\u00df aus Edelstahl mit Dach und EV kabelhalter. Inklusive Bodensockel zur Befestigung des St\u00e4nders im Beton. (Bodenh\u00fclse zum Betonieren)<\/p>\n","protected":false},"featured_media":4414,"comment_status":"open","ping_status":"closed","template":"","meta":{"_acf_changed":false,"iawp_total_views":487},"product_brand":[],"product_cat":[229],"product_tag":[],"class_list":{"0":"post-4883","1":"product","2":"type-product","3":"status-publish","4":"has-post-thumbnail","6":"product_cat-ausenstander-fur-ladestationen","7":"pa_znamka-kreainvent-de","9":"first","10":"instock","11":"taxable","12":"shipping-taxable","13":"purchasable","14":"product-type-simple"},"acf":[],"yoast_head":"<!-- This site is optimized with the Yoast SEO plugin v26.9 - https:\/\/yoast.com\/product\/yoast-seo-wordpress\/ -->\n<title>Universeller Hochwertiger Wallbox-Standfu\u00df aus Edelstahl mit Dach und EV kabelhalter mit Bodensockel - KREAINVENT - najve\u010dji ponudnik dodatne opreme za EV<\/title>\n<meta name=\"robots\" content=\"index, follow, max-snippet:-1, max-image-preview:large, max-video-preview:-1\" \/>\n<link rel=\"canonical\" href=\"https:\/\/www.kreainvent.com\/de\/produkt\/universeller-hochwertiger-wallbox-standfuss-aus-edelstahl-mit-dach-und-ev-kabelhalter-mit-bodensockel\/\" \/>\n<meta property=\"og:locale\" content=\"de_DE\" \/>\n<meta property=\"og:type\" content=\"article\" \/>\n<meta property=\"og:title\" content=\"Universeller Hochwertiger Wallbox-Standfu\u00df aus Edelstahl mit Dach und EV kabelhalter mit Bodensockel - KREAINVENT - najve\u010dji ponudnik dodatne opreme za EV\" \/>\n<meta property=\"og:description\" content=\"Universeller Hochwertiger Wallbox-Standfu\u00df aus Edelstahl mit Dach und EV kabelhalter. Inklusive Bodensockel zur Befestigung des St\u00e4nders im Beton. (Bodenh\u00fclse zum Betonieren)\" \/>\n<meta property=\"og:url\" content=\"https:\/\/www.kreainvent.com\/de\/produkt\/universeller-hochwertiger-wallbox-standfuss-aus-edelstahl-mit-dach-und-ev-kabelhalter-mit-bodensockel\/\" \/>\n<meta property=\"og:site_name\" content=\"KREAINVENT - najve\u010dji ponudnik dodatne opreme za EV\" \/>\n<meta property=\"article:modified_time\" content=\"2024-07-31T15:02:09+00:00\" \/>\n<meta property=\"og:image\" content=\"https:\/\/www.kreainvent.com\/wp-content\/uploads\/2024\/03\/inox-streha-drzalozakabel-podstavek-01.jpg\" \/>\n\t<meta property=\"og:image:width\" content=\"799\" \/>\n\t<meta property=\"og:image:height\" content=\"1200\" \/>\n\t<meta property=\"og:image:type\" content=\"image\/jpeg\" \/>\n<meta name=\"twitter:card\" content=\"summary_large_image\" \/>\n<meta name=\"twitter:label1\" content=\"Gesch\u00e4tzte Lesezeit\" \/>\n\t<meta name=\"twitter:data1\" content=\"2\u00a0Minuten\" \/>\n<script type=\"application\/ld+json\" class=\"yoast-schema-graph\">{\"@context\":\"https:\/\/schema.org\",\"@graph\":[{\"@type\":\"WebPage\",\"@id\":\"https:\/\/www.kreainvent.com\/de\/produkt\/universeller-hochwertiger-wallbox-standfuss-aus-edelstahl-mit-dach-und-ev-kabelhalter-mit-bodensockel\/\",\"url\":\"https:\/\/www.kreainvent.com\/de\/produkt\/universeller-hochwertiger-wallbox-standfuss-aus-edelstahl-mit-dach-und-ev-kabelhalter-mit-bodensockel\/\",\"name\":\"Universeller Hochwertiger Wallbox-Standfu\u00df aus Edelstahl mit Dach und EV kabelhalter mit Bodensockel - KREAINVENT - najve\u010dji ponudnik dodatne opreme za EV\",\"isPartOf\":{\"@id\":\"https:\/\/www.kreainvent.com\/de\/#website\"},\"primaryImageOfPage\":{\"@id\":\"https:\/\/www.kreainvent.com\/de\/produkt\/universeller-hochwertiger-wallbox-standfuss-aus-edelstahl-mit-dach-und-ev-kabelhalter-mit-bodensockel\/#primaryimage\"},\"image\":{\"@id\":\"https:\/\/www.kreainvent.com\/de\/produkt\/universeller-hochwertiger-wallbox-standfuss-aus-edelstahl-mit-dach-und-ev-kabelhalter-mit-bodensockel\/#primaryimage\"},\"thumbnailUrl\":\"https:\/\/www.kreainvent.com\/wp-content\/uploads\/2024\/03\/inox-streha-drzalozakabel-podstavek-01.jpg\",\"datePublished\":\"2024-03-28T11:03:03+00:00\",\"dateModified\":\"2024-07-31T15:02:09+00:00\",\"breadcrumb\":{\"@id\":\"https:\/\/www.kreainvent.com\/de\/produkt\/universeller-hochwertiger-wallbox-standfuss-aus-edelstahl-mit-dach-und-ev-kabelhalter-mit-bodensockel\/#breadcrumb\"},\"inLanguage\":\"de\",\"potentialAction\":[{\"@type\":\"ReadAction\",\"target\":[\"https:\/\/www.kreainvent.com\/de\/produkt\/universeller-hochwertiger-wallbox-standfuss-aus-edelstahl-mit-dach-und-ev-kabelhalter-mit-bodensockel\/\"]}]},{\"@type\":\"ImageObject\",\"inLanguage\":\"de\",\"@id\":\"https:\/\/www.kreainvent.com\/de\/produkt\/universeller-hochwertiger-wallbox-standfuss-aus-edelstahl-mit-dach-und-ev-kabelhalter-mit-bodensockel\/#primaryimage\",\"url\":\"https:\/\/www.kreainvent.com\/wp-content\/uploads\/2024\/03\/inox-streha-drzalozakabel-podstavek-01.jpg\",\"contentUrl\":\"https:\/\/www.kreainvent.com\/wp-content\/uploads\/2024\/03\/inox-streha-drzalozakabel-podstavek-01.jpg\",\"width\":799,\"height\":1200},{\"@type\":\"BreadcrumbList\",\"@id\":\"https:\/\/www.kreainvent.com\/de\/produkt\/universeller-hochwertiger-wallbox-standfuss-aus-edelstahl-mit-dach-und-ev-kabelhalter-mit-bodensockel\/#breadcrumb\",\"itemListElement\":[{\"@type\":\"ListItem\",\"position\":1,\"name\":\"Home\",\"item\":\"https:\/\/www.kreainvent.com\/de\/kreainvent-ihr-zuverlaessiger-partner-fuer-organisierte-e-mobilitaet\/\"},{\"@type\":\"ListItem\",\"position\":2,\"name\":\"Shop\",\"item\":\"https:\/\/www.kreainvent.com\/de\/shop\/\"},{\"@type\":\"ListItem\",\"position\":3,\"name\":\"Universeller Hochwertiger Wallbox-Standfu\u00df aus Edelstahl mit Dach und EV kabelhalter mit Bodensockel\"}]},{\"@type\":\"WebSite\",\"@id\":\"https:\/\/www.kreainvent.com\/de\/#website\",\"url\":\"https:\/\/www.kreainvent.com\/de\/\",\"name\":\"KREAINVENT - najve\u010dji ponudnik dodatne opreme za EV\",\"description\":\"Pomagamo vam do urejenega in organiziranega polnilnega mesta\",\"publisher\":{\"@id\":\"https:\/\/www.kreainvent.com\/de\/#organization\"},\"potentialAction\":[{\"@type\":\"SearchAction\",\"target\":{\"@type\":\"EntryPoint\",\"urlTemplate\":\"https:\/\/www.kreainvent.com\/de\/?s={search_term_string}\"},\"query-input\":{\"@type\":\"PropertyValueSpecification\",\"valueRequired\":true,\"valueName\":\"search_term_string\"}}],\"inLanguage\":\"de\"},{\"@type\":\"Organization\",\"@id\":\"https:\/\/www.kreainvent.com\/de\/#organization\",\"name\":\"KREAINVENT, razvoj e-mobilnosti, svetovanje in trgovina\",\"url\":\"https:\/\/www.kreainvent.com\/de\/\",\"logo\":{\"@type\":\"ImageObject\",\"inLanguage\":\"de\",\"@id\":\"https:\/\/www.kreainvent.com\/de\/#\/schema\/logo\/image\/\",\"url\":\"https:\/\/www.kreainvent.com\/wp-content\/uploads\/2024\/04\/kreainvent-ver-w900.png\",\"contentUrl\":\"https:\/\/www.kreainvent.com\/wp-content\/uploads\/2024\/04\/kreainvent-ver-w900.png\",\"width\":900,\"height\":791,\"caption\":\"KREAINVENT, razvoj e-mobilnosti, svetovanje in trgovina\"},\"image\":{\"@id\":\"https:\/\/www.kreainvent.com\/de\/#\/schema\/logo\/image\/\"}}]}<\/script>\n<!-- \/ Yoast SEO plugin. -->","yoast_head_json":{"title":"Universeller Hochwertiger Wallbox-Standfu\u00df aus Edelstahl mit Dach und EV kabelhalter mit Bodensockel - KREAINVENT - najve\u010dji ponudnik dodatne opreme za EV","robots":{"index":"index","follow":"follow","max-snippet":"max-snippet:-1","max-image-preview":"max-image-preview:large","max-video-preview":"max-video-preview:-1"},"canonical":"https:\/\/www.kreainvent.com\/de\/produkt\/universeller-hochwertiger-wallbox-standfuss-aus-edelstahl-mit-dach-und-ev-kabelhalter-mit-bodensockel\/","og_locale":"de_DE","og_type":"article","og_title":"Universeller Hochwertiger Wallbox-Standfu\u00df aus Edelstahl mit Dach und EV kabelhalter mit Bodensockel - KREAINVENT - najve\u010dji ponudnik dodatne opreme za EV","og_description":"Universeller Hochwertiger Wallbox-Standfu\u00df aus Edelstahl mit Dach und EV kabelhalter. Inklusive Bodensockel zur Befestigung des St\u00e4nders im Beton. (Bodenh\u00fclse zum Betonieren)","og_url":"https:\/\/www.kreainvent.com\/de\/produkt\/universeller-hochwertiger-wallbox-standfuss-aus-edelstahl-mit-dach-und-ev-kabelhalter-mit-bodensockel\/","og_site_name":"KREAINVENT - najve\u010dji ponudnik dodatne opreme za EV","article_modified_time":"2024-07-31T15:02:09+00:00","og_image":[{"width":799,"height":1200,"url":"https:\/\/www.kreainvent.com\/wp-content\/uploads\/2024\/03\/inox-streha-drzalozakabel-podstavek-01.jpg","type":"image\/jpeg"}],"twitter_card":"summary_large_image","twitter_misc":{"Gesch\u00e4tzte Lesezeit":"2\u00a0Minuten"},"schema":{"@context":"https:\/\/schema.org","@graph":[{"@type":"WebPage","@id":"https:\/\/www.kreainvent.com\/de\/produkt\/universeller-hochwertiger-wallbox-standfuss-aus-edelstahl-mit-dach-und-ev-kabelhalter-mit-bodensockel\/","url":"https:\/\/www.kreainvent.com\/de\/produkt\/universeller-hochwertiger-wallbox-standfuss-aus-edelstahl-mit-dach-und-ev-kabelhalter-mit-bodensockel\/","name":"Universeller Hochwertiger Wallbox-Standfu\u00df aus Edelstahl mit Dach und EV kabelhalter mit Bodensockel - KREAINVENT - najve\u010dji ponudnik dodatne opreme za EV","isPartOf":{"@id":"https:\/\/www.kreainvent.com\/de\/#website"},"primaryImageOfPage":{"@id":"https:\/\/www.kreainvent.com\/de\/produkt\/universeller-hochwertiger-wallbox-standfuss-aus-edelstahl-mit-dach-und-ev-kabelhalter-mit-bodensockel\/#primaryimage"},"image":{"@id":"https:\/\/www.kreainvent.com\/de\/produkt\/universeller-hochwertiger-wallbox-standfuss-aus-edelstahl-mit-dach-und-ev-kabelhalter-mit-bodensockel\/#primaryimage"},"thumbnailUrl":"https:\/\/www.kreainvent.com\/wp-content\/uploads\/2024\/03\/inox-streha-drzalozakabel-podstavek-01.jpg","datePublished":"2024-03-28T11:03:03+00:00","dateModified":"2024-07-31T15:02:09+00:00","breadcrumb":{"@id":"https:\/\/www.kreainvent.com\/de\/produkt\/universeller-hochwertiger-wallbox-standfuss-aus-edelstahl-mit-dach-und-ev-kabelhalter-mit-bodensockel\/#breadcrumb"},"inLanguage":"de","potentialAction":[{"@type":"ReadAction","target":["https:\/\/www.kreainvent.com\/de\/produkt\/universeller-hochwertiger-wallbox-standfuss-aus-edelstahl-mit-dach-und-ev-kabelhalter-mit-bodensockel\/"]}]},{"@type":"ImageObject","inLanguage":"de","@id":"https:\/\/www.kreainvent.com\/de\/produkt\/universeller-hochwertiger-wallbox-standfuss-aus-edelstahl-mit-dach-und-ev-kabelhalter-mit-bodensockel\/#primaryimage","url":"https:\/\/www.kreainvent.com\/wp-content\/uploads\/2024\/03\/inox-streha-drzalozakabel-podstavek-01.jpg","contentUrl":"https:\/\/www.kreainvent.com\/wp-content\/uploads\/2024\/03\/inox-streha-drzalozakabel-podstavek-01.jpg","width":799,"height":1200},{"@type":"BreadcrumbList","@id":"https:\/\/www.kreainvent.com\/de\/produkt\/universeller-hochwertiger-wallbox-standfuss-aus-edelstahl-mit-dach-und-ev-kabelhalter-mit-bodensockel\/#breadcrumb","itemListElement":[{"@type":"ListItem","position":1,"name":"Home","item":"https:\/\/www.kreainvent.com\/de\/kreainvent-ihr-zuverlaessiger-partner-fuer-organisierte-e-mobilitaet\/"},{"@type":"ListItem","position":2,"name":"Shop","item":"https:\/\/www.kreainvent.com\/de\/shop\/"},{"@type":"ListItem","position":3,"name":"Universeller Hochwertiger Wallbox-Standfu\u00df aus Edelstahl mit Dach und EV kabelhalter mit Bodensockel"}]},{"@type":"WebSite","@id":"https:\/\/www.kreainvent.com\/de\/#website","url":"https:\/\/www.kreainvent.com\/de\/","name":"KREAINVENT - najve\u010dji ponudnik dodatne opreme za EV","description":"Pomagamo vam do urejenega in organiziranega polnilnega mesta","publisher":{"@id":"https:\/\/www.kreainvent.com\/de\/#organization"},"potentialAction":[{"@type":"SearchAction","target":{"@type":"EntryPoint","urlTemplate":"https:\/\/www.kreainvent.com\/de\/?s={search_term_string}"},"query-input":{"@type":"PropertyValueSpecification","valueRequired":true,"valueName":"search_term_string"}}],"inLanguage":"de"},{"@type":"Organization","@id":"https:\/\/www.kreainvent.com\/de\/#organization","name":"KREAINVENT, razvoj e-mobilnosti, svetovanje in trgovina","url":"https:\/\/www.kreainvent.com\/de\/","logo":{"@type":"ImageObject","inLanguage":"de","@id":"https:\/\/www.kreainvent.com\/de\/#\/schema\/logo\/image\/","url":"https:\/\/www.kreainvent.com\/wp-content\/uploads\/2024\/04\/kreainvent-ver-w900.png","contentUrl":"https:\/\/www.kreainvent.com\/wp-content\/uploads\/2024\/04\/kreainvent-ver-w900.png","width":900,"height":791,"caption":"KREAINVENT, razvoj e-mobilnosti, svetovanje in trgovina"},"image":{"@id":"https:\/\/www.kreainvent.com\/de\/#\/schema\/logo\/image\/"}}]}},"_links":{"self":[{"href":"https:\/\/www.kreainvent.com\/de\/wp-json\/wp\/v2\/product\/4883","targetHints":{"allow":["GET"]}}],"collection":[{"href":"https:\/\/www.kreainvent.com\/de\/wp-json\/wp\/v2\/product"}],"about":[{"href":"https:\/\/www.kreainvent.com\/de\/wp-json\/wp\/v2\/types\/product"}],"replies":[{"embeddable":true,"href":"https:\/\/www.kreainvent.com\/de\/wp-json\/wp\/v2\/comments?post=4883"}],"version-history":[{"count":2,"href":"https:\/\/www.kreainvent.com\/de\/wp-json\/wp\/v2\/product\/4883\/revisions"}],"predecessor-version":[{"id":4885,"href":"https:\/\/www.kreainvent.com\/de\/wp-json\/wp\/v2\/product\/4883\/revisions\/4885"}],"wp:featuredmedia":[{"embeddable":true,"href":"https:\/\/www.kreainvent.com\/de\/wp-json\/wp\/v2\/media\/4414"}],"wp:attachment":[{"href":"https:\/\/www.kreainvent.com\/de\/wp-json\/wp\/v2\/media?parent=4883"}],"wp:term":[{"taxonomy":"product_brand","embeddable":true,"href":"https:\/\/www.kreainvent.com\/de\/wp-json\/wp\/v2\/product_brand?post=4883"},{"taxonomy":"product_cat","embeddable":true,"href":"https:\/\/www.kreainvent.com\/de\/wp-json\/wp\/v2\/product_cat?post=4883"},{"taxonomy":"product_tag","embeddable":true,"href":"https:\/\/www.kreainvent.com\/de\/wp-json\/wp\/v2\/product_tag?post=4883"}],"curies":[{"name":"wp","href":"https:\/\/api.w.org\/{rel}","templated":true}]}}