{"id":4850,"date":"2024-03-28T18:21:39","date_gmt":"2024-03-28T17:21:39","guid":{"rendered":"https:\/\/kreainvent.com\/izdelek\/robustno-stensko-drzalo-za-ev-polnilni-kabel-z-mehanizmom-za-pritrditev-tip-2-konektorja\/"},"modified":"2025-06-19T13:17:17","modified_gmt":"2025-06-19T12:17:17","slug":"ev-kabelhalterung-fuer-das-ladekabel-fuer-elektrofahrzeuge","status":"publish","type":"product","link":"https:\/\/www.kreainvent.com\/de\/produkt\/ev-kabelhalterung-fuer-das-ladekabel-fuer-elektrofahrzeuge\/","title":{"rendered":"EV Kabelhalterung f\u00fcr das ladekabel f\u00fcr Elektrofahrzeuge"},"content":{"rendered":"<h3>EV Kabelhalterung f\u00fcr das ladekabel f\u00fcr Elektrofahrzeuge. Halterung geeignet f\u00fcr alle Kabeltypen mit dem Ladestecker IEC 62196-2 Typ 2.<\/h3>\n<ul>\n<li>EV Kabelhalterung f\u00fcr die Ladestation f\u00fcr Elektrofahrzeuge: geeignet f\u00fcr alle Kabeltypen mit dem Ladestecker IEC 62196-2 Typ 2. Geeignet f\u00fcr Kabell\u00e4ngen von 3 &#8211; 12 m.<\/li>\n<li>Verriegelungsmechanismus, einstellbar: innovatives Design, bei dem \u00fcber eine einstellbare Schraube die Kraft mit der das Ladekabel an die Halterung mit \u201eClick-Lock Mechanismus\u201c angeschlossen wird<\/li>\n<li>Ergonomisches Design: f\u00fcr einfache Bedienung und einfaches Ablegen des Ladekabels an die Halterung. Das angepasste Design gew\u00e4hrleistet sichere Verriegelung an der Halterung<\/li>\n<li>Platzsparend: da das Ladekabele vertikal verriegelt wird, bleibt mehr Platz auf Ihrem Parkplatz oder in der Garage \u00fcbrig<\/li>\n<li>Hochwertiges Design: Alugeh\u00e4use mit Halterung aus best\u00e4ndigem Kunststoff f\u00fcr Auen- und Innengebrauch. Einfache Montage. Angepasstes Parken. In EU hergestellt<\/li>\n<\/ul>\n","protected":false},"excerpt":{"rendered":"<p>Die Halterung f\u00fcr das Ladekabel ist aus hochwertigen Materialine hergestellt.<\/p>\n<p>Das Geh\u00e4use ist aus Aluminium, die Halterung aus HMWPE Kunststoff, die f\u00fcr die Montage vorgesehenen Schrauben aber aus Rostfreistahl. Das Geh\u00e4use in RAL7011 ist witterungsbest\u00e4ndig.<\/p>\n<p>Die Halterung ist f\u00fcr alle Kabell\u00e4ngen von 3-12 Metergeeignet. Durch ihre spezielle Konstruktion kann die Kraft der Verriegelung des Ladekabels mit einem verstellbare Schraube.<\/p>\n<p>Mit der Halterung bleibt Ihre Garage immer ordentlich, das Ladekabel aber gesch\u00fctzt.<\/p>\n","protected":false},"featured_media":4517,"comment_status":"open","ping_status":"closed","template":"","meta":{"_acf_changed":false,"iawp_total_views":249},"product_brand":[],"product_cat":[231],"product_tag":[],"class_list":{"0":"post-4850","1":"product","2":"type-product","3":"status-publish","4":"has-post-thumbnail","6":"product_cat-wandhalterungen-fur-ladekabel","7":"product_shipping_class-leichte-produkte","8":"pa_znamka-kreainvent-de","10":"first","11":"instock","12":"taxable","13":"shipping-taxable","14":"purchasable","15":"product-type-simple"},"acf":[],"yoast_head":"<!-- This site is optimized with the Yoast SEO plugin v26.9 - https:\/\/yoast.com\/product\/yoast-seo-wordpress\/ -->\n<title>EV Kabelhalterung f\u00fcr das ladekabel f\u00fcr Elektrofahrzeuge - KREAINVENT - najve\u010dji ponudnik dodatne opreme za EV<\/title>\n<meta name=\"robots\" content=\"index, follow, max-snippet:-1, max-image-preview:large, max-video-preview:-1\" \/>\n<link rel=\"canonical\" href=\"https:\/\/www.kreainvent.com\/de\/produkt\/ev-kabelhalterung-fuer-das-ladekabel-fuer-elektrofahrzeuge\/\" \/>\n<meta property=\"og:locale\" content=\"de_DE\" \/>\n<meta property=\"og:type\" content=\"article\" \/>\n<meta property=\"og:title\" content=\"EV Kabelhalterung f\u00fcr das ladekabel f\u00fcr Elektrofahrzeuge - KREAINVENT - najve\u010dji ponudnik dodatne opreme za EV\" \/>\n<meta property=\"og:description\" content=\"Die Halterung f\u00fcr das Ladekabel ist aus hochwertigen Materialine hergestellt.  Das Geh\u00e4use ist aus Aluminium, die Halterung aus HMWPE Kunststoff, die f\u00fcr die Montage vorgesehenen Schrauben aber aus Rostfreistahl. Das Geh\u00e4use in RAL7011 ist witterungsbest\u00e4ndig.  Die Halterung ist f\u00fcr alle Kabell\u00e4ngen von 3-12 Metergeeignet. Durch ihre spezielle Konstruktion kann die Kraft der Verriegelung des Ladekabels mit einem verstellbare Schraube.  Mit der Halterung bleibt Ihre Garage immer ordentlich, das Ladekabel aber gesch\u00fctzt.\" \/>\n<meta property=\"og:url\" content=\"https:\/\/www.kreainvent.com\/de\/produkt\/ev-kabelhalterung-fuer-das-ladekabel-fuer-elektrofahrzeuge\/\" \/>\n<meta property=\"og:site_name\" content=\"KREAINVENT - najve\u010dji ponudnik dodatne opreme za EV\" \/>\n<meta property=\"article:modified_time\" content=\"2025-06-19T12:17:17+00:00\" \/>\n<meta property=\"og:image\" content=\"https:\/\/www.kreainvent.com\/wp-content\/uploads\/2024\/03\/stansko-drzalo-typ2-kreainvent-01.jpg\" \/>\n\t<meta property=\"og:image:width\" content=\"1200\" \/>\n\t<meta property=\"og:image:height\" content=\"1200\" \/>\n\t<meta property=\"og:image:type\" content=\"image\/jpeg\" \/>\n<meta name=\"twitter:card\" content=\"summary_large_image\" \/>\n<meta name=\"twitter:label1\" content=\"Gesch\u00e4tzte Lesezeit\" \/>\n\t<meta name=\"twitter:data1\" content=\"1\u00a0Minute\" \/>\n<script type=\"application\/ld+json\" class=\"yoast-schema-graph\">{\"@context\":\"https:\/\/schema.org\",\"@graph\":[{\"@type\":\"WebPage\",\"@id\":\"https:\/\/www.kreainvent.com\/de\/produkt\/ev-kabelhalterung-fuer-das-ladekabel-fuer-elektrofahrzeuge\/\",\"url\":\"https:\/\/www.kreainvent.com\/de\/produkt\/ev-kabelhalterung-fuer-das-ladekabel-fuer-elektrofahrzeuge\/\",\"name\":\"EV Kabelhalterung f\u00fcr das ladekabel f\u00fcr Elektrofahrzeuge - KREAINVENT - najve\u010dji ponudnik dodatne opreme za EV\",\"isPartOf\":{\"@id\":\"https:\/\/www.kreainvent.com\/de\/#website\"},\"primaryImageOfPage\":{\"@id\":\"https:\/\/www.kreainvent.com\/de\/produkt\/ev-kabelhalterung-fuer-das-ladekabel-fuer-elektrofahrzeuge\/#primaryimage\"},\"image\":{\"@id\":\"https:\/\/www.kreainvent.com\/de\/produkt\/ev-kabelhalterung-fuer-das-ladekabel-fuer-elektrofahrzeuge\/#primaryimage\"},\"thumbnailUrl\":\"https:\/\/www.kreainvent.com\/wp-content\/uploads\/2024\/03\/stansko-drzalo-typ2-kreainvent-01.jpg\",\"datePublished\":\"2024-03-28T17:21:39+00:00\",\"dateModified\":\"2025-06-19T12:17:17+00:00\",\"breadcrumb\":{\"@id\":\"https:\/\/www.kreainvent.com\/de\/produkt\/ev-kabelhalterung-fuer-das-ladekabel-fuer-elektrofahrzeuge\/#breadcrumb\"},\"inLanguage\":\"de\",\"potentialAction\":[{\"@type\":\"ReadAction\",\"target\":[\"https:\/\/www.kreainvent.com\/de\/produkt\/ev-kabelhalterung-fuer-das-ladekabel-fuer-elektrofahrzeuge\/\"]}]},{\"@type\":\"ImageObject\",\"inLanguage\":\"de\",\"@id\":\"https:\/\/www.kreainvent.com\/de\/produkt\/ev-kabelhalterung-fuer-das-ladekabel-fuer-elektrofahrzeuge\/#primaryimage\",\"url\":\"https:\/\/www.kreainvent.com\/wp-content\/uploads\/2024\/03\/stansko-drzalo-typ2-kreainvent-01.jpg\",\"contentUrl\":\"https:\/\/www.kreainvent.com\/wp-content\/uploads\/2024\/03\/stansko-drzalo-typ2-kreainvent-01.jpg\",\"width\":1200,\"height\":1200},{\"@type\":\"BreadcrumbList\",\"@id\":\"https:\/\/www.kreainvent.com\/de\/produkt\/ev-kabelhalterung-fuer-das-ladekabel-fuer-elektrofahrzeuge\/#breadcrumb\",\"itemListElement\":[{\"@type\":\"ListItem\",\"position\":1,\"name\":\"Home\",\"item\":\"https:\/\/www.kreainvent.com\/de\/kreainvent-ihr-zuverlaessiger-partner-fuer-organisierte-e-mobilitaet\/\"},{\"@type\":\"ListItem\",\"position\":2,\"name\":\"Shop\",\"item\":\"https:\/\/www.kreainvent.com\/de\/shop\/\"},{\"@type\":\"ListItem\",\"position\":3,\"name\":\"EV Kabelhalterung f\u00fcr das ladekabel f\u00fcr Elektrofahrzeuge\"}]},{\"@type\":\"WebSite\",\"@id\":\"https:\/\/www.kreainvent.com\/de\/#website\",\"url\":\"https:\/\/www.kreainvent.com\/de\/\",\"name\":\"KREAINVENT - najve\u010dji ponudnik dodatne opreme za EV\",\"description\":\"Pomagamo vam do urejenega in organiziranega polnilnega mesta\",\"publisher\":{\"@id\":\"https:\/\/www.kreainvent.com\/de\/#organization\"},\"potentialAction\":[{\"@type\":\"SearchAction\",\"target\":{\"@type\":\"EntryPoint\",\"urlTemplate\":\"https:\/\/www.kreainvent.com\/de\/?s={search_term_string}\"},\"query-input\":{\"@type\":\"PropertyValueSpecification\",\"valueRequired\":true,\"valueName\":\"search_term_string\"}}],\"inLanguage\":\"de\"},{\"@type\":\"Organization\",\"@id\":\"https:\/\/www.kreainvent.com\/de\/#organization\",\"name\":\"KREAINVENT, razvoj e-mobilnosti, svetovanje in trgovina\",\"url\":\"https:\/\/www.kreainvent.com\/de\/\",\"logo\":{\"@type\":\"ImageObject\",\"inLanguage\":\"de\",\"@id\":\"https:\/\/www.kreainvent.com\/de\/#\/schema\/logo\/image\/\",\"url\":\"https:\/\/www.kreainvent.com\/wp-content\/uploads\/2024\/04\/kreainvent-ver-w900.png\",\"contentUrl\":\"https:\/\/www.kreainvent.com\/wp-content\/uploads\/2024\/04\/kreainvent-ver-w900.png\",\"width\":900,\"height\":791,\"caption\":\"KREAINVENT, razvoj e-mobilnosti, svetovanje in trgovina\"},\"image\":{\"@id\":\"https:\/\/www.kreainvent.com\/de\/#\/schema\/logo\/image\/\"}}]}<\/script>\n<!-- \/ Yoast SEO plugin. -->","yoast_head_json":{"title":"EV Kabelhalterung f\u00fcr das ladekabel f\u00fcr Elektrofahrzeuge - KREAINVENT - najve\u010dji ponudnik dodatne opreme za EV","robots":{"index":"index","follow":"follow","max-snippet":"max-snippet:-1","max-image-preview":"max-image-preview:large","max-video-preview":"max-video-preview:-1"},"canonical":"https:\/\/www.kreainvent.com\/de\/produkt\/ev-kabelhalterung-fuer-das-ladekabel-fuer-elektrofahrzeuge\/","og_locale":"de_DE","og_type":"article","og_title":"EV Kabelhalterung f\u00fcr das ladekabel f\u00fcr Elektrofahrzeuge - KREAINVENT - najve\u010dji ponudnik dodatne opreme za EV","og_description":"Die Halterung f\u00fcr das Ladekabel ist aus hochwertigen Materialine hergestellt.  Das Geh\u00e4use ist aus Aluminium, die Halterung aus HMWPE Kunststoff, die f\u00fcr die Montage vorgesehenen Schrauben aber aus Rostfreistahl. Das Geh\u00e4use in RAL7011 ist witterungsbest\u00e4ndig.  Die Halterung ist f\u00fcr alle Kabell\u00e4ngen von 3-12 Metergeeignet. Durch ihre spezielle Konstruktion kann die Kraft der Verriegelung des Ladekabels mit einem verstellbare Schraube.  Mit der Halterung bleibt Ihre Garage immer ordentlich, das Ladekabel aber gesch\u00fctzt.","og_url":"https:\/\/www.kreainvent.com\/de\/produkt\/ev-kabelhalterung-fuer-das-ladekabel-fuer-elektrofahrzeuge\/","og_site_name":"KREAINVENT - najve\u010dji ponudnik dodatne opreme za EV","article_modified_time":"2025-06-19T12:17:17+00:00","og_image":[{"width":1200,"height":1200,"url":"https:\/\/www.kreainvent.com\/wp-content\/uploads\/2024\/03\/stansko-drzalo-typ2-kreainvent-01.jpg","type":"image\/jpeg"}],"twitter_card":"summary_large_image","twitter_misc":{"Gesch\u00e4tzte Lesezeit":"1\u00a0Minute"},"schema":{"@context":"https:\/\/schema.org","@graph":[{"@type":"WebPage","@id":"https:\/\/www.kreainvent.com\/de\/produkt\/ev-kabelhalterung-fuer-das-ladekabel-fuer-elektrofahrzeuge\/","url":"https:\/\/www.kreainvent.com\/de\/produkt\/ev-kabelhalterung-fuer-das-ladekabel-fuer-elektrofahrzeuge\/","name":"EV Kabelhalterung f\u00fcr das ladekabel f\u00fcr Elektrofahrzeuge - KREAINVENT - najve\u010dji ponudnik dodatne opreme za EV","isPartOf":{"@id":"https:\/\/www.kreainvent.com\/de\/#website"},"primaryImageOfPage":{"@id":"https:\/\/www.kreainvent.com\/de\/produkt\/ev-kabelhalterung-fuer-das-ladekabel-fuer-elektrofahrzeuge\/#primaryimage"},"image":{"@id":"https:\/\/www.kreainvent.com\/de\/produkt\/ev-kabelhalterung-fuer-das-ladekabel-fuer-elektrofahrzeuge\/#primaryimage"},"thumbnailUrl":"https:\/\/www.kreainvent.com\/wp-content\/uploads\/2024\/03\/stansko-drzalo-typ2-kreainvent-01.jpg","datePublished":"2024-03-28T17:21:39+00:00","dateModified":"2025-06-19T12:17:17+00:00","breadcrumb":{"@id":"https:\/\/www.kreainvent.com\/de\/produkt\/ev-kabelhalterung-fuer-das-ladekabel-fuer-elektrofahrzeuge\/#breadcrumb"},"inLanguage":"de","potentialAction":[{"@type":"ReadAction","target":["https:\/\/www.kreainvent.com\/de\/produkt\/ev-kabelhalterung-fuer-das-ladekabel-fuer-elektrofahrzeuge\/"]}]},{"@type":"ImageObject","inLanguage":"de","@id":"https:\/\/www.kreainvent.com\/de\/produkt\/ev-kabelhalterung-fuer-das-ladekabel-fuer-elektrofahrzeuge\/#primaryimage","url":"https:\/\/www.kreainvent.com\/wp-content\/uploads\/2024\/03\/stansko-drzalo-typ2-kreainvent-01.jpg","contentUrl":"https:\/\/www.kreainvent.com\/wp-content\/uploads\/2024\/03\/stansko-drzalo-typ2-kreainvent-01.jpg","width":1200,"height":1200},{"@type":"BreadcrumbList","@id":"https:\/\/www.kreainvent.com\/de\/produkt\/ev-kabelhalterung-fuer-das-ladekabel-fuer-elektrofahrzeuge\/#breadcrumb","itemListElement":[{"@type":"ListItem","position":1,"name":"Home","item":"https:\/\/www.kreainvent.com\/de\/kreainvent-ihr-zuverlaessiger-partner-fuer-organisierte-e-mobilitaet\/"},{"@type":"ListItem","position":2,"name":"Shop","item":"https:\/\/www.kreainvent.com\/de\/shop\/"},{"@type":"ListItem","position":3,"name":"EV Kabelhalterung f\u00fcr das ladekabel f\u00fcr Elektrofahrzeuge"}]},{"@type":"WebSite","@id":"https:\/\/www.kreainvent.com\/de\/#website","url":"https:\/\/www.kreainvent.com\/de\/","name":"KREAINVENT - najve\u010dji ponudnik dodatne opreme za EV","description":"Pomagamo vam do urejenega in organiziranega polnilnega mesta","publisher":{"@id":"https:\/\/www.kreainvent.com\/de\/#organization"},"potentialAction":[{"@type":"SearchAction","target":{"@type":"EntryPoint","urlTemplate":"https:\/\/www.kreainvent.com\/de\/?s={search_term_string}"},"query-input":{"@type":"PropertyValueSpecification","valueRequired":true,"valueName":"search_term_string"}}],"inLanguage":"de"},{"@type":"Organization","@id":"https:\/\/www.kreainvent.com\/de\/#organization","name":"KREAINVENT, razvoj e-mobilnosti, svetovanje in trgovina","url":"https:\/\/www.kreainvent.com\/de\/","logo":{"@type":"ImageObject","inLanguage":"de","@id":"https:\/\/www.kreainvent.com\/de\/#\/schema\/logo\/image\/","url":"https:\/\/www.kreainvent.com\/wp-content\/uploads\/2024\/04\/kreainvent-ver-w900.png","contentUrl":"https:\/\/www.kreainvent.com\/wp-content\/uploads\/2024\/04\/kreainvent-ver-w900.png","width":900,"height":791,"caption":"KREAINVENT, razvoj e-mobilnosti, svetovanje in trgovina"},"image":{"@id":"https:\/\/www.kreainvent.com\/de\/#\/schema\/logo\/image\/"}}]}},"_links":{"self":[{"href":"https:\/\/www.kreainvent.com\/de\/wp-json\/wp\/v2\/product\/4850","targetHints":{"allow":["GET"]}}],"collection":[{"href":"https:\/\/www.kreainvent.com\/de\/wp-json\/wp\/v2\/product"}],"about":[{"href":"https:\/\/www.kreainvent.com\/de\/wp-json\/wp\/v2\/types\/product"}],"replies":[{"embeddable":true,"href":"https:\/\/www.kreainvent.com\/de\/wp-json\/wp\/v2\/comments?post=4850"}],"version-history":[{"count":2,"href":"https:\/\/www.kreainvent.com\/de\/wp-json\/wp\/v2\/product\/4850\/revisions"}],"predecessor-version":[{"id":4854,"href":"https:\/\/www.kreainvent.com\/de\/wp-json\/wp\/v2\/product\/4850\/revisions\/4854"}],"wp:featuredmedia":[{"embeddable":true,"href":"https:\/\/www.kreainvent.com\/de\/wp-json\/wp\/v2\/media\/4517"}],"wp:attachment":[{"href":"https:\/\/www.kreainvent.com\/de\/wp-json\/wp\/v2\/media?parent=4850"}],"wp:term":[{"taxonomy":"product_brand","embeddable":true,"href":"https:\/\/www.kreainvent.com\/de\/wp-json\/wp\/v2\/product_brand?post=4850"},{"taxonomy":"product_cat","embeddable":true,"href":"https:\/\/www.kreainvent.com\/de\/wp-json\/wp\/v2\/product_cat?post=4850"},{"taxonomy":"product_tag","embeddable":true,"href":"https:\/\/www.kreainvent.com\/de\/wp-json\/wp\/v2\/product_tag?post=4850"}],"curies":[{"name":"wp","href":"https:\/\/api.w.org\/{rel}","templated":true}]}}