{"id":4846,"date":"2024-03-28T18:30:23","date_gmt":"2024-03-28T17:30:23","guid":{"rendered":"https:\/\/kreainvent.com\/izdelek\/robustno-stensko-drzalo-s-kljucavnico-za-ev-polnilne-kable-s-tip-2-konektorjem-iec-62196-2\/"},"modified":"2025-06-19T13:17:17","modified_gmt":"2025-06-19T12:17:17","slug":"typ-2-halterung-fur-ev-ladekabel-wandhalterung-mit-stahlschloss-schuetzt-vor-diebstahl","status":"publish","type":"product","link":"https:\/\/www.kreainvent.com\/de\/produkt\/typ-2-halterung-fur-ev-ladekabel-wandhalterung-mit-stahlschloss-schuetzt-vor-diebstahl\/","title":{"rendered":"Typ 2 Halterung fur EV ladekabel, wandhalterung mit Stahlschloss sch\u00fctzt vor Diebstahl"},"content":{"rendered":"<ul>\n<li>Schloss: Ladekupplung Typ 2 f\u00fcr Ladekabel kann mit einem Schl\u00fcssel geschlossen werden, wodurch Dritten der Gebrauch verhindert wird.<\/li>\n<li>Schutz: Ladekupplung komplett vor externen Auswirkungen gesch\u00fctzt, da sie komplett bedeckt und der Halterung genau angepasst ist. Stahlschloss sch\u00fctzt vor Diebstahl.<\/li>\n<li>Robuste Ausf\u00fchrung: Aluminiumgeh\u00e4use, was dauerhafte Best\u00e4ndigkeit sicherstellt, sowohl im Innen- als auch im Au\u00dfenbereich.<\/li>\n<li>Ordnung an der Ladestelle: Stabile Halterung f\u00fcr schnelles Aufrollen eines 3-12 m langen Kabels, Ladekupplung ist aber sicher mit Schloss geschlossen.<\/li>\n<li>Einfache Montage: Schrauben f\u00fcr die Montage aus hochwertigem Rostfreistahl. Abmessungen 100 x 80 x 80 mm, Gewicht 0,7kg. Farbe: Anthrazit RAL7016. Hergestellt in EU.<\/li>\n<\/ul>\n","protected":false},"excerpt":{"rendered":"<p>Ladekupplung Typ 2 f\u00fcr Ladekabel kann mit einem Schl\u00fcssel geschlossen werden, wodurch Dritten der Gebrauch verhindert wird.<\/p>\n","protected":false},"featured_media":4532,"comment_status":"open","ping_status":"closed","template":"","meta":{"_acf_changed":false,"iawp_total_views":1078},"product_brand":[],"product_cat":[231],"product_tag":[],"class_list":{"0":"post-4846","1":"product","2":"type-product","3":"status-publish","4":"has-post-thumbnail","6":"product_cat-wandhalterungen-fur-ladekabel","7":"product_shipping_class-leichte-produkte","8":"pa_znamka-kreainvent-de","10":"first","11":"instock","12":"taxable","13":"shipping-taxable","14":"purchasable","15":"product-type-simple"},"acf":[],"yoast_head":"<!-- This site is optimized with the Yoast SEO plugin v26.9 - https:\/\/yoast.com\/product\/yoast-seo-wordpress\/ -->\n<title>Typ 2 Halterung fur EV ladekabel, wandhalterung mit Stahlschloss sch\u00fctzt vor Diebstahl - KREAINVENT - najve\u010dji ponudnik dodatne opreme za EV<\/title>\n<meta name=\"robots\" content=\"index, follow, max-snippet:-1, max-image-preview:large, max-video-preview:-1\" \/>\n<link rel=\"canonical\" href=\"https:\/\/www.kreainvent.com\/de\/produkt\/typ-2-halterung-fur-ev-ladekabel-wandhalterung-mit-stahlschloss-schuetzt-vor-diebstahl\/\" \/>\n<meta property=\"og:locale\" content=\"de_DE\" \/>\n<meta property=\"og:type\" content=\"article\" \/>\n<meta property=\"og:title\" content=\"Typ 2 Halterung fur EV ladekabel, wandhalterung mit Stahlschloss sch\u00fctzt vor Diebstahl - KREAINVENT - najve\u010dji ponudnik dodatne opreme za EV\" \/>\n<meta property=\"og:description\" content=\"Ladekupplung Typ 2 f\u00fcr Ladekabel kann mit einem Schl\u00fcssel geschlossen werden, wodurch Dritten der Gebrauch verhindert wird.\" \/>\n<meta property=\"og:url\" content=\"https:\/\/www.kreainvent.com\/de\/produkt\/typ-2-halterung-fur-ev-ladekabel-wandhalterung-mit-stahlschloss-schuetzt-vor-diebstahl\/\" \/>\n<meta property=\"og:site_name\" content=\"KREAINVENT - najve\u010dji ponudnik dodatne opreme za EV\" \/>\n<meta property=\"article:modified_time\" content=\"2025-06-19T12:17:17+00:00\" \/>\n<meta property=\"og:image\" content=\"https:\/\/www.kreainvent.com\/wp-content\/uploads\/2024\/03\/typ-2-halterung-Stahlschloss-schutzt-vor-Diebstahl_2.jpg\" \/>\n\t<meta property=\"og:image:width\" content=\"1200\" \/>\n\t<meta property=\"og:image:height\" content=\"857\" \/>\n\t<meta property=\"og:image:type\" content=\"image\/jpeg\" \/>\n<meta name=\"twitter:card\" content=\"summary_large_image\" \/>\n<meta name=\"twitter:label1\" content=\"Gesch\u00e4tzte Lesezeit\" \/>\n\t<meta name=\"twitter:data1\" content=\"1\u00a0Minute\" \/>\n<script type=\"application\/ld+json\" class=\"yoast-schema-graph\">{\"@context\":\"https:\/\/schema.org\",\"@graph\":[{\"@type\":\"WebPage\",\"@id\":\"https:\/\/www.kreainvent.com\/de\/produkt\/typ-2-halterung-fur-ev-ladekabel-wandhalterung-mit-stahlschloss-schuetzt-vor-diebstahl\/\",\"url\":\"https:\/\/www.kreainvent.com\/de\/produkt\/typ-2-halterung-fur-ev-ladekabel-wandhalterung-mit-stahlschloss-schuetzt-vor-diebstahl\/\",\"name\":\"Typ 2 Halterung fur EV ladekabel, wandhalterung mit Stahlschloss sch\u00fctzt vor Diebstahl - KREAINVENT - najve\u010dji ponudnik dodatne opreme za EV\",\"isPartOf\":{\"@id\":\"https:\/\/www.kreainvent.com\/de\/#website\"},\"primaryImageOfPage\":{\"@id\":\"https:\/\/www.kreainvent.com\/de\/produkt\/typ-2-halterung-fur-ev-ladekabel-wandhalterung-mit-stahlschloss-schuetzt-vor-diebstahl\/#primaryimage\"},\"image\":{\"@id\":\"https:\/\/www.kreainvent.com\/de\/produkt\/typ-2-halterung-fur-ev-ladekabel-wandhalterung-mit-stahlschloss-schuetzt-vor-diebstahl\/#primaryimage\"},\"thumbnailUrl\":\"https:\/\/www.kreainvent.com\/wp-content\/uploads\/2024\/03\/typ-2-halterung-Stahlschloss-schutzt-vor-Diebstahl_2.jpg\",\"datePublished\":\"2024-03-28T17:30:23+00:00\",\"dateModified\":\"2025-06-19T12:17:17+00:00\",\"breadcrumb\":{\"@id\":\"https:\/\/www.kreainvent.com\/de\/produkt\/typ-2-halterung-fur-ev-ladekabel-wandhalterung-mit-stahlschloss-schuetzt-vor-diebstahl\/#breadcrumb\"},\"inLanguage\":\"de\",\"potentialAction\":[{\"@type\":\"ReadAction\",\"target\":[\"https:\/\/www.kreainvent.com\/de\/produkt\/typ-2-halterung-fur-ev-ladekabel-wandhalterung-mit-stahlschloss-schuetzt-vor-diebstahl\/\"]}]},{\"@type\":\"ImageObject\",\"inLanguage\":\"de\",\"@id\":\"https:\/\/www.kreainvent.com\/de\/produkt\/typ-2-halterung-fur-ev-ladekabel-wandhalterung-mit-stahlschloss-schuetzt-vor-diebstahl\/#primaryimage\",\"url\":\"https:\/\/www.kreainvent.com\/wp-content\/uploads\/2024\/03\/typ-2-halterung-Stahlschloss-schutzt-vor-Diebstahl_2.jpg\",\"contentUrl\":\"https:\/\/www.kreainvent.com\/wp-content\/uploads\/2024\/03\/typ-2-halterung-Stahlschloss-schutzt-vor-Diebstahl_2.jpg\",\"width\":1200,\"height\":857},{\"@type\":\"BreadcrumbList\",\"@id\":\"https:\/\/www.kreainvent.com\/de\/produkt\/typ-2-halterung-fur-ev-ladekabel-wandhalterung-mit-stahlschloss-schuetzt-vor-diebstahl\/#breadcrumb\",\"itemListElement\":[{\"@type\":\"ListItem\",\"position\":1,\"name\":\"Home\",\"item\":\"https:\/\/www.kreainvent.com\/de\/kreainvent-ihr-zuverlaessiger-partner-fuer-organisierte-e-mobilitaet\/\"},{\"@type\":\"ListItem\",\"position\":2,\"name\":\"Shop\",\"item\":\"https:\/\/www.kreainvent.com\/de\/shop\/\"},{\"@type\":\"ListItem\",\"position\":3,\"name\":\"Typ 2 Halterung fur EV ladekabel, wandhalterung mit Stahlschloss sch\u00fctzt vor Diebstahl\"}]},{\"@type\":\"WebSite\",\"@id\":\"https:\/\/www.kreainvent.com\/de\/#website\",\"url\":\"https:\/\/www.kreainvent.com\/de\/\",\"name\":\"KREAINVENT - najve\u010dji ponudnik dodatne opreme za EV\",\"description\":\"Pomagamo vam do urejenega in organiziranega polnilnega mesta\",\"publisher\":{\"@id\":\"https:\/\/www.kreainvent.com\/de\/#organization\"},\"potentialAction\":[{\"@type\":\"SearchAction\",\"target\":{\"@type\":\"EntryPoint\",\"urlTemplate\":\"https:\/\/www.kreainvent.com\/de\/?s={search_term_string}\"},\"query-input\":{\"@type\":\"PropertyValueSpecification\",\"valueRequired\":true,\"valueName\":\"search_term_string\"}}],\"inLanguage\":\"de\"},{\"@type\":\"Organization\",\"@id\":\"https:\/\/www.kreainvent.com\/de\/#organization\",\"name\":\"KREAINVENT, razvoj e-mobilnosti, svetovanje in trgovina\",\"url\":\"https:\/\/www.kreainvent.com\/de\/\",\"logo\":{\"@type\":\"ImageObject\",\"inLanguage\":\"de\",\"@id\":\"https:\/\/www.kreainvent.com\/de\/#\/schema\/logo\/image\/\",\"url\":\"https:\/\/www.kreainvent.com\/wp-content\/uploads\/2024\/04\/kreainvent-ver-w900.png\",\"contentUrl\":\"https:\/\/www.kreainvent.com\/wp-content\/uploads\/2024\/04\/kreainvent-ver-w900.png\",\"width\":900,\"height\":791,\"caption\":\"KREAINVENT, razvoj e-mobilnosti, svetovanje in trgovina\"},\"image\":{\"@id\":\"https:\/\/www.kreainvent.com\/de\/#\/schema\/logo\/image\/\"}}]}<\/script>\n<!-- \/ Yoast SEO plugin. -->","yoast_head_json":{"title":"Typ 2 Halterung fur EV ladekabel, wandhalterung mit Stahlschloss sch\u00fctzt vor Diebstahl - KREAINVENT - najve\u010dji ponudnik dodatne opreme za EV","robots":{"index":"index","follow":"follow","max-snippet":"max-snippet:-1","max-image-preview":"max-image-preview:large","max-video-preview":"max-video-preview:-1"},"canonical":"https:\/\/www.kreainvent.com\/de\/produkt\/typ-2-halterung-fur-ev-ladekabel-wandhalterung-mit-stahlschloss-schuetzt-vor-diebstahl\/","og_locale":"de_DE","og_type":"article","og_title":"Typ 2 Halterung fur EV ladekabel, wandhalterung mit Stahlschloss sch\u00fctzt vor Diebstahl - KREAINVENT - najve\u010dji ponudnik dodatne opreme za EV","og_description":"Ladekupplung Typ 2 f\u00fcr Ladekabel kann mit einem Schl\u00fcssel geschlossen werden, wodurch Dritten der Gebrauch verhindert wird.","og_url":"https:\/\/www.kreainvent.com\/de\/produkt\/typ-2-halterung-fur-ev-ladekabel-wandhalterung-mit-stahlschloss-schuetzt-vor-diebstahl\/","og_site_name":"KREAINVENT - najve\u010dji ponudnik dodatne opreme za EV","article_modified_time":"2025-06-19T12:17:17+00:00","og_image":[{"width":1200,"height":857,"url":"https:\/\/www.kreainvent.com\/wp-content\/uploads\/2024\/03\/typ-2-halterung-Stahlschloss-schutzt-vor-Diebstahl_2.jpg","type":"image\/jpeg"}],"twitter_card":"summary_large_image","twitter_misc":{"Gesch\u00e4tzte Lesezeit":"1\u00a0Minute"},"schema":{"@context":"https:\/\/schema.org","@graph":[{"@type":"WebPage","@id":"https:\/\/www.kreainvent.com\/de\/produkt\/typ-2-halterung-fur-ev-ladekabel-wandhalterung-mit-stahlschloss-schuetzt-vor-diebstahl\/","url":"https:\/\/www.kreainvent.com\/de\/produkt\/typ-2-halterung-fur-ev-ladekabel-wandhalterung-mit-stahlschloss-schuetzt-vor-diebstahl\/","name":"Typ 2 Halterung fur EV ladekabel, wandhalterung mit Stahlschloss sch\u00fctzt vor Diebstahl - KREAINVENT - najve\u010dji ponudnik dodatne opreme za EV","isPartOf":{"@id":"https:\/\/www.kreainvent.com\/de\/#website"},"primaryImageOfPage":{"@id":"https:\/\/www.kreainvent.com\/de\/produkt\/typ-2-halterung-fur-ev-ladekabel-wandhalterung-mit-stahlschloss-schuetzt-vor-diebstahl\/#primaryimage"},"image":{"@id":"https:\/\/www.kreainvent.com\/de\/produkt\/typ-2-halterung-fur-ev-ladekabel-wandhalterung-mit-stahlschloss-schuetzt-vor-diebstahl\/#primaryimage"},"thumbnailUrl":"https:\/\/www.kreainvent.com\/wp-content\/uploads\/2024\/03\/typ-2-halterung-Stahlschloss-schutzt-vor-Diebstahl_2.jpg","datePublished":"2024-03-28T17:30:23+00:00","dateModified":"2025-06-19T12:17:17+00:00","breadcrumb":{"@id":"https:\/\/www.kreainvent.com\/de\/produkt\/typ-2-halterung-fur-ev-ladekabel-wandhalterung-mit-stahlschloss-schuetzt-vor-diebstahl\/#breadcrumb"},"inLanguage":"de","potentialAction":[{"@type":"ReadAction","target":["https:\/\/www.kreainvent.com\/de\/produkt\/typ-2-halterung-fur-ev-ladekabel-wandhalterung-mit-stahlschloss-schuetzt-vor-diebstahl\/"]}]},{"@type":"ImageObject","inLanguage":"de","@id":"https:\/\/www.kreainvent.com\/de\/produkt\/typ-2-halterung-fur-ev-ladekabel-wandhalterung-mit-stahlschloss-schuetzt-vor-diebstahl\/#primaryimage","url":"https:\/\/www.kreainvent.com\/wp-content\/uploads\/2024\/03\/typ-2-halterung-Stahlschloss-schutzt-vor-Diebstahl_2.jpg","contentUrl":"https:\/\/www.kreainvent.com\/wp-content\/uploads\/2024\/03\/typ-2-halterung-Stahlschloss-schutzt-vor-Diebstahl_2.jpg","width":1200,"height":857},{"@type":"BreadcrumbList","@id":"https:\/\/www.kreainvent.com\/de\/produkt\/typ-2-halterung-fur-ev-ladekabel-wandhalterung-mit-stahlschloss-schuetzt-vor-diebstahl\/#breadcrumb","itemListElement":[{"@type":"ListItem","position":1,"name":"Home","item":"https:\/\/www.kreainvent.com\/de\/kreainvent-ihr-zuverlaessiger-partner-fuer-organisierte-e-mobilitaet\/"},{"@type":"ListItem","position":2,"name":"Shop","item":"https:\/\/www.kreainvent.com\/de\/shop\/"},{"@type":"ListItem","position":3,"name":"Typ 2 Halterung fur EV ladekabel, wandhalterung mit Stahlschloss sch\u00fctzt vor Diebstahl"}]},{"@type":"WebSite","@id":"https:\/\/www.kreainvent.com\/de\/#website","url":"https:\/\/www.kreainvent.com\/de\/","name":"KREAINVENT - najve\u010dji ponudnik dodatne opreme za EV","description":"Pomagamo vam do urejenega in organiziranega polnilnega mesta","publisher":{"@id":"https:\/\/www.kreainvent.com\/de\/#organization"},"potentialAction":[{"@type":"SearchAction","target":{"@type":"EntryPoint","urlTemplate":"https:\/\/www.kreainvent.com\/de\/?s={search_term_string}"},"query-input":{"@type":"PropertyValueSpecification","valueRequired":true,"valueName":"search_term_string"}}],"inLanguage":"de"},{"@type":"Organization","@id":"https:\/\/www.kreainvent.com\/de\/#organization","name":"KREAINVENT, razvoj e-mobilnosti, svetovanje in trgovina","url":"https:\/\/www.kreainvent.com\/de\/","logo":{"@type":"ImageObject","inLanguage":"de","@id":"https:\/\/www.kreainvent.com\/de\/#\/schema\/logo\/image\/","url":"https:\/\/www.kreainvent.com\/wp-content\/uploads\/2024\/04\/kreainvent-ver-w900.png","contentUrl":"https:\/\/www.kreainvent.com\/wp-content\/uploads\/2024\/04\/kreainvent-ver-w900.png","width":900,"height":791,"caption":"KREAINVENT, razvoj e-mobilnosti, svetovanje in trgovina"},"image":{"@id":"https:\/\/www.kreainvent.com\/de\/#\/schema\/logo\/image\/"}}]}},"_links":{"self":[{"href":"https:\/\/www.kreainvent.com\/de\/wp-json\/wp\/v2\/product\/4846","targetHints":{"allow":["GET"]}}],"collection":[{"href":"https:\/\/www.kreainvent.com\/de\/wp-json\/wp\/v2\/product"}],"about":[{"href":"https:\/\/www.kreainvent.com\/de\/wp-json\/wp\/v2\/types\/product"}],"replies":[{"embeddable":true,"href":"https:\/\/www.kreainvent.com\/de\/wp-json\/wp\/v2\/comments?post=4846"}],"version-history":[{"count":2,"href":"https:\/\/www.kreainvent.com\/de\/wp-json\/wp\/v2\/product\/4846\/revisions"}],"predecessor-version":[{"id":4849,"href":"https:\/\/www.kreainvent.com\/de\/wp-json\/wp\/v2\/product\/4846\/revisions\/4849"}],"wp:featuredmedia":[{"embeddable":true,"href":"https:\/\/www.kreainvent.com\/de\/wp-json\/wp\/v2\/media\/4532"}],"wp:attachment":[{"href":"https:\/\/www.kreainvent.com\/de\/wp-json\/wp\/v2\/media?parent=4846"}],"wp:term":[{"taxonomy":"product_brand","embeddable":true,"href":"https:\/\/www.kreainvent.com\/de\/wp-json\/wp\/v2\/product_brand?post=4846"},{"taxonomy":"product_cat","embeddable":true,"href":"https:\/\/www.kreainvent.com\/de\/wp-json\/wp\/v2\/product_cat?post=4846"},{"taxonomy":"product_tag","embeddable":true,"href":"https:\/\/www.kreainvent.com\/de\/wp-json\/wp\/v2\/product_tag?post=4846"}],"curies":[{"name":"wp","href":"https:\/\/api.w.org\/{rel}","templated":true}]}}