{"id":4842,"date":"2024-03-28T18:36:07","date_gmt":"2024-03-28T17:36:07","guid":{"rendered":"https:\/\/kreainvent.com\/izdelek\/dizajnsko-oblikovano-drzalo-za-ev-polnilni-kabel-z-tip-2-konektorjem\/"},"modified":"2025-06-19T13:17:17","modified_gmt":"2025-06-19T12:17:17","slug":"designhalter-fuer-ev-ladekabel-mit-typ-2-stecker","status":"publish","type":"product","link":"https:\/\/www.kreainvent.com\/de\/produkt\/designhalter-fuer-ev-ladekabel-mit-typ-2-stecker\/","title":{"rendered":"Designhalter f\u00fcr EV-Ladekabel mit Typ-2-Stecker"},"content":{"rendered":"<h4>Wandhalterung f\u00fcr EV-Ladekabel. EV Ladekabel Halterung aus Aluminum f\u00fcr schnelle und einfache Handhabung des Ladekabels f\u00fcr EV-Wallbox.<\/h4>\n<ul>\n<li>Wandhalterung f\u00fcr EV Ladekabel. Geeignet f\u00fcr die Kabel mit der Kupplung IEC 62196-2 Typ 2. Geeignet f\u00fcr Kabell\u00e4ngen von 3 &#8211; 12 m.<\/li>\n<li>Hochwertig konzipierte Halterung aus Aluminum, f\u00fcr Au\u00dfen- und Innenverwendung<\/li>\n<li>Einfache und schnelle Montage und Verwendung der Halterung. Die R\u00e4nder der Halterung sind so bearbeitet, dass sie das Kabel und die Kupplung nicht besch\u00e4digen k\u00f6nnen<\/li>\n<li>F\u00fcr einfache und schnelle Aufwicklung des Kabels und Ablegung der Ladekupplung<\/li>\n<li>Funktionelles und modernes Design der Halterung. 3 Edelstahlschrauben inklusive Wandeins\u00e4tze f\u00fcr die Montage beigelegt. Gesamtgewicht: 0,4 kg. Die Abmessungen: 185 x 90 x 81 mm Farbe: grau RAL 7016. Hergestellt in EU<\/li>\n<\/ul>\n","protected":false},"excerpt":{"rendered":"<p>Wandhalterung f\u00fcr EV Ladekabel. Geeignet f\u00fcr die Kabel mit der Kupplung IEC 62196-2 Typ 2. Geeignet f\u00fcr Kabell\u00e4ngen von 3 &#8211; 12 m.<\/p>\n","protected":false},"featured_media":4533,"comment_status":"open","ping_status":"closed","template":"","meta":{"_acf_changed":false,"iawp_total_views":210},"product_brand":[],"product_cat":[231],"product_tag":[],"class_list":{"0":"post-4842","1":"product","2":"type-product","3":"status-publish","4":"has-post-thumbnail","6":"product_cat-wandhalterungen-fur-ladekabel","7":"product_shipping_class-leichte-produkte","8":"pa_znamka-kreainvent-de","10":"first","11":"instock","12":"taxable","13":"shipping-taxable","14":"purchasable","15":"product-type-simple"},"acf":[],"yoast_head":"<!-- This site is optimized with the Yoast SEO plugin v26.9 - https:\/\/yoast.com\/product\/yoast-seo-wordpress\/ -->\n<title>Designhalter f\u00fcr EV-Ladekabel mit Typ-2-Stecker - KREAINVENT - najve\u010dji ponudnik dodatne opreme za EV<\/title>\n<meta name=\"robots\" content=\"index, follow, max-snippet:-1, max-image-preview:large, max-video-preview:-1\" \/>\n<link rel=\"canonical\" href=\"https:\/\/www.kreainvent.com\/de\/produkt\/designhalter-fuer-ev-ladekabel-mit-typ-2-stecker\/\" \/>\n<meta property=\"og:locale\" content=\"de_DE\" \/>\n<meta property=\"og:type\" content=\"article\" \/>\n<meta property=\"og:title\" content=\"Designhalter f\u00fcr EV-Ladekabel mit Typ-2-Stecker - KREAINVENT - najve\u010dji ponudnik dodatne opreme za EV\" \/>\n<meta property=\"og:description\" content=\"Wandhalterung f\u00fcr EV Ladekabel. Geeignet f\u00fcr die Kabel mit der Kupplung IEC 62196-2 Typ 2. Geeignet f\u00fcr Kabell\u00e4ngen von 3 - 12 m.\" \/>\n<meta property=\"og:url\" content=\"https:\/\/www.kreainvent.com\/de\/produkt\/designhalter-fuer-ev-ladekabel-mit-typ-2-stecker\/\" \/>\n<meta property=\"og:site_name\" content=\"KREAINVENT - najve\u010dji ponudnik dodatne opreme za EV\" \/>\n<meta property=\"article:modified_time\" content=\"2025-06-19T12:17:17+00:00\" \/>\n<meta property=\"og:image\" content=\"https:\/\/www.kreainvent.com\/wp-content\/uploads\/2024\/03\/Dizajnsko-drzaloo-Tip2konektor-01.jpg\" \/>\n\t<meta property=\"og:image:width\" content=\"1200\" \/>\n\t<meta property=\"og:image:height\" content=\"1200\" \/>\n\t<meta property=\"og:image:type\" content=\"image\/jpeg\" \/>\n<meta name=\"twitter:card\" content=\"summary_large_image\" \/>\n<meta name=\"twitter:label1\" content=\"Gesch\u00e4tzte Lesezeit\" \/>\n\t<meta name=\"twitter:data1\" content=\"1\u00a0Minute\" \/>\n<script type=\"application\/ld+json\" class=\"yoast-schema-graph\">{\"@context\":\"https:\/\/schema.org\",\"@graph\":[{\"@type\":\"WebPage\",\"@id\":\"https:\/\/www.kreainvent.com\/de\/produkt\/designhalter-fuer-ev-ladekabel-mit-typ-2-stecker\/\",\"url\":\"https:\/\/www.kreainvent.com\/de\/produkt\/designhalter-fuer-ev-ladekabel-mit-typ-2-stecker\/\",\"name\":\"Designhalter f\u00fcr EV-Ladekabel mit Typ-2-Stecker - KREAINVENT - najve\u010dji ponudnik dodatne opreme za EV\",\"isPartOf\":{\"@id\":\"https:\/\/www.kreainvent.com\/de\/#website\"},\"primaryImageOfPage\":{\"@id\":\"https:\/\/www.kreainvent.com\/de\/produkt\/designhalter-fuer-ev-ladekabel-mit-typ-2-stecker\/#primaryimage\"},\"image\":{\"@id\":\"https:\/\/www.kreainvent.com\/de\/produkt\/designhalter-fuer-ev-ladekabel-mit-typ-2-stecker\/#primaryimage\"},\"thumbnailUrl\":\"https:\/\/www.kreainvent.com\/wp-content\/uploads\/2024\/03\/Dizajnsko-drzaloo-Tip2konektor-01.jpg\",\"datePublished\":\"2024-03-28T17:36:07+00:00\",\"dateModified\":\"2025-06-19T12:17:17+00:00\",\"breadcrumb\":{\"@id\":\"https:\/\/www.kreainvent.com\/de\/produkt\/designhalter-fuer-ev-ladekabel-mit-typ-2-stecker\/#breadcrumb\"},\"inLanguage\":\"de\",\"potentialAction\":[{\"@type\":\"ReadAction\",\"target\":[\"https:\/\/www.kreainvent.com\/de\/produkt\/designhalter-fuer-ev-ladekabel-mit-typ-2-stecker\/\"]}]},{\"@type\":\"ImageObject\",\"inLanguage\":\"de\",\"@id\":\"https:\/\/www.kreainvent.com\/de\/produkt\/designhalter-fuer-ev-ladekabel-mit-typ-2-stecker\/#primaryimage\",\"url\":\"https:\/\/www.kreainvent.com\/wp-content\/uploads\/2024\/03\/Dizajnsko-drzaloo-Tip2konektor-01.jpg\",\"contentUrl\":\"https:\/\/www.kreainvent.com\/wp-content\/uploads\/2024\/03\/Dizajnsko-drzaloo-Tip2konektor-01.jpg\",\"width\":1200,\"height\":1200},{\"@type\":\"BreadcrumbList\",\"@id\":\"https:\/\/www.kreainvent.com\/de\/produkt\/designhalter-fuer-ev-ladekabel-mit-typ-2-stecker\/#breadcrumb\",\"itemListElement\":[{\"@type\":\"ListItem\",\"position\":1,\"name\":\"Home\",\"item\":\"https:\/\/www.kreainvent.com\/de\/kreainvent-ihr-zuverlaessiger-partner-fuer-organisierte-e-mobilitaet\/\"},{\"@type\":\"ListItem\",\"position\":2,\"name\":\"Shop\",\"item\":\"https:\/\/www.kreainvent.com\/de\/shop\/\"},{\"@type\":\"ListItem\",\"position\":3,\"name\":\"Designhalter f\u00fcr EV-Ladekabel mit Typ-2-Stecker\"}]},{\"@type\":\"WebSite\",\"@id\":\"https:\/\/www.kreainvent.com\/de\/#website\",\"url\":\"https:\/\/www.kreainvent.com\/de\/\",\"name\":\"KREAINVENT - najve\u010dji ponudnik dodatne opreme za EV\",\"description\":\"Pomagamo vam do urejenega in organiziranega polnilnega mesta\",\"publisher\":{\"@id\":\"https:\/\/www.kreainvent.com\/de\/#organization\"},\"potentialAction\":[{\"@type\":\"SearchAction\",\"target\":{\"@type\":\"EntryPoint\",\"urlTemplate\":\"https:\/\/www.kreainvent.com\/de\/?s={search_term_string}\"},\"query-input\":{\"@type\":\"PropertyValueSpecification\",\"valueRequired\":true,\"valueName\":\"search_term_string\"}}],\"inLanguage\":\"de\"},{\"@type\":\"Organization\",\"@id\":\"https:\/\/www.kreainvent.com\/de\/#organization\",\"name\":\"KREAINVENT, razvoj e-mobilnosti, svetovanje in trgovina\",\"url\":\"https:\/\/www.kreainvent.com\/de\/\",\"logo\":{\"@type\":\"ImageObject\",\"inLanguage\":\"de\",\"@id\":\"https:\/\/www.kreainvent.com\/de\/#\/schema\/logo\/image\/\",\"url\":\"https:\/\/www.kreainvent.com\/wp-content\/uploads\/2024\/04\/kreainvent-ver-w900.png\",\"contentUrl\":\"https:\/\/www.kreainvent.com\/wp-content\/uploads\/2024\/04\/kreainvent-ver-w900.png\",\"width\":900,\"height\":791,\"caption\":\"KREAINVENT, razvoj e-mobilnosti, svetovanje in trgovina\"},\"image\":{\"@id\":\"https:\/\/www.kreainvent.com\/de\/#\/schema\/logo\/image\/\"}}]}<\/script>\n<!-- \/ Yoast SEO plugin. -->","yoast_head_json":{"title":"Designhalter f\u00fcr EV-Ladekabel mit Typ-2-Stecker - KREAINVENT - najve\u010dji ponudnik dodatne opreme za EV","robots":{"index":"index","follow":"follow","max-snippet":"max-snippet:-1","max-image-preview":"max-image-preview:large","max-video-preview":"max-video-preview:-1"},"canonical":"https:\/\/www.kreainvent.com\/de\/produkt\/designhalter-fuer-ev-ladekabel-mit-typ-2-stecker\/","og_locale":"de_DE","og_type":"article","og_title":"Designhalter f\u00fcr EV-Ladekabel mit Typ-2-Stecker - KREAINVENT - najve\u010dji ponudnik dodatne opreme za EV","og_description":"Wandhalterung f\u00fcr EV Ladekabel. Geeignet f\u00fcr die Kabel mit der Kupplung IEC 62196-2 Typ 2. Geeignet f\u00fcr Kabell\u00e4ngen von 3 - 12 m.","og_url":"https:\/\/www.kreainvent.com\/de\/produkt\/designhalter-fuer-ev-ladekabel-mit-typ-2-stecker\/","og_site_name":"KREAINVENT - najve\u010dji ponudnik dodatne opreme za EV","article_modified_time":"2025-06-19T12:17:17+00:00","og_image":[{"width":1200,"height":1200,"url":"https:\/\/www.kreainvent.com\/wp-content\/uploads\/2024\/03\/Dizajnsko-drzaloo-Tip2konektor-01.jpg","type":"image\/jpeg"}],"twitter_card":"summary_large_image","twitter_misc":{"Gesch\u00e4tzte Lesezeit":"1\u00a0Minute"},"schema":{"@context":"https:\/\/schema.org","@graph":[{"@type":"WebPage","@id":"https:\/\/www.kreainvent.com\/de\/produkt\/designhalter-fuer-ev-ladekabel-mit-typ-2-stecker\/","url":"https:\/\/www.kreainvent.com\/de\/produkt\/designhalter-fuer-ev-ladekabel-mit-typ-2-stecker\/","name":"Designhalter f\u00fcr EV-Ladekabel mit Typ-2-Stecker - KREAINVENT - najve\u010dji ponudnik dodatne opreme za EV","isPartOf":{"@id":"https:\/\/www.kreainvent.com\/de\/#website"},"primaryImageOfPage":{"@id":"https:\/\/www.kreainvent.com\/de\/produkt\/designhalter-fuer-ev-ladekabel-mit-typ-2-stecker\/#primaryimage"},"image":{"@id":"https:\/\/www.kreainvent.com\/de\/produkt\/designhalter-fuer-ev-ladekabel-mit-typ-2-stecker\/#primaryimage"},"thumbnailUrl":"https:\/\/www.kreainvent.com\/wp-content\/uploads\/2024\/03\/Dizajnsko-drzaloo-Tip2konektor-01.jpg","datePublished":"2024-03-28T17:36:07+00:00","dateModified":"2025-06-19T12:17:17+00:00","breadcrumb":{"@id":"https:\/\/www.kreainvent.com\/de\/produkt\/designhalter-fuer-ev-ladekabel-mit-typ-2-stecker\/#breadcrumb"},"inLanguage":"de","potentialAction":[{"@type":"ReadAction","target":["https:\/\/www.kreainvent.com\/de\/produkt\/designhalter-fuer-ev-ladekabel-mit-typ-2-stecker\/"]}]},{"@type":"ImageObject","inLanguage":"de","@id":"https:\/\/www.kreainvent.com\/de\/produkt\/designhalter-fuer-ev-ladekabel-mit-typ-2-stecker\/#primaryimage","url":"https:\/\/www.kreainvent.com\/wp-content\/uploads\/2024\/03\/Dizajnsko-drzaloo-Tip2konektor-01.jpg","contentUrl":"https:\/\/www.kreainvent.com\/wp-content\/uploads\/2024\/03\/Dizajnsko-drzaloo-Tip2konektor-01.jpg","width":1200,"height":1200},{"@type":"BreadcrumbList","@id":"https:\/\/www.kreainvent.com\/de\/produkt\/designhalter-fuer-ev-ladekabel-mit-typ-2-stecker\/#breadcrumb","itemListElement":[{"@type":"ListItem","position":1,"name":"Home","item":"https:\/\/www.kreainvent.com\/de\/kreainvent-ihr-zuverlaessiger-partner-fuer-organisierte-e-mobilitaet\/"},{"@type":"ListItem","position":2,"name":"Shop","item":"https:\/\/www.kreainvent.com\/de\/shop\/"},{"@type":"ListItem","position":3,"name":"Designhalter f\u00fcr EV-Ladekabel mit Typ-2-Stecker"}]},{"@type":"WebSite","@id":"https:\/\/www.kreainvent.com\/de\/#website","url":"https:\/\/www.kreainvent.com\/de\/","name":"KREAINVENT - najve\u010dji ponudnik dodatne opreme za EV","description":"Pomagamo vam do urejenega in organiziranega polnilnega mesta","publisher":{"@id":"https:\/\/www.kreainvent.com\/de\/#organization"},"potentialAction":[{"@type":"SearchAction","target":{"@type":"EntryPoint","urlTemplate":"https:\/\/www.kreainvent.com\/de\/?s={search_term_string}"},"query-input":{"@type":"PropertyValueSpecification","valueRequired":true,"valueName":"search_term_string"}}],"inLanguage":"de"},{"@type":"Organization","@id":"https:\/\/www.kreainvent.com\/de\/#organization","name":"KREAINVENT, razvoj e-mobilnosti, svetovanje in trgovina","url":"https:\/\/www.kreainvent.com\/de\/","logo":{"@type":"ImageObject","inLanguage":"de","@id":"https:\/\/www.kreainvent.com\/de\/#\/schema\/logo\/image\/","url":"https:\/\/www.kreainvent.com\/wp-content\/uploads\/2024\/04\/kreainvent-ver-w900.png","contentUrl":"https:\/\/www.kreainvent.com\/wp-content\/uploads\/2024\/04\/kreainvent-ver-w900.png","width":900,"height":791,"caption":"KREAINVENT, razvoj e-mobilnosti, svetovanje in trgovina"},"image":{"@id":"https:\/\/www.kreainvent.com\/de\/#\/schema\/logo\/image\/"}}]}},"_links":{"self":[{"href":"https:\/\/www.kreainvent.com\/de\/wp-json\/wp\/v2\/product\/4842","targetHints":{"allow":["GET"]}}],"collection":[{"href":"https:\/\/www.kreainvent.com\/de\/wp-json\/wp\/v2\/product"}],"about":[{"href":"https:\/\/www.kreainvent.com\/de\/wp-json\/wp\/v2\/types\/product"}],"replies":[{"embeddable":true,"href":"https:\/\/www.kreainvent.com\/de\/wp-json\/wp\/v2\/comments?post=4842"}],"version-history":[{"count":2,"href":"https:\/\/www.kreainvent.com\/de\/wp-json\/wp\/v2\/product\/4842\/revisions"}],"predecessor-version":[{"id":4844,"href":"https:\/\/www.kreainvent.com\/de\/wp-json\/wp\/v2\/product\/4842\/revisions\/4844"}],"wp:featuredmedia":[{"embeddable":true,"href":"https:\/\/www.kreainvent.com\/de\/wp-json\/wp\/v2\/media\/4533"}],"wp:attachment":[{"href":"https:\/\/www.kreainvent.com\/de\/wp-json\/wp\/v2\/media?parent=4842"}],"wp:term":[{"taxonomy":"product_brand","embeddable":true,"href":"https:\/\/www.kreainvent.com\/de\/wp-json\/wp\/v2\/product_brand?post=4842"},{"taxonomy":"product_cat","embeddable":true,"href":"https:\/\/www.kreainvent.com\/de\/wp-json\/wp\/v2\/product_cat?post=4842"},{"taxonomy":"product_tag","embeddable":true,"href":"https:\/\/www.kreainvent.com\/de\/wp-json\/wp\/v2\/product_tag?post=4842"}],"curies":[{"name":"wp","href":"https:\/\/api.w.org\/{rel}","templated":true}]}}