{"id":4836,"date":"2024-03-28T18:45:16","date_gmt":"2024-03-28T17:45:16","guid":{"rendered":"https:\/\/kreainvent.com\/izdelek\/set-stenskih-nosilcev-za-organizacijo-domace-polnilne-postaje\/"},"modified":"2025-06-19T13:17:17","modified_gmt":"2025-06-19T12:17:17","slug":"wandhalterungssatz-fuer-ev-ladekabel","status":"publish","type":"product","link":"https:\/\/www.kreainvent.com\/de\/produkt\/wandhalterungssatz-fuer-ev-ladekabel\/","title":{"rendered":"Wandhalterungssatz f\u00fcr EV Ladekabel"},"content":{"rendered":"<h4 id=\"title\" class=\"a-size-large a-spacing-none\"><span id=\"productTitle\" class=\"a-size-large product-title-word-break\">Kreainvent Wandhalterungssatz f\u00fcr EV Ladekabel. Die beiden Halterungen aus Stahl f\u00fcr eine ordentliche Wallbox und Aufbewahrung des Ladekabels. EV Ladekabel Halterung<\/span><\/h4>\n<ul>\n<li>Hochwertige Fertigung: Die beiden Halterung sind aus Stahl gefertigt und f\u00fcr Au\u00dfen- und Innenverwendung geeignet. Sie sind fein bearbeitet, um das Kabel nicht zu besch\u00e4digen<\/li>\n<li>Um den Kabel nicht immer wieder neu aufwickeln zu m\u00fcssen: EVSlimHook sorgt f\u00fcr die Aufbewahrung des Kabels an der Wand, und EVSlimHold f\u00fcr die Ablegung der Ladekupplung IEC 62196-2 Typ 2<\/li>\n<li>Schneller Handhabung: Montieren Sie EVSlimHold an dem Ort, an dem Ihr Auto geparkt wird, um nur den Teil des Kabels verwenden zu m\u00fcssen, der gebraucht wird<\/li>\n<li>Schonen Sie das Kabel: Eine Kombination von den beiden Halterungen sorgt daf\u00fcr, dass der Kabel nicht mehr auf den Boden ablegen zu m\u00fcssen, damit er sauber und vor Besch\u00e4digungen gesch\u00fctzt wird<\/li>\n<li>Farbe von EVSlimHold: grau RAL70016, und von EVSlimHook: grau RAL 7003. Inkl. Montageschrauben aus Edelstahl, Hergestellt in EU.<\/li>\n<\/ul>\n","protected":false},"excerpt":{"rendered":"<p>Moderner EV-Kabelhalter set. Sorgen Sie f\u00fcr Ordnung in Ihrer Garage und Ladestation. Mit diesem Halterungsset ist Ihr Kabel immer ladebereit. Das Aufladen Ihres Elektrofahrzeugs wird schneller und einfacher.<\/p>\n","protected":false},"featured_media":4550,"comment_status":"open","ping_status":"closed","template":"","meta":{"_acf_changed":false,"iawp_total_views":23},"product_brand":[],"product_cat":[231],"product_tag":[],"class_list":{"0":"post-4836","1":"product","2":"type-product","3":"status-publish","4":"has-post-thumbnail","6":"product_cat-wandhalterungen-fur-ladekabel","7":"product_shipping_class-leichte-produkte","8":"pa_znamka-kreainvent-de","10":"first","11":"instock","12":"taxable","13":"shipping-taxable","14":"purchasable","15":"product-type-simple"},"acf":[],"yoast_head":"<!-- This site is optimized with the Yoast SEO plugin v26.9 - https:\/\/yoast.com\/product\/yoast-seo-wordpress\/ -->\n<title>Wandhalterungssatz f\u00fcr EV Ladekabel - KREAINVENT - najve\u010dji ponudnik dodatne opreme za EV<\/title>\n<meta name=\"robots\" content=\"index, follow, max-snippet:-1, max-image-preview:large, max-video-preview:-1\" \/>\n<link rel=\"canonical\" href=\"https:\/\/www.kreainvent.com\/de\/produkt\/wandhalterungssatz-fuer-ev-ladekabel\/\" \/>\n<meta property=\"og:locale\" content=\"de_DE\" \/>\n<meta property=\"og:type\" content=\"article\" \/>\n<meta property=\"og:title\" content=\"Wandhalterungssatz f\u00fcr EV Ladekabel - KREAINVENT - najve\u010dji ponudnik dodatne opreme za EV\" \/>\n<meta property=\"og:description\" content=\"Moderner EV-Kabelhalter set. Sorgen Sie f\u00fcr Ordnung in Ihrer Garage und Ladestation. Mit diesem Halterungsset ist Ihr Kabel immer ladebereit. Das Aufladen Ihres Elektrofahrzeugs wird schneller und einfacher.\" \/>\n<meta property=\"og:url\" content=\"https:\/\/www.kreainvent.com\/de\/produkt\/wandhalterungssatz-fuer-ev-ladekabel\/\" \/>\n<meta property=\"og:site_name\" content=\"KREAINVENT - najve\u010dji ponudnik dodatne opreme za EV\" \/>\n<meta property=\"article:modified_time\" content=\"2025-06-19T12:17:17+00:00\" \/>\n<meta property=\"og:image\" content=\"https:\/\/www.kreainvent.com\/wp-content\/uploads\/2024\/03\/set-nosilcev-kreainvent-01.jpg\" \/>\n\t<meta property=\"og:image:width\" content=\"1200\" \/>\n\t<meta property=\"og:image:height\" content=\"1200\" \/>\n\t<meta property=\"og:image:type\" content=\"image\/jpeg\" \/>\n<meta name=\"twitter:card\" content=\"summary_large_image\" \/>\n<meta name=\"twitter:label1\" content=\"Gesch\u00e4tzte Lesezeit\" \/>\n\t<meta name=\"twitter:data1\" content=\"2\u00a0Minuten\" \/>\n<script type=\"application\/ld+json\" class=\"yoast-schema-graph\">{\"@context\":\"https:\/\/schema.org\",\"@graph\":[{\"@type\":\"WebPage\",\"@id\":\"https:\/\/www.kreainvent.com\/de\/produkt\/wandhalterungssatz-fuer-ev-ladekabel\/\",\"url\":\"https:\/\/www.kreainvent.com\/de\/produkt\/wandhalterungssatz-fuer-ev-ladekabel\/\",\"name\":\"Wandhalterungssatz f\u00fcr EV Ladekabel - KREAINVENT - najve\u010dji ponudnik dodatne opreme za EV\",\"isPartOf\":{\"@id\":\"https:\/\/www.kreainvent.com\/de\/#website\"},\"primaryImageOfPage\":{\"@id\":\"https:\/\/www.kreainvent.com\/de\/produkt\/wandhalterungssatz-fuer-ev-ladekabel\/#primaryimage\"},\"image\":{\"@id\":\"https:\/\/www.kreainvent.com\/de\/produkt\/wandhalterungssatz-fuer-ev-ladekabel\/#primaryimage\"},\"thumbnailUrl\":\"https:\/\/www.kreainvent.com\/wp-content\/uploads\/2024\/03\/set-nosilcev-kreainvent-01.jpg\",\"datePublished\":\"2024-03-28T17:45:16+00:00\",\"dateModified\":\"2025-06-19T12:17:17+00:00\",\"breadcrumb\":{\"@id\":\"https:\/\/www.kreainvent.com\/de\/produkt\/wandhalterungssatz-fuer-ev-ladekabel\/#breadcrumb\"},\"inLanguage\":\"de\",\"potentialAction\":[{\"@type\":\"ReadAction\",\"target\":[\"https:\/\/www.kreainvent.com\/de\/produkt\/wandhalterungssatz-fuer-ev-ladekabel\/\"]}]},{\"@type\":\"ImageObject\",\"inLanguage\":\"de\",\"@id\":\"https:\/\/www.kreainvent.com\/de\/produkt\/wandhalterungssatz-fuer-ev-ladekabel\/#primaryimage\",\"url\":\"https:\/\/www.kreainvent.com\/wp-content\/uploads\/2024\/03\/set-nosilcev-kreainvent-01.jpg\",\"contentUrl\":\"https:\/\/www.kreainvent.com\/wp-content\/uploads\/2024\/03\/set-nosilcev-kreainvent-01.jpg\",\"width\":1200,\"height\":1200},{\"@type\":\"BreadcrumbList\",\"@id\":\"https:\/\/www.kreainvent.com\/de\/produkt\/wandhalterungssatz-fuer-ev-ladekabel\/#breadcrumb\",\"itemListElement\":[{\"@type\":\"ListItem\",\"position\":1,\"name\":\"Home\",\"item\":\"https:\/\/www.kreainvent.com\/de\/kreainvent-ihr-zuverlaessiger-partner-fuer-organisierte-e-mobilitaet\/\"},{\"@type\":\"ListItem\",\"position\":2,\"name\":\"Shop\",\"item\":\"https:\/\/www.kreainvent.com\/de\/shop\/\"},{\"@type\":\"ListItem\",\"position\":3,\"name\":\"Wandhalterungssatz f\u00fcr EV Ladekabel\"}]},{\"@type\":\"WebSite\",\"@id\":\"https:\/\/www.kreainvent.com\/de\/#website\",\"url\":\"https:\/\/www.kreainvent.com\/de\/\",\"name\":\"KREAINVENT - najve\u010dji ponudnik dodatne opreme za EV\",\"description\":\"Pomagamo vam do urejenega in organiziranega polnilnega mesta\",\"publisher\":{\"@id\":\"https:\/\/www.kreainvent.com\/de\/#organization\"},\"potentialAction\":[{\"@type\":\"SearchAction\",\"target\":{\"@type\":\"EntryPoint\",\"urlTemplate\":\"https:\/\/www.kreainvent.com\/de\/?s={search_term_string}\"},\"query-input\":{\"@type\":\"PropertyValueSpecification\",\"valueRequired\":true,\"valueName\":\"search_term_string\"}}],\"inLanguage\":\"de\"},{\"@type\":\"Organization\",\"@id\":\"https:\/\/www.kreainvent.com\/de\/#organization\",\"name\":\"KREAINVENT, razvoj e-mobilnosti, svetovanje in trgovina\",\"url\":\"https:\/\/www.kreainvent.com\/de\/\",\"logo\":{\"@type\":\"ImageObject\",\"inLanguage\":\"de\",\"@id\":\"https:\/\/www.kreainvent.com\/de\/#\/schema\/logo\/image\/\",\"url\":\"https:\/\/www.kreainvent.com\/wp-content\/uploads\/2024\/04\/kreainvent-ver-w900.png\",\"contentUrl\":\"https:\/\/www.kreainvent.com\/wp-content\/uploads\/2024\/04\/kreainvent-ver-w900.png\",\"width\":900,\"height\":791,\"caption\":\"KREAINVENT, razvoj e-mobilnosti, svetovanje in trgovina\"},\"image\":{\"@id\":\"https:\/\/www.kreainvent.com\/de\/#\/schema\/logo\/image\/\"}}]}<\/script>\n<!-- \/ Yoast SEO plugin. -->","yoast_head_json":{"title":"Wandhalterungssatz f\u00fcr EV Ladekabel - KREAINVENT - najve\u010dji ponudnik dodatne opreme za EV","robots":{"index":"index","follow":"follow","max-snippet":"max-snippet:-1","max-image-preview":"max-image-preview:large","max-video-preview":"max-video-preview:-1"},"canonical":"https:\/\/www.kreainvent.com\/de\/produkt\/wandhalterungssatz-fuer-ev-ladekabel\/","og_locale":"de_DE","og_type":"article","og_title":"Wandhalterungssatz f\u00fcr EV Ladekabel - KREAINVENT - najve\u010dji ponudnik dodatne opreme za EV","og_description":"Moderner EV-Kabelhalter set. Sorgen Sie f\u00fcr Ordnung in Ihrer Garage und Ladestation. Mit diesem Halterungsset ist Ihr Kabel immer ladebereit. Das Aufladen Ihres Elektrofahrzeugs wird schneller und einfacher.","og_url":"https:\/\/www.kreainvent.com\/de\/produkt\/wandhalterungssatz-fuer-ev-ladekabel\/","og_site_name":"KREAINVENT - najve\u010dji ponudnik dodatne opreme za EV","article_modified_time":"2025-06-19T12:17:17+00:00","og_image":[{"width":1200,"height":1200,"url":"https:\/\/www.kreainvent.com\/wp-content\/uploads\/2024\/03\/set-nosilcev-kreainvent-01.jpg","type":"image\/jpeg"}],"twitter_card":"summary_large_image","twitter_misc":{"Gesch\u00e4tzte Lesezeit":"2\u00a0Minuten"},"schema":{"@context":"https:\/\/schema.org","@graph":[{"@type":"WebPage","@id":"https:\/\/www.kreainvent.com\/de\/produkt\/wandhalterungssatz-fuer-ev-ladekabel\/","url":"https:\/\/www.kreainvent.com\/de\/produkt\/wandhalterungssatz-fuer-ev-ladekabel\/","name":"Wandhalterungssatz f\u00fcr EV Ladekabel - KREAINVENT - najve\u010dji ponudnik dodatne opreme za EV","isPartOf":{"@id":"https:\/\/www.kreainvent.com\/de\/#website"},"primaryImageOfPage":{"@id":"https:\/\/www.kreainvent.com\/de\/produkt\/wandhalterungssatz-fuer-ev-ladekabel\/#primaryimage"},"image":{"@id":"https:\/\/www.kreainvent.com\/de\/produkt\/wandhalterungssatz-fuer-ev-ladekabel\/#primaryimage"},"thumbnailUrl":"https:\/\/www.kreainvent.com\/wp-content\/uploads\/2024\/03\/set-nosilcev-kreainvent-01.jpg","datePublished":"2024-03-28T17:45:16+00:00","dateModified":"2025-06-19T12:17:17+00:00","breadcrumb":{"@id":"https:\/\/www.kreainvent.com\/de\/produkt\/wandhalterungssatz-fuer-ev-ladekabel\/#breadcrumb"},"inLanguage":"de","potentialAction":[{"@type":"ReadAction","target":["https:\/\/www.kreainvent.com\/de\/produkt\/wandhalterungssatz-fuer-ev-ladekabel\/"]}]},{"@type":"ImageObject","inLanguage":"de","@id":"https:\/\/www.kreainvent.com\/de\/produkt\/wandhalterungssatz-fuer-ev-ladekabel\/#primaryimage","url":"https:\/\/www.kreainvent.com\/wp-content\/uploads\/2024\/03\/set-nosilcev-kreainvent-01.jpg","contentUrl":"https:\/\/www.kreainvent.com\/wp-content\/uploads\/2024\/03\/set-nosilcev-kreainvent-01.jpg","width":1200,"height":1200},{"@type":"BreadcrumbList","@id":"https:\/\/www.kreainvent.com\/de\/produkt\/wandhalterungssatz-fuer-ev-ladekabel\/#breadcrumb","itemListElement":[{"@type":"ListItem","position":1,"name":"Home","item":"https:\/\/www.kreainvent.com\/de\/kreainvent-ihr-zuverlaessiger-partner-fuer-organisierte-e-mobilitaet\/"},{"@type":"ListItem","position":2,"name":"Shop","item":"https:\/\/www.kreainvent.com\/de\/shop\/"},{"@type":"ListItem","position":3,"name":"Wandhalterungssatz f\u00fcr EV Ladekabel"}]},{"@type":"WebSite","@id":"https:\/\/www.kreainvent.com\/de\/#website","url":"https:\/\/www.kreainvent.com\/de\/","name":"KREAINVENT - najve\u010dji ponudnik dodatne opreme za EV","description":"Pomagamo vam do urejenega in organiziranega polnilnega mesta","publisher":{"@id":"https:\/\/www.kreainvent.com\/de\/#organization"},"potentialAction":[{"@type":"SearchAction","target":{"@type":"EntryPoint","urlTemplate":"https:\/\/www.kreainvent.com\/de\/?s={search_term_string}"},"query-input":{"@type":"PropertyValueSpecification","valueRequired":true,"valueName":"search_term_string"}}],"inLanguage":"de"},{"@type":"Organization","@id":"https:\/\/www.kreainvent.com\/de\/#organization","name":"KREAINVENT, razvoj e-mobilnosti, svetovanje in trgovina","url":"https:\/\/www.kreainvent.com\/de\/","logo":{"@type":"ImageObject","inLanguage":"de","@id":"https:\/\/www.kreainvent.com\/de\/#\/schema\/logo\/image\/","url":"https:\/\/www.kreainvent.com\/wp-content\/uploads\/2024\/04\/kreainvent-ver-w900.png","contentUrl":"https:\/\/www.kreainvent.com\/wp-content\/uploads\/2024\/04\/kreainvent-ver-w900.png","width":900,"height":791,"caption":"KREAINVENT, razvoj e-mobilnosti, svetovanje in trgovina"},"image":{"@id":"https:\/\/www.kreainvent.com\/de\/#\/schema\/logo\/image\/"}}]}},"_links":{"self":[{"href":"https:\/\/www.kreainvent.com\/de\/wp-json\/wp\/v2\/product\/4836","targetHints":{"allow":["GET"]}}],"collection":[{"href":"https:\/\/www.kreainvent.com\/de\/wp-json\/wp\/v2\/product"}],"about":[{"href":"https:\/\/www.kreainvent.com\/de\/wp-json\/wp\/v2\/types\/product"}],"replies":[{"embeddable":true,"href":"https:\/\/www.kreainvent.com\/de\/wp-json\/wp\/v2\/comments?post=4836"}],"version-history":[{"count":2,"href":"https:\/\/www.kreainvent.com\/de\/wp-json\/wp\/v2\/product\/4836\/revisions"}],"predecessor-version":[{"id":4838,"href":"https:\/\/www.kreainvent.com\/de\/wp-json\/wp\/v2\/product\/4836\/revisions\/4838"}],"wp:featuredmedia":[{"embeddable":true,"href":"https:\/\/www.kreainvent.com\/de\/wp-json\/wp\/v2\/media\/4550"}],"wp:attachment":[{"href":"https:\/\/www.kreainvent.com\/de\/wp-json\/wp\/v2\/media?parent=4836"}],"wp:term":[{"taxonomy":"product_brand","embeddable":true,"href":"https:\/\/www.kreainvent.com\/de\/wp-json\/wp\/v2\/product_brand?post=4836"},{"taxonomy":"product_cat","embeddable":true,"href":"https:\/\/www.kreainvent.com\/de\/wp-json\/wp\/v2\/product_cat?post=4836"},{"taxonomy":"product_tag","embeddable":true,"href":"https:\/\/www.kreainvent.com\/de\/wp-json\/wp\/v2\/product_tag?post=4836"}],"curies":[{"name":"wp","href":"https:\/\/api.w.org\/{rel}","templated":true}]}}