{"id":4833,"date":"2024-03-28T19:59:38","date_gmt":"2024-03-28T18:59:38","guid":{"rendered":"https:\/\/kreainvent.com\/izdelek\/univerzalen-nadstresek-za-zascito-polnilne-postaje-pred-vremenskimi-vplivi\/"},"modified":"2025-06-19T13:10:00","modified_gmt":"2025-06-19T12:10:00","slug":"univerzalen-nadstresek-za-zascito-polnilne-postaje-pred-vremenskimi-vplivi","status":"publish","type":"product","link":"https:\/\/www.kreainvent.com\/de\/produkt\/univerzalen-nadstresek-za-zascito-polnilne-postaje-pred-vremenskimi-vplivi\/","title":{"rendered":"Alu-Schutzdach f\u00fcr EV-Wallbox"},"content":{"rendered":"<h4>Alu-Schutzdach f\u00fcr EV-Wallbox. Das Dach f\u00fcr den Schutz der EV-Wallbox und EV-Ladekabel vor Wettereinfl\u00fcssen &#8211; Wetterschutz wallbox<\/h4>\n<ul>\n<li>Sch\u00fctzen Sie Ihre EV-Wallbox! Mit einem modernen universalem Schutzdach<\/li>\n<li>Dieses Schutzdach sch\u00fctzt die Wallbox und das Kabel vor Wettereinflussen (Sonne, Regen, Schnee) und verl\u00e4ngert dadurch ihre Lebensdauer<\/li>\n<li>Das Dach wird aus Aluminium gefertigt, was die Best\u00e4ndigkeit und die Qualit\u00e4t sicherstellt. Farbe: grau RAL 7003.<\/li>\n<li>Der Aufbau und die Montage des Schutzdaches sind einfach. Das Dach weist eine Neigung von 4 Grad aus, damit das Wasser nicht in die Wand eindringt. Tipp: bei einer groben Wand eine Gummidichtung oder Silikon verwenden<\/li>\n<li>Hochwertige Fertigung, 1,4 kg schwer. Innenabmessungen: Breite 44 cm, H\u00f6he 25 cm, Tiefe bis zur Wand 28 cm. Hergestellt in SLO.<\/li>\n<\/ul>\n","protected":false},"excerpt":{"rendered":"<p>Alu-Schutzdach f\u00fcr EV-Wallbox. Das Dach f\u00fcr den Schutz der EV-Wallbox und EV-Ladekabel vor Wettereinfl\u00fcssen &#8211; Wetterschutz wallbox.<\/p>\n<p>Sch\u00fctzen Sie Ihre EV-Wallbox! Mit einem modernen universalem Schutzdach!<\/p>\n","protected":false},"featured_media":4559,"comment_status":"open","ping_status":"closed","template":"","meta":{"_acf_changed":false,"iawp_total_views":164},"product_brand":[],"product_cat":[232],"product_tag":[],"class_list":{"0":"post-4833","1":"product","2":"type-product","3":"status-publish","4":"has-post-thumbnail","6":"product_cat-schutz-fur-ladestationen","7":"product_shipping_class-leichte-produkte","8":"pa_znamka-kreainvent-de","10":"first","11":"instock","12":"downloadable","13":"taxable","14":"shipping-taxable","15":"purchasable","16":"product-type-simple"},"acf":[],"yoast_head":"<!-- This site is optimized with the Yoast SEO plugin v26.9 - https:\/\/yoast.com\/product\/yoast-seo-wordpress\/ -->\n<title>Alu-Schutzdach f\u00fcr EV-Wallbox - KREAINVENT - najve\u010dji ponudnik dodatne opreme za EV<\/title>\n<meta name=\"robots\" content=\"index, follow, max-snippet:-1, max-image-preview:large, max-video-preview:-1\" \/>\n<link rel=\"canonical\" href=\"https:\/\/www.kreainvent.com\/de\/produkt\/univerzalen-nadstresek-za-zascito-polnilne-postaje-pred-vremenskimi-vplivi\/\" \/>\n<meta property=\"og:locale\" content=\"de_DE\" \/>\n<meta property=\"og:type\" content=\"article\" \/>\n<meta property=\"og:title\" content=\"Alu-Schutzdach f\u00fcr EV-Wallbox - KREAINVENT - najve\u010dji ponudnik dodatne opreme za EV\" \/>\n<meta property=\"og:description\" content=\"Alu-Schutzdach f\u00fcr EV-Wallbox. Das Dach f\u00fcr den Schutz der EV-Wallbox und EV-Ladekabel vor Wettereinfl\u00fcssen - Wetterschutz wallbox.  Sch\u00fctzen Sie Ihre EV-Wallbox! Mit einem modernen universalem Schutzdach!\" \/>\n<meta property=\"og:url\" content=\"https:\/\/www.kreainvent.com\/de\/produkt\/univerzalen-nadstresek-za-zascito-polnilne-postaje-pred-vremenskimi-vplivi\/\" \/>\n<meta property=\"og:site_name\" content=\"KREAINVENT - najve\u010dji ponudnik dodatne opreme za EV\" \/>\n<meta property=\"article:modified_time\" content=\"2025-06-19T12:10:00+00:00\" \/>\n<meta property=\"og:image\" content=\"https:\/\/www.kreainvent.com\/wp-content\/uploads\/2024\/03\/uni-nadstresek-kreainvent-01.jpg\" \/>\n\t<meta property=\"og:image:width\" content=\"1260\" \/>\n\t<meta property=\"og:image:height\" content=\"1260\" \/>\n\t<meta property=\"og:image:type\" content=\"image\/jpeg\" \/>\n<meta name=\"twitter:card\" content=\"summary_large_image\" \/>\n<meta name=\"twitter:label1\" content=\"Gesch\u00e4tzte Lesezeit\" \/>\n\t<meta name=\"twitter:data1\" content=\"1\u00a0Minute\" \/>\n<script type=\"application\/ld+json\" class=\"yoast-schema-graph\">{\"@context\":\"https:\/\/schema.org\",\"@graph\":[{\"@type\":\"WebPage\",\"@id\":\"https:\/\/www.kreainvent.com\/de\/produkt\/univerzalen-nadstresek-za-zascito-polnilne-postaje-pred-vremenskimi-vplivi\/\",\"url\":\"https:\/\/www.kreainvent.com\/de\/produkt\/univerzalen-nadstresek-za-zascito-polnilne-postaje-pred-vremenskimi-vplivi\/\",\"name\":\"Alu-Schutzdach f\u00fcr EV-Wallbox - KREAINVENT - najve\u010dji ponudnik dodatne opreme za EV\",\"isPartOf\":{\"@id\":\"https:\/\/www.kreainvent.com\/de\/#website\"},\"primaryImageOfPage\":{\"@id\":\"https:\/\/www.kreainvent.com\/de\/produkt\/univerzalen-nadstresek-za-zascito-polnilne-postaje-pred-vremenskimi-vplivi\/#primaryimage\"},\"image\":{\"@id\":\"https:\/\/www.kreainvent.com\/de\/produkt\/univerzalen-nadstresek-za-zascito-polnilne-postaje-pred-vremenskimi-vplivi\/#primaryimage\"},\"thumbnailUrl\":\"https:\/\/www.kreainvent.com\/wp-content\/uploads\/2024\/03\/uni-nadstresek-kreainvent-01.jpg\",\"datePublished\":\"2024-03-28T18:59:38+00:00\",\"dateModified\":\"2025-06-19T12:10:00+00:00\",\"breadcrumb\":{\"@id\":\"https:\/\/www.kreainvent.com\/de\/produkt\/univerzalen-nadstresek-za-zascito-polnilne-postaje-pred-vremenskimi-vplivi\/#breadcrumb\"},\"inLanguage\":\"de\",\"potentialAction\":[{\"@type\":\"ReadAction\",\"target\":[\"https:\/\/www.kreainvent.com\/de\/produkt\/univerzalen-nadstresek-za-zascito-polnilne-postaje-pred-vremenskimi-vplivi\/\"]}]},{\"@type\":\"ImageObject\",\"inLanguage\":\"de\",\"@id\":\"https:\/\/www.kreainvent.com\/de\/produkt\/univerzalen-nadstresek-za-zascito-polnilne-postaje-pred-vremenskimi-vplivi\/#primaryimage\",\"url\":\"https:\/\/www.kreainvent.com\/wp-content\/uploads\/2024\/03\/uni-nadstresek-kreainvent-01.jpg\",\"contentUrl\":\"https:\/\/www.kreainvent.com\/wp-content\/uploads\/2024\/03\/uni-nadstresek-kreainvent-01.jpg\",\"width\":1260,\"height\":1260},{\"@type\":\"BreadcrumbList\",\"@id\":\"https:\/\/www.kreainvent.com\/de\/produkt\/univerzalen-nadstresek-za-zascito-polnilne-postaje-pred-vremenskimi-vplivi\/#breadcrumb\",\"itemListElement\":[{\"@type\":\"ListItem\",\"position\":1,\"name\":\"Home\",\"item\":\"https:\/\/www.kreainvent.com\/de\/kreainvent-ihr-zuverlaessiger-partner-fuer-organisierte-e-mobilitaet\/\"},{\"@type\":\"ListItem\",\"position\":2,\"name\":\"Shop\",\"item\":\"https:\/\/www.kreainvent.com\/de\/shop\/\"},{\"@type\":\"ListItem\",\"position\":3,\"name\":\"Alu-Schutzdach f\u00fcr EV-Wallbox\"}]},{\"@type\":\"WebSite\",\"@id\":\"https:\/\/www.kreainvent.com\/de\/#website\",\"url\":\"https:\/\/www.kreainvent.com\/de\/\",\"name\":\"KREAINVENT - najve\u010dji ponudnik dodatne opreme za EV\",\"description\":\"Pomagamo vam do urejenega in organiziranega polnilnega mesta\",\"publisher\":{\"@id\":\"https:\/\/www.kreainvent.com\/de\/#organization\"},\"potentialAction\":[{\"@type\":\"SearchAction\",\"target\":{\"@type\":\"EntryPoint\",\"urlTemplate\":\"https:\/\/www.kreainvent.com\/de\/?s={search_term_string}\"},\"query-input\":{\"@type\":\"PropertyValueSpecification\",\"valueRequired\":true,\"valueName\":\"search_term_string\"}}],\"inLanguage\":\"de\"},{\"@type\":\"Organization\",\"@id\":\"https:\/\/www.kreainvent.com\/de\/#organization\",\"name\":\"KREAINVENT, razvoj e-mobilnosti, svetovanje in trgovina\",\"url\":\"https:\/\/www.kreainvent.com\/de\/\",\"logo\":{\"@type\":\"ImageObject\",\"inLanguage\":\"de\",\"@id\":\"https:\/\/www.kreainvent.com\/de\/#\/schema\/logo\/image\/\",\"url\":\"https:\/\/www.kreainvent.com\/wp-content\/uploads\/2024\/04\/kreainvent-ver-w900.png\",\"contentUrl\":\"https:\/\/www.kreainvent.com\/wp-content\/uploads\/2024\/04\/kreainvent-ver-w900.png\",\"width\":900,\"height\":791,\"caption\":\"KREAINVENT, razvoj e-mobilnosti, svetovanje in trgovina\"},\"image\":{\"@id\":\"https:\/\/www.kreainvent.com\/de\/#\/schema\/logo\/image\/\"}}]}<\/script>\n<!-- \/ Yoast SEO plugin. -->","yoast_head_json":{"title":"Alu-Schutzdach f\u00fcr EV-Wallbox - KREAINVENT - najve\u010dji ponudnik dodatne opreme za EV","robots":{"index":"index","follow":"follow","max-snippet":"max-snippet:-1","max-image-preview":"max-image-preview:large","max-video-preview":"max-video-preview:-1"},"canonical":"https:\/\/www.kreainvent.com\/de\/produkt\/univerzalen-nadstresek-za-zascito-polnilne-postaje-pred-vremenskimi-vplivi\/","og_locale":"de_DE","og_type":"article","og_title":"Alu-Schutzdach f\u00fcr EV-Wallbox - KREAINVENT - najve\u010dji ponudnik dodatne opreme za EV","og_description":"Alu-Schutzdach f\u00fcr EV-Wallbox. Das Dach f\u00fcr den Schutz der EV-Wallbox und EV-Ladekabel vor Wettereinfl\u00fcssen - Wetterschutz wallbox.  Sch\u00fctzen Sie Ihre EV-Wallbox! Mit einem modernen universalem Schutzdach!","og_url":"https:\/\/www.kreainvent.com\/de\/produkt\/univerzalen-nadstresek-za-zascito-polnilne-postaje-pred-vremenskimi-vplivi\/","og_site_name":"KREAINVENT - najve\u010dji ponudnik dodatne opreme za EV","article_modified_time":"2025-06-19T12:10:00+00:00","og_image":[{"width":1260,"height":1260,"url":"https:\/\/www.kreainvent.com\/wp-content\/uploads\/2024\/03\/uni-nadstresek-kreainvent-01.jpg","type":"image\/jpeg"}],"twitter_card":"summary_large_image","twitter_misc":{"Gesch\u00e4tzte Lesezeit":"1\u00a0Minute"},"schema":{"@context":"https:\/\/schema.org","@graph":[{"@type":"WebPage","@id":"https:\/\/www.kreainvent.com\/de\/produkt\/univerzalen-nadstresek-za-zascito-polnilne-postaje-pred-vremenskimi-vplivi\/","url":"https:\/\/www.kreainvent.com\/de\/produkt\/univerzalen-nadstresek-za-zascito-polnilne-postaje-pred-vremenskimi-vplivi\/","name":"Alu-Schutzdach f\u00fcr EV-Wallbox - KREAINVENT - najve\u010dji ponudnik dodatne opreme za EV","isPartOf":{"@id":"https:\/\/www.kreainvent.com\/de\/#website"},"primaryImageOfPage":{"@id":"https:\/\/www.kreainvent.com\/de\/produkt\/univerzalen-nadstresek-za-zascito-polnilne-postaje-pred-vremenskimi-vplivi\/#primaryimage"},"image":{"@id":"https:\/\/www.kreainvent.com\/de\/produkt\/univerzalen-nadstresek-za-zascito-polnilne-postaje-pred-vremenskimi-vplivi\/#primaryimage"},"thumbnailUrl":"https:\/\/www.kreainvent.com\/wp-content\/uploads\/2024\/03\/uni-nadstresek-kreainvent-01.jpg","datePublished":"2024-03-28T18:59:38+00:00","dateModified":"2025-06-19T12:10:00+00:00","breadcrumb":{"@id":"https:\/\/www.kreainvent.com\/de\/produkt\/univerzalen-nadstresek-za-zascito-polnilne-postaje-pred-vremenskimi-vplivi\/#breadcrumb"},"inLanguage":"de","potentialAction":[{"@type":"ReadAction","target":["https:\/\/www.kreainvent.com\/de\/produkt\/univerzalen-nadstresek-za-zascito-polnilne-postaje-pred-vremenskimi-vplivi\/"]}]},{"@type":"ImageObject","inLanguage":"de","@id":"https:\/\/www.kreainvent.com\/de\/produkt\/univerzalen-nadstresek-za-zascito-polnilne-postaje-pred-vremenskimi-vplivi\/#primaryimage","url":"https:\/\/www.kreainvent.com\/wp-content\/uploads\/2024\/03\/uni-nadstresek-kreainvent-01.jpg","contentUrl":"https:\/\/www.kreainvent.com\/wp-content\/uploads\/2024\/03\/uni-nadstresek-kreainvent-01.jpg","width":1260,"height":1260},{"@type":"BreadcrumbList","@id":"https:\/\/www.kreainvent.com\/de\/produkt\/univerzalen-nadstresek-za-zascito-polnilne-postaje-pred-vremenskimi-vplivi\/#breadcrumb","itemListElement":[{"@type":"ListItem","position":1,"name":"Home","item":"https:\/\/www.kreainvent.com\/de\/kreainvent-ihr-zuverlaessiger-partner-fuer-organisierte-e-mobilitaet\/"},{"@type":"ListItem","position":2,"name":"Shop","item":"https:\/\/www.kreainvent.com\/de\/shop\/"},{"@type":"ListItem","position":3,"name":"Alu-Schutzdach f\u00fcr EV-Wallbox"}]},{"@type":"WebSite","@id":"https:\/\/www.kreainvent.com\/de\/#website","url":"https:\/\/www.kreainvent.com\/de\/","name":"KREAINVENT - najve\u010dji ponudnik dodatne opreme za EV","description":"Pomagamo vam do urejenega in organiziranega polnilnega mesta","publisher":{"@id":"https:\/\/www.kreainvent.com\/de\/#organization"},"potentialAction":[{"@type":"SearchAction","target":{"@type":"EntryPoint","urlTemplate":"https:\/\/www.kreainvent.com\/de\/?s={search_term_string}"},"query-input":{"@type":"PropertyValueSpecification","valueRequired":true,"valueName":"search_term_string"}}],"inLanguage":"de"},{"@type":"Organization","@id":"https:\/\/www.kreainvent.com\/de\/#organization","name":"KREAINVENT, razvoj e-mobilnosti, svetovanje in trgovina","url":"https:\/\/www.kreainvent.com\/de\/","logo":{"@type":"ImageObject","inLanguage":"de","@id":"https:\/\/www.kreainvent.com\/de\/#\/schema\/logo\/image\/","url":"https:\/\/www.kreainvent.com\/wp-content\/uploads\/2024\/04\/kreainvent-ver-w900.png","contentUrl":"https:\/\/www.kreainvent.com\/wp-content\/uploads\/2024\/04\/kreainvent-ver-w900.png","width":900,"height":791,"caption":"KREAINVENT, razvoj e-mobilnosti, svetovanje in trgovina"},"image":{"@id":"https:\/\/www.kreainvent.com\/de\/#\/schema\/logo\/image\/"}}]}},"_links":{"self":[{"href":"https:\/\/www.kreainvent.com\/de\/wp-json\/wp\/v2\/product\/4833","targetHints":{"allow":["GET"]}}],"collection":[{"href":"https:\/\/www.kreainvent.com\/de\/wp-json\/wp\/v2\/product"}],"about":[{"href":"https:\/\/www.kreainvent.com\/de\/wp-json\/wp\/v2\/types\/product"}],"replies":[{"embeddable":true,"href":"https:\/\/www.kreainvent.com\/de\/wp-json\/wp\/v2\/comments?post=4833"}],"version-history":[{"count":2,"href":"https:\/\/www.kreainvent.com\/de\/wp-json\/wp\/v2\/product\/4833\/revisions"}],"predecessor-version":[{"id":6237,"href":"https:\/\/www.kreainvent.com\/de\/wp-json\/wp\/v2\/product\/4833\/revisions\/6237"}],"wp:featuredmedia":[{"embeddable":true,"href":"https:\/\/www.kreainvent.com\/de\/wp-json\/wp\/v2\/media\/4559"}],"wp:attachment":[{"href":"https:\/\/www.kreainvent.com\/de\/wp-json\/wp\/v2\/media?parent=4833"}],"wp:term":[{"taxonomy":"product_brand","embeddable":true,"href":"https:\/\/www.kreainvent.com\/de\/wp-json\/wp\/v2\/product_brand?post=4833"},{"taxonomy":"product_cat","embeddable":true,"href":"https:\/\/www.kreainvent.com\/de\/wp-json\/wp\/v2\/product_cat?post=4833"},{"taxonomy":"product_tag","embeddable":true,"href":"https:\/\/www.kreainvent.com\/de\/wp-json\/wp\/v2\/product_tag?post=4833"}],"curies":[{"name":"wp","href":"https:\/\/api.w.org\/{rel}","templated":true}]}}