{"id":4827,"date":"2024-03-28T20:15:40","date_gmt":"2024-03-28T19:15:40","guid":{"rendered":"https:\/\/kreainvent.com\/izdelek\/komplet-za-vzdrzevanje-polnilnega-kabla\/"},"modified":"2024-07-31T15:55:58","modified_gmt":"2024-07-31T14:55:58","slug":"set-zur-wartung-von-ev-ladekabeln","status":"publish","type":"product","link":"https:\/\/www.kreainvent.com\/de\/produkt\/set-zur-wartung-von-ev-ladekabeln\/","title":{"rendered":"Set zur Wartung von EV-Ladekabeln"},"content":{"rendered":"<h3>EV Kabel Tasche f\u00fcr Ladekabel \u2013 EV Kabeltasche Organizer &#8211; Wartungskit f\u00fcr ev Ladekabel, Gray<\/h3>\n<ul>\n<li>Ladekabel-Wartungsset: Weiches Tuch zum Reinigen, Klettband zum Organisieren und Tasche aus 100 % Polyester zum Verstauen des Kabels im Kofferraum<\/li>\n<li>Einfache Handhabung: Selft-St\u00e4ndertasche erm\u00f6glicht schnelles Einlegen des Kabels, auch wenn es nicht ordentlich verstaut ist<\/li>\n<li>Erh\u00f6hen Sie die Haltbarkeit des Kabels: Die Tasche sch\u00fctzt es vor Verschlei\u00df und Besch\u00e4digungen im Kofferraum Ihres Fahrzeugs<\/li>\n<li>Ihr Kofferraum wird organisiert: Die Tasche wird mit Klettb\u00e4ndern befestigt. Das Kabel ist sicher und schnell zug\u00e4nglich<\/li>\n<li>Speziell entwickelt: Abmessungen 20 x 50 x 15 cm sorgen f\u00fcr ausreichend Platz zum Verstauen Ihres EV-Kabels<\/li>\n<\/ul>\n","protected":false},"excerpt":{"rendered":"<p>EV Kabel Tasche f\u00fcr Ladekabel \u2013 EV Kabeltasche Organizer &#8211; Wartungskit f\u00fcr ev Ladekabel, Gray<\/p>\n<p><strong>Ladekabel-Wartungsset:<\/strong> Weiches Tuch zum Reinigen, Klettband zum Organisieren und Tasche aus 100 % Polyester zum Verstauen des Kabels im Kofferraum<\/p>\n","protected":false},"featured_media":4574,"comment_status":"open","ping_status":"closed","template":"","meta":{"_acf_changed":false,"iawp_total_views":39},"product_brand":[],"product_cat":[230],"product_tag":[],"class_list":{"0":"post-4827","1":"product","2":"type-product","3":"status-publish","4":"has-post-thumbnail","6":"product_cat-zubehor-zur-handhabung-von-ladekabeln","7":"pa_znamka-kreainvent-de","9":"first","10":"instock","11":"downloadable","12":"taxable","13":"shipping-taxable","14":"purchasable","15":"product-type-simple"},"acf":[],"yoast_head":"<!-- This site is optimized with the Yoast SEO plugin v26.9 - https:\/\/yoast.com\/product\/yoast-seo-wordpress\/ -->\n<title>Set zur Wartung von EV-Ladekabeln - KREAINVENT - najve\u010dji ponudnik dodatne opreme za EV<\/title>\n<meta name=\"robots\" content=\"index, follow, max-snippet:-1, max-image-preview:large, max-video-preview:-1\" \/>\n<link rel=\"canonical\" href=\"https:\/\/www.kreainvent.com\/de\/produkt\/set-zur-wartung-von-ev-ladekabeln\/\" \/>\n<meta property=\"og:locale\" content=\"de_DE\" \/>\n<meta property=\"og:type\" content=\"article\" \/>\n<meta property=\"og:title\" content=\"Set zur Wartung von EV-Ladekabeln - KREAINVENT - najve\u010dji ponudnik dodatne opreme za EV\" \/>\n<meta property=\"og:description\" content=\"EV Kabel Tasche f\u00fcr Ladekabel \u2013 EV Kabeltasche Organizer - Wartungskit f\u00fcr ev Ladekabel, Gray  Ladekabel-Wartungsset: Weiches Tuch zum Reinigen, Klettband zum Organisieren und Tasche aus 100 % Polyester zum Verstauen des Kabels im Kofferraum\" \/>\n<meta property=\"og:url\" content=\"https:\/\/www.kreainvent.com\/de\/produkt\/set-zur-wartung-von-ev-ladekabeln\/\" \/>\n<meta property=\"og:site_name\" content=\"KREAINVENT - najve\u010dji ponudnik dodatne opreme za EV\" \/>\n<meta property=\"article:modified_time\" content=\"2024-07-31T14:55:58+00:00\" \/>\n<meta property=\"og:image\" content=\"https:\/\/www.kreainvent.com\/wp-content\/uploads\/2024\/03\/kreainvent-maintainance-set-05.jpg\" \/>\n\t<meta property=\"og:image:width\" content=\"1200\" \/>\n\t<meta property=\"og:image:height\" content=\"1200\" \/>\n\t<meta property=\"og:image:type\" content=\"image\/jpeg\" \/>\n<meta name=\"twitter:card\" content=\"summary_large_image\" \/>\n<meta name=\"twitter:label1\" content=\"Gesch\u00e4tzte Lesezeit\" \/>\n\t<meta name=\"twitter:data1\" content=\"1\u00a0Minute\" \/>\n<script type=\"application\/ld+json\" class=\"yoast-schema-graph\">{\"@context\":\"https:\/\/schema.org\",\"@graph\":[{\"@type\":\"WebPage\",\"@id\":\"https:\/\/www.kreainvent.com\/de\/produkt\/set-zur-wartung-von-ev-ladekabeln\/\",\"url\":\"https:\/\/www.kreainvent.com\/de\/produkt\/set-zur-wartung-von-ev-ladekabeln\/\",\"name\":\"Set zur Wartung von EV-Ladekabeln - KREAINVENT - najve\u010dji ponudnik dodatne opreme za EV\",\"isPartOf\":{\"@id\":\"https:\/\/www.kreainvent.com\/de\/#website\"},\"primaryImageOfPage\":{\"@id\":\"https:\/\/www.kreainvent.com\/de\/produkt\/set-zur-wartung-von-ev-ladekabeln\/#primaryimage\"},\"image\":{\"@id\":\"https:\/\/www.kreainvent.com\/de\/produkt\/set-zur-wartung-von-ev-ladekabeln\/#primaryimage\"},\"thumbnailUrl\":\"https:\/\/www.kreainvent.com\/wp-content\/uploads\/2024\/03\/kreainvent-maintainance-set-05.jpg\",\"datePublished\":\"2024-03-28T19:15:40+00:00\",\"dateModified\":\"2024-07-31T14:55:58+00:00\",\"breadcrumb\":{\"@id\":\"https:\/\/www.kreainvent.com\/de\/produkt\/set-zur-wartung-von-ev-ladekabeln\/#breadcrumb\"},\"inLanguage\":\"de\",\"potentialAction\":[{\"@type\":\"ReadAction\",\"target\":[\"https:\/\/www.kreainvent.com\/de\/produkt\/set-zur-wartung-von-ev-ladekabeln\/\"]}]},{\"@type\":\"ImageObject\",\"inLanguage\":\"de\",\"@id\":\"https:\/\/www.kreainvent.com\/de\/produkt\/set-zur-wartung-von-ev-ladekabeln\/#primaryimage\",\"url\":\"https:\/\/www.kreainvent.com\/wp-content\/uploads\/2024\/03\/kreainvent-maintainance-set-05.jpg\",\"contentUrl\":\"https:\/\/www.kreainvent.com\/wp-content\/uploads\/2024\/03\/kreainvent-maintainance-set-05.jpg\",\"width\":1200,\"height\":1200},{\"@type\":\"BreadcrumbList\",\"@id\":\"https:\/\/www.kreainvent.com\/de\/produkt\/set-zur-wartung-von-ev-ladekabeln\/#breadcrumb\",\"itemListElement\":[{\"@type\":\"ListItem\",\"position\":1,\"name\":\"Home\",\"item\":\"https:\/\/www.kreainvent.com\/de\/kreainvent-ihr-zuverlaessiger-partner-fuer-organisierte-e-mobilitaet\/\"},{\"@type\":\"ListItem\",\"position\":2,\"name\":\"Shop\",\"item\":\"https:\/\/www.kreainvent.com\/de\/shop\/\"},{\"@type\":\"ListItem\",\"position\":3,\"name\":\"Set zur Wartung von EV-Ladekabeln\"}]},{\"@type\":\"WebSite\",\"@id\":\"https:\/\/www.kreainvent.com\/de\/#website\",\"url\":\"https:\/\/www.kreainvent.com\/de\/\",\"name\":\"KREAINVENT - najve\u010dji ponudnik dodatne opreme za EV\",\"description\":\"Pomagamo vam do urejenega in organiziranega polnilnega mesta\",\"publisher\":{\"@id\":\"https:\/\/www.kreainvent.com\/de\/#organization\"},\"potentialAction\":[{\"@type\":\"SearchAction\",\"target\":{\"@type\":\"EntryPoint\",\"urlTemplate\":\"https:\/\/www.kreainvent.com\/de\/?s={search_term_string}\"},\"query-input\":{\"@type\":\"PropertyValueSpecification\",\"valueRequired\":true,\"valueName\":\"search_term_string\"}}],\"inLanguage\":\"de\"},{\"@type\":\"Organization\",\"@id\":\"https:\/\/www.kreainvent.com\/de\/#organization\",\"name\":\"KREAINVENT, razvoj e-mobilnosti, svetovanje in trgovina\",\"url\":\"https:\/\/www.kreainvent.com\/de\/\",\"logo\":{\"@type\":\"ImageObject\",\"inLanguage\":\"de\",\"@id\":\"https:\/\/www.kreainvent.com\/de\/#\/schema\/logo\/image\/\",\"url\":\"https:\/\/www.kreainvent.com\/wp-content\/uploads\/2024\/04\/kreainvent-ver-w900.png\",\"contentUrl\":\"https:\/\/www.kreainvent.com\/wp-content\/uploads\/2024\/04\/kreainvent-ver-w900.png\",\"width\":900,\"height\":791,\"caption\":\"KREAINVENT, razvoj e-mobilnosti, svetovanje in trgovina\"},\"image\":{\"@id\":\"https:\/\/www.kreainvent.com\/de\/#\/schema\/logo\/image\/\"}}]}<\/script>\n<!-- \/ Yoast SEO plugin. -->","yoast_head_json":{"title":"Set zur Wartung von EV-Ladekabeln - KREAINVENT - najve\u010dji ponudnik dodatne opreme za EV","robots":{"index":"index","follow":"follow","max-snippet":"max-snippet:-1","max-image-preview":"max-image-preview:large","max-video-preview":"max-video-preview:-1"},"canonical":"https:\/\/www.kreainvent.com\/de\/produkt\/set-zur-wartung-von-ev-ladekabeln\/","og_locale":"de_DE","og_type":"article","og_title":"Set zur Wartung von EV-Ladekabeln - KREAINVENT - najve\u010dji ponudnik dodatne opreme za EV","og_description":"EV Kabel Tasche f\u00fcr Ladekabel \u2013 EV Kabeltasche Organizer - Wartungskit f\u00fcr ev Ladekabel, Gray  Ladekabel-Wartungsset: Weiches Tuch zum Reinigen, Klettband zum Organisieren und Tasche aus 100 % Polyester zum Verstauen des Kabels im Kofferraum","og_url":"https:\/\/www.kreainvent.com\/de\/produkt\/set-zur-wartung-von-ev-ladekabeln\/","og_site_name":"KREAINVENT - najve\u010dji ponudnik dodatne opreme za EV","article_modified_time":"2024-07-31T14:55:58+00:00","og_image":[{"width":1200,"height":1200,"url":"https:\/\/www.kreainvent.com\/wp-content\/uploads\/2024\/03\/kreainvent-maintainance-set-05.jpg","type":"image\/jpeg"}],"twitter_card":"summary_large_image","twitter_misc":{"Gesch\u00e4tzte Lesezeit":"1\u00a0Minute"},"schema":{"@context":"https:\/\/schema.org","@graph":[{"@type":"WebPage","@id":"https:\/\/www.kreainvent.com\/de\/produkt\/set-zur-wartung-von-ev-ladekabeln\/","url":"https:\/\/www.kreainvent.com\/de\/produkt\/set-zur-wartung-von-ev-ladekabeln\/","name":"Set zur Wartung von EV-Ladekabeln - KREAINVENT - najve\u010dji ponudnik dodatne opreme za EV","isPartOf":{"@id":"https:\/\/www.kreainvent.com\/de\/#website"},"primaryImageOfPage":{"@id":"https:\/\/www.kreainvent.com\/de\/produkt\/set-zur-wartung-von-ev-ladekabeln\/#primaryimage"},"image":{"@id":"https:\/\/www.kreainvent.com\/de\/produkt\/set-zur-wartung-von-ev-ladekabeln\/#primaryimage"},"thumbnailUrl":"https:\/\/www.kreainvent.com\/wp-content\/uploads\/2024\/03\/kreainvent-maintainance-set-05.jpg","datePublished":"2024-03-28T19:15:40+00:00","dateModified":"2024-07-31T14:55:58+00:00","breadcrumb":{"@id":"https:\/\/www.kreainvent.com\/de\/produkt\/set-zur-wartung-von-ev-ladekabeln\/#breadcrumb"},"inLanguage":"de","potentialAction":[{"@type":"ReadAction","target":["https:\/\/www.kreainvent.com\/de\/produkt\/set-zur-wartung-von-ev-ladekabeln\/"]}]},{"@type":"ImageObject","inLanguage":"de","@id":"https:\/\/www.kreainvent.com\/de\/produkt\/set-zur-wartung-von-ev-ladekabeln\/#primaryimage","url":"https:\/\/www.kreainvent.com\/wp-content\/uploads\/2024\/03\/kreainvent-maintainance-set-05.jpg","contentUrl":"https:\/\/www.kreainvent.com\/wp-content\/uploads\/2024\/03\/kreainvent-maintainance-set-05.jpg","width":1200,"height":1200},{"@type":"BreadcrumbList","@id":"https:\/\/www.kreainvent.com\/de\/produkt\/set-zur-wartung-von-ev-ladekabeln\/#breadcrumb","itemListElement":[{"@type":"ListItem","position":1,"name":"Home","item":"https:\/\/www.kreainvent.com\/de\/kreainvent-ihr-zuverlaessiger-partner-fuer-organisierte-e-mobilitaet\/"},{"@type":"ListItem","position":2,"name":"Shop","item":"https:\/\/www.kreainvent.com\/de\/shop\/"},{"@type":"ListItem","position":3,"name":"Set zur Wartung von EV-Ladekabeln"}]},{"@type":"WebSite","@id":"https:\/\/www.kreainvent.com\/de\/#website","url":"https:\/\/www.kreainvent.com\/de\/","name":"KREAINVENT - najve\u010dji ponudnik dodatne opreme za EV","description":"Pomagamo vam do urejenega in organiziranega polnilnega mesta","publisher":{"@id":"https:\/\/www.kreainvent.com\/de\/#organization"},"potentialAction":[{"@type":"SearchAction","target":{"@type":"EntryPoint","urlTemplate":"https:\/\/www.kreainvent.com\/de\/?s={search_term_string}"},"query-input":{"@type":"PropertyValueSpecification","valueRequired":true,"valueName":"search_term_string"}}],"inLanguage":"de"},{"@type":"Organization","@id":"https:\/\/www.kreainvent.com\/de\/#organization","name":"KREAINVENT, razvoj e-mobilnosti, svetovanje in trgovina","url":"https:\/\/www.kreainvent.com\/de\/","logo":{"@type":"ImageObject","inLanguage":"de","@id":"https:\/\/www.kreainvent.com\/de\/#\/schema\/logo\/image\/","url":"https:\/\/www.kreainvent.com\/wp-content\/uploads\/2024\/04\/kreainvent-ver-w900.png","contentUrl":"https:\/\/www.kreainvent.com\/wp-content\/uploads\/2024\/04\/kreainvent-ver-w900.png","width":900,"height":791,"caption":"KREAINVENT, razvoj e-mobilnosti, svetovanje in trgovina"},"image":{"@id":"https:\/\/www.kreainvent.com\/de\/#\/schema\/logo\/image\/"}}]}},"_links":{"self":[{"href":"https:\/\/www.kreainvent.com\/de\/wp-json\/wp\/v2\/product\/4827","targetHints":{"allow":["GET"]}}],"collection":[{"href":"https:\/\/www.kreainvent.com\/de\/wp-json\/wp\/v2\/product"}],"about":[{"href":"https:\/\/www.kreainvent.com\/de\/wp-json\/wp\/v2\/types\/product"}],"replies":[{"embeddable":true,"href":"https:\/\/www.kreainvent.com\/de\/wp-json\/wp\/v2\/comments?post=4827"}],"version-history":[{"count":2,"href":"https:\/\/www.kreainvent.com\/de\/wp-json\/wp\/v2\/product\/4827\/revisions"}],"predecessor-version":[{"id":4829,"href":"https:\/\/www.kreainvent.com\/de\/wp-json\/wp\/v2\/product\/4827\/revisions\/4829"}],"wp:featuredmedia":[{"embeddable":true,"href":"https:\/\/www.kreainvent.com\/de\/wp-json\/wp\/v2\/media\/4574"}],"wp:attachment":[{"href":"https:\/\/www.kreainvent.com\/de\/wp-json\/wp\/v2\/media?parent=4827"}],"wp:term":[{"taxonomy":"product_brand","embeddable":true,"href":"https:\/\/www.kreainvent.com\/de\/wp-json\/wp\/v2\/product_brand?post=4827"},{"taxonomy":"product_cat","embeddable":true,"href":"https:\/\/www.kreainvent.com\/de\/wp-json\/wp\/v2\/product_cat?post=4827"},{"taxonomy":"product_tag","embeddable":true,"href":"https:\/\/www.kreainvent.com\/de\/wp-json\/wp\/v2\/product_tag?post=4827"}],"curies":[{"name":"wp","href":"https:\/\/api.w.org\/{rel}","templated":true}]}}