{"id":4821,"date":"2024-03-28T20:31:03","date_gmt":"2024-03-28T19:31:03","guid":{"rendered":"https:\/\/kreainvent.com\/izdelek\/pomozni-nosilec-za-lazje-rokovanje-in-shranjevanje-polnilnega-kabla\/"},"modified":"2024-07-31T15:55:16","modified_gmt":"2024-07-31T14:55:16","slug":"innovative-leichte-ev-ladekabel-halterung-fuer-e-autos-kreainvent-aluhalterung-als-ladekabel-organizer","status":"publish","type":"product","link":"https:\/\/www.kreainvent.com\/de\/produkt\/innovative-leichte-ev-ladekabel-halterung-fuer-e-autos-kreainvent-aluhalterung-als-ladekabel-organizer\/","title":{"rendered":"Innovative leichte EV Ladekabel Halterung f\u00fcr e-Autos. Kreainvent Aluhalterung als Ladekabel-Organizer."},"content":{"rendered":"<ul>\n<li>F\u00fcr einfachere Ladung Ihres Autos! Mit der universalen Ladekabelhalterung &#8220;EVArm&#8221;, geeignet f\u00fcr jede Ladekupplung<\/li>\n<li>Keine schmutzigen H\u00e4nde mehr. Nur so viel Kabel abwickeln wie gebraucht, den Rest einfach auf der Ladekupplung aufgewickelt lassen. Dadurch laden Sie schneller und einfacher, sowie schonen das Kabel<\/li>\n<li>Einfach und schnell mit einem Klettverschlussstreifen mit Silikon auf der Innenseite angebracht, f\u00fcr guten Griff und gegen Rutschen der Ladekupplung<\/li>\n<li>Kabel bleibt auch w\u00e4hrend des Transports im Kofferraum sch\u00f6n in der Halterung aufgewickelt, da diese mit einem Gummiband geschlossen werden kann<\/li>\n<li>Halterung aus Aluminium wiegt nur 60 g, und beeintr\u00e4chtigt die Handhabung nicht. Farbe: grau RAL 7003, die Abmessungen 100 x 25 x 150 mm. Hergestellt in EU<\/li>\n<\/ul>\n","protected":false},"excerpt":{"rendered":"<p>F\u00fcr einfachere Ladung Ihres Autos! Mit der universalen Ladekabelhalterung &#8220;EVArm&#8221;, geeignet f\u00fcr jede Ladekupplung<\/p>\n","protected":false},"featured_media":4596,"comment_status":"open","ping_status":"closed","template":"","meta":{"_acf_changed":false,"iawp_total_views":322},"product_brand":[],"product_cat":[230],"product_tag":[],"class_list":{"0":"post-4821","1":"product","2":"type-product","3":"status-publish","4":"has-post-thumbnail","6":"product_cat-zubehor-zur-handhabung-von-ladekabeln","7":"pa_znamka-kreainvent-de","9":"first","10":"instock","11":"downloadable","12":"taxable","13":"shipping-taxable","14":"purchasable","15":"product-type-simple"},"acf":[],"yoast_head":"<!-- This site is optimized with the Yoast SEO plugin v26.9 - https:\/\/yoast.com\/product\/yoast-seo-wordpress\/ -->\n<title>Innovative leichte EV Ladekabel Halterung f\u00fcr e-Autos. Kreainvent Aluhalterung als Ladekabel-Organizer. - KREAINVENT - najve\u010dji ponudnik dodatne opreme za EV<\/title>\n<meta name=\"robots\" content=\"index, follow, max-snippet:-1, max-image-preview:large, max-video-preview:-1\" \/>\n<link rel=\"canonical\" href=\"https:\/\/www.kreainvent.com\/de\/produkt\/innovative-leichte-ev-ladekabel-halterung-fuer-e-autos-kreainvent-aluhalterung-als-ladekabel-organizer\/\" \/>\n<meta property=\"og:locale\" content=\"de_DE\" \/>\n<meta property=\"og:type\" content=\"article\" \/>\n<meta property=\"og:title\" content=\"Innovative leichte EV Ladekabel Halterung f\u00fcr e-Autos. Kreainvent Aluhalterung als Ladekabel-Organizer. - KREAINVENT - najve\u010dji ponudnik dodatne opreme za EV\" \/>\n<meta property=\"og:description\" content=\"F\u00fcr einfachere Ladung Ihres Autos! Mit der universalen Ladekabelhalterung &quot;EVArm&quot;, geeignet f\u00fcr jede Ladekupplung\" \/>\n<meta property=\"og:url\" content=\"https:\/\/www.kreainvent.com\/de\/produkt\/innovative-leichte-ev-ladekabel-halterung-fuer-e-autos-kreainvent-aluhalterung-als-ladekabel-organizer\/\" \/>\n<meta property=\"og:site_name\" content=\"KREAINVENT - najve\u010dji ponudnik dodatne opreme za EV\" \/>\n<meta property=\"article:modified_time\" content=\"2024-07-31T14:55:16+00:00\" \/>\n<meta property=\"og:image\" content=\"https:\/\/www.kreainvent.com\/wp-content\/uploads\/2024\/03\/EV-pomozni-nosilec_01.jpg\" \/>\n\t<meta property=\"og:image:width\" content=\"830\" \/>\n\t<meta property=\"og:image:height\" content=\"1200\" \/>\n\t<meta property=\"og:image:type\" content=\"image\/jpeg\" \/>\n<meta name=\"twitter:card\" content=\"summary_large_image\" \/>\n<meta name=\"twitter:label1\" content=\"Gesch\u00e4tzte Lesezeit\" \/>\n\t<meta name=\"twitter:data1\" content=\"1\u00a0Minute\" \/>\n<script type=\"application\/ld+json\" class=\"yoast-schema-graph\">{\"@context\":\"https:\/\/schema.org\",\"@graph\":[{\"@type\":\"WebPage\",\"@id\":\"https:\/\/www.kreainvent.com\/de\/produkt\/innovative-leichte-ev-ladekabel-halterung-fuer-e-autos-kreainvent-aluhalterung-als-ladekabel-organizer\/\",\"url\":\"https:\/\/www.kreainvent.com\/de\/produkt\/innovative-leichte-ev-ladekabel-halterung-fuer-e-autos-kreainvent-aluhalterung-als-ladekabel-organizer\/\",\"name\":\"Innovative leichte EV Ladekabel Halterung f\u00fcr e-Autos. Kreainvent Aluhalterung als Ladekabel-Organizer. - KREAINVENT - najve\u010dji ponudnik dodatne opreme za EV\",\"isPartOf\":{\"@id\":\"https:\/\/www.kreainvent.com\/de\/#website\"},\"primaryImageOfPage\":{\"@id\":\"https:\/\/www.kreainvent.com\/de\/produkt\/innovative-leichte-ev-ladekabel-halterung-fuer-e-autos-kreainvent-aluhalterung-als-ladekabel-organizer\/#primaryimage\"},\"image\":{\"@id\":\"https:\/\/www.kreainvent.com\/de\/produkt\/innovative-leichte-ev-ladekabel-halterung-fuer-e-autos-kreainvent-aluhalterung-als-ladekabel-organizer\/#primaryimage\"},\"thumbnailUrl\":\"https:\/\/www.kreainvent.com\/wp-content\/uploads\/2024\/03\/EV-pomozni-nosilec_01.jpg\",\"datePublished\":\"2024-03-28T19:31:03+00:00\",\"dateModified\":\"2024-07-31T14:55:16+00:00\",\"breadcrumb\":{\"@id\":\"https:\/\/www.kreainvent.com\/de\/produkt\/innovative-leichte-ev-ladekabel-halterung-fuer-e-autos-kreainvent-aluhalterung-als-ladekabel-organizer\/#breadcrumb\"},\"inLanguage\":\"de\",\"potentialAction\":[{\"@type\":\"ReadAction\",\"target\":[\"https:\/\/www.kreainvent.com\/de\/produkt\/innovative-leichte-ev-ladekabel-halterung-fuer-e-autos-kreainvent-aluhalterung-als-ladekabel-organizer\/\"]}]},{\"@type\":\"ImageObject\",\"inLanguage\":\"de\",\"@id\":\"https:\/\/www.kreainvent.com\/de\/produkt\/innovative-leichte-ev-ladekabel-halterung-fuer-e-autos-kreainvent-aluhalterung-als-ladekabel-organizer\/#primaryimage\",\"url\":\"https:\/\/www.kreainvent.com\/wp-content\/uploads\/2024\/03\/EV-pomozni-nosilec_01.jpg\",\"contentUrl\":\"https:\/\/www.kreainvent.com\/wp-content\/uploads\/2024\/03\/EV-pomozni-nosilec_01.jpg\",\"width\":830,\"height\":1200},{\"@type\":\"BreadcrumbList\",\"@id\":\"https:\/\/www.kreainvent.com\/de\/produkt\/innovative-leichte-ev-ladekabel-halterung-fuer-e-autos-kreainvent-aluhalterung-als-ladekabel-organizer\/#breadcrumb\",\"itemListElement\":[{\"@type\":\"ListItem\",\"position\":1,\"name\":\"Home\",\"item\":\"https:\/\/www.kreainvent.com\/de\/kreainvent-ihr-zuverlaessiger-partner-fuer-organisierte-e-mobilitaet\/\"},{\"@type\":\"ListItem\",\"position\":2,\"name\":\"Shop\",\"item\":\"https:\/\/www.kreainvent.com\/de\/shop\/\"},{\"@type\":\"ListItem\",\"position\":3,\"name\":\"Innovative leichte EV Ladekabel Halterung f\u00fcr e-Autos. Kreainvent Aluhalterung als Ladekabel-Organizer.\"}]},{\"@type\":\"WebSite\",\"@id\":\"https:\/\/www.kreainvent.com\/de\/#website\",\"url\":\"https:\/\/www.kreainvent.com\/de\/\",\"name\":\"KREAINVENT - najve\u010dji ponudnik dodatne opreme za EV\",\"description\":\"Pomagamo vam do urejenega in organiziranega polnilnega mesta\",\"publisher\":{\"@id\":\"https:\/\/www.kreainvent.com\/de\/#organization\"},\"potentialAction\":[{\"@type\":\"SearchAction\",\"target\":{\"@type\":\"EntryPoint\",\"urlTemplate\":\"https:\/\/www.kreainvent.com\/de\/?s={search_term_string}\"},\"query-input\":{\"@type\":\"PropertyValueSpecification\",\"valueRequired\":true,\"valueName\":\"search_term_string\"}}],\"inLanguage\":\"de\"},{\"@type\":\"Organization\",\"@id\":\"https:\/\/www.kreainvent.com\/de\/#organization\",\"name\":\"KREAINVENT, razvoj e-mobilnosti, svetovanje in trgovina\",\"url\":\"https:\/\/www.kreainvent.com\/de\/\",\"logo\":{\"@type\":\"ImageObject\",\"inLanguage\":\"de\",\"@id\":\"https:\/\/www.kreainvent.com\/de\/#\/schema\/logo\/image\/\",\"url\":\"https:\/\/www.kreainvent.com\/wp-content\/uploads\/2024\/04\/kreainvent-ver-w900.png\",\"contentUrl\":\"https:\/\/www.kreainvent.com\/wp-content\/uploads\/2024\/04\/kreainvent-ver-w900.png\",\"width\":900,\"height\":791,\"caption\":\"KREAINVENT, razvoj e-mobilnosti, svetovanje in trgovina\"},\"image\":{\"@id\":\"https:\/\/www.kreainvent.com\/de\/#\/schema\/logo\/image\/\"}}]}<\/script>\n<!-- \/ Yoast SEO plugin. -->","yoast_head_json":{"title":"Innovative leichte EV Ladekabel Halterung f\u00fcr e-Autos. Kreainvent Aluhalterung als Ladekabel-Organizer. - KREAINVENT - najve\u010dji ponudnik dodatne opreme za EV","robots":{"index":"index","follow":"follow","max-snippet":"max-snippet:-1","max-image-preview":"max-image-preview:large","max-video-preview":"max-video-preview:-1"},"canonical":"https:\/\/www.kreainvent.com\/de\/produkt\/innovative-leichte-ev-ladekabel-halterung-fuer-e-autos-kreainvent-aluhalterung-als-ladekabel-organizer\/","og_locale":"de_DE","og_type":"article","og_title":"Innovative leichte EV Ladekabel Halterung f\u00fcr e-Autos. Kreainvent Aluhalterung als Ladekabel-Organizer. - KREAINVENT - najve\u010dji ponudnik dodatne opreme za EV","og_description":"F\u00fcr einfachere Ladung Ihres Autos! Mit der universalen Ladekabelhalterung \"EVArm\", geeignet f\u00fcr jede Ladekupplung","og_url":"https:\/\/www.kreainvent.com\/de\/produkt\/innovative-leichte-ev-ladekabel-halterung-fuer-e-autos-kreainvent-aluhalterung-als-ladekabel-organizer\/","og_site_name":"KREAINVENT - najve\u010dji ponudnik dodatne opreme za EV","article_modified_time":"2024-07-31T14:55:16+00:00","og_image":[{"width":830,"height":1200,"url":"https:\/\/www.kreainvent.com\/wp-content\/uploads\/2024\/03\/EV-pomozni-nosilec_01.jpg","type":"image\/jpeg"}],"twitter_card":"summary_large_image","twitter_misc":{"Gesch\u00e4tzte Lesezeit":"1\u00a0Minute"},"schema":{"@context":"https:\/\/schema.org","@graph":[{"@type":"WebPage","@id":"https:\/\/www.kreainvent.com\/de\/produkt\/innovative-leichte-ev-ladekabel-halterung-fuer-e-autos-kreainvent-aluhalterung-als-ladekabel-organizer\/","url":"https:\/\/www.kreainvent.com\/de\/produkt\/innovative-leichte-ev-ladekabel-halterung-fuer-e-autos-kreainvent-aluhalterung-als-ladekabel-organizer\/","name":"Innovative leichte EV Ladekabel Halterung f\u00fcr e-Autos. Kreainvent Aluhalterung als Ladekabel-Organizer. - KREAINVENT - najve\u010dji ponudnik dodatne opreme za EV","isPartOf":{"@id":"https:\/\/www.kreainvent.com\/de\/#website"},"primaryImageOfPage":{"@id":"https:\/\/www.kreainvent.com\/de\/produkt\/innovative-leichte-ev-ladekabel-halterung-fuer-e-autos-kreainvent-aluhalterung-als-ladekabel-organizer\/#primaryimage"},"image":{"@id":"https:\/\/www.kreainvent.com\/de\/produkt\/innovative-leichte-ev-ladekabel-halterung-fuer-e-autos-kreainvent-aluhalterung-als-ladekabel-organizer\/#primaryimage"},"thumbnailUrl":"https:\/\/www.kreainvent.com\/wp-content\/uploads\/2024\/03\/EV-pomozni-nosilec_01.jpg","datePublished":"2024-03-28T19:31:03+00:00","dateModified":"2024-07-31T14:55:16+00:00","breadcrumb":{"@id":"https:\/\/www.kreainvent.com\/de\/produkt\/innovative-leichte-ev-ladekabel-halterung-fuer-e-autos-kreainvent-aluhalterung-als-ladekabel-organizer\/#breadcrumb"},"inLanguage":"de","potentialAction":[{"@type":"ReadAction","target":["https:\/\/www.kreainvent.com\/de\/produkt\/innovative-leichte-ev-ladekabel-halterung-fuer-e-autos-kreainvent-aluhalterung-als-ladekabel-organizer\/"]}]},{"@type":"ImageObject","inLanguage":"de","@id":"https:\/\/www.kreainvent.com\/de\/produkt\/innovative-leichte-ev-ladekabel-halterung-fuer-e-autos-kreainvent-aluhalterung-als-ladekabel-organizer\/#primaryimage","url":"https:\/\/www.kreainvent.com\/wp-content\/uploads\/2024\/03\/EV-pomozni-nosilec_01.jpg","contentUrl":"https:\/\/www.kreainvent.com\/wp-content\/uploads\/2024\/03\/EV-pomozni-nosilec_01.jpg","width":830,"height":1200},{"@type":"BreadcrumbList","@id":"https:\/\/www.kreainvent.com\/de\/produkt\/innovative-leichte-ev-ladekabel-halterung-fuer-e-autos-kreainvent-aluhalterung-als-ladekabel-organizer\/#breadcrumb","itemListElement":[{"@type":"ListItem","position":1,"name":"Home","item":"https:\/\/www.kreainvent.com\/de\/kreainvent-ihr-zuverlaessiger-partner-fuer-organisierte-e-mobilitaet\/"},{"@type":"ListItem","position":2,"name":"Shop","item":"https:\/\/www.kreainvent.com\/de\/shop\/"},{"@type":"ListItem","position":3,"name":"Innovative leichte EV Ladekabel Halterung f\u00fcr e-Autos. Kreainvent Aluhalterung als Ladekabel-Organizer."}]},{"@type":"WebSite","@id":"https:\/\/www.kreainvent.com\/de\/#website","url":"https:\/\/www.kreainvent.com\/de\/","name":"KREAINVENT - najve\u010dji ponudnik dodatne opreme za EV","description":"Pomagamo vam do urejenega in organiziranega polnilnega mesta","publisher":{"@id":"https:\/\/www.kreainvent.com\/de\/#organization"},"potentialAction":[{"@type":"SearchAction","target":{"@type":"EntryPoint","urlTemplate":"https:\/\/www.kreainvent.com\/de\/?s={search_term_string}"},"query-input":{"@type":"PropertyValueSpecification","valueRequired":true,"valueName":"search_term_string"}}],"inLanguage":"de"},{"@type":"Organization","@id":"https:\/\/www.kreainvent.com\/de\/#organization","name":"KREAINVENT, razvoj e-mobilnosti, svetovanje in trgovina","url":"https:\/\/www.kreainvent.com\/de\/","logo":{"@type":"ImageObject","inLanguage":"de","@id":"https:\/\/www.kreainvent.com\/de\/#\/schema\/logo\/image\/","url":"https:\/\/www.kreainvent.com\/wp-content\/uploads\/2024\/04\/kreainvent-ver-w900.png","contentUrl":"https:\/\/www.kreainvent.com\/wp-content\/uploads\/2024\/04\/kreainvent-ver-w900.png","width":900,"height":791,"caption":"KREAINVENT, razvoj e-mobilnosti, svetovanje in trgovina"},"image":{"@id":"https:\/\/www.kreainvent.com\/de\/#\/schema\/logo\/image\/"}}]}},"_links":{"self":[{"href":"https:\/\/www.kreainvent.com\/de\/wp-json\/wp\/v2\/product\/4821","targetHints":{"allow":["GET"]}}],"collection":[{"href":"https:\/\/www.kreainvent.com\/de\/wp-json\/wp\/v2\/product"}],"about":[{"href":"https:\/\/www.kreainvent.com\/de\/wp-json\/wp\/v2\/types\/product"}],"replies":[{"embeddable":true,"href":"https:\/\/www.kreainvent.com\/de\/wp-json\/wp\/v2\/comments?post=4821"}],"version-history":[{"count":2,"href":"https:\/\/www.kreainvent.com\/de\/wp-json\/wp\/v2\/product\/4821\/revisions"}],"predecessor-version":[{"id":4822,"href":"https:\/\/www.kreainvent.com\/de\/wp-json\/wp\/v2\/product\/4821\/revisions\/4822"}],"wp:featuredmedia":[{"embeddable":true,"href":"https:\/\/www.kreainvent.com\/de\/wp-json\/wp\/v2\/media\/4596"}],"wp:attachment":[{"href":"https:\/\/www.kreainvent.com\/de\/wp-json\/wp\/v2\/media?parent=4821"}],"wp:term":[{"taxonomy":"product_brand","embeddable":true,"href":"https:\/\/www.kreainvent.com\/de\/wp-json\/wp\/v2\/product_brand?post=4821"},{"taxonomy":"product_cat","embeddable":true,"href":"https:\/\/www.kreainvent.com\/de\/wp-json\/wp\/v2\/product_cat?post=4821"},{"taxonomy":"product_tag","embeddable":true,"href":"https:\/\/www.kreainvent.com\/de\/wp-json\/wp\/v2\/product_tag?post=4821"}],"curies":[{"name":"wp","href":"https:\/\/api.w.org\/{rel}","templated":true}]}}