{"id":4765,"date":"2024-05-10T09:02:04","date_gmt":"2024-05-10T08:02:04","guid":{"rendered":"https:\/\/kreainvent.com\/izdelek\/univerzalno-kakovostno-izdelano-aluminijasto-stojalo-ki-nudi-popolno-zascito-za-polnilno-postajo-wallbox\/"},"modified":"2024-07-31T15:52:48","modified_gmt":"2024-07-31T14:52:48","slug":"kreainvent-universeller-hochwertiger-wallbox-staender-aus-aluminium-fuer-den-perfekten-wetterschutz-der-wallbox-ladestation","status":"publish","type":"product","link":"https:\/\/www.kreainvent.com\/de\/produkt\/kreainvent-universeller-hochwertiger-wallbox-staender-aus-aluminium-fuer-den-perfekten-wetterschutz-der-wallbox-ladestation\/","title":{"rendered":"Kreainvent Universeller hochwertiger Wallbox-St\u00e4nder aus Aluminium f\u00fcr den perfekten Wetterschutz der Wallbox Ladestation"},"content":{"rendered":"<h3><b>Kreainvent Universeller hochwertiger Wallbox-St\u00e4nder aus Aluminium f\u00fcr\u00a0<\/b><b><span lang=\"DE\">den perfekten\u00a0<\/span>Wetterschutz<\/b><b><span lang=\"DE\">\u00a0der Wallbox Ladestation<\/span><\/b><\/h3>\n<ul>\n<li>\n<p style=\"font-weight: 400;\"><strong>Universals\u00e4ule<\/strong>: geeignet f\u00fcr die meisten Ladestationen. Max. Gr\u00f6\u00dfe: 45 x 35 cm. Die Montage auf die S\u00e4ule erfolgt gleich wir die Montage an die Wand.<\/p>\n<\/li>\n<li>\n<p style=\"font-weight: 400;\"><strong>Perfekter Schutz f\u00fcr die Ladestation:<\/strong>\u00a0Ladestation inkl. Kabel wird vor Wettereinfl\u00fcssen perfekt gesch\u00fctzt, wodurch die Lebensdauer verl\u00e4ngert wird und das Laden sicherer erfolgen kann.<\/p>\n<\/li>\n<li>\n<p style=\"font-weight: 400;\"><strong>Hochwertig gefertigt:<\/strong>\u00a0der St\u00e4nder f\u00fcr die Ladestation ist aus hochwertigem Aluminium gefertigt und pulverbeschichtet (RAL7016), wodurch die Festigkeit und lagen Lebensdauer ohne Rosten sichergehstellt wird. Die Konstruktion ist gem\u00e4\u00df internationalen ISO- und europ\u00e4ischen EN-Standards gefertigt.<\/p>\n<\/li>\n<li>\n<p style=\"font-weight: 400;\"><strong>Stabilit\u00e4t:<\/strong>\u00a0Stabilit\u00e4t der S\u00e4ule ist durch richtige Konstruktion sowie Befestigung in den Boden mit vier Schrauben M10x40 sichergestellt. Das Design erm\u00f6glich schnelle und einfache Montage, die beigelegten Schrauben sind aus Rostfreistahl gefertigt. In EU hergestellt.<\/p>\n<\/li>\n<li>\n<p style=\"font-weight: 400;\"><strong>Montage:<\/strong>\u00a0der St\u00e4nder stellt dort, wo die Ladestation nicht an die Wand angebracht werden kann, eine ausgezeichnete L\u00f6sung dar. Sie ist f\u00fcr \u00f6ffentliche und Privatparkpl\u00e4tze geeignet. Der Kabel zur Ladestation kann von unten durch die S\u00e4ule oder durch Gummieinf\u00fchrung an der Seite verlegt werden.<\/p>\n<\/li>\n<\/ul>\n","protected":false},"excerpt":{"rendered":"<p>Universals\u00e4ule geeignet f\u00fcr die meisten Ladestationen.<\/p>\n<p>Max. Gr\u00f6\u00dfe: 45 x 35 cm. Die Montage auf die S\u00e4ule erfolgt gleich wir die Montage an die Wand.<\/p>\n<p>Ladestation inkl. Kabel wird vor Wettereinfl\u00fcssen perfekt gesch\u00fctzt, wodurch die Lebensdauer verl\u00e4ngert wird und das Laden sicherer erfolgen kann.<\/p>\n","protected":false},"featured_media":4655,"comment_status":"open","ping_status":"closed","template":"","meta":{"_acf_changed":false,"iawp_total_views":1468},"product_brand":[],"product_cat":[229],"product_tag":[],"class_list":{"0":"post-4765","1":"product","2":"type-product","3":"status-publish","4":"has-post-thumbnail","6":"product_cat-ausenstander-fur-ladestationen","7":"pa_znamka-kreainvent-de","9":"first","10":"instock","11":"featured","12":"taxable","13":"shipping-taxable","14":"purchasable","15":"product-type-simple"},"acf":[],"yoast_head":"<!-- This site is optimized with the Yoast SEO plugin v26.9 - https:\/\/yoast.com\/product\/yoast-seo-wordpress\/ -->\n<title>Kreainvent Universeller hochwertiger Wallbox-St\u00e4nder aus Aluminium f\u00fcr den perfekten Wetterschutz der Wallbox Ladestation - KREAINVENT - najve\u010dji ponudnik dodatne opreme za EV<\/title>\n<meta name=\"robots\" content=\"index, follow, max-snippet:-1, max-image-preview:large, max-video-preview:-1\" \/>\n<link rel=\"canonical\" href=\"https:\/\/www.kreainvent.com\/de\/produkt\/kreainvent-universeller-hochwertiger-wallbox-staender-aus-aluminium-fuer-den-perfekten-wetterschutz-der-wallbox-ladestation\/\" \/>\n<meta property=\"og:locale\" content=\"de_DE\" \/>\n<meta property=\"og:type\" content=\"article\" \/>\n<meta property=\"og:title\" content=\"Kreainvent Universeller hochwertiger Wallbox-St\u00e4nder aus Aluminium f\u00fcr den perfekten Wetterschutz der Wallbox Ladestation - KREAINVENT - najve\u010dji ponudnik dodatne opreme za EV\" \/>\n<meta property=\"og:description\" content=\"Universals\u00e4ule geeignet f\u00fcr die meisten Ladestationen.  Max. Gr\u00f6\u00dfe: 45 x 35 cm. Die Montage auf die S\u00e4ule erfolgt gleich wir die Montage an die Wand.  Ladestation inkl. Kabel wird vor Wettereinfl\u00fcssen perfekt gesch\u00fctzt, wodurch die Lebensdauer verl\u00e4ngert wird und das Laden sicherer erfolgen kann.\" \/>\n<meta property=\"og:url\" content=\"https:\/\/www.kreainvent.com\/de\/produkt\/kreainvent-universeller-hochwertiger-wallbox-staender-aus-aluminium-fuer-den-perfekten-wetterschutz-der-wallbox-ladestation\/\" \/>\n<meta property=\"og:site_name\" content=\"KREAINVENT - najve\u010dji ponudnik dodatne opreme za EV\" \/>\n<meta property=\"article:modified_time\" content=\"2024-07-31T14:52:48+00:00\" \/>\n<meta property=\"og:image\" content=\"https:\/\/www.kreainvent.com\/wp-content\/uploads\/2024\/05\/Uni-ev-station-wallbox-kreainvent-04.jpg\" \/>\n\t<meta property=\"og:image:width\" content=\"1200\" \/>\n\t<meta property=\"og:image:height\" content=\"1200\" \/>\n\t<meta property=\"og:image:type\" content=\"image\/jpeg\" \/>\n<meta name=\"twitter:card\" content=\"summary_large_image\" \/>\n<meta name=\"twitter:label1\" content=\"Gesch\u00e4tzte Lesezeit\" \/>\n\t<meta name=\"twitter:data1\" content=\"2\u00a0Minuten\" \/>\n<script type=\"application\/ld+json\" class=\"yoast-schema-graph\">{\"@context\":\"https:\/\/schema.org\",\"@graph\":[{\"@type\":\"WebPage\",\"@id\":\"https:\/\/www.kreainvent.com\/de\/produkt\/kreainvent-universeller-hochwertiger-wallbox-staender-aus-aluminium-fuer-den-perfekten-wetterschutz-der-wallbox-ladestation\/\",\"url\":\"https:\/\/www.kreainvent.com\/de\/produkt\/kreainvent-universeller-hochwertiger-wallbox-staender-aus-aluminium-fuer-den-perfekten-wetterschutz-der-wallbox-ladestation\/\",\"name\":\"Kreainvent Universeller hochwertiger Wallbox-St\u00e4nder aus Aluminium f\u00fcr den perfekten Wetterschutz der Wallbox Ladestation - KREAINVENT - najve\u010dji ponudnik dodatne opreme za EV\",\"isPartOf\":{\"@id\":\"https:\/\/www.kreainvent.com\/de\/#website\"},\"primaryImageOfPage\":{\"@id\":\"https:\/\/www.kreainvent.com\/de\/produkt\/kreainvent-universeller-hochwertiger-wallbox-staender-aus-aluminium-fuer-den-perfekten-wetterschutz-der-wallbox-ladestation\/#primaryimage\"},\"image\":{\"@id\":\"https:\/\/www.kreainvent.com\/de\/produkt\/kreainvent-universeller-hochwertiger-wallbox-staender-aus-aluminium-fuer-den-perfekten-wetterschutz-der-wallbox-ladestation\/#primaryimage\"},\"thumbnailUrl\":\"https:\/\/www.kreainvent.com\/wp-content\/uploads\/2024\/05\/Uni-ev-station-wallbox-kreainvent-04.jpg\",\"datePublished\":\"2024-05-10T08:02:04+00:00\",\"dateModified\":\"2024-07-31T14:52:48+00:00\",\"breadcrumb\":{\"@id\":\"https:\/\/www.kreainvent.com\/de\/produkt\/kreainvent-universeller-hochwertiger-wallbox-staender-aus-aluminium-fuer-den-perfekten-wetterschutz-der-wallbox-ladestation\/#breadcrumb\"},\"inLanguage\":\"de\",\"potentialAction\":[{\"@type\":\"ReadAction\",\"target\":[\"https:\/\/www.kreainvent.com\/de\/produkt\/kreainvent-universeller-hochwertiger-wallbox-staender-aus-aluminium-fuer-den-perfekten-wetterschutz-der-wallbox-ladestation\/\"]}]},{\"@type\":\"ImageObject\",\"inLanguage\":\"de\",\"@id\":\"https:\/\/www.kreainvent.com\/de\/produkt\/kreainvent-universeller-hochwertiger-wallbox-staender-aus-aluminium-fuer-den-perfekten-wetterschutz-der-wallbox-ladestation\/#primaryimage\",\"url\":\"https:\/\/www.kreainvent.com\/wp-content\/uploads\/2024\/05\/Uni-ev-station-wallbox-kreainvent-04.jpg\",\"contentUrl\":\"https:\/\/www.kreainvent.com\/wp-content\/uploads\/2024\/05\/Uni-ev-station-wallbox-kreainvent-04.jpg\",\"width\":1200,\"height\":1200},{\"@type\":\"BreadcrumbList\",\"@id\":\"https:\/\/www.kreainvent.com\/de\/produkt\/kreainvent-universeller-hochwertiger-wallbox-staender-aus-aluminium-fuer-den-perfekten-wetterschutz-der-wallbox-ladestation\/#breadcrumb\",\"itemListElement\":[{\"@type\":\"ListItem\",\"position\":1,\"name\":\"Home\",\"item\":\"https:\/\/www.kreainvent.com\/de\/kreainvent-ihr-zuverlaessiger-partner-fuer-organisierte-e-mobilitaet\/\"},{\"@type\":\"ListItem\",\"position\":2,\"name\":\"Shop\",\"item\":\"https:\/\/www.kreainvent.com\/de\/shop\/\"},{\"@type\":\"ListItem\",\"position\":3,\"name\":\"Kreainvent Universeller hochwertiger Wallbox-St\u00e4nder aus Aluminium f\u00fcr den perfekten Wetterschutz der Wallbox Ladestation\"}]},{\"@type\":\"WebSite\",\"@id\":\"https:\/\/www.kreainvent.com\/de\/#website\",\"url\":\"https:\/\/www.kreainvent.com\/de\/\",\"name\":\"KREAINVENT - najve\u010dji ponudnik dodatne opreme za EV\",\"description\":\"Pomagamo vam do urejenega in organiziranega polnilnega mesta\",\"publisher\":{\"@id\":\"https:\/\/www.kreainvent.com\/de\/#organization\"},\"potentialAction\":[{\"@type\":\"SearchAction\",\"target\":{\"@type\":\"EntryPoint\",\"urlTemplate\":\"https:\/\/www.kreainvent.com\/de\/?s={search_term_string}\"},\"query-input\":{\"@type\":\"PropertyValueSpecification\",\"valueRequired\":true,\"valueName\":\"search_term_string\"}}],\"inLanguage\":\"de\"},{\"@type\":\"Organization\",\"@id\":\"https:\/\/www.kreainvent.com\/de\/#organization\",\"name\":\"KREAINVENT, razvoj e-mobilnosti, svetovanje in trgovina\",\"url\":\"https:\/\/www.kreainvent.com\/de\/\",\"logo\":{\"@type\":\"ImageObject\",\"inLanguage\":\"de\",\"@id\":\"https:\/\/www.kreainvent.com\/de\/#\/schema\/logo\/image\/\",\"url\":\"https:\/\/www.kreainvent.com\/wp-content\/uploads\/2024\/04\/kreainvent-ver-w900.png\",\"contentUrl\":\"https:\/\/www.kreainvent.com\/wp-content\/uploads\/2024\/04\/kreainvent-ver-w900.png\",\"width\":900,\"height\":791,\"caption\":\"KREAINVENT, razvoj e-mobilnosti, svetovanje in trgovina\"},\"image\":{\"@id\":\"https:\/\/www.kreainvent.com\/de\/#\/schema\/logo\/image\/\"}}]}<\/script>\n<!-- \/ Yoast SEO plugin. -->","yoast_head_json":{"title":"Kreainvent Universeller hochwertiger Wallbox-St\u00e4nder aus Aluminium f\u00fcr den perfekten Wetterschutz der Wallbox Ladestation - KREAINVENT - najve\u010dji ponudnik dodatne opreme za EV","robots":{"index":"index","follow":"follow","max-snippet":"max-snippet:-1","max-image-preview":"max-image-preview:large","max-video-preview":"max-video-preview:-1"},"canonical":"https:\/\/www.kreainvent.com\/de\/produkt\/kreainvent-universeller-hochwertiger-wallbox-staender-aus-aluminium-fuer-den-perfekten-wetterschutz-der-wallbox-ladestation\/","og_locale":"de_DE","og_type":"article","og_title":"Kreainvent Universeller hochwertiger Wallbox-St\u00e4nder aus Aluminium f\u00fcr den perfekten Wetterschutz der Wallbox Ladestation - KREAINVENT - najve\u010dji ponudnik dodatne opreme za EV","og_description":"Universals\u00e4ule geeignet f\u00fcr die meisten Ladestationen.  Max. Gr\u00f6\u00dfe: 45 x 35 cm. Die Montage auf die S\u00e4ule erfolgt gleich wir die Montage an die Wand.  Ladestation inkl. Kabel wird vor Wettereinfl\u00fcssen perfekt gesch\u00fctzt, wodurch die Lebensdauer verl\u00e4ngert wird und das Laden sicherer erfolgen kann.","og_url":"https:\/\/www.kreainvent.com\/de\/produkt\/kreainvent-universeller-hochwertiger-wallbox-staender-aus-aluminium-fuer-den-perfekten-wetterschutz-der-wallbox-ladestation\/","og_site_name":"KREAINVENT - najve\u010dji ponudnik dodatne opreme za EV","article_modified_time":"2024-07-31T14:52:48+00:00","og_image":[{"width":1200,"height":1200,"url":"https:\/\/www.kreainvent.com\/wp-content\/uploads\/2024\/05\/Uni-ev-station-wallbox-kreainvent-04.jpg","type":"image\/jpeg"}],"twitter_card":"summary_large_image","twitter_misc":{"Gesch\u00e4tzte Lesezeit":"2\u00a0Minuten"},"schema":{"@context":"https:\/\/schema.org","@graph":[{"@type":"WebPage","@id":"https:\/\/www.kreainvent.com\/de\/produkt\/kreainvent-universeller-hochwertiger-wallbox-staender-aus-aluminium-fuer-den-perfekten-wetterschutz-der-wallbox-ladestation\/","url":"https:\/\/www.kreainvent.com\/de\/produkt\/kreainvent-universeller-hochwertiger-wallbox-staender-aus-aluminium-fuer-den-perfekten-wetterschutz-der-wallbox-ladestation\/","name":"Kreainvent Universeller hochwertiger Wallbox-St\u00e4nder aus Aluminium f\u00fcr den perfekten Wetterschutz der Wallbox Ladestation - KREAINVENT - najve\u010dji ponudnik dodatne opreme za EV","isPartOf":{"@id":"https:\/\/www.kreainvent.com\/de\/#website"},"primaryImageOfPage":{"@id":"https:\/\/www.kreainvent.com\/de\/produkt\/kreainvent-universeller-hochwertiger-wallbox-staender-aus-aluminium-fuer-den-perfekten-wetterschutz-der-wallbox-ladestation\/#primaryimage"},"image":{"@id":"https:\/\/www.kreainvent.com\/de\/produkt\/kreainvent-universeller-hochwertiger-wallbox-staender-aus-aluminium-fuer-den-perfekten-wetterschutz-der-wallbox-ladestation\/#primaryimage"},"thumbnailUrl":"https:\/\/www.kreainvent.com\/wp-content\/uploads\/2024\/05\/Uni-ev-station-wallbox-kreainvent-04.jpg","datePublished":"2024-05-10T08:02:04+00:00","dateModified":"2024-07-31T14:52:48+00:00","breadcrumb":{"@id":"https:\/\/www.kreainvent.com\/de\/produkt\/kreainvent-universeller-hochwertiger-wallbox-staender-aus-aluminium-fuer-den-perfekten-wetterschutz-der-wallbox-ladestation\/#breadcrumb"},"inLanguage":"de","potentialAction":[{"@type":"ReadAction","target":["https:\/\/www.kreainvent.com\/de\/produkt\/kreainvent-universeller-hochwertiger-wallbox-staender-aus-aluminium-fuer-den-perfekten-wetterschutz-der-wallbox-ladestation\/"]}]},{"@type":"ImageObject","inLanguage":"de","@id":"https:\/\/www.kreainvent.com\/de\/produkt\/kreainvent-universeller-hochwertiger-wallbox-staender-aus-aluminium-fuer-den-perfekten-wetterschutz-der-wallbox-ladestation\/#primaryimage","url":"https:\/\/www.kreainvent.com\/wp-content\/uploads\/2024\/05\/Uni-ev-station-wallbox-kreainvent-04.jpg","contentUrl":"https:\/\/www.kreainvent.com\/wp-content\/uploads\/2024\/05\/Uni-ev-station-wallbox-kreainvent-04.jpg","width":1200,"height":1200},{"@type":"BreadcrumbList","@id":"https:\/\/www.kreainvent.com\/de\/produkt\/kreainvent-universeller-hochwertiger-wallbox-staender-aus-aluminium-fuer-den-perfekten-wetterschutz-der-wallbox-ladestation\/#breadcrumb","itemListElement":[{"@type":"ListItem","position":1,"name":"Home","item":"https:\/\/www.kreainvent.com\/de\/kreainvent-ihr-zuverlaessiger-partner-fuer-organisierte-e-mobilitaet\/"},{"@type":"ListItem","position":2,"name":"Shop","item":"https:\/\/www.kreainvent.com\/de\/shop\/"},{"@type":"ListItem","position":3,"name":"Kreainvent Universeller hochwertiger Wallbox-St\u00e4nder aus Aluminium f\u00fcr den perfekten Wetterschutz der Wallbox Ladestation"}]},{"@type":"WebSite","@id":"https:\/\/www.kreainvent.com\/de\/#website","url":"https:\/\/www.kreainvent.com\/de\/","name":"KREAINVENT - najve\u010dji ponudnik dodatne opreme za EV","description":"Pomagamo vam do urejenega in organiziranega polnilnega mesta","publisher":{"@id":"https:\/\/www.kreainvent.com\/de\/#organization"},"potentialAction":[{"@type":"SearchAction","target":{"@type":"EntryPoint","urlTemplate":"https:\/\/www.kreainvent.com\/de\/?s={search_term_string}"},"query-input":{"@type":"PropertyValueSpecification","valueRequired":true,"valueName":"search_term_string"}}],"inLanguage":"de"},{"@type":"Organization","@id":"https:\/\/www.kreainvent.com\/de\/#organization","name":"KREAINVENT, razvoj e-mobilnosti, svetovanje in trgovina","url":"https:\/\/www.kreainvent.com\/de\/","logo":{"@type":"ImageObject","inLanguage":"de","@id":"https:\/\/www.kreainvent.com\/de\/#\/schema\/logo\/image\/","url":"https:\/\/www.kreainvent.com\/wp-content\/uploads\/2024\/04\/kreainvent-ver-w900.png","contentUrl":"https:\/\/www.kreainvent.com\/wp-content\/uploads\/2024\/04\/kreainvent-ver-w900.png","width":900,"height":791,"caption":"KREAINVENT, razvoj e-mobilnosti, svetovanje in trgovina"},"image":{"@id":"https:\/\/www.kreainvent.com\/de\/#\/schema\/logo\/image\/"}}]}},"_links":{"self":[{"href":"https:\/\/www.kreainvent.com\/de\/wp-json\/wp\/v2\/product\/4765","targetHints":{"allow":["GET"]}}],"collection":[{"href":"https:\/\/www.kreainvent.com\/de\/wp-json\/wp\/v2\/product"}],"about":[{"href":"https:\/\/www.kreainvent.com\/de\/wp-json\/wp\/v2\/types\/product"}],"replies":[{"embeddable":true,"href":"https:\/\/www.kreainvent.com\/de\/wp-json\/wp\/v2\/comments?post=4765"}],"version-history":[{"count":2,"href":"https:\/\/www.kreainvent.com\/de\/wp-json\/wp\/v2\/product\/4765\/revisions"}],"predecessor-version":[{"id":4769,"href":"https:\/\/www.kreainvent.com\/de\/wp-json\/wp\/v2\/product\/4765\/revisions\/4769"}],"wp:featuredmedia":[{"embeddable":true,"href":"https:\/\/www.kreainvent.com\/de\/wp-json\/wp\/v2\/media\/4655"}],"wp:attachment":[{"href":"https:\/\/www.kreainvent.com\/de\/wp-json\/wp\/v2\/media?parent=4765"}],"wp:term":[{"taxonomy":"product_brand","embeddable":true,"href":"https:\/\/www.kreainvent.com\/de\/wp-json\/wp\/v2\/product_brand?post=4765"},{"taxonomy":"product_cat","embeddable":true,"href":"https:\/\/www.kreainvent.com\/de\/wp-json\/wp\/v2\/product_cat?post=4765"},{"taxonomy":"product_tag","embeddable":true,"href":"https:\/\/www.kreainvent.com\/de\/wp-json\/wp\/v2\/product_tag?post=4765"}],"curies":[{"name":"wp","href":"https:\/\/api.w.org\/{rel}","templated":true}]}}