{"id":4693,"date":"2024-05-08T15:21:48","date_gmt":"2024-05-08T14:21:48","guid":{"rendered":"https:\/\/kreainvent.com\/moznosti-za-sodelovanje\/"},"modified":"2024-05-26T09:43:45","modified_gmt":"2024-05-26T08:43:45","slug":"moeglichkeit-der-kooperation","status":"publish","type":"page","link":"https:\/\/www.kreainvent.com\/de\/moeglichkeit-der-kooperation\/","title":{"rendered":"M\u00f6glichkeit der Kooperation"},"content":{"rendered":"\t\t<div data-elementor-type=\"wp-page\" data-elementor-id=\"4693\" class=\"elementor elementor-4693 elementor-4016\" data-elementor-settings=\"{&quot;element_pack_global_tooltip_width&quot;:{&quot;unit&quot;:&quot;px&quot;,&quot;size&quot;:&quot;&quot;,&quot;sizes&quot;:[]},&quot;element_pack_global_tooltip_width_tablet&quot;:{&quot;unit&quot;:&quot;px&quot;,&quot;size&quot;:&quot;&quot;,&quot;sizes&quot;:[]},&quot;element_pack_global_tooltip_width_mobile&quot;:{&quot;unit&quot;:&quot;px&quot;,&quot;size&quot;:&quot;&quot;,&quot;sizes&quot;:[]},&quot;element_pack_global_tooltip_padding&quot;:{&quot;unit&quot;:&quot;px&quot;,&quot;top&quot;:&quot;&quot;,&quot;right&quot;:&quot;&quot;,&quot;bottom&quot;:&quot;&quot;,&quot;left&quot;:&quot;&quot;,&quot;isLinked&quot;:true},&quot;element_pack_global_tooltip_padding_tablet&quot;:{&quot;unit&quot;:&quot;px&quot;,&quot;top&quot;:&quot;&quot;,&quot;right&quot;:&quot;&quot;,&quot;bottom&quot;:&quot;&quot;,&quot;left&quot;:&quot;&quot;,&quot;isLinked&quot;:true},&quot;element_pack_global_tooltip_padding_mobile&quot;:{&quot;unit&quot;:&quot;px&quot;,&quot;top&quot;:&quot;&quot;,&quot;right&quot;:&quot;&quot;,&quot;bottom&quot;:&quot;&quot;,&quot;left&quot;:&quot;&quot;,&quot;isLinked&quot;:true},&quot;element_pack_global_tooltip_border_radius&quot;:{&quot;unit&quot;:&quot;px&quot;,&quot;top&quot;:&quot;&quot;,&quot;right&quot;:&quot;&quot;,&quot;bottom&quot;:&quot;&quot;,&quot;left&quot;:&quot;&quot;,&quot;isLinked&quot;:true},&quot;element_pack_global_tooltip_border_radius_tablet&quot;:{&quot;unit&quot;:&quot;px&quot;,&quot;top&quot;:&quot;&quot;,&quot;right&quot;:&quot;&quot;,&quot;bottom&quot;:&quot;&quot;,&quot;left&quot;:&quot;&quot;,&quot;isLinked&quot;:true},&quot;element_pack_global_tooltip_border_radius_mobile&quot;:{&quot;unit&quot;:&quot;px&quot;,&quot;top&quot;:&quot;&quot;,&quot;right&quot;:&quot;&quot;,&quot;bottom&quot;:&quot;&quot;,&quot;left&quot;:&quot;&quot;,&quot;isLinked&quot;:true}}\">\n\t\t\t\t<div class=\"xts-negative-gap elementor-element elementor-element-2b39e7f e-flex e-con-boxed xts-section-disabled e-con e-parent\" data-id=\"2b39e7f\" data-element_type=\"container\" data-e-type=\"container\">\n\t\t\t\t\t<div class=\"e-con-inner\">\n\t\t\t\t<div class=\"elementor-element elementor-element-72364d7 xts-width-100 elementor-widget elementor-widget-xts_title\" data-id=\"72364d7\" data-element_type=\"widget\" data-e-type=\"widget\" data-widget_type=\"xts_title.default\">\n\t\t\t\t<div class=\"elementor-widget-container\">\n\t\t\t\t\t\t\t\t<div class=\"xts-section-heading xts-reset-mb-10 xts-reset-last xts-textalign-left\" data-animation-delay=\"\">\n\t\t\t\t\n\t\t\t\t\t\t\t\t\t<h1 class=\"xts-section-title title xts-design-default xts-fontsize-xl\">\n\t\t\t\t\t\t<span class=\"xts-section-title-text\" data-elementor-setting-key=\"title\">\n\t\t\t\t\t\t\tM\u00f6glichkeit der Kooperation\t\t\t\t\t\t<\/span>\n\n\t\t\t\t\t\t\t\t\t\t\t<\/h1>\n\t\t\t\t\n\t\t\t\t\n\t\t\t\t\t\t\t<\/div>\n\t\t\t\t\t\t<\/div>\n\t\t\t\t<\/div>\n\t\t\t\t\t<\/div>\n\t\t\t\t<\/div>\n\t\t<div class=\"xts-negative-gap elementor-element elementor-element-0401fb8 e-flex e-con-boxed xts-section-disabled e-con e-parent\" data-id=\"0401fb8\" data-element_type=\"container\" data-e-type=\"container\">\n\t\t\t\t\t<div class=\"e-con-inner\">\n\t\t\t\t<div class=\"elementor-element elementor-element-6b97b00 xts-scheme-inherit xts-textalign-inherit elementor-widget elementor-widget-text-editor\" data-id=\"6b97b00\" data-element_type=\"widget\" data-e-type=\"widget\" data-widget_type=\"text-editor.default\">\n\t\t\t\t<div class=\"elementor-widget-container\">\n\t\t\t\t\t\t\t\t\t<div class=\"QcsUad BDJ8fb BLojaf sMVRZe hCXDsb wneUed\"><p>Sehr geehrte Damen und Herren,<\/p><p>Wenn Sie Interesse an der zus\u00e4tzlichen Ausr\u00fcstung zum Laden von elektrischen Fahrzeugen haben und ein Mitglied unseres Vertriebspartnernetzes werden m\u00f6chten, dann kontaktieren Sie uns. Wir sind offen f\u00fcr verschiedene Formen einer Kooperation, unter anderem f\u00fcr:<\/p><ul><li><strong>Affiliate-Marketing:<\/strong>Helfen Sie uns bei der Promotion unserer Arbeit auf der Amazon Plattform und erhalten Sie eine Provision f\u00fcr jedes erfolgreich verkaufte Produkt.<\/li><li><strong>Werbung und Vertrieb:<\/strong>Werden Sie unser Vertriebspartner und vermarkten und verkaufen Sie unsere Produkte gegen eine gemeinsam festgelegte Provision.<\/li><li><strong>Vertretung auf den ausl\u00e4ndischen M\u00e4rkten:<\/strong>Sind Sie in der Lage, unser Gesch\u00e4ft auch auf ausl\u00e4ndische M\u00e4rkte zu bringen? Repr\u00e4sentieren Sie gemeinsam mit uns unsere Produkte und schaffen Sie zus\u00e4tzliche Chancen f\u00fcr Wachstum.<\/li><li><strong>Haben Sie eine eigene Idee oder einen Vorschlag f\u00fcr die Kooperation, den Sie mit uns teilen m\u00f6chten?<\/strong> Wir freuen uns auf innovative Methoden und sind bereit Ihren Vorschl\u00e4gen zu zuh\u00f6ren. In der Kooperation mit uns zum zus\u00e4tzlichen Vertrauen bei potenziellen Kunden. Als Hersteller der hochwertigen zus\u00e4tzlichen Ausr\u00fcstung bitten wir Ihnen st\u00e4ndige Unterst\u00fctzung und die M\u00f6glichkeit Ihr Gesch\u00e4ft zu st\u00e4rken.<\/li><\/ul><\/div>\t\t\t\t\t\t\t\t<\/div>\n\t\t\t\t<\/div>\n\t\t\t\t<div class=\"elementor-element elementor-element-4be189b xts-scheme-inherit xts-textalign-inherit elementor-widget elementor-widget-text-editor\" data-id=\"4be189b\" data-element_type=\"widget\" data-e-type=\"widget\" data-widget_type=\"text-editor.default\">\n\t\t\t\t<div class=\"elementor-widget-container\">\n\t\t\t\t\t\t\t\t\t<p>F\u00fcr weitere Informationen und zum Aufbau einer Zusammenarbeit kontaktieren Sie und per E-Mail:\u00a0<a href=\"mailto:info@kreainvent.si\"><strong>info@kreainvent.si<\/strong><\/a>.<\/p><p>Mit freundlichen Gr\u00fc\u00dfen!<br \/>Das Team von Kreainvent<\/p>\t\t\t\t\t\t\t\t<\/div>\n\t\t\t\t<\/div>\n\t\t\t\t\t<\/div>\n\t\t\t\t<\/div>\n\t\t<div class=\"xts-negative-gap elementor-element elementor-element-5bc1d2b e-flex e-con-boxed xts-section-disabled e-con e-parent\" data-id=\"5bc1d2b\" data-element_type=\"container\" data-e-type=\"container\">\n\t\t\t\t\t<div class=\"e-con-inner\">\n\t\t<div class=\"xts-negative-gap elementor-element elementor-element-b8d3869 e-flex e-con-boxed xts-section-disabled e-con e-child\" data-id=\"b8d3869\" data-element_type=\"container\" data-e-type=\"container\">\n\t\t\t\t\t<div class=\"e-con-inner\">\n\t\t<div class=\"xts-negative-gap elementor-element elementor-element-c94454d e-flex e-con-boxed xts-section-disabled e-con e-child\" data-id=\"c94454d\" data-element_type=\"container\" data-e-type=\"container\">\n\t\t\t\t\t<div class=\"e-con-inner\">\n\t\t\t\t<div class=\"elementor-element elementor-element-020a487 xts-width-100 elementor-widget elementor-widget-xts_image_gallery\" data-id=\"020a487\" data-element_type=\"widget\" data-e-type=\"widget\" data-widget_type=\"xts_image_gallery.default\">\n\t\t\t\t<div class=\"elementor-widget-container\">\n\t\t\t\t\t\t\t\t<div class=\"xts-image-gallery xts-row xts-row-lg-3 xts-row-md-2 xts-row-1 xts-row-spacing-20 xts-textalign-center xts-items-start xts-photoswipe-images xts-autoplay-animations-off\"  data-animation-delay=\"\">\n\t\t\t\t\t\t\t\t\t\t\t\t\t\t<div class=\"xts-col\">\n\t\t\t\t\t\t\t\t\t\t\t\t\t<figure class=\"xts-image\">\n\t\t\t\t\t\t\t\t\t\t\t\t\t\t\t\t\t<a  href=\"https:\/\/www.kreainvent.com\/wp-content\/uploads\/2024\/05\/kreainvent-ev-charging-1.jpg\" class=\"xts-image-inner\"data-width=\"1400\" data-height=\"934\" data-index=\"0\" data-elementor-open-lightbox=\"no\">\n\t\t\t\t\t\t\t\t\n\t\t\t\t\t\t\t\t\t<img decoding=\"async\" class=\"xts-lazy-load xts-lazy-fade\" src=\"https:\/\/www.kreainvent.com\/wp-content\/themes\/xts-vega\/images\/lazy.png\" data-xts-src=\"https:\/\/www.kreainvent.com\/wp-content\/uploads\/elementor\/thumbs\/kreainvent-ev-charging-1-qol1sqy55qulzlx66wrnv5b7nr9qnytm9j6685a4co.jpg\"  alt=\"Zanesljiva dodatna oprema za polnjnje va\u0161ega elektri\u010dnega vozila\">\n\t\t\t\t\t\t\t\t\t\t\t\t\t\t\t\t\t<\/a>\n\t\t\t\t\t\t\t\t\n\t\t\t\t\t\t\t\t\t\t\t\t\t\t\t<\/figure>\n\n\t\t\t\t\t\t\t\t\t\t\t\t\t\t\t\t\t\t<\/div>\n\n\t\t\t\t\t\n\t\t\t\t\t\t\t\t\t\t\t\t\t\t<div class=\"xts-col\">\n\t\t\t\t\t\t\t\t\t\t\t\t\t<figure class=\"xts-image\">\n\t\t\t\t\t\t\t\t\t\t\t\t\t\t\t\t\t<a  href=\"https:\/\/www.kreainvent.com\/wp-content\/uploads\/2024\/03\/kreainvent-maintainance-set-06.jpg\" class=\"xts-image-inner\"data-width=\"1200\" data-height=\"1200\" data-index=\"1\" data-elementor-open-lightbox=\"no\">\n\t\t\t\t\t\t\t\t\n\t\t\t\t\t\t\t\t\t<img decoding=\"async\" class=\"xts-lazy-load xts-lazy-fade\" src=\"https:\/\/www.kreainvent.com\/wp-content\/themes\/xts-vega\/images\/lazy.png\" data-xts-src=\"https:\/\/www.kreainvent.com\/wp-content\/uploads\/elementor\/thumbs\/kreainvent-maintainance-set-06-qoqls847jie3aga2ax95qdugwpyr188w3mum8yjma0.jpg\"  alt=\"kreainvent-maintainance-set-06\">\n\t\t\t\t\t\t\t\t\t\t\t\t\t\t\t\t\t<\/a>\n\t\t\t\t\t\t\t\t\n\t\t\t\t\t\t\t\t\t\t\t\t\t\t\t<\/figure>\n\n\t\t\t\t\t\t\t\t\t\t\t\t\t\t\t\t\t\t<\/div>\n\n\t\t\t\t\t\n\t\t\t\t\t\t\t\t\t\t\t\t\t\t<div class=\"xts-col\">\n\t\t\t\t\t\t\t\t\t\t\t\t\t<figure class=\"xts-image\">\n\t\t\t\t\t\t\t\t\t\t\t\t\t\t\t\t\t<a  href=\"https:\/\/www.kreainvent.com\/wp-content\/uploads\/2024\/05\/kreainvent-ev-charging-3.jpg\" class=\"xts-image-inner\"data-width=\"1600\" data-height=\"1065\" data-index=\"2\" data-elementor-open-lightbox=\"no\">\n\t\t\t\t\t\t\t\t\n\t\t\t\t\t\t\t\t\t<img decoding=\"async\" class=\"xts-lazy-load xts-lazy-fade\" src=\"https:\/\/www.kreainvent.com\/wp-content\/themes\/xts-vega\/images\/lazy.png\" data-xts-src=\"https:\/\/www.kreainvent.com\/wp-content\/uploads\/elementor\/thumbs\/kreainvent-ev-charging-3-qol1sqy55qulzlx66wrnv5b7nr9qnytm9j6685a4co.jpg\"  alt=\"Zanesljiva dodatna oprema za polnjnje va\u0161ega elektri\u010dnega vozila\">\n\t\t\t\t\t\t\t\t\t\t\t\t\t\t\t\t\t<\/a>\n\t\t\t\t\t\t\t\t\n\t\t\t\t\t\t\t\t\t\t\t\t\t\t\t<\/figure>\n\n\t\t\t\t\t\t\t\t\t\t\t\t\t\t\t\t\t\t<\/div>\n\n\t\t\t\t\t\n\t\t\t\t\t\t\t<\/div>\n\n\t\t\t\t\t\t\t\t\t<\/div>\n\t\t\t\t<\/div>\n\t\t\t\t\t<\/div>\n\t\t\t\t<\/div>\n\t\t\t\t\t<\/div>\n\t\t\t\t<\/div>\n\t\t\t\t\t<\/div>\n\t\t\t\t<\/div>\n\t\t\t\t<\/div>\n\t\t","protected":false},"excerpt":{"rendered":"<p>M\u00f6glichkeit der Kooperation Sehr geehrte Damen und Herren, Wenn Sie Interesse an der zus\u00e4tzlichen Ausr\u00fcstung zum Laden von elektrischen Fahrzeugen haben und ein Mitglied unseres Vertriebspartnernetzes werden m\u00f6chten, dann kontaktieren Sie uns. Wir sind offen f\u00fcr verschiedene Formen einer Kooperation, unter anderem f\u00fcr: Affiliate-Marketing:Helfen Sie uns bei der Promotion unserer Arbeit auf der Amazon Plattform [&hellip;]<\/p>\n","protected":false},"author":1,"featured_media":0,"parent":0,"menu_order":0,"comment_status":"closed","ping_status":"closed","template":"","meta":{"_acf_changed":false,"iawp_total_views":77,"footnotes":""},"class_list":["post-4693","page","type-page","status-publish","hentry"],"acf":[],"yoast_head":"<!-- This site is optimized with the Yoast SEO plugin v26.9 - https:\/\/yoast.com\/product\/yoast-seo-wordpress\/ -->\n<title>M\u00f6glichkeit der Kooperation - KREAINVENT - najve\u010dji ponudnik dodatne opreme za EV<\/title>\n<meta name=\"robots\" content=\"index, follow, max-snippet:-1, max-image-preview:large, max-video-preview:-1\" \/>\n<link rel=\"canonical\" href=\"https:\/\/www.kreainvent.com\/de\/moeglichkeit-der-kooperation\/\" \/>\n<meta property=\"og:locale\" content=\"de_DE\" \/>\n<meta property=\"og:type\" content=\"article\" \/>\n<meta property=\"og:title\" content=\"M\u00f6glichkeit der Kooperation - KREAINVENT - najve\u010dji ponudnik dodatne opreme za EV\" \/>\n<meta property=\"og:description\" content=\"M\u00f6glichkeit der Kooperation Sehr geehrte Damen und Herren, Wenn Sie Interesse an der zus\u00e4tzlichen Ausr\u00fcstung zum Laden von elektrischen Fahrzeugen haben und ein Mitglied unseres Vertriebspartnernetzes werden m\u00f6chten, dann kontaktieren Sie uns. Wir sind offen f\u00fcr verschiedene Formen einer Kooperation, unter anderem f\u00fcr: Affiliate-Marketing:Helfen Sie uns bei der Promotion unserer Arbeit auf der Amazon Plattform [&hellip;]\" \/>\n<meta property=\"og:url\" content=\"https:\/\/www.kreainvent.com\/de\/moeglichkeit-der-kooperation\/\" \/>\n<meta property=\"og:site_name\" content=\"KREAINVENT - najve\u010dji ponudnik dodatne opreme za EV\" \/>\n<meta property=\"article:modified_time\" content=\"2024-05-26T08:43:45+00:00\" \/>\n<meta property=\"og:image\" content=\"https:\/\/www.kreainvent.com\/wp-content\/uploads\/elementor\/thumbs\/kreainvent-ev-charging-1-qol1sqy55qulzlx66wrnv5b7nr9qnytm9j6685a4co.jpg\" \/>\n<meta name=\"twitter:card\" content=\"summary_large_image\" \/>\n<meta name=\"twitter:label1\" content=\"Gesch\u00e4tzte Lesezeit\" \/>\n\t<meta name=\"twitter:data1\" content=\"2\u00a0Minuten\" \/>\n<script type=\"application\/ld+json\" class=\"yoast-schema-graph\">{\"@context\":\"https:\/\/schema.org\",\"@graph\":[{\"@type\":\"WebPage\",\"@id\":\"https:\/\/www.kreainvent.com\/de\/moeglichkeit-der-kooperation\/\",\"url\":\"https:\/\/www.kreainvent.com\/de\/moeglichkeit-der-kooperation\/\",\"name\":\"M\u00f6glichkeit der Kooperation - KREAINVENT - najve\u010dji ponudnik dodatne opreme za EV\",\"isPartOf\":{\"@id\":\"https:\/\/www.kreainvent.com\/de\/#website\"},\"primaryImageOfPage\":{\"@id\":\"https:\/\/www.kreainvent.com\/de\/moeglichkeit-der-kooperation\/#primaryimage\"},\"image\":{\"@id\":\"https:\/\/www.kreainvent.com\/de\/moeglichkeit-der-kooperation\/#primaryimage\"},\"thumbnailUrl\":\"https:\/\/www.kreainvent.com\/wp-content\/uploads\/elementor\/thumbs\/kreainvent-ev-charging-1-qol1sqy55qulzlx66wrnv5b7nr9qnytm9j6685a4co.jpg\",\"datePublished\":\"2024-05-08T14:21:48+00:00\",\"dateModified\":\"2024-05-26T08:43:45+00:00\",\"breadcrumb\":{\"@id\":\"https:\/\/www.kreainvent.com\/de\/moeglichkeit-der-kooperation\/#breadcrumb\"},\"inLanguage\":\"de\",\"potentialAction\":[{\"@type\":\"ReadAction\",\"target\":[\"https:\/\/www.kreainvent.com\/de\/moeglichkeit-der-kooperation\/\"]}]},{\"@type\":\"ImageObject\",\"inLanguage\":\"de\",\"@id\":\"https:\/\/www.kreainvent.com\/de\/moeglichkeit-der-kooperation\/#primaryimage\",\"url\":\"https:\/\/www.kreainvent.com\/wp-content\/uploads\/elementor\/thumbs\/kreainvent-ev-charging-1-qol1sqy55qulzlx66wrnv5b7nr9qnytm9j6685a4co.jpg\",\"contentUrl\":\"https:\/\/www.kreainvent.com\/wp-content\/uploads\/elementor\/thumbs\/kreainvent-ev-charging-1-qol1sqy55qulzlx66wrnv5b7nr9qnytm9j6685a4co.jpg\"},{\"@type\":\"BreadcrumbList\",\"@id\":\"https:\/\/www.kreainvent.com\/de\/moeglichkeit-der-kooperation\/#breadcrumb\",\"itemListElement\":[{\"@type\":\"ListItem\",\"position\":1,\"name\":\"Home\",\"item\":\"https:\/\/www.kreainvent.com\/de\/kreainvent-ihr-zuverlaessiger-partner-fuer-organisierte-e-mobilitaet\/\"},{\"@type\":\"ListItem\",\"position\":2,\"name\":\"M\u00f6glichkeit der Kooperation\"}]},{\"@type\":\"WebSite\",\"@id\":\"https:\/\/www.kreainvent.com\/de\/#website\",\"url\":\"https:\/\/www.kreainvent.com\/de\/\",\"name\":\"KREAINVENT - najve\u010dji ponudnik dodatne opreme za EV\",\"description\":\"Pomagamo vam do urejenega in organiziranega polnilnega mesta\",\"publisher\":{\"@id\":\"https:\/\/www.kreainvent.com\/de\/#organization\"},\"potentialAction\":[{\"@type\":\"SearchAction\",\"target\":{\"@type\":\"EntryPoint\",\"urlTemplate\":\"https:\/\/www.kreainvent.com\/de\/?s={search_term_string}\"},\"query-input\":{\"@type\":\"PropertyValueSpecification\",\"valueRequired\":true,\"valueName\":\"search_term_string\"}}],\"inLanguage\":\"de\"},{\"@type\":\"Organization\",\"@id\":\"https:\/\/www.kreainvent.com\/de\/#organization\",\"name\":\"KREAINVENT, razvoj e-mobilnosti, svetovanje in trgovina\",\"url\":\"https:\/\/www.kreainvent.com\/de\/\",\"logo\":{\"@type\":\"ImageObject\",\"inLanguage\":\"de\",\"@id\":\"https:\/\/www.kreainvent.com\/de\/#\/schema\/logo\/image\/\",\"url\":\"https:\/\/www.kreainvent.com\/wp-content\/uploads\/2024\/04\/kreainvent-ver-w900.png\",\"contentUrl\":\"https:\/\/www.kreainvent.com\/wp-content\/uploads\/2024\/04\/kreainvent-ver-w900.png\",\"width\":900,\"height\":791,\"caption\":\"KREAINVENT, razvoj e-mobilnosti, svetovanje in trgovina\"},\"image\":{\"@id\":\"https:\/\/www.kreainvent.com\/de\/#\/schema\/logo\/image\/\"}}]}<\/script>\n<!-- \/ Yoast SEO plugin. -->","yoast_head_json":{"title":"M\u00f6glichkeit der Kooperation - KREAINVENT - najve\u010dji ponudnik dodatne opreme za EV","robots":{"index":"index","follow":"follow","max-snippet":"max-snippet:-1","max-image-preview":"max-image-preview:large","max-video-preview":"max-video-preview:-1"},"canonical":"https:\/\/www.kreainvent.com\/de\/moeglichkeit-der-kooperation\/","og_locale":"de_DE","og_type":"article","og_title":"M\u00f6glichkeit der Kooperation - KREAINVENT - najve\u010dji ponudnik dodatne opreme za EV","og_description":"M\u00f6glichkeit der Kooperation Sehr geehrte Damen und Herren, Wenn Sie Interesse an der zus\u00e4tzlichen Ausr\u00fcstung zum Laden von elektrischen Fahrzeugen haben und ein Mitglied unseres Vertriebspartnernetzes werden m\u00f6chten, dann kontaktieren Sie uns. Wir sind offen f\u00fcr verschiedene Formen einer Kooperation, unter anderem f\u00fcr: Affiliate-Marketing:Helfen Sie uns bei der Promotion unserer Arbeit auf der Amazon Plattform [&hellip;]","og_url":"https:\/\/www.kreainvent.com\/de\/moeglichkeit-der-kooperation\/","og_site_name":"KREAINVENT - najve\u010dji ponudnik dodatne opreme za EV","article_modified_time":"2024-05-26T08:43:45+00:00","og_image":[{"url":"https:\/\/www.kreainvent.com\/wp-content\/uploads\/elementor\/thumbs\/kreainvent-ev-charging-1-qol1sqy55qulzlx66wrnv5b7nr9qnytm9j6685a4co.jpg","type":"","width":"","height":""}],"twitter_card":"summary_large_image","twitter_misc":{"Gesch\u00e4tzte Lesezeit":"2\u00a0Minuten"},"schema":{"@context":"https:\/\/schema.org","@graph":[{"@type":"WebPage","@id":"https:\/\/www.kreainvent.com\/de\/moeglichkeit-der-kooperation\/","url":"https:\/\/www.kreainvent.com\/de\/moeglichkeit-der-kooperation\/","name":"M\u00f6glichkeit der Kooperation - KREAINVENT - najve\u010dji ponudnik dodatne opreme za EV","isPartOf":{"@id":"https:\/\/www.kreainvent.com\/de\/#website"},"primaryImageOfPage":{"@id":"https:\/\/www.kreainvent.com\/de\/moeglichkeit-der-kooperation\/#primaryimage"},"image":{"@id":"https:\/\/www.kreainvent.com\/de\/moeglichkeit-der-kooperation\/#primaryimage"},"thumbnailUrl":"https:\/\/www.kreainvent.com\/wp-content\/uploads\/elementor\/thumbs\/kreainvent-ev-charging-1-qol1sqy55qulzlx66wrnv5b7nr9qnytm9j6685a4co.jpg","datePublished":"2024-05-08T14:21:48+00:00","dateModified":"2024-05-26T08:43:45+00:00","breadcrumb":{"@id":"https:\/\/www.kreainvent.com\/de\/moeglichkeit-der-kooperation\/#breadcrumb"},"inLanguage":"de","potentialAction":[{"@type":"ReadAction","target":["https:\/\/www.kreainvent.com\/de\/moeglichkeit-der-kooperation\/"]}]},{"@type":"ImageObject","inLanguage":"de","@id":"https:\/\/www.kreainvent.com\/de\/moeglichkeit-der-kooperation\/#primaryimage","url":"https:\/\/www.kreainvent.com\/wp-content\/uploads\/elementor\/thumbs\/kreainvent-ev-charging-1-qol1sqy55qulzlx66wrnv5b7nr9qnytm9j6685a4co.jpg","contentUrl":"https:\/\/www.kreainvent.com\/wp-content\/uploads\/elementor\/thumbs\/kreainvent-ev-charging-1-qol1sqy55qulzlx66wrnv5b7nr9qnytm9j6685a4co.jpg"},{"@type":"BreadcrumbList","@id":"https:\/\/www.kreainvent.com\/de\/moeglichkeit-der-kooperation\/#breadcrumb","itemListElement":[{"@type":"ListItem","position":1,"name":"Home","item":"https:\/\/www.kreainvent.com\/de\/kreainvent-ihr-zuverlaessiger-partner-fuer-organisierte-e-mobilitaet\/"},{"@type":"ListItem","position":2,"name":"M\u00f6glichkeit der Kooperation"}]},{"@type":"WebSite","@id":"https:\/\/www.kreainvent.com\/de\/#website","url":"https:\/\/www.kreainvent.com\/de\/","name":"KREAINVENT - najve\u010dji ponudnik dodatne opreme za EV","description":"Pomagamo vam do urejenega in organiziranega polnilnega mesta","publisher":{"@id":"https:\/\/www.kreainvent.com\/de\/#organization"},"potentialAction":[{"@type":"SearchAction","target":{"@type":"EntryPoint","urlTemplate":"https:\/\/www.kreainvent.com\/de\/?s={search_term_string}"},"query-input":{"@type":"PropertyValueSpecification","valueRequired":true,"valueName":"search_term_string"}}],"inLanguage":"de"},{"@type":"Organization","@id":"https:\/\/www.kreainvent.com\/de\/#organization","name":"KREAINVENT, razvoj e-mobilnosti, svetovanje in trgovina","url":"https:\/\/www.kreainvent.com\/de\/","logo":{"@type":"ImageObject","inLanguage":"de","@id":"https:\/\/www.kreainvent.com\/de\/#\/schema\/logo\/image\/","url":"https:\/\/www.kreainvent.com\/wp-content\/uploads\/2024\/04\/kreainvent-ver-w900.png","contentUrl":"https:\/\/www.kreainvent.com\/wp-content\/uploads\/2024\/04\/kreainvent-ver-w900.png","width":900,"height":791,"caption":"KREAINVENT, razvoj e-mobilnosti, svetovanje in trgovina"},"image":{"@id":"https:\/\/www.kreainvent.com\/de\/#\/schema\/logo\/image\/"}}]}},"_links":{"self":[{"href":"https:\/\/www.kreainvent.com\/de\/wp-json\/wp\/v2\/pages\/4693","targetHints":{"allow":["GET"]}}],"collection":[{"href":"https:\/\/www.kreainvent.com\/de\/wp-json\/wp\/v2\/pages"}],"about":[{"href":"https:\/\/www.kreainvent.com\/de\/wp-json\/wp\/v2\/types\/page"}],"author":[{"embeddable":true,"href":"https:\/\/www.kreainvent.com\/de\/wp-json\/wp\/v2\/users\/1"}],"replies":[{"embeddable":true,"href":"https:\/\/www.kreainvent.com\/de\/wp-json\/wp\/v2\/comments?post=4693"}],"version-history":[{"count":1,"href":"https:\/\/www.kreainvent.com\/de\/wp-json\/wp\/v2\/pages\/4693\/revisions"}],"predecessor-version":[{"id":5188,"href":"https:\/\/www.kreainvent.com\/de\/wp-json\/wp\/v2\/pages\/4693\/revisions\/5188"}],"wp:attachment":[{"href":"https:\/\/www.kreainvent.com\/de\/wp-json\/wp\/v2\/media?parent=4693"}],"curies":[{"name":"wp","href":"https:\/\/api.w.org\/{rel}","templated":true}]}}